{"id":71116,"date":"2025-02-08T08:17:20","date_gmt":"2025-02-08T07:17:20","guid":{"rendered":"https:\/\/agora.xtec.cat\/iesguindavols\/?page_id=71116"},"modified":"2025-02-08T20:10:19","modified_gmt":"2025-02-08T19:10:19","slug":"eso13","status":"publish","type":"page","link":"https:\/\/agora.xtec.cat\/iesguindavols\/eso13\/","title":{"rendered":"MILLORA DE LES COMPET\u00c8NCIES"},"content":{"rendered":"\n<div class=\"wp-block-getwid-section alignfull alignfull getwid-section-content-custom-width\"><div class=\"wp-block-getwid-section__wrapper getwid-padding-top-large getwid-padding-bottom-large getwid-padding-left-medium getwid-padding-right-medium\" style=\"min-height:70vh\"><div class=\"wp-block-getwid-section__inner-wrapper\" style=\"max-width:740px\"><div class=\"wp-block-getwid-section__background-holder\"><div class=\"wp-block-getwid-section__background\" style=\"background-image:url('https:\/\/agora.xtec.cat\/iesguindavols\/wp-content\/uploads\/usu2923\/2025\/02\/desk_stationery_pens_rulers.jpg')\"><div class=\"wp-block-getwid-section__background-image-wrapper\"><img decoding=\"async\" class=\"wp-block-getwid-section__background-image\" src=\"https:\/\/agora.xtec.cat\/iesguindavols\/wp-content\/uploads\/usu2923\/2025\/02\/desk_stationery_pens_rulers.jpg\" alt=\"\"\/><\/div><\/div><div class=\"wp-block-getwid-section__foreground\"><\/div><\/div><div class=\"wp-block-getwid-section__content\"><div class=\"wp-block-getwid-section__inner-content\">\n<p><\/p>\n\n\n\n<p><\/p>\n\n\n\n<p><\/p>\n\n\n\n<p><\/p>\n\n\n\n<p><\/p>\n\n\n\n<p><\/p>\n\n\n\n<p><\/p>\n\n\n\n<p><\/p>\n\n\n\n<p><\/p>\n\n\n\n<p><\/p>\n\n\n\n<div class=\"wp-block-getwid-advanced-heading has-custom-font-size\" style=\"font-size:40px;margin-bottom:30px;margin-top:10px\"><h2 class=\"wp-block-getwid-advanced-heading__content\" style=\"text-align:center;font-family:&quot;Poiret One&quot;;font-weight:normal\">MILLORA DE LES COMPET\u00c8NCIES<\/h2><\/div>\n\n\n\n<p class=\"has-text-align-center\">Amb l&#8217;objectiu de refor\u00e7ar en us casos per\u00f2 tamb\u00e9 d&#8217;ampliar i atendre les expectatives diverses de l&#8217;alumnat en d&#8217;altres, la nostra proposta pedag\u00f2gica pret\u00e9n incidir i completar el curr\u00edculum amb <\/p>\n<\/div><\/div><\/div><\/div><\/div>\n\n\n\n<p><\/p>\n\n\n\n<div class=\"wp-block-getwid-advanced-heading\"><span class=\"wp-block-getwid-advanced-heading__content\"><a href=\"https:\/\/agora.xtec.cat\/iesguindavols\/wp-content\/uploads\/usu2923\/2025\/02\/5.jpg\"><\/a><a href=\"https:\/\/agora.xtec.cat\/iesguindavols\/wp-content\/uploads\/usu2923\/2025\/02\/5.jpg\"><\/a><a href=\"https:\/\/agora.xtec.cat\/iesguindavols\/wp-content\/uploads\/usu2923\/2025\/02\/5.jpg\"><\/a><a href=\"https:\/\/agora.xtec.cat\/iesguindavols\/wp-content\/uploads\/usu2923\/2025\/02\/5.jpg\"><\/a><\/span><\/div>\n\n\n\n<figure class=\"wp-block-gallery has-nested-images columns-default wp-block-gallery-1 is-layout-flex wp-block-gallery-is-layout-flex\">\n<figure class=\"wp-block-image size-medium is-style-default\"><a href=\"https:\/\/agora.xtec.cat\/iesguindavols\/?attachment_id=71130\"><img loading=\"lazy\" decoding=\"async\" width=\"300\" height=\"300\" data-id=\"71130\" src=\"https:\/\/agora.xtec.cat\/iesguindavols\/wp-content\/uploads\/usu2923\/2025\/02\/5-300x300.jpg\" alt=\"\" class=\"wp-image-71130\" srcset=\"https:\/\/agora.xtec.cat\/iesguindavols\/wp-content\/uploads\/usu2923\/2025\/02\/5-300x300.jpg 300w, https:\/\/agora.xtec.cat\/iesguindavols\/wp-content\/uploads\/usu2923\/2025\/02\/5-1024x1024.jpg 1024w, https:\/\/agora.xtec.cat\/iesguindavols\/wp-content\/uploads\/usu2923\/2025\/02\/5-150x150.jpg 150w, https:\/\/agora.xtec.cat\/iesguindavols\/wp-content\/uploads\/usu2923\/2025\/02\/5-768x768.jpg 768w, https:\/\/agora.xtec.cat\/iesguindavols\/wp-content\/uploads\/usu2923\/2025\/02\/5-1536x1536.jpg 1536w, https:\/\/agora.xtec.cat\/iesguindavols\/wp-content\/uploads\/usu2923\/2025\/02\/5.jpg 2000w\" sizes=\"auto, (max-width: 300px) 100vw, 300px\" \/><\/a><\/figure>\n\n\n\n<figure class=\"wp-block-image size-medium is-style-default\"><a href=\"https:\/\/agora.xtec.cat\/iesguindavols\/?attachment_id=71131\"><img loading=\"lazy\" decoding=\"async\" width=\"300\" height=\"300\" data-id=\"71131\" src=\"https:\/\/agora.xtec.cat\/iesguindavols\/wp-content\/uploads\/usu2923\/2025\/02\/2-1-300x300.jpg\" alt=\"\" class=\"wp-image-71131\" srcset=\"https:\/\/agora.xtec.cat\/iesguindavols\/wp-content\/uploads\/usu2923\/2025\/02\/2-1-300x300.jpg 300w, https:\/\/agora.xtec.cat\/iesguindavols\/wp-content\/uploads\/usu2923\/2025\/02\/2-1-1024x1024.jpg 1024w, https:\/\/agora.xtec.cat\/iesguindavols\/wp-content\/uploads\/usu2923\/2025\/02\/2-1-150x150.jpg 150w, https:\/\/agora.xtec.cat\/iesguindavols\/wp-content\/uploads\/usu2923\/2025\/02\/2-1-768x768.jpg 768w, https:\/\/agora.xtec.cat\/iesguindavols\/wp-content\/uploads\/usu2923\/2025\/02\/2-1-1536x1536.jpg 1536w, https:\/\/agora.xtec.cat\/iesguindavols\/wp-content\/uploads\/usu2923\/2025\/02\/2-1.jpg 2000w\" sizes=\"auto, (max-width: 300px) 100vw, 300px\" \/><\/a><\/figure>\n\n\n\n<figure class=\"wp-block-image size-medium is-style-default\"><a href=\"https:\/\/agora.xtec.cat\/iesguindavols\/eso132\/\"><img loading=\"lazy\" decoding=\"async\" width=\"300\" height=\"300\" data-id=\"71128\" src=\"https:\/\/agora.xtec.cat\/iesguindavols\/wp-content\/uploads\/usu2923\/2025\/02\/3-300x300.jpg\" alt=\"\" class=\"wp-image-71128\" srcset=\"https:\/\/agora.xtec.cat\/iesguindavols\/wp-content\/uploads\/usu2923\/2025\/02\/3-300x300.jpg 300w, https:\/\/agora.xtec.cat\/iesguindavols\/wp-content\/uploads\/usu2923\/2025\/02\/3-1024x1024.jpg 1024w, https:\/\/agora.xtec.cat\/iesguindavols\/wp-content\/uploads\/usu2923\/2025\/02\/3-150x150.jpg 150w, https:\/\/agora.xtec.cat\/iesguindavols\/wp-content\/uploads\/usu2923\/2025\/02\/3-768x768.jpg 768w, https:\/\/agora.xtec.cat\/iesguindavols\/wp-content\/uploads\/usu2923\/2025\/02\/3-1536x1536.jpg 1536w, https:\/\/agora.xtec.cat\/iesguindavols\/wp-content\/uploads\/usu2923\/2025\/02\/3.jpg 2000w\" sizes=\"auto, (max-width: 300px) 100vw, 300px\" \/><\/a><\/figure>\n\n\n\n<figure class=\"wp-block-image size-medium is-style-default\"><a href=\"https:\/\/agora.xtec.cat\/iesguindavols\/?attachment_id=71126\"><img loading=\"lazy\" decoding=\"async\" width=\"300\" height=\"300\" data-id=\"71126\" src=\"https:\/\/agora.xtec.cat\/iesguindavols\/wp-content\/uploads\/usu2923\/2025\/02\/1-300x300.jpg\" alt=\"\" class=\"wp-image-71126\" srcset=\"https:\/\/agora.xtec.cat\/iesguindavols\/wp-content\/uploads\/usu2923\/2025\/02\/1-300x300.jpg 300w, https:\/\/agora.xtec.cat\/iesguindavols\/wp-content\/uploads\/usu2923\/2025\/02\/1-1024x1024.jpg 1024w, https:\/\/agora.xtec.cat\/iesguindavols\/wp-content\/uploads\/usu2923\/2025\/02\/1-150x150.jpg 150w, https:\/\/agora.xtec.cat\/iesguindavols\/wp-content\/uploads\/usu2923\/2025\/02\/1-768x768.jpg 768w, https:\/\/agora.xtec.cat\/iesguindavols\/wp-content\/uploads\/usu2923\/2025\/02\/1-1536x1536.jpg 1536w, https:\/\/agora.xtec.cat\/iesguindavols\/wp-content\/uploads\/usu2923\/2025\/02\/1.jpg 2000w\" sizes=\"auto, (max-width: 300px) 100vw, 300px\" \/><\/a><\/figure>\n\n\n\n<figure class=\"wp-block-image size-medium is-style-default\"><a href=\"https:\/\/agora.xtec.cat\/iesguindavols\/eso-131\/\"><img loading=\"lazy\" decoding=\"async\" width=\"300\" height=\"300\" data-id=\"71129\" src=\"https:\/\/agora.xtec.cat\/iesguindavols\/wp-content\/uploads\/usu2923\/2025\/02\/4-300x300.jpg\" alt=\"\" class=\"wp-image-71129\" srcset=\"https:\/\/agora.xtec.cat\/iesguindavols\/wp-content\/uploads\/usu2923\/2025\/02\/4-300x300.jpg 300w, https:\/\/agora.xtec.cat\/iesguindavols\/wp-content\/uploads\/usu2923\/2025\/02\/4-1024x1024.jpg 1024w, https:\/\/agora.xtec.cat\/iesguindavols\/wp-content\/uploads\/usu2923\/2025\/02\/4-150x150.jpg 150w, https:\/\/agora.xtec.cat\/iesguindavols\/wp-content\/uploads\/usu2923\/2025\/02\/4-768x768.jpg 768w, https:\/\/agora.xtec.cat\/iesguindavols\/wp-content\/uploads\/usu2923\/2025\/02\/4-1536x1536.jpg 1536w, https:\/\/agora.xtec.cat\/iesguindavols\/wp-content\/uploads\/usu2923\/2025\/02\/4.jpg 2000w\" sizes=\"auto, (max-width: 300px) 100vw, 300px\" \/><\/a><\/figure>\n\n\n\n<figure class=\"wp-block-image size-medium is-style-default\"><a href=\"https:\/\/agora.xtec.cat\/iesguindavols\/?attachment_id=71143\"><img loading=\"lazy\" decoding=\"async\" width=\"300\" height=\"300\" data-id=\"71143\" src=\"https:\/\/agora.xtec.cat\/iesguindavols\/wp-content\/uploads\/usu2923\/2025\/02\/icones-web-300x300.jpg\" alt=\"\" class=\"wp-image-71143\" srcset=\"https:\/\/agora.xtec.cat\/iesguindavols\/wp-content\/uploads\/usu2923\/2025\/02\/icones-web-300x300.jpg 300w, https:\/\/agora.xtec.cat\/iesguindavols\/wp-content\/uploads\/usu2923\/2025\/02\/icones-web-1024x1024.jpg 1024w, https:\/\/agora.xtec.cat\/iesguindavols\/wp-content\/uploads\/usu2923\/2025\/02\/icones-web-150x150.jpg 150w, https:\/\/agora.xtec.cat\/iesguindavols\/wp-content\/uploads\/usu2923\/2025\/02\/icones-web-768x768.jpg 768w, https:\/\/agora.xtec.cat\/iesguindavols\/wp-content\/uploads\/usu2923\/2025\/02\/icones-web-1536x1536.jpg 1536w, https:\/\/agora.xtec.cat\/iesguindavols\/wp-content\/uploads\/usu2923\/2025\/02\/icones-web.jpg 2000w\" sizes=\"auto, (max-width: 300px) 100vw, 300px\" \/><\/a><\/figure>\n<\/figure>\n","protected":false},"excerpt":{"rendered":"<p>MILLORA DE LES COMPET\u00c8NCIES<\/p>\n<p>Amb l&#8217;objectiu de refor\u00e7ar en us casos per\u00f2 tamb\u00e9 d&#8217;ampliar i atendre les expectatives diverses de l&#8217;alumnat en d&#8217;altres, la nostra proposta pedag\u00f2gica pret\u00e9n incidir i completar el curr\u00edculum amb <\/p>\n<p><a href=\"https:\/\/agora.xtec.cat\/iesguindavols\/wp-content\/uploads\/usu2923\/2025\/02\/5.jpg\"><\/a><a href=\"https:\/\/agora.xtec.cat\/iesguindavols\/wp-content\/uploads\/usu2923\/2025\/02\/5.jpg\"><\/a><a href=\"https:\/\/agora.xtec.cat\/iesguindavols\/wp-content\/uploads\/usu2923\/2025\/02\/5.jpg\"><\/a><a href=\"https:\/\/agora.xtec.cat\/iesguindavols\/wp-content\/uploads\/usu2923\/2025\/02\/5.jpg\"><\/a><\/p>\n<p><a href=\"https:\/\/agora.xtec.cat\/iesguindavols\/?attachment_id=71130\"><\/a><\/p>\n<p><a href=\"https:\/\/agora.xtec.cat\/iesguindavols\/?attachment_id=71131\"><\/a><\/p>\n<p><a href=\"https:\/\/agora.xtec.cat\/iesguindavols\/eso132\/\"><\/a><\/p>\n<p><a href=\"https:\/\/agora.xtec.cat\/iesguindavols\/?attachment_id=71126\"><\/a><\/p>\n<p><a href=\"https:\/\/agora.xtec.cat\/iesguindavols\/eso-131\/\"><\/a><\/p>\n<p><a href=\"https:\/\/agora.xtec.cat\/iesguindavols\/?attachment_id=71143\"><\/a><\/p>\n","protected":false},"author":50,"featured_media":0,"parent":0,"menu_order":0,"comment_status":"closed","ping_status":"close","template":"","meta":{"_bbp_topic_count":0,"_bbp_reply_count":0,"_bbp_total_topic_count":0,"_bbp_total_reply_count":0,"_bbp_voice_count":0,"_bbp_anonymous_reply_count":0,"_bbp_topic_count_hidden":0,"_bbp_reply_count_hidden":0,"_bbp_forum_subforum_count":0,"footnotes":""},"class_list":["post-71116","page","type-page","status-publish","hentry"],"post_mailing_queue_ids":[],"_links":{"self":[{"href":"https:\/\/agora.xtec.cat\/iesguindavols\/wp-json\/wp\/v2\/pages\/71116","targetHints":{"allow":["GET"]}}],"collection":[{"href":"https:\/\/agora.xtec.cat\/iesguindavols\/wp-json\/wp\/v2\/pages"}],"about":[{"href":"https:\/\/agora.xtec.cat\/iesguindavols\/wp-json\/wp\/v2\/types\/page"}],"author":[{"embeddable":true,"href":"https:\/\/agora.xtec.cat\/iesguindavols\/wp-json\/wp\/v2\/users\/50"}],"replies":[{"embeddable":true,"href":"https:\/\/agora.xtec.cat\/iesguindavols\/wp-json\/wp\/v2\/comments?post=71116"}],"version-history":[{"count":6,"href":"https:\/\/agora.xtec.cat\/iesguindavols\/wp-json\/wp\/v2\/pages\/71116\/revisions"}],"predecessor-version":[{"id":71729,"href":"https:\/\/agora.xtec.cat\/iesguindavols\/wp-json\/wp\/v2\/pages\/71116\/revisions\/71729"}],"wp:attachment":[{"href":"https:\/\/agora.xtec.cat\/iesguindavols\/wp-json\/wp\/v2\/media?parent=71116"}],"curies":[{"name":"wp","href":"https:\/\/api.w.org\/{rel}","templated":true}]}}