{"id":70613,"date":"2025-02-11T20:40:37","date_gmt":"2025-02-11T19:40:37","guid":{"rendered":"https:\/\/agora.xtec.cat\/iesguindavols\/?page_id=70613"},"modified":"2026-01-19T19:06:25","modified_gmt":"2026-01-19T18:06:25","slug":"treball-interdisciplinari","status":"publish","type":"page","link":"https:\/\/agora.xtec.cat\/iesguindavols\/treball-interdisciplinari\/","title":{"rendered":"TREBALL INTERDISCIPLINARI"},"content":{"rendered":"\n<div class=\"wp-block-getwid-section alignfull alignfull has-inner-blocks-gap-medium getwid-section-content-custom-width\"><div class=\"wp-block-getwid-section__wrapper getwid-padding-left-medium getwid-padding-right-medium getwid-align-items-flex-start\"><div class=\"wp-block-getwid-section__inner-wrapper\" style=\"max-width:1140px\"><div class=\"wp-block-getwid-section__background-holder\"><div class=\"wp-block-getwid-section__background\"><\/div><div class=\"wp-block-getwid-section__foreground\"><\/div><\/div><div class=\"wp-block-getwid-section__content\"><div class=\"wp-block-getwid-section__inner-content\">\n<div class=\"wp-block-columns are-vertically-aligned-center has-2-columns is-layout-flex wp-container-core-columns-is-layout-1 wp-block-columns-is-layout-flex\">\n<div class=\"wp-block-column is-vertically-aligned-center is-layout-flow wp-block-column-is-layout-flow\">\n<figure class=\"wp-block-image size-large is-resized is-style-rounded\"><a href=\"https:\/\/agora.xtec.cat\/iesguindavols\/wp-content\/uploads\/usu2923\/2025\/01\/WhatsApp-Image-2025-01-13-at-09.08.391-e1737890420690.jpeg\"><img loading=\"lazy\" decoding=\"async\" width=\"1024\" height=\"768\" src=\"https:\/\/agora.xtec.cat\/iesguindavols\/wp-content\/uploads\/usu2923\/2025\/01\/WhatsApp-Image-2025-01-13-at-09.08.391-e1737890420690-1024x768.jpeg\" alt=\"\" class=\"wp-image-70616\" style=\"width:549px;height:auto\" srcset=\"https:\/\/agora.xtec.cat\/iesguindavols\/wp-content\/uploads\/usu2923\/2025\/01\/WhatsApp-Image-2025-01-13-at-09.08.391-e1737890420690-1024x768.jpeg 1024w, https:\/\/agora.xtec.cat\/iesguindavols\/wp-content\/uploads\/usu2923\/2025\/01\/WhatsApp-Image-2025-01-13-at-09.08.391-e1737890420690-300x225.jpeg 300w, https:\/\/agora.xtec.cat\/iesguindavols\/wp-content\/uploads\/usu2923\/2025\/01\/WhatsApp-Image-2025-01-13-at-09.08.391-e1737890420690-768x576.jpeg 768w, https:\/\/agora.xtec.cat\/iesguindavols\/wp-content\/uploads\/usu2923\/2025\/01\/WhatsApp-Image-2025-01-13-at-09.08.391-e1737890420690-1536x1152.jpeg 1536w, https:\/\/agora.xtec.cat\/iesguindavols\/wp-content\/uploads\/usu2923\/2025\/01\/WhatsApp-Image-2025-01-13-at-09.08.391-e1737890420690-200x150.jpeg 200w, https:\/\/agora.xtec.cat\/iesguindavols\/wp-content\/uploads\/usu2923\/2025\/01\/WhatsApp-Image-2025-01-13-at-09.08.391-e1737890420690.jpeg 1600w\" sizes=\"auto, (max-width: 1024px) 100vw, 1024px\" \/><\/a><\/figure>\n<\/div>\n\n\n\n<div class=\"wp-block-column is-vertically-aligned-center is-layout-flow wp-block-column-is-layout-flow\">\n<div class=\"wp-block-getwid-section\"><div class=\"wp-block-getwid-section__wrapper getwid-padding-top-none getwid-padding-bottom-none getwid-padding-left-medium getwid-padding-right-none getwid-padding-mobile-left-none\"><div class=\"wp-block-getwid-section__inner-wrapper\"><div class=\"wp-block-getwid-section__background-holder\"><div class=\"wp-block-getwid-section__background\"><\/div><div class=\"wp-block-getwid-section__foreground\"><\/div><\/div><div class=\"wp-block-getwid-section__content\"><div class=\"wp-block-getwid-section__inner-content\">\n<div class=\"wp-block-getwid-advanced-heading has-custom-font-size\" style=\"font-size:50px;margin-bottom:30px;margin-top:10px\"><h2 class=\"wp-block-getwid-advanced-heading__content\" style=\"font-family:&quot;Poiret One&quot;;font-weight:normal\">PROJECTES INTERDISCIPLINARIS<\/h2><\/div>\n\n\n\n<p>Per tal de consolidar els aprenentatges per tal que esdevinguin compet\u00e8ncies reals a GUIND\u00c0VOLS pensem que cal posar-se a l&#8217;acci\u00f3. Aix\u00ed neixen els Projectes Interdisciplinaris.<\/p>\n\n\n\n<p>Qu\u00e8 \u00e9s un Projecte Interdisciplinari?<\/p>\n\n\n\n<p>Tots els projectes interdisciplinaris s&#8217;organitzen al voltant del treball en equip i un repte a assolir. Aquest repte sempre va vinculat a un producte final que, entre totes i tots han d&#8217;assolir. <\/p>\n\n\n\n<p>Aquesta metodologia facilita la cohesi\u00f3, l&#8217;aprenentatge entre iguals, les intel\u00b7lig\u00e8ncies m\u00faltiples i sobretot la posada en pr\u00e0ctica en situaci\u00f3 real i combinada de les diverses compet\u00e8ncies adquirides en diverses mat\u00e8ries.<\/p>\n\n\n\n<div class=\"wp-block-getwid-advanced-spacer\" style=\"height:10px\" aria-hidden=\"true\"><\/div>\n<\/div><\/div><\/div><\/div><\/div>\n<\/div>\n<\/div>\n\n\n\n<div class=\"wp-block-columns is-layout-flex wp-container-core-columns-is-layout-4 wp-block-columns-is-layout-flex\">\n<div class=\"wp-block-column has-medium-font-size is-layout-flow wp-block-column-is-layout-flow\">\n<div class=\"wp-block-columns is-layout-flex wp-container-core-columns-is-layout-3 wp-block-columns-is-layout-flex\">\n<div class=\"wp-block-column has-medium-font-size is-layout-flow wp-block-column-is-layout-flow\">\n<div class=\"wp-block-columns is-layout-flex wp-container-core-columns-is-layout-2 wp-block-columns-is-layout-flex\">\n<div class=\"wp-block-column has-medium-font-size is-layout-flow wp-block-column-is-layout-flow\" style=\"flex-basis:350px\">\n<div class=\"wp-block-cover aligncenter has-small-font-size\" style=\"min-height:200px;aspect-ratio:unset;\"><span aria-hidden=\"true\" class=\"wp-block-cover__background has-background-dim-60 has-background-dim\"><\/span><img loading=\"lazy\" decoding=\"async\" width=\"687\" height=\"679\" class=\"wp-block-cover__image-background wp-image-70617\" alt=\"\" src=\"https:\/\/agora.xtec.cat\/iesguindavols\/wp-content\/uploads\/usu2923\/2025\/01\/Coneguem-Lleida-coneguem-Guindavols-1.jpg\" style=\"object-position:50% 50%\" data-object-fit=\"cover\" data-object-position=\"50% 50%\" srcset=\"https:\/\/agora.xtec.cat\/iesguindavols\/wp-content\/uploads\/usu2923\/2025\/01\/Coneguem-Lleida-coneguem-Guindavols-1.jpg 687w, https:\/\/agora.xtec.cat\/iesguindavols\/wp-content\/uploads\/usu2923\/2025\/01\/Coneguem-Lleida-coneguem-Guindavols-1-300x297.jpg 300w\" sizes=\"auto, (max-width: 687px) 100vw, 687px\" \/><div class=\"wp-block-cover__inner-container is-layout-flow wp-block-cover-is-layout-flow\">\n<p class=\"has-large-font-size\"><a href=\"https:\/\/agora.xtec.cat\/iesguindavols\/projectes-1eso\/\" data-type=\"page\" data-id=\"70631\">PROJECTES 1r ESO<\/a><\/p>\n\n\n\n<p><\/p>\n<\/div><\/div>\n<\/div>\n\n\n\n<div class=\"wp-block-column has-medium-font-size is-layout-flow wp-block-column-is-layout-flow\" style=\"flex-basis:350px\">\n<div class=\"wp-block-cover aligncenter has-small-font-size wp-duotone-unset-1\" style=\"min-height:200px;aspect-ratio:unset;\"><span aria-hidden=\"true\" class=\"wp-block-cover__background has-background-dim-60 has-background-dim\"><\/span><img loading=\"lazy\" decoding=\"async\" width=\"945\" height=\"677\" class=\"wp-block-cover__image-background wp-image-70618\" alt=\"\" src=\"https:\/\/agora.xtec.cat\/iesguindavols\/wp-content\/uploads\/usu2923\/2025\/01\/Projecte-2-ESO.jpg\" data-object-fit=\"cover\" srcset=\"https:\/\/agora.xtec.cat\/iesguindavols\/wp-content\/uploads\/usu2923\/2025\/01\/Projecte-2-ESO.jpg 945w, https:\/\/agora.xtec.cat\/iesguindavols\/wp-content\/uploads\/usu2923\/2025\/01\/Projecte-2-ESO-300x215.jpg 300w, https:\/\/agora.xtec.cat\/iesguindavols\/wp-content\/uploads\/usu2923\/2025\/01\/Projecte-2-ESO-768x550.jpg 768w\" sizes=\"auto, (max-width: 945px) 100vw, 945px\" \/><div class=\"wp-block-cover__inner-container is-layout-flow wp-block-cover-is-layout-flow\">\n<p class=\"has-text-align-center has-large-font-size\" style=\"font-style:normal;font-weight:700\"><a href=\"https:\/\/agora.xtec.cat\/iesguindavols\/projectes-2eso\/\" data-type=\"page\" data-id=\"70643\">PROJECTES 2n ESO<\/a><\/p>\n\n\n\n<p><\/p>\n<\/div><\/div>\n<\/div>\n\n\n\n<div class=\"wp-block-column has-medium-font-size is-layout-flow wp-block-column-is-layout-flow\" style=\"flex-basis:350px\">\n<div class=\"wp-block-cover aligncenter has-small-font-size\" style=\"min-height:200px;aspect-ratio:unset;\"><span aria-hidden=\"true\" class=\"wp-block-cover__background has-background-dim\"><\/span><img loading=\"lazy\" decoding=\"async\" width=\"789\" height=\"671\" class=\"wp-block-cover__image-background wp-image-70619\" alt=\"\" src=\"https:\/\/agora.xtec.cat\/iesguindavols\/wp-content\/uploads\/usu2923\/2025\/01\/Projecte-3-ESO.jpg\" data-object-fit=\"cover\" srcset=\"https:\/\/agora.xtec.cat\/iesguindavols\/wp-content\/uploads\/usu2923\/2025\/01\/Projecte-3-ESO.jpg 789w, https:\/\/agora.xtec.cat\/iesguindavols\/wp-content\/uploads\/usu2923\/2025\/01\/Projecte-3-ESO-300x255.jpg 300w, https:\/\/agora.xtec.cat\/iesguindavols\/wp-content\/uploads\/usu2923\/2025\/01\/Projecte-3-ESO-768x653.jpg 768w\" sizes=\"auto, (max-width: 789px) 100vw, 789px\" \/><div class=\"wp-block-cover__inner-container is-layout-flow wp-block-cover-is-layout-flow\">\n<p class=\"has-text-align-center has-large-font-size\" style=\"font-style:normal;font-weight:700\"><a href=\"https:\/\/agora.xtec.cat\/iesguindavols\/projectes-steam-3r-eso\/\" data-type=\"page\" data-id=\"71340\">PROJECTES 3r ESO<\/a><\/p>\n\n\n\n<p><\/p>\n<\/div><\/div>\n<\/div>\n\n\n\n<div class=\"wp-block-column has-small-font-size is-layout-flow wp-block-column-is-layout-flow\" style=\"flex-basis:350px\">\n<div class=\"wp-block-cover aligncenter has-small-font-size\" style=\"min-height:200px;aspect-ratio:unset;\"><span aria-hidden=\"true\" class=\"wp-block-cover__background has-background-dim\"><\/span><img loading=\"lazy\" decoding=\"async\" width=\"1024\" height=\"682\" class=\"wp-block-cover__image-background wp-image-70620\" alt=\"\" src=\"https:\/\/agora.xtec.cat\/iesguindavols\/wp-content\/uploads\/usu2923\/2025\/01\/hands-3964554_1280-1024x682.jpg\" data-object-fit=\"cover\" srcset=\"https:\/\/agora.xtec.cat\/iesguindavols\/wp-content\/uploads\/usu2923\/2025\/01\/hands-3964554_1280-1024x682.jpg 1024w, https:\/\/agora.xtec.cat\/iesguindavols\/wp-content\/uploads\/usu2923\/2025\/01\/hands-3964554_1280-300x200.jpg 300w, https:\/\/agora.xtec.cat\/iesguindavols\/wp-content\/uploads\/usu2923\/2025\/01\/hands-3964554_1280-768x512.jpg 768w, https:\/\/agora.xtec.cat\/iesguindavols\/wp-content\/uploads\/usu2923\/2025\/01\/hands-3964554_1280.jpg 1280w\" sizes=\"auto, (max-width: 1024px) 100vw, 1024px\" \/><div class=\"wp-block-cover__inner-container is-layout-flow wp-block-cover-is-layout-flow\">\n<p class=\"has-text-align-center has-large-font-size\" style=\"font-style:normal;font-weight:700\"><a href=\"https:\/\/sites.google.com\/institutguindavols.cat\/rcsguindvols\/p%C3%A0gina-principal\" target=\"_blank\" rel=\"noreferrer noopener\">PROJECTES 4t ESO<\/a><\/p>\n\n\n\n<p class=\"has-medium-font-size\" style=\"font-style:normal;font-weight:700\"><\/p>\n<\/div><\/div>\n<\/div>\n<\/div>\n<\/div>\n<\/div>\n<\/div>\n<\/div>\n\n\n\n<iframe loading=\"lazy\" src=\"\/\/v.calameo.com\/library\/?type=account&#038;id=7866668&#038;rows=1&#038;sortBy=latestPublished&#038;theme=wood&#038;bgColor=&#038;thumbSize=large&#038;showTitle=true&#038;showShadow=true&#038;showGloss=true&#038;showInfo=account&#038;linkTo=embed\" width=\"100%\" height=\"240\" frameborder=\"0\" allowfullscreen allowtransparency><\/iframe>\n<\/div><\/div><\/div><\/div><\/div>\n\n\n\n<p><\/p>\n","protected":false},"excerpt":{"rendered":"<p><a href=\"https:\/\/agora.xtec.cat\/iesguindavols\/wp-content\/uploads\/usu2923\/2025\/01\/WhatsApp-Image-2025-01-13-at-09.08.391-e1737890420690.jpeg\"><\/a><\/p>\n<p>PROJECTES INTERDISCIPLINARIS<\/p>\n<p>Per tal de consolidar els aprenentatges per tal que esdevinguin compet\u00e8ncies reals a GUIND\u00c0VOLS pensem que cal posar-se a l&#8217;acci\u00f3. Aix\u00ed neixen els Projectes Interdisciplinaris.<\/p>\n<p>Qu\u00e8 \u00e9s un Projecte Interdisciplinari?<\/p>\n<p>Tots els projectes interdisciplinaris s&#8217;organitzen al voltant del treball en equip i un repte a&hellip;  <a href=\"https:\/\/agora.xtec.cat\/iesguindavols\/treball-interdisciplinari\/\" title=\"Read TREBALL INTERDISCIPLINARI\">Llegeix m\u00e9s\u00bb<\/a><\/p>\n","protected":false},"author":50,"featured_media":0,"parent":0,"menu_order":0,"comment_status":"closed","ping_status":"close","template":"","meta":{"_bbp_topic_count":0,"_bbp_reply_count":0,"_bbp_total_topic_count":0,"_bbp_total_reply_count":0,"_bbp_voice_count":0,"_bbp_anonymous_reply_count":0,"_bbp_topic_count_hidden":0,"_bbp_reply_count_hidden":0,"_bbp_forum_subforum_count":0,"footnotes":""},"class_list":["post-70613","page","type-page","status-publish","hentry"],"post_mailing_queue_ids":[],"_links":{"self":[{"href":"https:\/\/agora.xtec.cat\/iesguindavols\/wp-json\/wp\/v2\/pages\/70613","targetHints":{"allow":["GET"]}}],"collection":[{"href":"https:\/\/agora.xtec.cat\/iesguindavols\/wp-json\/wp\/v2\/pages"}],"about":[{"href":"https:\/\/agora.xtec.cat\/iesguindavols\/wp-json\/wp\/v2\/types\/page"}],"author":[{"embeddable":true,"href":"https:\/\/agora.xtec.cat\/iesguindavols\/wp-json\/wp\/v2\/users\/50"}],"replies":[{"embeddable":true,"href":"https:\/\/agora.xtec.cat\/iesguindavols\/wp-json\/wp\/v2\/comments?post=70613"}],"version-history":[{"count":6,"href":"https:\/\/agora.xtec.cat\/iesguindavols\/wp-json\/wp\/v2\/pages\/70613\/revisions"}],"predecessor-version":[{"id":72777,"href":"https:\/\/agora.xtec.cat\/iesguindavols\/wp-json\/wp\/v2\/pages\/70613\/revisions\/72777"}],"wp:attachment":[{"href":"https:\/\/agora.xtec.cat\/iesguindavols\/wp-json\/wp\/v2\/media?parent=70613"}],"curies":[{"name":"wp","href":"https:\/\/api.w.org\/{rel}","templated":true}]}}