{"id":70574,"date":"2025-02-07T00:09:32","date_gmt":"2025-02-06T23:09:32","guid":{"rendered":"https:\/\/agora.xtec.cat\/iesguindavols\/?page_id=70574"},"modified":"2026-02-05T19:40:09","modified_gmt":"2026-02-05T18:40:09","slug":"eso","status":"publish","type":"page","link":"https:\/\/agora.xtec.cat\/iesguindavols\/pagines-dinici\/pagina-dinici-buida\/eso\/","title":{"rendered":"PROPOSTA EDUCATIVA ESO"},"content":{"rendered":"\n<div class=\"wp-block-getwid-section alignfull alignfull\"><div class=\"wp-block-getwid-section__wrapper getwid-padding-top-large getwid-padding-bottom-large getwid-padding-left-medium getwid-padding-right-medium\" style=\"min-height:70vh\"><div class=\"wp-block-getwid-section__inner-wrapper\"><div class=\"wp-block-getwid-section__background-holder\"><div class=\"wp-block-getwid-section__background\" style=\"background-image:url('https:\/\/agora.xtec.cat\/iesguindavols\/wp-content\/uploads\/usu2923\/2026\/01\/Facana-2-scaled.jpg');background-position:top center;background-size:contain\"><div class=\"wp-block-getwid-section__background-image-wrapper\"><img decoding=\"async\" class=\"wp-block-getwid-section__background-image\" src=\"https:\/\/agora.xtec.cat\/iesguindavols\/wp-content\/uploads\/usu2923\/2026\/01\/Facana-2-scaled.jpg\" alt=\"\"\/><\/div><\/div><div class=\"wp-block-getwid-section__foreground\" style=\"opacity:0.34;background-color:#000000\"><\/div><\/div><div class=\"wp-block-getwid-section__content\"><div class=\"wp-block-getwid-section__inner-content\">\n<div class=\"wp-block-getwid-advanced-heading has-custom-font-size fs-mobile-50\" style=\"font-size:60px;margin-bottom:10px;margin-top:10px\"><h2 class=\"wp-block-getwid-advanced-heading__content has-text-color has-white-color\" style=\"text-align:center;font-family:&quot;Poiret One&quot;;font-weight:normal\">EDUCACI\u00d3 SECUND\u00c0RIA OBLIGAT\u00d2RIA<\/h2><\/div>\n\n\n\n<p class=\"has-white-color has-text-color has-link-color has-medium-font-size wp-elements-01e985875bdd3f0e29b69f3e9328c902\" style=\"font-style:normal;font-weight:200\">El canvi de l&#8217;Escola a l&#8217;ESO no \u00e9s solament un canvi d&#8217;estudis, sin\u00f3 que tamb\u00e9 hi ha un canvi en tota l&#8217;esfera f\u00edsica, emocional i afectiva de l&#8217;alumnat. A l&#8217;INS Guind\u00e0vols vetllem no solament per la qualitat dels aprenentatges, sin\u00f3 tamb\u00e9 per aquest creixement personal, i us acompanyem a les fam\u00edlies per assolir una formaci\u00f3 integral. Us presentem els trets principals de la nostra proposta educativa i de gesti\u00f3 emocional.<\/p>\n\n\n\n<p class=\"has-text-align-center has-text-color\" style=\"color:#ffffff;font-size:44px;font-style:normal;font-weight:800\">La nostra proposta educativa<\/p>\n\n\n\n<div class=\"wp-block-columns has-4-columns is-layout-flex wp-container-core-columns-is-layout-1 wp-block-columns-is-layout-flex\">\n<div class=\"wp-block-column is-vertically-aligned-center is-layout-flow wp-block-column-is-layout-flow\">\n<figure class=\"wp-block-image size-large\"><a href=\"https:https:\/\/agora.xtec.cat\/iesguindavols\/eso\/projecte-curricular\/\"><img decoding=\"async\" src=\"https:\/\/agora.xtec.cat\/iesguindavols\/wp-content\/uploads\/usu2923\/2025\/01\/PROPOSTA-EDUCATIVA-ESO1-724x1024.jpg\" alt=\"\" class=\"wp-image-70479\"\/><\/a><\/figure>\n<\/div>\n\n\n\n<div class=\"wp-block-column is-layout-flow wp-block-column-is-layout-flow\">\n<figure class=\"wp-block-image size-large\"><a href=\"https:\/\/agora.xtec.cat\/iesguindavols\/innovacio-educativa\/\"><img loading=\"lazy\" decoding=\"async\" width=\"724\" height=\"1024\" src=\"https:\/\/agora.xtec.cat\/iesguindavols\/wp-content\/uploads\/usu2923\/2025\/01\/PROPOSTA-EDUCATIVA-ESO2-724x1024.jpg\" alt=\"\" class=\"wp-image-70478\" srcset=\"https:\/\/agora.xtec.cat\/iesguindavols\/wp-content\/uploads\/usu2923\/2025\/01\/PROPOSTA-EDUCATIVA-ESO2-724x1024.jpg 724w, https:\/\/agora.xtec.cat\/iesguindavols\/wp-content\/uploads\/usu2923\/2025\/01\/PROPOSTA-EDUCATIVA-ESO2-212x300.jpg 212w, https:\/\/agora.xtec.cat\/iesguindavols\/wp-content\/uploads\/usu2923\/2025\/01\/PROPOSTA-EDUCATIVA-ESO2-768x1086.jpg 768w, https:\/\/agora.xtec.cat\/iesguindavols\/wp-content\/uploads\/usu2923\/2025\/01\/PROPOSTA-EDUCATIVA-ESO2-1086x1536.jpg 1086w, https:\/\/agora.xtec.cat\/iesguindavols\/wp-content\/uploads\/usu2923\/2025\/01\/PROPOSTA-EDUCATIVA-ESO2.jpg 1414w\" sizes=\"auto, (max-width: 724px) 100vw, 724px\" \/><\/a><\/figure>\n<\/div>\n\n\n\n<div class=\"wp-block-column is-layout-flow wp-block-column-is-layout-flow\">\n<figure class=\"wp-block-image size-large\"><a href=\"https:\/\/agora.xtec.cat\/iesguindavols\/benestar-emocional\/\/\"><img loading=\"lazy\" decoding=\"async\" width=\"724\" height=\"1024\" src=\"https:\/\/agora.xtec.cat\/iesguindavols\/wp-content\/uploads\/usu2923\/2025\/01\/PROPOSTA-EDUCATIVA-ESO3-724x1024.jpg\" alt=\"\" class=\"wp-image-70477\" srcset=\"https:\/\/agora.xtec.cat\/iesguindavols\/wp-content\/uploads\/usu2923\/2025\/01\/PROPOSTA-EDUCATIVA-ESO3-724x1024.jpg 724w, https:\/\/agora.xtec.cat\/iesguindavols\/wp-content\/uploads\/usu2923\/2025\/01\/PROPOSTA-EDUCATIVA-ESO3-212x300.jpg 212w, https:\/\/agora.xtec.cat\/iesguindavols\/wp-content\/uploads\/usu2923\/2025\/01\/PROPOSTA-EDUCATIVA-ESO3-768x1086.jpg 768w, https:\/\/agora.xtec.cat\/iesguindavols\/wp-content\/uploads\/usu2923\/2025\/01\/PROPOSTA-EDUCATIVA-ESO3-1086x1536.jpg 1086w, https:\/\/agora.xtec.cat\/iesguindavols\/wp-content\/uploads\/usu2923\/2025\/01\/PROPOSTA-EDUCATIVA-ESO3.jpg 1414w\" sizes=\"auto, (max-width: 724px) 100vw, 724px\" \/><\/a><\/figure>\n<\/div>\n\n\n\n<div class=\"wp-block-column is-layout-flow wp-block-column-is-layout-flow\">\n<figure class=\"wp-block-image size-large\"><a href=\"https:\/\/agora.xtec.cat\/iesguindavols\/valors-afegits\/\"><img loading=\"lazy\" decoding=\"async\" width=\"724\" height=\"1024\" src=\"https:\/\/agora.xtec.cat\/iesguindavols\/wp-content\/uploads\/usu2923\/2025\/01\/PROPOSTA-EDUCATIVA-ESO4-724x1024.jpg\" alt=\"\" class=\"wp-image-70480\" srcset=\"https:\/\/agora.xtec.cat\/iesguindavols\/wp-content\/uploads\/usu2923\/2025\/01\/PROPOSTA-EDUCATIVA-ESO4-724x1024.jpg 724w, https:\/\/agora.xtec.cat\/iesguindavols\/wp-content\/uploads\/usu2923\/2025\/01\/PROPOSTA-EDUCATIVA-ESO4-212x300.jpg 212w, https:\/\/agora.xtec.cat\/iesguindavols\/wp-content\/uploads\/usu2923\/2025\/01\/PROPOSTA-EDUCATIVA-ESO4-768x1086.jpg 768w, https:\/\/agora.xtec.cat\/iesguindavols\/wp-content\/uploads\/usu2923\/2025\/01\/PROPOSTA-EDUCATIVA-ESO4-1086x1536.jpg 1086w, https:\/\/agora.xtec.cat\/iesguindavols\/wp-content\/uploads\/usu2923\/2025\/01\/PROPOSTA-EDUCATIVA-ESO4.jpg 1414w\" sizes=\"auto, (max-width: 724px) 100vw, 724px\" \/><\/a><\/figure>\n<\/div>\n<\/div>\n\n\n\n<p><div style=\"text-align:center;\"><div style=\"margin:8px 0px 4px;\"><a href=\"https:\/\/www.calameo.com\/books\/0078666687b98878c9014\" target=\"_blank\">Proposta Educativa ESO 2026 2027<\/a><\/div><iframe loading=\"lazy\" src=\"\/\/v.calameo.com\/?bkcode=0078666687b98878c9014&amp;mode=mini&amp;clickto=embed\" width=\"480\" height=\"300\" frameborder=\"0\" scrolling=\"no\" allowtransparency=\"\" allowfullscreen=\"\" style=\"margin:0 auto;\"><\/iframe><div style=\"margin:4px 0px 8px;\"><a href=\"http:\/\/www.calameo.com\/\" target=\"_blank\">Read more publications on Calam\u00e9o<\/a><\/div><\/div><\/p>\n<\/div><\/div><\/div><\/div><\/div>\n","protected":false},"excerpt":{"rendered":"<p>EDUCACI\u00d3 SECUND\u00c0RIA OBLIGAT\u00d2RIA<\/p>\n<p>El canvi de l&#8217;Escola a l&#8217;ESO no \u00e9s solament un canvi d&#8217;estudis, sin\u00f3 que tamb\u00e9 hi ha un canvi en tota l&#8217;esfera f\u00edsica, emocional i afectiva de l&#8217;alumnat. A l&#8217;INS Guind\u00e0vols vetllem no solament per la qualitat dels aprenentatges, sin\u00f3 tamb\u00e9 per aquest&hellip;  <a href=\"https:\/\/agora.xtec.cat\/iesguindavols\/pagines-dinici\/pagina-dinici-buida\/eso\/\" title=\"Read PROPOSTA EDUCATIVA ESO\">Llegeix m\u00e9s\u00bb<\/a><\/p>\n","protected":false},"author":50,"featured_media":0,"parent":9,"menu_order":0,"comment_status":"closed","ping_status":"close","template":"","meta":{"_bbp_topic_count":0,"_bbp_reply_count":0,"_bbp_total_topic_count":0,"_bbp_total_reply_count":0,"_bbp_voice_count":0,"_bbp_anonymous_reply_count":0,"_bbp_topic_count_hidden":0,"_bbp_reply_count_hidden":0,"_bbp_forum_subforum_count":0,"footnotes":""},"class_list":["post-70574","page","type-page","status-publish","hentry"],"post_mailing_queue_ids":[],"_links":{"self":[{"href":"https:\/\/agora.xtec.cat\/iesguindavols\/wp-json\/wp\/v2\/pages\/70574","targetHints":{"allow":["GET"]}}],"collection":[{"href":"https:\/\/agora.xtec.cat\/iesguindavols\/wp-json\/wp\/v2\/pages"}],"about":[{"href":"https:\/\/agora.xtec.cat\/iesguindavols\/wp-json\/wp\/v2\/types\/page"}],"author":[{"embeddable":true,"href":"https:\/\/agora.xtec.cat\/iesguindavols\/wp-json\/wp\/v2\/users\/50"}],"replies":[{"embeddable":true,"href":"https:\/\/agora.xtec.cat\/iesguindavols\/wp-json\/wp\/v2\/comments?post=70574"}],"version-history":[{"count":6,"href":"https:\/\/agora.xtec.cat\/iesguindavols\/wp-json\/wp\/v2\/pages\/70574\/revisions"}],"predecessor-version":[{"id":72838,"href":"https:\/\/agora.xtec.cat\/iesguindavols\/wp-json\/wp\/v2\/pages\/70574\/revisions\/72838"}],"up":[{"embeddable":true,"href":"https:\/\/agora.xtec.cat\/iesguindavols\/wp-json\/wp\/v2\/pages\/9"}],"wp:attachment":[{"href":"https:\/\/agora.xtec.cat\/iesguindavols\/wp-json\/wp\/v2\/media?parent=70574"}],"curies":[{"name":"wp","href":"https:\/\/api.w.org\/{rel}","templated":true}]}}