{"id":69968,"date":"2024-06-25T21:15:24","date_gmt":"2024-06-25T19:15:24","guid":{"rendered":"https:\/\/agora.xtec.cat\/iesguindavols\/?page_id=69968"},"modified":"2025-10-08T08:41:59","modified_gmt":"2025-10-08T06:41:59","slug":"llibres-de-text-2025-26","status":"publish","type":"page","link":"https:\/\/agora.xtec.cat\/iesguindavols\/llibres-de-text-2025-26\/","title":{"rendered":"LLIBRES DE TEXT  i  EINES  2025-26"},"content":{"rendered":"\n<p><strong>Informaci\u00f3 important sobre l&#8217;adquisici\u00f3 dels llibres de text<\/strong><\/p>\n\n\n\n<p>A partir del passat curs 2024-25, amb l&#8217;aprovaci\u00f3 del Consell Escolar, l&#8217;adquisici\u00f3 (compra i reutilitzaci\u00f3) de llibres es pot fer a trav\u00e9s de l&#8217;empresa Iddink, ja que \u00e9s una opci\u00f3 que abarateix els costos dels llibres, alhora que \u00e9s molt m\u00e9s respectuosa amb el medi ambient.<\/p>\n\n\n\n<p>Per m\u00e9s informaci\u00f3 cliqueu sobre la imatge.<\/p>\n\n\n\n<figure class=\"wp-block-image size-full\"><a href=\"https:\/\/agora.xtec.cat\/iesguindavols\/wp-content\/uploads\/usu2923\/2025\/06\/Iddink-Comanda-Guindavols-2025.pdf\" target=\"_blank\" rel=\"noreferrer noopener\"><img loading=\"lazy\" decoding=\"async\" width=\"191\" height=\"76\" src=\"https:\/\/agora.xtec.cat\/iesguindavols\/wp-content\/uploads\/usu2923\/2024\/06\/iddink.jpg\" alt=\"\" class=\"wp-image-70068\"\/><\/a><\/figure>\n\n\n\n<p><a href=\"https:\/\/spain.iddink.es\/ca\/families\" target=\"_blank\" rel=\"noreferrer noopener\">Enlla\u00e7 p\u00e0gina Iddink<\/a><\/p>\n\n\n\n<p><strong><a href=\"https:\/\/www.youtube.com\/@Iddinkspain\">V\u00eddeos explicatius<\/a><\/strong><\/p>\n\n\n\n<p><mark><a href=\"https:\/\/agora.xtec.cat\/iesguindavols\/wp-content\/uploads\/usu2923\/2025\/07\/Manual_Becats-STANDARD.pdf\">Com fer la comanda si sou fam\u00edlies becades<\/a><\/mark><\/p>\n\n\n\n<p><a href=\"https:\/\/agora.xtec.cat\/iesguindavols\/wp-content\/uploads\/usu2923\/2025\/06\/Iddink-Cartell_Recollida_2025.pdf\">Recollida llibres ecoBooks juny 2025<\/a><\/p>\n\n\n\n<p><strong>ESO<\/strong><\/p>\n\n\n\n<ul class=\"wp-block-list\">\n<li><a href=\"https:\/\/agora.xtec.cat\/iesguindavols\/wp-content\/uploads\/usu2923\/2025\/07\/Llibres-de-text-\u00b7-Curs-25-26-\u00b7-1r-dESO-A-i-B.pdf\">Llibres curs 25-26 &#8211; 1r ESO A i B<\/a><\/li>\n\n\n\n<li><a href=\"https:\/\/agora.xtec.cat\/iesguindavols\/wp-content\/uploads\/usu2923\/2025\/06\/Llibres-de-text-\u00b7-Curs-2526-\u00b7-1r-dESO-C.pdf\">Llibres curs 25-26 &#8211; 1r ESO C<\/a><\/li>\n\n\n\n<li><a href=\"https:\/\/agora.xtec.cat\/iesguindavols\/wp-content\/uploads\/usu2923\/2025\/07\/Llibres-de-text-\u00b7-Curs-25-26-\u00b7-2n-dESO-A-i-B.pdf\">Llibres curs 25-26 &#8211; 2n ESO A i B<\/a><\/li>\n\n\n\n<li><a href=\"https:\/\/agora.xtec.cat\/iesguindavols\/wp-content\/uploads\/usu2923\/2025\/07\/Llibres-de-text-\u00b7-Curs-25-26-\u00b7-2n-dESO-C.pdf\">Llibres curs 25-26 &#8211; 2n ESO C<\/a><\/li>\n\n\n\n<li><a href=\"https:\/\/agora.xtec.cat\/iesguindavols\/wp-content\/uploads\/usu2923\/2025\/07\/Llibres-de-text-\u00b7-Curs-25-26-\u00b7-3r-dESO-A-i-B.pdf\">Llibres curs 25-26 &#8211; 3r ESO A i B<\/a><\/li>\n\n\n\n<li><a href=\"https:\/\/agora.xtec.cat\/iesguindavols\/wp-content\/uploads\/usu2923\/2025\/06\/Llibres-de-text-\u00b7-Curs-25-26\u00b7-3r-dESO-C.pdf\" data-type=\"link\" data-id=\"https:\/\/agora.xtec.cat\/iesguindavols\/wp-content\/uploads\/usu2923\/2025\/06\/Llibres-de-text-\u00b7-Curs-25-26\u00b7-3r-dESO-C.pdf\">Llibres curs 25-26 &#8211; 3r ESO C<\/a><\/li>\n\n\n\n<li><a href=\"https:\/\/agora.xtec.cat\/iesguindavols\/wp-content\/uploads\/usu2923\/2025\/07\/Llibres-de-text-\u00b7-Curs-25-26-\u00b7-4t-dESO-A-i-B.pdf\">Llibres curs 25-26 &#8211; 4t ESO A i B<\/a><\/li>\n\n\n\n<li><a href=\"https:\/\/agora.xtec.cat\/iesguindavols\/wp-content\/uploads\/usu2923\/2025\/06\/Llibres-de-text-\u00b7-Curs-25-26-\u00b7-4t-dESO-C.pdf\" data-type=\"link\" data-id=\"https:\/\/agora.xtec.cat\/iesguindavols\/wp-content\/uploads\/usu2923\/2025\/06\/Llibres-de-text-\u00b7-Curs-25-26-\u00b7-4t-dESO-C.pdf\">Llibres curs 25-26 &#8211; 4t ESO C<\/a><\/li>\n<\/ul>\n\n\n\n<p><mark><a href=\"https:\/\/burlingtonbooks.es\/tienda\/mis-libros\/\">Compra del WorkBook Online d&#8217;Angl\u00e8s ESO<\/a><\/mark><\/p>\n\n\n\n<p><strong>BATXILLERAT<\/strong><\/p>\n\n\n\n<ul class=\"wp-block-list\">\n<li><a href=\"https:\/\/agora.xtec.cat\/iesguindavols\/wp-content\/uploads\/usu2923\/2025\/06\/Llibres-de-text-\u00b7-Curs-2526-\u00b7-1r-BATX-Ciencies-i-Tecnologia.pdf\">Llibres curs 25-26 &#8211; 1r BATX &#8211; Ci\u00e8ncies i Tecnologia<\/a><\/li>\n\n\n\n<li><a href=\"https:\/\/agora.xtec.cat\/iesguindavols\/wp-content\/uploads\/usu2923\/2025\/06\/Llibres-de-text-\u00b7-Curs-2526-\u00b7-2n-BATX-Ciencies-i-Tecnologia.pdf\">Llibres curs 25-26- 2n BATX &#8211; Ci\u00e8ncies i Tecnologia<\/a><\/li>\n\n\n\n<li><a href=\"https:\/\/agora.xtec.cat\/iesguindavols\/wp-content\/uploads\/usu2923\/2025\/06\/Llibres-de-text-\u00b7-Curs-2526-\u00b7-1r-BATX-Humanitats-i-ciencies-socials.pdf\">Llibres curs 25-26 &#8211; 1r BATX &#8211; Humanitats i ci\u00e8ncies socials<\/a><\/li>\n\n\n\n<li><a href=\"https:\/\/agora.xtec.cat\/iesguindavols\/wp-content\/uploads\/usu2923\/2025\/06\/Llibres-de-text-\u00b7-Curs-2526-\u00b7-2n-BATX-Humanitats-i-ciencies-socials.pdf\">Llibres curs 25-26 &#8211; 2n BATX &#8211; Humanitats i Ci\u00e8ncies socials<\/a><\/li>\n<\/ul>\n\n\n\n<p><mark><a href=\"https:\/\/burlingtonbooks.es\/tienda\/mis-libros\/\">Compra del WorkBook Online d&#8217;Angl\u00e8s Batxillerat<\/a><\/mark><\/p>\n\n\n\n<p><strong>Cicles Formatius de Grau Mitj\u00e0<\/strong><\/p>\n\n\n\n<ul class=\"wp-block-list\">\n<li><a href=\"https:\/\/agora.xtec.cat\/iesguindavols\/wp-content\/uploads\/usu2923\/2025\/07\/Ordinador-CF-de-Mecanica-i-IMA-2025-26.pdf\"><mark style=\"background-color:rgba(0, 0, 0, 0)\" class=\"has-inline-color has-vivid-red-color\">Ordinador CF de Mec\u00e0nica i IMA 2025-26<\/mark><\/a><\/li>\n\n\n\n<li><a href=\"https:\/\/agora.xtec.cat\/iesguindavols\/wp-content\/uploads\/usu2923\/2025\/06\/Llibres-de-text-\u00b7-Curs-25-26-\u00b7-1r-CFGM-Mecanitzacio.pdf\" data-type=\"link\" data-id=\"https:\/\/agora.xtec.cat\/iesguindavols\/wp-content\/uploads\/usu2923\/2025\/06\/Llibres-de-text-\u00b7-Curs-25-26-\u00b7-1r-CFGM-Mecanitzacio.pdf\">Llibres curs 25-26 &#8211; 1r CFGM FM20 &#8211; Mecanitzaci\u00f3<\/a><\/li>\n\n\n\n<li>Llibres curs 25-26 &#8211; 2n CFGM FM20 &#8211; Mecanitzaci\u00f3<\/li>\n\n\n\n<li><a href=\"https:\/\/agora.xtec.cat\/iesguindavols\/wp-content\/uploads\/usu2923\/2025\/07\/1rIM10_Eines.pdf\"><\/a><a href=\"https:\/\/agora.xtec.cat\/iesguindavols\/wp-content\/uploads\/usu2923\/2025\/09\/Relacio_eines_FM20_FMB0_25_26-3.pdf\"><strong><strong>Eines<\/strong><\/strong> CFGM FM20 &#8211; Mecanitzaci\u00f3<\/a><\/li>\n\n\n\n<li><a href=\"https:\/\/agora.xtec.cat\/iesguindavols\/wp-content\/uploads\/usu2923\/2025\/06\/Llibres-de-text-\u00b7-Curs-25-26-\u00b7-1r-CFGM-Manteniment-electromecanic.pdf\" data-type=\"link\" data-id=\"https:\/\/agora.xtec.cat\/iesguindavols\/wp-content\/uploads\/usu2923\/2025\/06\/Llibres-de-text-\u00b7-Curs-25-26-\u00b7-1r-CFGM-Manteniment-electromecanic.pdf\">Llibres curs 25-26 &#8211; 1r CFGM IM10 &#8211; Manteniment electromec\u00e0nic<\/a><\/li>\n\n\n\n<li><a href=\"https:\/\/agora.xtec.cat\/iesguindavols\/wp-content\/uploads\/usu2923\/2025\/07\/1rIM10_Eines.pdf\"><strong>Eines<\/strong> 1r CFGM IM10 &#8211; Manteniment electromec\u00e0nic<\/a><\/li>\n\n\n\n<li><a href=\"https:\/\/agora.xtec.cat\/iesguindavols\/wp-content\/uploads\/usu2923\/2025\/06\/Llibres-de-text-\u00b7-Curs-25-26\u00b7-2n-CFGM-Manteniment-electromecanic.pdf\" data-type=\"link\" data-id=\"https:\/\/agora.xtec.cat\/iesguindavols\/wp-content\/uploads\/usu2923\/2025\/06\/Llibres-de-text-\u00b7-Curs-25-26\u00b7-2n-CFGM-Manteniment-electromecanic.pdf\">Llibres curs 25-26 &#8211; 2n CFGM IM10 &#8211; Manteniment electromec\u00e0nic<\/a><\/li>\n\n\n\n<li><a href=\"https:\/\/agora.xtec.cat\/iesguindavols\/wp-content\/uploads\/usu2923\/2025\/06\/Llibres-de-text-\u00b7-Curs-25-26-\u00b7-2n-CFGM-Installacions-de-produccio-de-calor.pdf\" data-type=\"link\" data-id=\"https:\/\/agora.xtec.cat\/iesguindavols\/wp-content\/uploads\/usu2923\/2025\/06\/Llibres-de-text-\u00b7-Curs-25-26-\u00b7-2n-CFGM-Installacions-de-produccio-de-calor.pdf\">Llibres curs 25-26 &#8211; 2n CFGM IM20 &#8211; Instal\u00b7lacions de producci\u00f3 de calor<\/a><\/li>\n\n\n\n<li><a href=\"https:\/\/agora.xtec.cat\/iesguindavols\/wp-content\/uploads\/usu2923\/2025\/07\/2nIM20_Eines.pdf\"><strong>Eines<\/strong> 2n CFGM IM20 &#8211; Instal\u00b7lacions de producci\u00f3 de calor<\/a><\/li>\n\n\n\n<li><a href=\"https:\/\/agora.xtec.cat\/iesguindavols\/wp-content\/uploads\/usu2923\/2025\/06\/Llibres-de-text-\u00b7-Curs-25-26-\u00b7-1r-CFGM-Installacions-frigorifiques-i-de-climatitzacio.pdf\" data-type=\"link\" data-id=\"https:\/\/agora.xtec.cat\/iesguindavols\/wp-content\/uploads\/usu2923\/2025\/06\/Llibres-de-text-\u00b7-Curs-25-26-\u00b7-1r-CFGM-Installacions-frigorifiques-i-de-climatitzacio.pdf\">Llibres curs 25-26 &#8211; 1r CFGM IM30 &#8211; Instal\u00b7lacions frigor\u00edfiques i de climatitzaci\u00f3<\/a><\/li>\n\n\n\n<li><a href=\"https:\/\/agora.xtec.cat\/iesguindavols\/wp-content\/uploads\/usu2923\/2025\/07\/1rIM30_Eines.pdf\"><strong>Eines<\/strong> 1r CFGM IM30 &#8211; Instal\u00b7lacions frigor\u00edfiques i de climatitzaci\u00f3<\/a><\/li>\n\n\n\n<li><a href=\"https:\/\/agora.xtec.cat\/iesguindavols\/wp-content\/uploads\/usu2923\/2025\/06\/Llibres-de-text-\u00b7-Curs-25-26-\u00b7-2n-CFGM-Installacions-frigorifiques-i-de-climatitzacio.pdf\" data-type=\"link\" data-id=\"https:\/\/agora.xtec.cat\/iesguindavols\/wp-content\/uploads\/usu2923\/2025\/06\/Llibres-de-text-\u00b7-Curs-25-26-\u00b7-2n-CFGM-Installacions-frigorifiques-i-de-climatitzacio.pdf\">Llibres curs 25-26 &#8211; 2n CFGM IM30 &#8211; Instal\u00b7lacions frigor\u00edfiques i de climatitzaci\u00f3<\/a><\/li>\n\n\n\n<li><a href=\"https:\/\/agora.xtec.cat\/iesguindavols\/wp-content\/uploads\/usu2923\/2025\/07\/2nIM30_Eines.pdf\"><strong>Eines <\/strong>&#8211; 2n CFGM IM30 &#8211; Instal\u00b7lacions frigor\u00edfiques i de climatitzaci\u00f3<\/a><\/li>\n\n\n\n<li><a href=\"https:\/\/agora.xtec.cat\/iesguindavols\/wp-content\/uploads\/usu2923\/2025\/06\/Llibres-de-text-\u00b7-Curs-25-26-\u00b7-1r-CFGM-Confeccio-i-moda.pdf\" data-type=\"link\" data-id=\"https:\/\/agora.xtec.cat\/iesguindavols\/wp-content\/uploads\/usu2923\/2025\/06\/Llibres-de-text-\u00b7-Curs-25-26-\u00b7-1r-CFGM-Confeccio-i-moda.pdf\">Llibres curs 25-26 &#8211; 1r CFGM TX50 &#8211; Confecci\u00f3 i moda<\/a><\/li>\n\n\n\n<li><a href=\"https:\/\/agora.xtec.cat\/iesguindavols\/wp-content\/uploads\/usu2923\/2025\/06\/Llibres-de-text-\u00b7-Curs-25-26-\u00b7-2n-CFGM-Confeccio-i-moda.pdf\" data-type=\"link\" data-id=\"https:\/\/agora.xtec.cat\/iesguindavols\/wp-content\/uploads\/usu2923\/2025\/06\/Llibres-de-text-\u00b7-Curs-25-26-\u00b7-2n-CFGM-Confeccio-i-moda.pdf\">Llibres curs 25-26 &#8211; 2n CFGM TX50 &#8211; Confecci\u00f3 i moda<\/a><\/li>\n\n\n\n<li><a href=\"https:\/\/agora.xtec.cat\/iesguindavols\/wp-content\/uploads\/usu2923\/2025\/09\/Relacio_eines_TX50_TXE0_TXB0_25_26-2.pdf\"><strong><strong>Eines<\/strong><\/strong> CFGM TX50 &#8211; Confecci\u00f3 i moda<\/a><\/li>\n<\/ul>\n\n\n\n<p><strong>Cicles Formatius de Grau Superior<\/strong><\/p>\n\n\n\n<ul class=\"wp-block-list\">\n<li><a href=\"https:\/\/agora.xtec.cat\/iesguindavols\/wp-content\/uploads\/usu2923\/2025\/07\/Ordinador-CF-de-Mecanica-i-IMA-2025-26.pdf\"><mark style=\"background-color:rgba(0, 0, 0, 0)\" class=\"has-inline-color has-vivid-red-color\">Ordinador CF de Mec\u00e0nica i IMA 2025-26<\/mark><\/a><\/li>\n\n\n\n<li><a href=\"https:\/\/agora.xtec.cat\/iesguindavols\/wp-content\/uploads\/usu2923\/2025\/06\/Llibres-de-text-\u00b7-Curs-25-26-1r-CFGS-Programacio-de-la-produccio-en-fabricacio-mecanica.pdf\" data-type=\"link\" data-id=\"https:\/\/agora.xtec.cat\/iesguindavols\/wp-content\/uploads\/usu2923\/2025\/06\/Llibres-de-text-\u00b7-Curs-25-26-1r-CFGS-Programacio-de-la-produccio-en-fabricacio-mecanica.pdf\">Llibres curs 25-26 &#8211; 1r CFGS FMB0 &#8211; Programaci\u00f3 de la producci\u00f3 en fabricaci\u00f3 mec\u00e0nica<\/a><\/li>\n\n\n\n<li><a href=\"https:\/\/agora.xtec.cat\/iesguindavols\/wp-content\/uploads\/usu2923\/2025\/09\/Relacio_eines_FM20_FMB0_25_26-3.pdf\"><strong><strong>Eines<\/strong><\/strong> CFGS FMB0 &#8211; Programaci\u00f3 de la producci\u00f3 en fabricaci\u00f3 mec\u00e0nica<\/a><\/li>\n\n\n\n<li><a href=\"https:\/\/agora.xtec.cat\/iesguindavols\/wp-content\/uploads\/usu2923\/2025\/06\/Llibres-de-text-\u00b7-Curs-25-26-\u00b7-1r-CFGS-Manteniment-dinstallacions-termiques-i-de-fluids.pdf\" data-type=\"link\" data-id=\"https:\/\/agora.xtec.cat\/iesguindavols\/wp-content\/uploads\/usu2923\/2025\/06\/Llibres-de-text-\u00b7-Curs-25-26-\u00b7-1r-CFGS-Manteniment-dinstallacions-termiques-i-de-fluids.pdf\">Llibres curs 25-26 &#8211; 1r CFGS IMA0 &#8211; Manteniment d&#8217;instal\u00b7lacions t\u00e8rmiques i de fluids<\/a><\/li>\n\n\n\n<li><a href=\"https:\/\/agora.xtec.cat\/iesguindavols\/wp-content\/uploads\/usu2923\/2025\/07\/1rIMA0_Eines.pdf\"><strong>Eines<\/strong> 1r i 2n CFGS IMA0 &#8211; Manteniment d&#8217;instal\u00b7lacions t\u00e8rmiques i de fluids<\/a><\/li>\n\n\n\n<li><a href=\"https:\/\/agora.xtec.cat\/iesguindavols\/wp-content\/uploads\/usu2923\/2025\/06\/Llibres-de-text-\u00b7-Curs-25-26-\u00b7-2n-CFGS-Manteniment-dinstallacions-termiques-i-de-fluids.pdf\" data-type=\"link\" data-id=\"https:\/\/agora.xtec.cat\/iesguindavols\/wp-content\/uploads\/usu2923\/2025\/06\/Llibres-de-text-\u00b7-Curs-25-26-\u00b7-2n-CFGS-Manteniment-dinstallacions-termiques-i-de-fluids.pdf\">Llibres curs 25-26 &#8211; 2n CFGS IMA0 &#8211; Manteniment d&#8217;instal\u00b7lacions t\u00e8rmiques i de fluids<\/a><\/li>\n\n\n\n<li><a href=\"https:\/\/agora.xtec.cat\/iesguindavols\/wp-content\/uploads\/usu2923\/2025\/06\/Llibres-de-text-\u00b7-Curs-25-26-\u00b7-1r-CFGS-Patronatge-i-moda.pdf\" data-type=\"link\" data-id=\"https:\/\/agora.xtec.cat\/iesguindavols\/wp-content\/uploads\/usu2923\/2025\/06\/Llibres-de-text-\u00b7-Curs-25-26-\u00b7-1r-CFGS-Patronatge-i-moda.pdf\">Llibres curs 25-26 &#8211; 1r CFGS TXE0 &#8211; Patronatge i moda<\/a><\/li>\n\n\n\n<li><a href=\"https:\/\/agora.xtec.cat\/iesguindavols\/wp-content\/uploads\/usu2923\/2025\/06\/Llibres-de-text-\u00b7-Curs-25-26-\u00b7-2n-CFGS-Patronatge-i-moda.pdf\" data-type=\"link\" data-id=\"https:\/\/agora.xtec.cat\/iesguindavols\/wp-content\/uploads\/usu2923\/2025\/06\/Llibres-de-text-\u00b7-Curs-25-26-\u00b7-2n-CFGS-Patronatge-i-moda.pdf\">Llibres curs 25-26 &#8211; 2n CFGS TXE0 &#8211; Patronatge i moda<\/a><\/li>\n\n\n\n<li><a href=\"https:\/\/agora.xtec.cat\/iesguindavols\/wp-content\/uploads\/usu2923\/2025\/09\/Relacio_eines_TX50_TXE0_TXB0_25_26-2.pdf\"><strong><strong>Eines<\/strong><\/strong> CFGS TXE0 &#8211; Patronatge i moda<\/a><\/li>\n<\/ul>\n\n\n\n<p><\/p>\n","protected":false},"excerpt":{"rendered":"<p>Informaci\u00f3 important sobre l&#8217;adquisici\u00f3 dels llibres de text<\/p>\n<p>A partir del passat curs 2024-25, amb l&#8217;aprovaci\u00f3 del Consell Escolar, l&#8217;adquisici\u00f3 (compra i reutilitzaci\u00f3) de llibres es pot fer a trav\u00e9s de l&#8217;empresa Iddink, ja que \u00e9s una opci\u00f3 que abarateix els costos dels llibres, alhora que&hellip;  <a href=\"https:\/\/agora.xtec.cat\/iesguindavols\/llibres-de-text-2025-26\/\" title=\"Read LLIBRES DE TEXT  i  EINES  2025-26\">Llegeix m\u00e9s\u00bb<\/a><\/p>\n","protected":false},"author":8,"featured_media":0,"parent":0,"menu_order":0,"comment_status":"closed","ping_status":"close","template":"","meta":{"_bbp_topic_count":0,"_bbp_reply_count":0,"_bbp_total_topic_count":0,"_bbp_total_reply_count":0,"_bbp_voice_count":0,"_bbp_anonymous_reply_count":0,"_bbp_topic_count_hidden":0,"_bbp_reply_count_hidden":0,"_bbp_forum_subforum_count":0,"footnotes":""},"class_list":["post-69968","page","type-page","status-publish","hentry"],"post_mailing_queue_ids":[],"_links":{"self":[{"href":"https:\/\/agora.xtec.cat\/iesguindavols\/wp-json\/wp\/v2\/pages\/69968","targetHints":{"allow":["GET"]}}],"collection":[{"href":"https:\/\/agora.xtec.cat\/iesguindavols\/wp-json\/wp\/v2\/pages"}],"about":[{"href":"https:\/\/agora.xtec.cat\/iesguindavols\/wp-json\/wp\/v2\/types\/page"}],"author":[{"embeddable":true,"href":"https:\/\/agora.xtec.cat\/iesguindavols\/wp-json\/wp\/v2\/users\/8"}],"replies":[{"embeddable":true,"href":"https:\/\/agora.xtec.cat\/iesguindavols\/wp-json\/wp\/v2\/comments?post=69968"}],"version-history":[{"count":6,"href":"https:\/\/agora.xtec.cat\/iesguindavols\/wp-json\/wp\/v2\/pages\/69968\/revisions"}],"predecessor-version":[{"id":72645,"href":"https:\/\/agora.xtec.cat\/iesguindavols\/wp-json\/wp\/v2\/pages\/69968\/revisions\/72645"}],"wp:attachment":[{"href":"https:\/\/agora.xtec.cat\/iesguindavols\/wp-json\/wp\/v2\/media?parent=69968"}],"curies":[{"name":"wp","href":"https:\/\/api.w.org\/{rel}","templated":true}]}}