{"id":69411,"date":"2024-02-13T03:15:33","date_gmt":"2024-02-13T02:15:33","guid":{"rendered":"https:\/\/agora.xtec.cat\/iesguindavols\/?page_id=69411"},"modified":"2024-02-13T03:32:40","modified_gmt":"2024-02-13T02:32:40","slug":"proves-dacces-a-cicles-formatius","status":"publish","type":"page","link":"https:\/\/agora.xtec.cat\/iesguindavols\/secretaria\/proves-dacces-a-cicles-formatius\/","title":{"rendered":"Proves d&#8217;acc\u00e9s a Cicles Formatius"},"content":{"rendered":"<p><a href=\"https:\/\/triaeducativa.gencat.cat\/ca\/proves\/proves-acces\/fp\/fp-gm\/\">Proves d&#8217;acc\u00e9s a cicles de formaci\u00f3 professional de grau mitj\u00e0<\/a><\/p>\n<p><a href=\"https:\/\/triaeducativa.gencat.cat\/ca\/proves\/proves-acces\/fp\/fp-gs\/index.html\">Proves d&#8217;acc\u00e9s a cicles de formaci\u00f3 professional de grau superior<\/a><\/p>\n","protected":false},"excerpt":{"rendered":"<p><a href=\"https:\/\/triaeducativa.gencat.cat\/ca\/proves\/proves-acces\/fp\/fp-gm\/\">Proves d&#8217;acc\u00e9s a cicles de formaci\u00f3 professional de grau mitj\u00e0<\/a><br \/>\n<a href=\"https:\/\/triaeducativa.gencat.cat\/ca\/proves\/proves-acces\/fp\/fp-gs\/index.html\">Proves d&#8217;acc\u00e9s a cicles de formaci\u00f3 professional de grau superior<\/a><\/p>\n","protected":false},"author":8,"featured_media":0,"parent":81,"menu_order":5,"comment_status":"closed","ping_status":"closed","template":"page-templates\/side-menu.php","meta":{"_bbp_topic_count":0,"_bbp_reply_count":0,"_bbp_total_topic_count":0,"_bbp_total_reply_count":0,"_bbp_voice_count":0,"_bbp_anonymous_reply_count":0,"_bbp_topic_count_hidden":0,"_bbp_reply_count_hidden":0,"_bbp_forum_subforum_count":0,"footnotes":""},"class_list":["post-69411","page","type-page","status-publish","hentry"],"post_mailing_queue_ids":[],"_links":{"self":[{"href":"https:\/\/agora.xtec.cat\/iesguindavols\/wp-json\/wp\/v2\/pages\/69411","targetHints":{"allow":["GET"]}}],"collection":[{"href":"https:\/\/agora.xtec.cat\/iesguindavols\/wp-json\/wp\/v2\/pages"}],"about":[{"href":"https:\/\/agora.xtec.cat\/iesguindavols\/wp-json\/wp\/v2\/types\/page"}],"author":[{"embeddable":true,"href":"https:\/\/agora.xtec.cat\/iesguindavols\/wp-json\/wp\/v2\/users\/8"}],"replies":[{"embeddable":true,"href":"https:\/\/agora.xtec.cat\/iesguindavols\/wp-json\/wp\/v2\/comments?post=69411"}],"version-history":[{"count":3,"href":"https:\/\/agora.xtec.cat\/iesguindavols\/wp-json\/wp\/v2\/pages\/69411\/revisions"}],"predecessor-version":[{"id":69425,"href":"https:\/\/agora.xtec.cat\/iesguindavols\/wp-json\/wp\/v2\/pages\/69411\/revisions\/69425"}],"up":[{"embeddable":true,"href":"https:\/\/agora.xtec.cat\/iesguindavols\/wp-json\/wp\/v2\/pages\/81"}],"wp:attachment":[{"href":"https:\/\/agora.xtec.cat\/iesguindavols\/wp-json\/wp\/v2\/media?parent=69411"}],"curies":[{"name":"wp","href":"https:\/\/api.w.org\/{rel}","templated":true}]}}