{"id":69406,"date":"2024-02-13T03:07:19","date_gmt":"2024-02-13T02:07:19","guid":{"rendered":"https:\/\/agora.xtec.cat\/iesguindavols\/?page_id=69406"},"modified":"2024-02-13T03:13:01","modified_gmt":"2024-02-13T02:13:01","slug":"expedicio-de-titols","status":"publish","type":"page","link":"https:\/\/agora.xtec.cat\/iesguindavols\/secretaria\/expedicio-de-titols\/","title":{"rendered":"Expedici\u00f3 de t\u00edtols"},"content":{"rendered":"<div id=\"elementor-tab-content-4781\" class=\"elementor-tab-content elementor-clearfix elementor-active\" role=\"region\" data-tab=\"1\" aria-labelledby=\"elementor-tab-title-4781\">\n<p>Es poden tramitar quan l\u2019alumne ha superat el <strong>Batxillerat<\/strong> o un <strong>Cicle Formatiu<\/strong>.\u00a0 El d&#8217;<strong>ESO<\/strong> es tramita autom\u00e0ticament des de secretaria.\u00a0 Tamb\u00e9 es poden tramitar sol\u00b7licituds de t\u00edtols anteriors que s\u2019hagin cursat al centre.<\/p>\n<p><span style=\"text-decoration: underline;\">TAXES D\u2019EXPEDICI\u00d3<\/span><\/p>\n<ul>\n<li>Batxillerat: 67,60 euros<\/li>\n<li>Cicles formatius de grau mitj\u00e0 ( t\u00edtol de T\u00e8cnic ): 67,60 euros.<\/li>\n<li>Cicles formatius de grau superior ( t\u00edtol de T\u00e8cnic superior): 75,70 euros.<\/li>\n<\/ul>\n<p><span style=\"text-decoration: underline;\">TR\u00c0MIT I DOCUMENTACI\u00d3<\/span><\/p>\n<ul>\n<li><strong><a href=\"https:\/\/documents.espai.educacio.gencat.cat\/FormularisModels\/CentresGestioAcademica\/Y164_003.pdf\">Full de sol\u00b7licitud del t\u00edtol (cliqueu per descarregar-lo)<\/a><\/strong><\/li>\n<li>DNI original i fotoc\u00f2pia<\/li>\n<li>Impr\u00e8s de pagament personalitzat. Es genera a la secretaria, despr\u00e9s de fer efectiu el pagament pel banc cal tornar a la secretaria, on es segella el resguard de pagament i es demana el t\u00edtol.<\/li>\n<li>Fotoc\u00f2pia carnet fam\u00edlia nombrosa o monoparental, si escau.<\/li>\n<li>Certificaci\u00f3 que justifiqui l\u2019exempci\u00f3 de pagament, si escau.<\/li>\n<\/ul>\n<\/div>\n","protected":false},"excerpt":{"rendered":"<p>Es poden tramitar quan l\u2019alumne ha superat el Batxillerat o un Cicle Formatiu.\u00a0 El d&#8217;ESO es tramita autom\u00e0ticament des de secretaria.\u00a0 Tamb\u00e9 es poden tramitar sol\u00b7licituds de t\u00edtols anteriors que s\u2019hagin cursat al centre.<br \/>\nTAXES D\u2019EXPEDICI\u00d3<\/p>\n<ul>\n<li>Batxillerat: 67,60 euros<\/li>\n<li>Cicles formatius de grau mitj\u00e0 ( t\u00edtol de T\u00e8cnic&hellip;  <a href=\"https:\/\/agora.xtec.cat\/iesguindavols\/secretaria\/expedicio-de-titols\/\" title=\"Read Expedici\u00f3 de t\u00edtols\">Llegeix m\u00e9s\u00bb<\/a><br \/>\n","protected":false},"author":8,"featured_media":0,"parent":81,"menu_order":4,"comment_status":"closed","ping_status":"closed","template":"page-templates\/side-menu.php","meta":{"_bbp_topic_count":0,"_bbp_reply_count":0,"_bbp_total_topic_count":0,"_bbp_total_reply_count":0,"_bbp_voice_count":0,"_bbp_anonymous_reply_count":0,"_bbp_topic_count_hidden":0,"_bbp_reply_count_hidden":0,"_bbp_forum_subforum_count":0,"footnotes":""},"class_list":["post-69406","page","type-page","status-publish","hentry"],"post_mailing_queue_ids":[],"_links":{"self":[{"href":"https:\/\/agora.xtec.cat\/iesguindavols\/wp-json\/wp\/v2\/pages\/69406","targetHints":{"allow":["GET"]}}],"collection":[{"href":"https:\/\/agora.xtec.cat\/iesguindavols\/wp-json\/wp\/v2\/pages"}],"about":[{"href":"https:\/\/agora.xtec.cat\/iesguindavols\/wp-json\/wp\/v2\/types\/page"}],"author":[{"embeddable":true,"href":"https:\/\/agora.xtec.cat\/iesguindavols\/wp-json\/wp\/v2\/users\/8"}],"replies":[{"embeddable":true,"href":"https:\/\/agora.xtec.cat\/iesguindavols\/wp-json\/wp\/v2\/comments?post=69406"}],"version-history":[{"count":2,"href":"https:\/\/agora.xtec.cat\/iesguindavols\/wp-json\/wp\/v2\/pages\/69406\/revisions"}],"predecessor-version":[{"id":69410,"href":"https:\/\/agora.xtec.cat\/iesguindavols\/wp-json\/wp\/v2\/pages\/69406\/revisions\/69410"}],"up":[{"embeddable":true,"href":"https:\/\/agora.xtec.cat\/iesguindavols\/wp-json\/wp\/v2\/pages\/81"}],"wp:attachment":[{"href":"https:\/\/agora.xtec.cat\/iesguindavols\/wp-json\/wp\/v2\/media?parent=69406"}],"curies":[{"name":"wp","href":"https:\/\/api.w.org\/{rel}","templated":true}]}}