{"id":69370,"date":"2024-02-07T12:16:18","date_gmt":"2024-02-07T11:16:18","guid":{"rendered":"https:\/\/agora.xtec.cat\/iesguindavols\/?page_id=69370"},"modified":"2025-01-08T09:15:33","modified_gmt":"2025-01-08T08:15:33","slug":"borsa-alumnes","status":"publish","type":"page","link":"https:\/\/agora.xtec.cat\/iesguindavols\/borsa-de-treball\/borsa-alumnes\/","title":{"rendered":"Borsa alumnes"},"content":{"rendered":"<p style=\"text-align: justify;\" data-pm-slice=\"1 1 []\">Si ets alumne\/exalumne del centre i est\u00e0s en recerca activa de feina pots explorar les ofertes de treball que trobar\u00e0s a l\u2019apartat \u201cOfertes de treball\u201d.<\/p>\n<p style=\"text-align: justify;\">Tamb\u00e9 et pots donar d\u2019alta a la borsa de treball i podr\u00e0s estar informat de les noves ofertes que s&#8217;afegeixin a la borsa de treball a trav\u00e9s del correu electr\u00f2nic. Nom\u00e9s podeu donar-vos d&#8217;alta com a alumnes registrats de la borsa de treball si sou (o heu estat) alumnes de l\u2019Institut Guind\u00e0vols.<\/p>\n<p style=\"text-align: justify;\">Et pots donar d\u2019alta a la borsa d\u2019alumnat omplint el formulari que segueix.<\/p>\n<p style=\"text-align: justify;\">Per a qualsevol altre dubte pot contactar-nos a coordfp@institutguindavols.cat<\/p>\n<p><iframe loading=\"lazy\" src=\"https:\/\/sites.google.com\/institutguindavols.cat\/borsa\/p%C3%A0gina-principal\" width=\"400\" height=\"300\">&#8220;No es posible visualizar el contenido&#8221;<\/iframe><\/p>\n","protected":false},"excerpt":{"rendered":"<p>Si ets alumne\/exalumne del centre i est\u00e0s en recerca activa de feina pots explorar les ofertes de treball que trobar\u00e0s a l\u2019apartat \u201cOfertes de treball\u201d.<br \/>\nTamb\u00e9 et pots donar d\u2019alta a la borsa de treball i podr\u00e0s estar informat de les noves ofertes que s&#8217;afegeixin a&hellip;  <a href=\"https:\/\/agora.xtec.cat\/iesguindavols\/borsa-de-treball\/borsa-alumnes\/\" title=\"Read Borsa alumnes\">Llegeix m\u00e9s\u00bb<\/a><\/p>\n","protected":false},"author":30,"featured_media":0,"parent":67104,"menu_order":0,"comment_status":"closed","ping_status":"closed","template":"page-templates\/side-menu.php","meta":{"_bbp_topic_count":0,"_bbp_reply_count":0,"_bbp_total_topic_count":0,"_bbp_total_reply_count":0,"_bbp_voice_count":0,"_bbp_anonymous_reply_count":0,"_bbp_topic_count_hidden":0,"_bbp_reply_count_hidden":0,"_bbp_forum_subforum_count":0,"footnotes":""},"class_list":["post-69370","page","type-page","status-publish","hentry"],"post_mailing_queue_ids":[],"_links":{"self":[{"href":"https:\/\/agora.xtec.cat\/iesguindavols\/wp-json\/wp\/v2\/pages\/69370","targetHints":{"allow":["GET"]}}],"collection":[{"href":"https:\/\/agora.xtec.cat\/iesguindavols\/wp-json\/wp\/v2\/pages"}],"about":[{"href":"https:\/\/agora.xtec.cat\/iesguindavols\/wp-json\/wp\/v2\/types\/page"}],"author":[{"embeddable":true,"href":"https:\/\/agora.xtec.cat\/iesguindavols\/wp-json\/wp\/v2\/users\/30"}],"replies":[{"embeddable":true,"href":"https:\/\/agora.xtec.cat\/iesguindavols\/wp-json\/wp\/v2\/comments?post=69370"}],"version-history":[{"count":6,"href":"https:\/\/agora.xtec.cat\/iesguindavols\/wp-json\/wp\/v2\/pages\/69370\/revisions"}],"predecessor-version":[{"id":70376,"href":"https:\/\/agora.xtec.cat\/iesguindavols\/wp-json\/wp\/v2\/pages\/69370\/revisions\/70376"}],"up":[{"embeddable":true,"href":"https:\/\/agora.xtec.cat\/iesguindavols\/wp-json\/wp\/v2\/pages\/67104"}],"wp:attachment":[{"href":"https:\/\/agora.xtec.cat\/iesguindavols\/wp-json\/wp\/v2\/media?parent=69370"}],"curies":[{"name":"wp","href":"https:\/\/api.w.org\/{rel}","templated":true}]}}