{"id":69366,"date":"2024-02-07T12:14:52","date_gmt":"2024-02-07T11:14:52","guid":{"rendered":"https:\/\/agora.xtec.cat\/iesguindavols\/?page_id=69366"},"modified":"2026-04-14T01:41:40","modified_gmt":"2026-04-13T23:41:40","slug":"ofertes-de-treball","status":"publish","type":"page","link":"https:\/\/agora.xtec.cat\/iesguindavols\/borsa-de-treball\/ofertes-de-treball\/","title":{"rendered":"Ofertes de treball"},"content":{"rendered":"\n<p>Si ets alumne\/exalumne del centre i est\u00e0s en recerca activa de feina pots explorar les ofertes de treball que trobar\u00e0s a continuaci\u00f3:<\/p>\n\n\n\n<p><a href=\"https:\/\/script.google.com\/macros\/s\/AKfycbwsAYBssRu6azaSHUvffeVMVD-BHSWwjF2nPue1VhYvfhDOPH8TUDZsBJeUDuS9E3Yj\/exec\" target=\"_blank\" rel=\"noreferrer noopener\">Enlla\u00e7 Ofertes de treball<\/a><\/p>\n\n\n\n<p><\/p>\n","protected":false},"excerpt":{"rendered":"<p>Si ets alumne\/exalumne del centre i est\u00e0s en recerca activa de feina pots explorar les ofertes de treball que trobar\u00e0s a continuaci\u00f3:<\/p>\n<p><a href=\"https:\/\/script.google.com\/macros\/s\/AKfycbwsAYBssRu6azaSHUvffeVMVD-BHSWwjF2nPue1VhYvfhDOPH8TUDZsBJeUDuS9E3Yj\/exec\" target=\"_blank\" rel=\"noreferrer noopener\">Enlla\u00e7 Ofertes de treball<\/a><\/p>\n","protected":false},"author":30,"featured_media":0,"parent":67104,"menu_order":0,"comment_status":"closed","ping_status":"closed","template":"page-templates\/side-menu.php","meta":{"_bbp_topic_count":0,"_bbp_reply_count":0,"_bbp_total_topic_count":0,"_bbp_total_reply_count":0,"_bbp_voice_count":0,"_bbp_anonymous_reply_count":0,"_bbp_topic_count_hidden":0,"_bbp_reply_count_hidden":0,"_bbp_forum_subforum_count":0,"footnotes":""},"class_list":["post-69366","page","type-page","status-publish","hentry"],"post_mailing_queue_ids":[],"_links":{"self":[{"href":"https:\/\/agora.xtec.cat\/iesguindavols\/wp-json\/wp\/v2\/pages\/69366","targetHints":{"allow":["GET"]}}],"collection":[{"href":"https:\/\/agora.xtec.cat\/iesguindavols\/wp-json\/wp\/v2\/pages"}],"about":[{"href":"https:\/\/agora.xtec.cat\/iesguindavols\/wp-json\/wp\/v2\/types\/page"}],"author":[{"embeddable":true,"href":"https:\/\/agora.xtec.cat\/iesguindavols\/wp-json\/wp\/v2\/users\/30"}],"replies":[{"embeddable":true,"href":"https:\/\/agora.xtec.cat\/iesguindavols\/wp-json\/wp\/v2\/comments?post=69366"}],"version-history":[{"count":5,"href":"https:\/\/agora.xtec.cat\/iesguindavols\/wp-json\/wp\/v2\/pages\/69366\/revisions"}],"predecessor-version":[{"id":73015,"href":"https:\/\/agora.xtec.cat\/iesguindavols\/wp-json\/wp\/v2\/pages\/69366\/revisions\/73015"}],"up":[{"embeddable":true,"href":"https:\/\/agora.xtec.cat\/iesguindavols\/wp-json\/wp\/v2\/pages\/67104"}],"wp:attachment":[{"href":"https:\/\/agora.xtec.cat\/iesguindavols\/wp-json\/wp\/v2\/media?parent=69366"}],"curies":[{"name":"wp","href":"https:\/\/api.w.org\/{rel}","templated":true}]}}