{"id":69253,"date":"2024-01-29T13:16:21","date_gmt":"2024-01-29T12:16:21","guid":{"rendered":"https:\/\/agora.xtec.cat\/iesguindavols\/?page_id=69253"},"modified":"2026-02-05T19:30:00","modified_gmt":"2026-02-05T18:30:00","slug":"portes-obertes-eso","status":"publish","type":"page","link":"https:\/\/agora.xtec.cat\/iesguindavols\/portes-obertes-eso\/","title":{"rendered":"PORTES OBERTES ESO CURS 2026\/2027"},"content":{"rendered":"\n<h2 class=\"wp-block-heading\">Jornada de Portes Obertes a l&#8217;ESO<\/h2>\n\n\n\n<div class=\"wp-block-columns is-layout-flex wp-container-core-columns-is-layout-1 wp-block-columns-is-layout-flex\">\n<div class=\"wp-block-column is-layout-flow wp-block-column-is-layout-flow\" style=\"flex-basis:66.67%\">\n<p>Si voleu veure el centre, con\u00e8ixer-nos i parlar sobre com entenem l&#8217;educaci\u00f3 i quina \u00e9s la nostra proposta educativa us proposem diverses vies:<\/p>\n\n\n\n<ul class=\"wp-block-list\">\n<li>Podeu acudir a la Jornada de Portes Obertes que farem el dissabte dia 28 de febrer a les 10h. All\u00ed trobareu alumnat, professorat i moltes mostres del nostre treball.<\/li>\n\n\n\n<li>Tamb\u00e9 us podeu posar en contacte amb nosaltres per correu electr\u00f2nic o per tel\u00e8fon i concertar una trobada amb un membre de l&#8217;equip directiu. Podeu venir individualment o b\u00e9 us podeu agrupar en diverses fam\u00edlies i us explicarem la proposta i visitarem el centre.<\/li>\n\n\n\n<li>Podeu consultar a la nostra p\u00e0gina web els materials explicatius de la nostra proposta pel curs 2026\/27 (estaran disponibles ben aviat).<\/li>\n<\/ul>\n\n\n\n<p>El proper dissabte <strong>28 de febrer <\/strong>us esperem a les <strong>10:00 hores<\/strong> a les PORTES OBERTES!<\/p>\n<\/div>\n\n\n\n<div class=\"wp-block-column is-layout-flow wp-block-column-is-layout-flow\" style=\"flex-basis:33.33%\">\n<figure class=\"wp-block-gallery has-nested-images columns-default is-cropped wp-block-gallery-1 is-layout-flex wp-block-gallery-is-layout-flex\">\n<figure class=\"wp-block-image size-full\"><a href=\"https:\/\/agora.xtec.cat\/iesguindavols\/wp-content\/uploads\/usu2923\/2026\/01\/PO2026-2.jpg\"><img loading=\"lazy\" decoding=\"async\" width=\"675\" height=\"810\" src=\"https:\/\/agora.xtec.cat\/iesguindavols\/wp-content\/uploads\/usu2923\/2026\/01\/PO2026-2.jpg\" alt=\"\" class=\"wp-image-72764\" srcset=\"https:\/\/agora.xtec.cat\/iesguindavols\/wp-content\/uploads\/usu2923\/2026\/01\/PO2026-2.jpg 675w, https:\/\/agora.xtec.cat\/iesguindavols\/wp-content\/uploads\/usu2923\/2026\/01\/PO2026-2-250x300.jpg 250w\" sizes=\"auto, (max-width: 675px) 100vw, 675px\" \/><\/a><\/figure>\n<\/figure>\n<\/div>\n<\/div>\n\n\n\n<p>Per tal de tenir una previsi\u00f3 d&#8217;assist\u00e8ncia, us agrair\u00edem que ompl\u00edssiu el formulari de sota.<\/p>\n\n\n\n<h3 class=\"wp-block-button\" style=\"text-align: left;\"><strong><span style=\"color: #ffffff;\"><a class=\"wp-block-button__link\" style=\"color: #ffffff;\" href=\"https:\/\/forms.gle\/dRjWDpnsNqM6SRdGA\">INSCRIPCI\u00d3 A LES PORTES OBERTES<\/a><\/span><\/strong><\/h3>\n\n\n\n<div class=\"wp-block-getwid-advanced-heading has-custom-font-size\" style=\"font-size:30px\"><span class=\"wp-block-getwid-advanced-heading__content has-text-color has-black-color\" style=\"font-family:&quot;Poiret One&quot;;font-weight:normal\"><br><strong><a href=\"https:\/\/agora.xtec.cat\/iesguindavols\/pagines-dinici\/pagina-dinici-buida\/eso\/\">Voleu con\u00e8ixer la nostra PROPOSTA EDUCATIVA pel CURS 2026-27?<\/a><\/strong> <\/span><\/div>\n\n\n\n<div style=\"text-align:center;\"><div style=\"margin:8px 0px 4px;\"><a href=\"https:\/\/www.calameo.com\/books\/0078666687b98878c9014\" target=\"_blank\">Proposta Educativa ESO 2026 2027<\/a><\/div><iframe loading=\"lazy\" src=\"\/\/v.calameo.com\/?bkcode=0078666687b98878c9014&#038;mode=mini&#038;clickto=embed\" width=\"480\" height=\"300\" frameborder=\"0\" scrolling=\"no\" allowtransparency allowfullscreen style=\"margin:0 auto;\"><\/iframe><div style=\"margin:4px 0px 8px;\"><a href=\"http:\/\/www.calameo.com\/\" target=\"_blank\">Read more publications on Calam\u00e9o<\/a><\/div><\/div>\n\n\n\n<div class=\"wp-block-getwid-advanced-heading has-custom-font-size\" style=\"font-size:25px\"><span class=\"wp-block-getwid-advanced-heading__content has-text-color has-white-color has-background has-vivid-cyan-blue-background-color\" style=\"font-family:&quot;Poiret One&quot;;font-weight:normal\"><br><strong>Preneu nota de les principals dates de la preinscripci\u00f3!!<\/strong><\/span><\/div>\n\n\n\n<p>La preinscripci\u00f3 comen\u00e7a el dia <strong>6 de mar\u00e7 de 2026<\/strong> i teniu temps <strong>fins al 18 de mar\u00e7 <\/strong>per fer el tr\u00e0mit.<\/p>\n\n\n\n<p>Teniu tota la informaci\u00f3 a <a href=\"https:\/\/preinscripcio.gencat.cat\/ca\/detalls\/noticia\/dates-preinscripcio-2026-2027\">https:\/\/preinscripcio.gencat.cat\/ca\/detalls\/noticia\/dates-preinscripcio-2026-2027<\/a><\/p>\n\n\n\n<p><\/p>\n\n\n\n<div class=\"wp-block-getwid-advanced-heading has-custom-font-size\" style=\"font-size:40px\"><span class=\"wp-block-getwid-advanced-heading__content has-text-color has-black-color\" style=\"font-family:&quot;Poiret One&quot;;font-weight:normal\">PORTES OBERTES DE BATXILLERAT<\/span><\/div>\n\n\n\n<p>Si el que us interessa \u00e9s el Batxillerat, a la jornada de Portes Obertes de l&#8217;ESO ja us en podem informar. El <strong>dijous dia 19 de mar\u00e7 a les 19:00 h farem unes PORTES OBERTES de BATXILLERAT<\/strong>.<\/p>\n","protected":false},"excerpt":{"rendered":"<p>Jornada de Portes Obertes a l&#8217;ESO<\/p>\n<p>Si voleu veure el centre, con\u00e8ixer-nos i parlar sobre com entenem l&#8217;educaci\u00f3 i quina \u00e9s la nostra proposta educativa us proposem diverses vies:<\/p>\n<ul class=\"wp-block-list\">\n<li>Podeu acudir a la Jornada de Portes Obertes que farem el dissabte dia 28 de febrer a&hellip;  <a href=\"https:\/\/agora.xtec.cat\/iesguindavols\/portes-obertes-eso\/\" title=\"Read PORTES OBERTES ESO CURS 2026\/2027\">Llegeix m\u00e9s\u00bb<\/a><br \/>\n","protected":false},"author":6,"featured_media":0,"parent":0,"menu_order":0,"comment_status":"closed","ping_status":"closed","template":"","meta":{"_bbp_topic_count":0,"_bbp_reply_count":0,"_bbp_total_topic_count":0,"_bbp_total_reply_count":0,"_bbp_voice_count":0,"_bbp_anonymous_reply_count":0,"_bbp_topic_count_hidden":0,"_bbp_reply_count_hidden":0,"_bbp_forum_subforum_count":0,"footnotes":""},"class_list":["post-69253","page","type-page","status-publish","hentry"],"post_mailing_queue_ids":[],"_links":{"self":[{"href":"https:\/\/agora.xtec.cat\/iesguindavols\/wp-json\/wp\/v2\/pages\/69253","targetHints":{"allow":["GET"]}}],"collection":[{"href":"https:\/\/agora.xtec.cat\/iesguindavols\/wp-json\/wp\/v2\/pages"}],"about":[{"href":"https:\/\/agora.xtec.cat\/iesguindavols\/wp-json\/wp\/v2\/types\/page"}],"author":[{"embeddable":true,"href":"https:\/\/agora.xtec.cat\/iesguindavols\/wp-json\/wp\/v2\/users\/6"}],"replies":[{"embeddable":true,"href":"https:\/\/agora.xtec.cat\/iesguindavols\/wp-json\/wp\/v2\/comments?post=69253"}],"version-history":[{"count":6,"href":"https:\/\/agora.xtec.cat\/iesguindavols\/wp-json\/wp\/v2\/pages\/69253\/revisions"}],"predecessor-version":[{"id":72836,"href":"https:\/\/agora.xtec.cat\/iesguindavols\/wp-json\/wp\/v2\/pages\/69253\/revisions\/72836"}],"wp:attachment":[{"href":"https:\/\/agora.xtec.cat\/iesguindavols\/wp-json\/wp\/v2\/media?parent=69253"}],"curies":[{"name":"wp","href":"https:\/\/api.w.org\/{rel}","templated":true}]}}