{"id":67228,"date":"2023-05-03T13:42:18","date_gmt":"2023-05-03T11:42:18","guid":{"rendered":"https:\/\/agora.xtec.cat\/iesguindavols\/?page_id=67228"},"modified":"2025-02-08T23:36:19","modified_gmt":"2025-02-08T22:36:19","slug":"eso2","status":"publish","type":"page","link":"https:\/\/agora.xtec.cat\/iesguindavols\/eso2\/","title":{"rendered":"LA NOSTRA ESO"},"content":{"rendered":"<p><a href=\"https:\/\/agora.xtec.cat\/iesguindavols\/wp-content\/uploads\/usu2923\/2025\/01\/PROPOSTA-EDUCATIVA-ESO-e1737289045901.jpg\"><img loading=\"lazy\" decoding=\"async\" class=\"alignnone wp-image-70475 size-large\" src=\"https:\/\/agora.xtec.cat\/iesguindavols\/wp-content\/uploads\/usu2923\/2025\/01\/PROPOSTA-EDUCATIVA-ESO-e1737289045901-1024x362.jpg\" alt=\"\" width=\"1024\" height=\"362\" srcset=\"https:\/\/agora.xtec.cat\/iesguindavols\/wp-content\/uploads\/usu2923\/2025\/01\/PROPOSTA-EDUCATIVA-ESO-e1737289045901-1024x362.jpg 1024w, https:\/\/agora.xtec.cat\/iesguindavols\/wp-content\/uploads\/usu2923\/2025\/01\/PROPOSTA-EDUCATIVA-ESO-e1737289045901-300x106.jpg 300w, https:\/\/agora.xtec.cat\/iesguindavols\/wp-content\/uploads\/usu2923\/2025\/01\/PROPOSTA-EDUCATIVA-ESO-e1737289045901-768x272.jpg 768w, https:\/\/agora.xtec.cat\/iesguindavols\/wp-content\/uploads\/usu2923\/2025\/01\/PROPOSTA-EDUCATIVA-ESO-e1737289045901.jpg 1413w\" sizes=\"auto, (max-width: 1024px) 100vw, 1024px\" \/><\/a><\/p>\n<p><a href=\"https:\/\/agora.xtec.cat\/iesguindavols\/eso2\/projecte-curricular\/\"><img loading=\"lazy\" decoding=\"async\" class=\"alignnone wp-image-70479\" src=\"https:\/\/agora.xtec.cat\/iesguindavols\/wp-content\/uploads\/usu2923\/2025\/01\/PROPOSTA-EDUCATIVA-ESO1-724x1024.jpg\" alt=\"\" width=\"203\" height=\"287\" \/><\/a> <a href=\"https:\/\/agora.xtec.cat\/iesguindavols\/wp-content\/uploads\/usu2923\/2025\/01\/PROPOSTA-EDUCATIVA-ESO2.jpg\"><img loading=\"lazy\" decoding=\"async\" class=\"alignnone  wp-image-70478\" src=\"https:\/\/agora.xtec.cat\/iesguindavols\/wp-content\/uploads\/usu2923\/2025\/01\/PROPOSTA-EDUCATIVA-ESO2-724x1024.jpg\" alt=\"\" width=\"203\" height=\"287\" srcset=\"https:\/\/agora.xtec.cat\/iesguindavols\/wp-content\/uploads\/usu2923\/2025\/01\/PROPOSTA-EDUCATIVA-ESO2-724x1024.jpg 724w, https:\/\/agora.xtec.cat\/iesguindavols\/wp-content\/uploads\/usu2923\/2025\/01\/PROPOSTA-EDUCATIVA-ESO2-212x300.jpg 212w, https:\/\/agora.xtec.cat\/iesguindavols\/wp-content\/uploads\/usu2923\/2025\/01\/PROPOSTA-EDUCATIVA-ESO2-768x1086.jpg 768w, https:\/\/agora.xtec.cat\/iesguindavols\/wp-content\/uploads\/usu2923\/2025\/01\/PROPOSTA-EDUCATIVA-ESO2-1086x1536.jpg 1086w, https:\/\/agora.xtec.cat\/iesguindavols\/wp-content\/uploads\/usu2923\/2025\/01\/PROPOSTA-EDUCATIVA-ESO2.jpg 1414w\" sizes=\"auto, (max-width: 203px) 100vw, 203px\" \/><\/a> <a href=\"https:\/\/agora.xtec.cat\/iesguindavols\/creixement-personal\/\"><img loading=\"lazy\" decoding=\"async\" class=\"alignnone wp-image-70477\" src=\"https:\/\/agora.xtec.cat\/iesguindavols\/wp-content\/uploads\/usu2923\/2025\/01\/PROPOSTA-EDUCATIVA-ESO3-724x1024.jpg\" alt=\"\" width=\"203\" height=\"287\" srcset=\"https:\/\/agora.xtec.cat\/iesguindavols\/wp-content\/uploads\/usu2923\/2025\/01\/PROPOSTA-EDUCATIVA-ESO3-724x1024.jpg 724w, https:\/\/agora.xtec.cat\/iesguindavols\/wp-content\/uploads\/usu2923\/2025\/01\/PROPOSTA-EDUCATIVA-ESO3-212x300.jpg 212w, https:\/\/agora.xtec.cat\/iesguindavols\/wp-content\/uploads\/usu2923\/2025\/01\/PROPOSTA-EDUCATIVA-ESO3-768x1086.jpg 768w, https:\/\/agora.xtec.cat\/iesguindavols\/wp-content\/uploads\/usu2923\/2025\/01\/PROPOSTA-EDUCATIVA-ESO3-1086x1536.jpg 1086w, https:\/\/agora.xtec.cat\/iesguindavols\/wp-content\/uploads\/usu2923\/2025\/01\/PROPOSTA-EDUCATIVA-ESO3.jpg 1414w\" sizes=\"auto, (max-width: 203px) 100vw, 203px\" \/><\/a> <a href=\"https:\/\/agora.xtec.cat\/iesguindavols\/valors-afegits\/\"><img loading=\"lazy\" decoding=\"async\" class=\"alignnone wp-image-70480\" src=\"https:\/\/agora.xtec.cat\/iesguindavols\/wp-content\/uploads\/usu2923\/2025\/01\/PROPOSTA-EDUCATIVA-ESO4-724x1024.jpg\" alt=\"\" width=\"203\" height=\"287\" srcset=\"https:\/\/agora.xtec.cat\/iesguindavols\/wp-content\/uploads\/usu2923\/2025\/01\/PROPOSTA-EDUCATIVA-ESO4-724x1024.jpg 724w, https:\/\/agora.xtec.cat\/iesguindavols\/wp-content\/uploads\/usu2923\/2025\/01\/PROPOSTA-EDUCATIVA-ESO4-212x300.jpg 212w, https:\/\/agora.xtec.cat\/iesguindavols\/wp-content\/uploads\/usu2923\/2025\/01\/PROPOSTA-EDUCATIVA-ESO4-768x1086.jpg 768w, https:\/\/agora.xtec.cat\/iesguindavols\/wp-content\/uploads\/usu2923\/2025\/01\/PROPOSTA-EDUCATIVA-ESO4-1086x1536.jpg 1086w, https:\/\/agora.xtec.cat\/iesguindavols\/wp-content\/uploads\/usu2923\/2025\/01\/PROPOSTA-EDUCATIVA-ESO4.jpg 1414w\" sizes=\"auto, (max-width: 203px) 100vw, 203px\" \/><\/a><\/p>\n<p><a href=\"https:\/\/sites.google.com\/institutguindavols.cat\/1-eso\/inici\" target=\"_blank\" rel=\"noopener\"><img loading=\"lazy\" decoding=\"async\" class=\"alignnone wp-image-67229 size-large\" src=\"https:\/\/agora.xtec.cat\/iesguindavols\/wp-content\/uploads\/usu2923\/2023\/05\/Captura-de-pantalla-2023-05-03-133106-1024x306.png\" alt=\"\" width=\"1024\" height=\"306\" srcset=\"https:\/\/agora.xtec.cat\/iesguindavols\/wp-content\/uploads\/usu2923\/2023\/05\/Captura-de-pantalla-2023-05-03-133106-1024x306.png 1024w, https:\/\/agora.xtec.cat\/iesguindavols\/wp-content\/uploads\/usu2923\/2023\/05\/Captura-de-pantalla-2023-05-03-133106-300x90.png 300w, https:\/\/agora.xtec.cat\/iesguindavols\/wp-content\/uploads\/usu2923\/2023\/05\/Captura-de-pantalla-2023-05-03-133106-768x230.png 768w, https:\/\/agora.xtec.cat\/iesguindavols\/wp-content\/uploads\/usu2923\/2023\/05\/Captura-de-pantalla-2023-05-03-133106-1536x460.png 1536w, https:\/\/agora.xtec.cat\/iesguindavols\/wp-content\/uploads\/usu2923\/2023\/05\/Captura-de-pantalla-2023-05-03-133106.png 1795w\" sizes=\"auto, (max-width: 1024px) 100vw, 1024px\" \/><\/a><\/p>\n<p><a href=\"https:\/\/agora.xtec.cat\/iesguindavols\/wp-content\/uploads\/usu2923\/2024\/01\/triptic_portes-obertes-24-25.pdf\" target=\"_blank\" rel=\"noopener\"><img loading=\"lazy\" decoding=\"async\" class=\"alignnone wp-image-67230\" src=\"https:\/\/agora.xtec.cat\/iesguindavols\/wp-content\/uploads\/usu2923\/2023\/05\/Captura-de-pantalla-2023-05-03-133152.png\" alt=\"\" width=\"243\" height=\"36\" srcset=\"https:\/\/agora.xtec.cat\/iesguindavols\/wp-content\/uploads\/usu2923\/2023\/05\/Captura-de-pantalla-2023-05-03-133152.png 526w, https:\/\/agora.xtec.cat\/iesguindavols\/wp-content\/uploads\/usu2923\/2023\/05\/Captura-de-pantalla-2023-05-03-133152-300x44.png 300w\" sizes=\"auto, (max-width: 243px) 100vw, 243px\" \/><\/a><\/p>\n<h4>EDUCAR DES DE LES EMOCIONS, APRENDRE DE LES EXPERI\u00c8NCIES\u00a0<strong><br \/>\n<\/strong><\/h4>\n<p>Creiem en el nostre alumnat i en les seves potencialitats, explorem i desvetllem les seves intel\u00b7lig\u00e8ncies m\u00faltiples i l&#8217;acompanyem personalment en tota l&#8217;etapa, fent de pont entre la fam\u00edlia i la societat.<\/p>\n<p>Us presentem les l\u00ednies principals del projecte en el que estem compromesos, en formaci\u00f3 constant i il\u00b7lusionats en cada pas ferm que l&#8217;alumnat fa en aquesta etapa.<\/p>\n<p><iframe loading=\"lazy\" title=\"Una mirada al Guind\u00e0vols\" width=\"500\" height=\"281\" src=\"https:\/\/www.youtube.com\/embed\/pfWb8EZiL14?feature=oembed\" frameborder=\"0\" allow=\"accelerometer; autoplay; clipboard-write; encrypted-media; gyroscope; picture-in-picture; web-share\" referrerpolicy=\"strict-origin-when-cross-origin\" allowfullscreen><\/iframe><\/p>\n<h4>PROPOSTA EDUCATIVA DE L&#8217;ENSENYAMENT SECUNDARI OBLIGATORI (ESO):<\/h4>\n<table style=\"border-collapse: collapse; width: 100%;\">\n<tbody>\n<tr>\n<td style=\"width: 25%; border-color: #ffffff;\"><a href=\"https:\/\/agora.xtec.cat\/iesguindavols\/wp-content\/uploads\/usu2923\/2023\/05\/RAONS.png\" target=\"_blank\" rel=\"noopener\"><img loading=\"lazy\" decoding=\"async\" class=\"alignnone wp-image-67234 size-full\" src=\"https:\/\/agora.xtec.cat\/iesguindavols\/wp-content\/uploads\/usu2923\/2023\/05\/Captura-de-pantalla-2023-05-03-133820.png\" alt=\"\" width=\"201\" height=\"199\" srcset=\"https:\/\/agora.xtec.cat\/iesguindavols\/wp-content\/uploads\/usu2923\/2023\/05\/Captura-de-pantalla-2023-05-03-133820.png 201w, https:\/\/agora.xtec.cat\/iesguindavols\/wp-content\/uploads\/usu2923\/2023\/05\/Captura-de-pantalla-2023-05-03-133820-150x150.png 150w\" sizes=\"auto, (max-width: 201px) 100vw, 201px\" \/><\/a><\/td>\n<td style=\"width: 25%; border-color: #ffffff;\"><a href=\"https:\/\/agora.xtec.cat\/iesguindavols\/treball-per-projectes\/\" target=\"_blank\" rel=\"noopener\"><img loading=\"lazy\" decoding=\"async\" class=\"alignnone wp-image-67235 size-full\" src=\"https:\/\/agora.xtec.cat\/iesguindavols\/wp-content\/uploads\/usu2923\/2023\/05\/Captura-de-pantalla-2023-05-03-133844.png\" alt=\"\" width=\"202\" height=\"199\" \/><\/a><\/td>\n<td style=\"width: 25%; border-color: #ffffff;\"><a href=\"https:\/\/agora.xtec.cat\/iesguindavols\/continguts\/ \" target=\"_blank\" rel=\"noopener\"><img loading=\"lazy\" decoding=\"async\" class=\"alignnone wp-image-67236 size-full\" src=\"https:\/\/agora.xtec.cat\/iesguindavols\/wp-content\/uploads\/usu2923\/2023\/05\/Captura-de-pantalla-2023-05-03-133859.png\" alt=\"\" width=\"199\" height=\"198\" srcset=\"https:\/\/agora.xtec.cat\/iesguindavols\/wp-content\/uploads\/usu2923\/2023\/05\/Captura-de-pantalla-2023-05-03-133859.png 199w, https:\/\/agora.xtec.cat\/iesguindavols\/wp-content\/uploads\/usu2923\/2023\/05\/Captura-de-pantalla-2023-05-03-133859-150x150.png 150w\" sizes=\"auto, (max-width: 199px) 100vw, 199px\" \/><\/a><\/td>\n<td style=\"width: 25%; border-color: #ffffff;\"><a href=\"https:\/\/agora.xtec.cat\/iesguindavols\/wp-content\/uploads\/usu2923\/2023\/05\/Captura-de-pantalla-2023-05-10-134151.png\" target=\"_blank\" rel=\"noopener\"><img loading=\"lazy\" decoding=\"async\" class=\"alignnone wp-image-67237 size-full\" src=\"https:\/\/agora.xtec.cat\/iesguindavols\/wp-content\/uploads\/usu2923\/2023\/05\/Captura-de-pantalla-2023-05-03-133912.png\" alt=\"\" width=\"199\" height=\"202\" \/><\/a><\/td>\n<\/tr>\n<\/tbody>\n<\/table>\n<h4>L&#8217;EMOCI\u00d3 DE DESCOBRIR, EL DIA A DIA DEL NOSTRE ALUMNAT:<\/h4>\n<p><iframe loading=\"lazy\" title=\"video tele holl\" width=\"500\" height=\"375\" src=\"https:\/\/www.youtube.com\/embed\/qr6y-6yU0hs?feature=oembed\" frameborder=\"0\" allow=\"accelerometer; autoplay; clipboard-write; encrypted-media; gyroscope; picture-in-picture; web-share\" referrerpolicy=\"strict-origin-when-cross-origin\" allowfullscreen><\/iframe><\/p>\n<p><iframe loading=\"lazy\" title=\"Erasmus + SMART MOBILITY - Institut Guind\u00e0vols\" width=\"500\" height=\"281\" src=\"https:\/\/www.youtube.com\/embed\/W02v07QiDik?feature=oembed\" frameborder=\"0\" allow=\"accelerometer; autoplay; clipboard-write; encrypted-media; gyroscope; picture-in-picture; web-share\" referrerpolicy=\"strict-origin-when-cross-origin\" allowfullscreen><\/iframe><\/p>\n<p><iframe loading=\"lazy\" title=\"Ciencia y espacio\" width=\"500\" height=\"281\" src=\"https:\/\/www.youtube.com\/embed\/AegSxyOazTI?feature=oembed\" frameborder=\"0\" allow=\"accelerometer; autoplay; clipboard-write; encrypted-media; gyroscope; picture-in-picture; web-share\" referrerpolicy=\"strict-origin-when-cross-origin\" allowfullscreen><\/iframe><\/p>\n<p><iframe loading=\"lazy\" title=\"Lip dub Guind\u00e0vols, &quot;The time&quot;\" width=\"500\" height=\"281\" src=\"https:\/\/www.youtube.com\/embed\/TIYVH-GUCLk?feature=oembed\" frameborder=\"0\" allow=\"accelerometer; autoplay; clipboard-write; encrypted-media; gyroscope; picture-in-picture; web-share\" referrerpolicy=\"strict-origin-when-cross-origin\" allowfullscreen><\/iframe><\/p>\n","protected":false},"excerpt":{"rendered":"<p><a href=\"https:\/\/agora.xtec.cat\/iesguindavols\/wp-content\/uploads\/usu2923\/2025\/01\/PROPOSTA-EDUCATIVA-ESO-e1737289045901.jpg\"><\/a><br \/>\n<a href=\"https:\/\/agora.xtec.cat\/iesguindavols\/eso2\/projecte-curricular\/\"><\/a> <a href=\"https:\/\/agora.xtec.cat\/iesguindavols\/wp-content\/uploads\/usu2923\/2025\/01\/PROPOSTA-EDUCATIVA-ESO2.jpg\"><\/a> <a href=\"https:\/\/agora.xtec.cat\/iesguindavols\/creixement-personal\/\"><\/a> <a href=\"https:\/\/agora.xtec.cat\/iesguindavols\/valors-afegits\/\"><\/a><br \/>\n<a href=\"https:\/\/sites.google.com\/institutguindavols.cat\/1-eso\/inici\" target=\"_blank\" rel=\"noopener\"><\/a><br \/>\n<a href=\"https:\/\/agora.xtec.cat\/iesguindavols\/wp-content\/uploads\/usu2923\/2024\/01\/triptic_portes-obertes-24-25.pdf\" target=\"_blank\" rel=\"noopener\"><\/a><br \/>\nEDUCAR DES DE LES EMOCIONS, APRENDRE DE LES EXPERI\u00c8NCIES\u00a0<\/p>\n<p>Creiem en el nostre alumnat i en les seves potencialitats, explorem i desvetllem les seves intel\u00b7lig\u00e8ncies m\u00faltiples i l&#8217;acompanyem personalment en tota l&#8217;etapa,&hellip;  <a href=\"https:\/\/agora.xtec.cat\/iesguindavols\/eso2\/\" title=\"Read LA NOSTRA ESO\">Llegeix m\u00e9s\u00bb<\/a><\/p>\n","protected":false},"author":6,"featured_media":0,"parent":0,"menu_order":0,"comment_status":"closed","ping_status":"closed","template":"","meta":{"_bbp_topic_count":0,"_bbp_reply_count":0,"_bbp_total_topic_count":0,"_bbp_total_reply_count":0,"_bbp_voice_count":0,"_bbp_anonymous_reply_count":0,"_bbp_topic_count_hidden":0,"_bbp_reply_count_hidden":0,"_bbp_forum_subforum_count":0,"footnotes":""},"class_list":["post-67228","page","type-page","status-publish","hentry"],"post_mailing_queue_ids":[],"_links":{"self":[{"href":"https:\/\/agora.xtec.cat\/iesguindavols\/wp-json\/wp\/v2\/pages\/67228","targetHints":{"allow":["GET"]}}],"collection":[{"href":"https:\/\/agora.xtec.cat\/iesguindavols\/wp-json\/wp\/v2\/pages"}],"about":[{"href":"https:\/\/agora.xtec.cat\/iesguindavols\/wp-json\/wp\/v2\/types\/page"}],"author":[{"embeddable":true,"href":"https:\/\/agora.xtec.cat\/iesguindavols\/wp-json\/wp\/v2\/users\/6"}],"replies":[{"embeddable":true,"href":"https:\/\/agora.xtec.cat\/iesguindavols\/wp-json\/wp\/v2\/comments?post=67228"}],"version-history":[{"count":5,"href":"https:\/\/agora.xtec.cat\/iesguindavols\/wp-json\/wp\/v2\/pages\/67228\/revisions"}],"predecessor-version":[{"id":71788,"href":"https:\/\/agora.xtec.cat\/iesguindavols\/wp-json\/wp\/v2\/pages\/67228\/revisions\/71788"}],"wp:attachment":[{"href":"https:\/\/agora.xtec.cat\/iesguindavols\/wp-json\/wp\/v2\/media?parent=67228"}],"curies":[{"name":"wp","href":"https:\/\/api.w.org\/{rel}","templated":true}]}}