{"id":66405,"date":"2023-04-12T22:15:21","date_gmt":"2023-04-12T20:15:21","guid":{"rendered":"https:\/\/agora.xtec.cat\/iesguindavols\/?page_id=66405"},"modified":"2025-01-13T10:44:20","modified_gmt":"2025-01-13T09:44:20","slug":"cfgm-fm20","status":"publish","type":"page","link":"https:\/\/agora.xtec.cat\/iesguindavols\/estudis\/cicles-formatius\/cfgm-fm20\/","title":{"rendered":"CFGM FM20"},"content":{"rendered":"<div style=\"position: relative; text-align: left; color: white; --ampladeta: 30%;\">\n<div style=\"width: var(--ampladeta); overflow: hidden;\"><img decoding=\"async\" style=\"clip-path: polygon(75% 0%, 100% 50%, 75% 100%, 0% 100%, 25% 50%, 0% 0%);\" src=\"https:\/\/agora.xtec.cat\/iesguindavols\/wp-content\/uploads\/usu2923\/2023\/04\/Foto-FM20.jpg\" \/><\/p>\n<div style=\"position: absolute; top: 0%; left: 35%;\"><span style=\"font-size: 4.5vw; background: linear-gradient(135deg, rgb(51, 140, 221, 0.8), rgb(255, 87, 51, 0.5)); box-decoration-break: slice; line-height: 1.25;\">CFGM<br \/>\nT\u00e8cnic\/a en<br \/>\nMecanitzaci\u00f3<\/span><\/div>\n<\/div>\n<\/div>\n<p><span style=\"color: #dd296b; font-size: 2vw;\"><b>Horari marc:<\/b> Mat\u00ed<\/span><br \/>\n<span style=\"color: #dd296b; font-size: 2vw;\"><b>Durada:<\/b> 2.000 hores distribu\u00efdes en dos cursos acad\u00e8mics (1.485 hores en el centre educatiu i 515 hores d&#8217;estada a l&#8217;empresa en un centre de treball)<\/span><\/p>\n<h3>De qu\u00e8 treballar\u00e0s?<\/h3>\n<ul>\n<li>Operari ajustador o oper\u00e0ria ajustadora de m\u00e0quines eina.<\/li>\n<li>Polidor o polidora de metalls i afilador o afiladora d&#8217;eines.<\/li>\n<li>Operador o operadora de m\u00e0quines per treballar metalls, de m\u00e0quines eina o de robots industrials, i torner o tornera, fresador o fresadora i mandrinador o mandrinadora.<\/li>\n<\/ul>\n<h3>Qu\u00e8 estudiar\u00e0s?<\/h3>\n<ul>\n<li>Processos de mecanitzaci\u00f3.<\/li>\n<li>Mecanitzaci\u00f3 per control num\u00e8ric.<\/li>\n<li>Fabricaci\u00f3 per abrasi\u00f3, electroerosi\u00f3, tall i conformat, i per processos especials.<\/li>\n<li>Fabricaci\u00f3 per arrencament de ferritja.<\/li>\n<li>Sistemes automatitzats.<\/li>\n<li>Metrologia i assajos.<\/li>\n<li>Interpretaci\u00f3 gr\u00e0fica.<\/li>\n<li>Angl\u00e8s professional.<\/li>\n<li>Digitalitzaci\u00f3 aplicada als sectors productius.<\/li>\n<li>Sostenibilitat aplicada al sistema productiu.<\/li>\n<li>Itinerari personal per a l&#8217;ocupabilitat I.<\/li>\n<li>Itinerari personal per a l&#8217;ocupabilitat II.<\/li>\n<li>Projecte intermodular.<\/li>\n<li>M\u00f2dul professional optatiu.<\/li>\n<\/ul>\n<h3>On treballar\u00e0s?<\/h3>\n<p>Ind\u00fastries transformadores de metalls relacionades amb els subsectors de construcci\u00f3 de maquin\u00e0ria i equip mec\u00e0nic, de material i equip el\u00e8ctric, electr\u00f2nic i \u00f2ptic, i de material de transport emmarcat en el sector industrial.<\/p>\n<h3>Compet\u00e8ncies professionals:<\/h3>\n<p>Aquests estudis capaciten per executar els processos de mecanitzaci\u00f3 per arrencament de ferritja, conformat i procediments especials, preparant, programant, operant les m\u00e0quines eines i verificant el producte obtingut, complint amb les especificacions de qualitat, seguretat i protecci\u00f3 mediambiental.<\/p>\n","protected":false},"excerpt":{"rendered":"<p>CFGM<br \/>\nT\u00e8cnic\/a en<br \/>\nMecanitzaci\u00f3<\/p>\n<p>Horari marc: Mat\u00ed<br \/>\nDurada: 2.000 hores distribu\u00efdes en dos cursos acad\u00e8mics (1.485 hores en el centre educatiu i 515 hores d&#8217;estada a l&#8217;empresa en un centre de treball)<br \/>\nDe qu\u00e8 treballar\u00e0s?<\/p>\n<ul>\n<li>Operari ajustador o oper\u00e0ria ajustadora de m\u00e0quines eina.<\/li>\n<li>Polidor o polidora de metalls i afilador o afiladora&hellip;  <a href=\"https:\/\/agora.xtec.cat\/iesguindavols\/estudis\/cicles-formatius\/cfgm-fm20\/\" title=\"Read CFGM FM20\">Llegeix m\u00e9s\u00bb<\/a><br \/>\n","protected":false},"author":5,"featured_media":0,"parent":70467,"menu_order":0,"comment_status":"closed","ping_status":"closed","template":"","meta":{"_bbp_topic_count":0,"_bbp_reply_count":0,"_bbp_total_topic_count":0,"_bbp_total_reply_count":0,"_bbp_voice_count":0,"_bbp_anonymous_reply_count":0,"_bbp_topic_count_hidden":0,"_bbp_reply_count_hidden":0,"_bbp_forum_subforum_count":0,"footnotes":""},"class_list":["post-66405","page","type-page","status-publish","hentry"],"post_mailing_queue_ids":[],"_links":{"self":[{"href":"https:\/\/agora.xtec.cat\/iesguindavols\/wp-json\/wp\/v2\/pages\/66405","targetHints":{"allow":["GET"]}}],"collection":[{"href":"https:\/\/agora.xtec.cat\/iesguindavols\/wp-json\/wp\/v2\/pages"}],"about":[{"href":"https:\/\/agora.xtec.cat\/iesguindavols\/wp-json\/wp\/v2\/types\/page"}],"author":[{"embeddable":true,"href":"https:\/\/agora.xtec.cat\/iesguindavols\/wp-json\/wp\/v2\/users\/5"}],"replies":[{"embeddable":true,"href":"https:\/\/agora.xtec.cat\/iesguindavols\/wp-json\/wp\/v2\/comments?post=66405"}],"version-history":[{"count":6,"href":"https:\/\/agora.xtec.cat\/iesguindavols\/wp-json\/wp\/v2\/pages\/66405\/revisions"}],"predecessor-version":[{"id":70457,"href":"https:\/\/agora.xtec.cat\/iesguindavols\/wp-json\/wp\/v2\/pages\/66405\/revisions\/70457"}],"up":[{"embeddable":true,"href":"https:\/\/agora.xtec.cat\/iesguindavols\/wp-json\/wp\/v2\/pages\/70467"}],"wp:attachment":[{"href":"https:\/\/agora.xtec.cat\/iesguindavols\/wp-json\/wp\/v2\/media?parent=66405"}],"curies":[{"name":"wp","href":"https:\/\/api.w.org\/{rel}","templated":true}]}}