{"id":66370,"date":"2023-04-12T21:29:31","date_gmt":"2023-04-12T19:29:31","guid":{"rendered":"https:\/\/agora.xtec.cat\/iesguindavols\/?page_id=66370"},"modified":"2025-01-13T10:57:27","modified_gmt":"2025-01-13T09:57:27","slug":"cfgm-im10","status":"publish","type":"page","link":"https:\/\/agora.xtec.cat\/iesguindavols\/estudis\/cicles-formatius\/cfgm-im10\/","title":{"rendered":"CFGM IM10"},"content":{"rendered":"<div style=\"position: relative; text-align: left; color: white; --ampladeta: 30%;\">\n<div><\/div>\n<div style=\"width: var(--ampladeta); overflow: hidden;\"><img decoding=\"async\" style=\"clip-path: polygon(75% 0%, 100% 50%, 75% 100%, 0% 100%, 25% 50%, 0% 0%);\" src=\"https:\/\/agora.xtec.cat\/iesguindavols\/wp-content\/uploads\/usu2923\/2023\/04\/Foto-IM10.jpg\" \/><\/p>\n<div style=\"position: absolute; top: 0%; left: 35%;\"><span style=\"font-size: 4.5vw; background: linear-gradient(135deg, rgb(51, 140, 221, 0.8), rgb(144, 148, 151, 0.6)); box-decoration-break: slice; line-height: 1.25;\">CFGM<br \/>\nT\u00e8cnic\/a en<br \/>\nManteniment<br \/>\nelectromec\u00e0nic<\/span><\/div>\n<\/div>\n<\/div>\n<p><span style=\"color: #dd296b; font-size: 2vw;\"><b>Horari marc:<\/b> Mat\u00ed<\/span><br \/>\n<span style=\"color: #dd296b; font-size: 2vw;\"><b>Durada: <\/b>2.000 hores distribu\u00efdes en dos cursos acad\u00e8mics (1.485 hores en el centre educatiu i 515 hores d&#8217;estada a l&#8217;empresa en un centre de treball)<\/span><\/p>\n<h3>De qu\u00e8 treballar\u00e0s?<\/h3>\n<ul>\n<li>Mec\u00e0nic\/a de manteniment.<\/li>\n<li>Muntador\/a industrial.<\/li>\n<li>Muntador\/a d\u2019equips el\u00e8ctrics.<\/li>\n<li>Muntador\/a d\u2019equips electr\u00f2nics.<\/li>\n<li>Muntador\/a de l\u00ednia automatitzada.<\/li>\n<li>Muntador\/a de b\u00e9ns d\u2019equip.<\/li>\n<li>Muntador\/a d\u2019automatismes pneum\u00e0tics i hidr\u00e0ulics.<\/li>\n<li>Instal\u00b7lador\/a electricista industrial.<\/li>\n<li>Electricista de manteniment i reparaci\u00f3 d\u2019equips de control, mesura i precisi\u00f3.<\/li>\n<\/ul>\n<h3>Qu\u00e8 estudiar\u00e0s?<\/h3>\n<ul>\n<li>T\u00e8cniques de fabricaci\u00f3.<\/li>\n<li>T\u00e8cniques d\u2019uni\u00f3 i muntatge.<\/li>\n<li>Electricitat i automatismes el\u00e8ctrics.<\/li>\n<li>Automatismes pneum\u00e0tics i hidr\u00e0ulics.<\/li>\n<li>Muntatge i manteniment mec\u00e0nic.<\/li>\n<li>Muntatge i manteniment electricelectr\u00f2nic.<\/li>\n<li>Muntatge i manteniment de l\u00ednies autom\u00e0tiques.<\/li>\n<li>Angl\u00e8s professional.<\/li>\n<li>Digitalitzaci\u00f3 aplicada als sectors productius.<\/li>\n<li>Sostenibilitat aplicada al sistema productiu.<\/li>\n<li>Itinerari personal per a l&#8217;ocupabilitat I.<\/li>\n<li>Itinerari personal per a l&#8217;ocupabilitat II.<\/li>\n<li>Projecte intermodular.<\/li>\n<li>M\u00f2dul professional optatiu.<\/li>\n<\/ul>\n<h3>On treballar\u00e0s?<\/h3>\n<p>En empreses, majorit\u00e0riament privades, dedicades al muntatge i al manteniment o instal\u00b7lacions de maquin\u00e0ria, equipament industrial i l\u00ednies automatitzades, per compte propi o d\u2019altri.<\/p>\n<h3>Compet\u00e8ncies professionals:<\/h3>\n<p>Aquests estudis capaciten per muntar i instal\u00b7lar a la planta maquin\u00e0ria i equip industrial, aix\u00ed com mantenir i reparar, tant maquin\u00e0ria fixa com l\u00ednies automatitzades de producci\u00f3 d&#8217;acord amb els reglaments i normes establertes, seguint els protocols de qualitat, de seguretat i de prevenci\u00f3 de riscos laborals i respecte ambiental.<\/p>\n","protected":false},"excerpt":{"rendered":"<p>CFGM<br \/>\nT\u00e8cnic\/a en<br \/>\nManteniment<br \/>\nelectromec\u00e0nic<\/p>\n<p>Horari marc: Mat\u00ed<br \/>\nDurada: 2.000 hores distribu\u00efdes en dos cursos acad\u00e8mics (1.485 hores en el centre educatiu i 515 hores d&#8217;estada a l&#8217;empresa en un centre de treball)<br \/>\nDe qu\u00e8 treballar\u00e0s?<\/p>\n<ul>\n<li>Mec\u00e0nic\/a de manteniment.<\/li>\n<li>Muntador\/a industrial.<\/li>\n<li>Muntador\/a d\u2019equips el\u00e8ctrics.<\/li>\n<li>Muntador\/a d\u2019equips electr\u00f2nics.<\/li>\n<li>Muntador\/a de l\u00ednia automatitzada.<\/li>\n<li>Muntador\/a de b\u00e9ns d\u2019equip.<\/li>\n<li>Muntador\/a d\u2019automatismes pneum\u00e0tics&hellip;  <a href=\"https:\/\/agora.xtec.cat\/iesguindavols\/estudis\/cicles-formatius\/cfgm-im10\/\" title=\"Read CFGM IM10\">Llegeix m\u00e9s\u00bb<\/a><br \/>\n","protected":false},"author":5,"featured_media":0,"parent":70467,"menu_order":0,"comment_status":"closed","ping_status":"closed","template":"","meta":{"_bbp_topic_count":0,"_bbp_reply_count":0,"_bbp_total_topic_count":0,"_bbp_total_reply_count":0,"_bbp_voice_count":0,"_bbp_anonymous_reply_count":0,"_bbp_topic_count_hidden":0,"_bbp_reply_count_hidden":0,"_bbp_forum_subforum_count":0,"footnotes":""},"class_list":["post-66370","page","type-page","status-publish","hentry"],"post_mailing_queue_ids":[],"_links":{"self":[{"href":"https:\/\/agora.xtec.cat\/iesguindavols\/wp-json\/wp\/v2\/pages\/66370","targetHints":{"allow":["GET"]}}],"collection":[{"href":"https:\/\/agora.xtec.cat\/iesguindavols\/wp-json\/wp\/v2\/pages"}],"about":[{"href":"https:\/\/agora.xtec.cat\/iesguindavols\/wp-json\/wp\/v2\/types\/page"}],"author":[{"embeddable":true,"href":"https:\/\/agora.xtec.cat\/iesguindavols\/wp-json\/wp\/v2\/users\/5"}],"replies":[{"embeddable":true,"href":"https:\/\/agora.xtec.cat\/iesguindavols\/wp-json\/wp\/v2\/comments?post=66370"}],"version-history":[{"count":6,"href":"https:\/\/agora.xtec.cat\/iesguindavols\/wp-json\/wp\/v2\/pages\/66370\/revisions"}],"predecessor-version":[{"id":70448,"href":"https:\/\/agora.xtec.cat\/iesguindavols\/wp-json\/wp\/v2\/pages\/66370\/revisions\/70448"}],"up":[{"embeddable":true,"href":"https:\/\/agora.xtec.cat\/iesguindavols\/wp-json\/wp\/v2\/pages\/70467"}],"wp:attachment":[{"href":"https:\/\/agora.xtec.cat\/iesguindavols\/wp-json\/wp\/v2\/media?parent=66370"}],"curies":[{"name":"wp","href":"https:\/\/api.w.org\/{rel}","templated":true}]}}