{"id":65817,"date":"2023-03-01T13:07:07","date_gmt":"2023-03-01T12:07:07","guid":{"rendered":"https:\/\/agora.xtec.cat\/iesguindavols\/?page_id=65817"},"modified":"2026-02-18T10:44:19","modified_gmt":"2026-02-18T09:44:19","slug":"qualitat-i-millora","status":"publish","type":"page","link":"https:\/\/agora.xtec.cat\/iesguindavols\/qualitat-i-millora\/","title":{"rendered":"Qualitat i millora"},"content":{"rendered":"\n<p>L&#8217;Institut Guind\u00e0vols va ser el primer centre educatiu de les comarques de Lleida en obtenir la certificaci\u00f3 ISO 9001, l&#8217;any 2006.<\/p>\n\n\n\n<div class=\"wp-block-columns is-layout-flex wp-container-core-columns-is-layout-1 wp-block-columns-is-layout-flex\">\n<div class=\"wp-block-column is-layout-flow wp-block-column-is-layout-flow\">\n<p><strong>Institut Guind\u00e0vols al PQiMC<\/strong><\/p>\n\n\n\n<p>La nostra participaci\u00f3 en el Projecte de Qualitat i Millora Cont\u00ednua actualment es desenvolupa en la Xarxa&nbsp;<em>M4\/8<\/em>&nbsp;amb centres educatius de les Terres de Lleida.<\/p>\n<\/div>\n\n\n\n<div class=\"wp-block-column is-layout-flow wp-block-column-is-layout-flow\">\n<p><strong>Projecte de Qualitat i Millora Cont\u00ednua<\/strong><\/p>\n\n\n\n<p><strong>El Projecte de Qualitat i Millora Cont\u00ednua,&nbsp;<\/strong>creat per l\u2019Ordre<a href=\"http:\/\/www.gencat.cat\/diari\/4717\/06220103.htm\" target=\"_blank\" rel=\"noreferrer noopener\">&nbsp;EDU\/432\/2006<\/a>, t\u00e9 com a objectiu ajudar els centres educatius a dissenyar, implementar, avaluar i millorar cont\u00ednuament els seus sistemes de gesti\u00f3. Les metodologies utilitzades es fonamenten en els principis de la gesti\u00f3 de la qualitat i d\u2019acord amb models basats en normes internacionals (ISO 9001 i EFQM). La finalitat del Projecte \u00e9s la d\u2019aconseguir l\u2019excel\u00b7l\u00e8ncia en els resultats educatius a trav\u00e9s de la millora cont\u00ednua dels processos, la confian\u00e7a i la satisfacci\u00f3 de l\u2019alumnat, les fam\u00edlies, les empreses i els diferents agents implicats, envers el servei educatiu proporcionat.&nbsp;<strong>P\u00e0gina web del PQiMC &nbsp;<a href=\"https:\/\/projectes.xtec.cat\/qualitatfp\/jornada-de-qualitat\/\" target=\"_blank\" rel=\"noreferrer noopener\">Blog del PQiMC<\/a><\/strong><\/p>\n\n\n\n<h5 class=\"wp-block-heading\"><a href=\"https:\/\/agora.xtec.cat\/iesguindavols\/wp-content\/uploads\/usu2923\/2026\/02\/POLITICA_QUALITAT_v5.pdf\" target=\"_blank\" rel=\"noreferrer noopener\">POL\u00cdTICA DE QUALITAT DEL CENTRE<\/a><\/h5>\n\n\n\n<p>Seguint la pol\u00edtica de qualitat, els prove\u00efdors s\u00f3n avaluats en funci\u00f3 dels seg\u00fcents criteris: preus i condicions econ\u00f2miques (en refer\u00e8ncia a altres prove\u00efdors), facilitat de compra (proximitat f\u00edsica o accessibilitat telef\u00f2nica, email, fax), atenci\u00f3 al client (incl\u00f2s servei post-venda) i qualitat dels productes.<br>La valoraci\u00f3 del prove\u00efdor resulta de la mitjana dels 4 criteris.<\/p>\n<\/div>\n\n\n\n<div class=\"wp-block-column is-layout-flow wp-block-column-is-layout-flow\">\n<p><strong>Certificaci\u00f3 ISO<\/strong><\/p>\n\n\n\n<p>L\u2019Institut Guind\u00e0vols va ser el primer centre educatiu de les comarques de Lleida en obtenir la certificaci\u00f3 ISO 9001, l\u2019any 2006. Des de llavors ha estat certificat en aquesta norma i s\u2019ha anat recertificat cada 3 anys.<\/p>\n<\/div>\n<\/div>\n\n\n\n<p><\/p>\n","protected":false},"excerpt":{"rendered":"<p>L&#8217;Institut Guind\u00e0vols va ser el primer centre educatiu de les comarques de Lleida en obtenir la certificaci\u00f3 ISO 9001, l&#8217;any 2006.<\/p>\n<p>Institut Guind\u00e0vols al PQiMC<\/p>\n<p>La nostra participaci\u00f3 en el Projecte de Qualitat i Millora Cont\u00ednua actualment es desenvolupa en la Xarxa&nbsp;M4\/8&nbsp;amb centres educatius de les Terres&hellip;  <a href=\"https:\/\/agora.xtec.cat\/iesguindavols\/qualitat-i-millora\/\" title=\"Read Qualitat i millora\">Llegeix m\u00e9s\u00bb<\/a><\/p>\n","protected":false},"author":6,"featured_media":0,"parent":0,"menu_order":0,"comment_status":"closed","ping_status":"closed","template":"","meta":{"_bbp_topic_count":0,"_bbp_reply_count":0,"_bbp_total_topic_count":0,"_bbp_total_reply_count":0,"_bbp_voice_count":0,"_bbp_anonymous_reply_count":0,"_bbp_topic_count_hidden":0,"_bbp_reply_count_hidden":0,"_bbp_forum_subforum_count":0,"footnotes":""},"class_list":["post-65817","page","type-page","status-publish","hentry"],"post_mailing_queue_ids":[],"_links":{"self":[{"href":"https:\/\/agora.xtec.cat\/iesguindavols\/wp-json\/wp\/v2\/pages\/65817","targetHints":{"allow":["GET"]}}],"collection":[{"href":"https:\/\/agora.xtec.cat\/iesguindavols\/wp-json\/wp\/v2\/pages"}],"about":[{"href":"https:\/\/agora.xtec.cat\/iesguindavols\/wp-json\/wp\/v2\/types\/page"}],"author":[{"embeddable":true,"href":"https:\/\/agora.xtec.cat\/iesguindavols\/wp-json\/wp\/v2\/users\/6"}],"replies":[{"embeddable":true,"href":"https:\/\/agora.xtec.cat\/iesguindavols\/wp-json\/wp\/v2\/comments?post=65817"}],"version-history":[{"count":6,"href":"https:\/\/agora.xtec.cat\/iesguindavols\/wp-json\/wp\/v2\/pages\/65817\/revisions"}],"predecessor-version":[{"id":72903,"href":"https:\/\/agora.xtec.cat\/iesguindavols\/wp-json\/wp\/v2\/pages\/65817\/revisions\/72903"}],"wp:attachment":[{"href":"https:\/\/agora.xtec.cat\/iesguindavols\/wp-json\/wp\/v2\/media?parent=65817"}],"curies":[{"name":"wp","href":"https:\/\/api.w.org\/{rel}","templated":true}]}}