{"id":65815,"date":"2023-03-01T13:07:07","date_gmt":"2023-03-01T12:07:07","guid":{"rendered":"https:\/\/agora.xtec.cat\/iesguindavols\/?page_id=65815"},"modified":"2024-04-04T10:06:04","modified_gmt":"2024-04-04T08:06:04","slug":"treballs-de-recerca","status":"publish","type":"page","link":"https:\/\/agora.xtec.cat\/iesguindavols\/treballs-de-recerca\/","title":{"rendered":"Treballs de Recerca"},"content":{"rendered":"<p>El nostre centre d\u00f3na molta import\u00e0ncia a la compet\u00e8ncia en recerca, perqu\u00e8 entenem que \u00e9s especialment \u00fatil per a la resoluci\u00f3 de problemes i dificultats no nom\u00e9s en la vida acad\u00e8mica del nostre alumnat, sin\u00f3 tamb\u00e9 en la seva vida en general, ja sigui professional o personal.<\/p>\n<p><a title=\"El TdR al Guind\u00e0vols\" href=\"https:\/\/agora.xtec.cat\/iesguindavols\/wp-content\/uploads\/usu2923\/2024\/04\/El-TR-al-Guindavols_presentacio.pdf\" target=\"_blank\" rel=\"noopener\"><img loading=\"lazy\" decoding=\"async\" class=\"alignnone wp-image-66014\" src=\"https:\/\/agora.xtec.cat\/iesguindavols\/wp-content\/uploads\/usu2923\/2023\/03\/Captura-de-pantalla-2023-03-23-102316.png\" alt=\"\" width=\"507\" height=\"159\" srcset=\"https:\/\/agora.xtec.cat\/iesguindavols\/wp-content\/uploads\/usu2923\/2023\/03\/Captura-de-pantalla-2023-03-23-102316.png 855w, https:\/\/agora.xtec.cat\/iesguindavols\/wp-content\/uploads\/usu2923\/2023\/03\/Captura-de-pantalla-2023-03-23-102316-300x94.png 300w, https:\/\/agora.xtec.cat\/iesguindavols\/wp-content\/uploads\/usu2923\/2023\/03\/Captura-de-pantalla-2023-03-23-102316-768x241.png 768w\" sizes=\"auto, (max-width: 507px) 100vw, 507px\" \/><\/a><\/p>\n<p><a href=\"https:\/\/moodle.institutguindavols.cat\/course\/view.php?id=105\">Enlla\u00e7 a l&#8217;espai Moodle del Treball de Recerca de Batxillerat<\/a><\/p>\n<p><a href=\"https:\/\/drive.google.com\/drive\/folders\/0AKO98KWDnSmVUk9PVA\">Enlla\u00e7 a Repositori de Treballs de Recerca per \u00e0mbits<\/a><\/p>\n\n\t\t<style type=\"text\/css\">\n\t\t\t#gallery-1 {\n\t\t\t\tmargin: auto;\n\t\t\t}\n\t\t\t#gallery-1 .gallery-item {\n\t\t\t\tfloat: left;\n\t\t\t\tmargin-top: 10px;\n\t\t\t\ttext-align: center;\n\t\t\t\twidth: 16%;\n\t\t\t}\n\t\t\t#gallery-1 img {\n\t\t\t\tborder: 2px solid #cfcfcf;\n\t\t\t}\n\t\t\t#gallery-1 .gallery-caption {\n\t\t\t\tmargin-left: 0;\n\t\t\t}\n\t\t\t\/* see gallery_shortcode() in wp-includes\/media.php *\/\n\t\t<\/style>\n\t\t<div id='gallery-1' class='gallery galleryid-65815 gallery-columns-6 gallery-size-full'><dl class='gallery-item'>\n\t\t\t<dt class='gallery-icon landscape'>\n\t\t\t\t<a href='https:\/\/agora.xtec.cat\/iesguindavols\/treballs-de-recerca\/attachment\/qr-code_ciencies\/'><img loading=\"lazy\" decoding=\"async\" width=\"410\" height=\"410\" src=\"https:\/\/agora.xtec.cat\/iesguindavols\/wp-content\/uploads\/usu2923\/2024\/04\/qr-code_ciencies.png\" class=\"attachment-full size-full\" alt=\"\" aria-describedby=\"gallery-1-69675\" srcset=\"https:\/\/agora.xtec.cat\/iesguindavols\/wp-content\/uploads\/usu2923\/2024\/04\/qr-code_ciencies.png 410w, https:\/\/agora.xtec.cat\/iesguindavols\/wp-content\/uploads\/usu2923\/2024\/04\/qr-code_ciencies-300x300.png 300w, https:\/\/agora.xtec.cat\/iesguindavols\/wp-content\/uploads\/usu2923\/2024\/04\/qr-code_ciencies-150x150.png 150w\" sizes=\"auto, (max-width: 410px) 100vw, 410px\" \/><\/a>\n\t\t\t<\/dt>\n\t\t\t\t<dd class='wp-caption-text gallery-caption' id='gallery-1-69675'>\n\t\t\t\tCi\u00e8ncies Experimentals\n\t\t\t\t<\/dd><\/dl><dl class='gallery-item'>\n\t\t\t<dt class='gallery-icon landscape'>\n\t\t\t\t<a href='https:\/\/agora.xtec.cat\/iesguindavols\/treballs-de-recerca\/attachment\/qr_tdr_c-socials-2\/'><img loading=\"lazy\" decoding=\"async\" width=\"392\" height=\"392\" src=\"https:\/\/agora.xtec.cat\/iesguindavols\/wp-content\/uploads\/usu2923\/2024\/04\/qr_TdR_C.Socials.png\" class=\"attachment-full size-full\" alt=\"\" aria-describedby=\"gallery-1-69677\" srcset=\"https:\/\/agora.xtec.cat\/iesguindavols\/wp-content\/uploads\/usu2923\/2024\/04\/qr_TdR_C.Socials.png 392w, https:\/\/agora.xtec.cat\/iesguindavols\/wp-content\/uploads\/usu2923\/2024\/04\/qr_TdR_C.Socials-300x300.png 300w, https:\/\/agora.xtec.cat\/iesguindavols\/wp-content\/uploads\/usu2923\/2024\/04\/qr_TdR_C.Socials-150x150.png 150w\" sizes=\"auto, (max-width: 392px) 100vw, 392px\" \/><\/a>\n\t\t\t<\/dt>\n\t\t\t\t<dd class='wp-caption-text gallery-caption' id='gallery-1-69677'>\n\t\t\t\tCi\u00e8ncies Socials\n\t\t\t\t<\/dd><\/dl><dl class='gallery-item'>\n\t\t\t<dt class='gallery-icon landscape'>\n\t\t\t\t<a href='https:\/\/agora.xtec.cat\/iesguindavols\/treballs-de-recerca\/attachment\/qr_tdr_egenere-2\/'><img loading=\"lazy\" decoding=\"async\" width=\"392\" height=\"392\" src=\"https:\/\/agora.xtec.cat\/iesguindavols\/wp-content\/uploads\/usu2923\/2024\/04\/qr_TdR_EGenere.png\" class=\"attachment-full size-full\" alt=\"\" aria-describedby=\"gallery-1-69679\" srcset=\"https:\/\/agora.xtec.cat\/iesguindavols\/wp-content\/uploads\/usu2923\/2024\/04\/qr_TdR_EGenere.png 392w, https:\/\/agora.xtec.cat\/iesguindavols\/wp-content\/uploads\/usu2923\/2024\/04\/qr_TdR_EGenere-300x300.png 300w, https:\/\/agora.xtec.cat\/iesguindavols\/wp-content\/uploads\/usu2923\/2024\/04\/qr_TdR_EGenere-150x150.png 150w\" sizes=\"auto, (max-width: 392px) 100vw, 392px\" \/><\/a>\n\t\t\t<\/dt>\n\t\t\t\t<dd class='wp-caption-text gallery-caption' id='gallery-1-69679'>\n\t\t\t\tEstudis de G\u00e8nere\n\t\t\t\t<\/dd><\/dl><dl class='gallery-item'>\n\t\t\t<dt class='gallery-icon landscape'>\n\t\t\t\t<a href='https:\/\/agora.xtec.cat\/iesguindavols\/treballs-de-recerca\/attachment\/qr_tdr_humanitats-2\/'><img loading=\"lazy\" decoding=\"async\" width=\"392\" height=\"392\" src=\"https:\/\/agora.xtec.cat\/iesguindavols\/wp-content\/uploads\/usu2923\/2024\/04\/qr_TdR_Humanitats.png\" class=\"attachment-full size-full\" alt=\"\" aria-describedby=\"gallery-1-69681\" srcset=\"https:\/\/agora.xtec.cat\/iesguindavols\/wp-content\/uploads\/usu2923\/2024\/04\/qr_TdR_Humanitats.png 392w, https:\/\/agora.xtec.cat\/iesguindavols\/wp-content\/uploads\/usu2923\/2024\/04\/qr_TdR_Humanitats-300x300.png 300w, https:\/\/agora.xtec.cat\/iesguindavols\/wp-content\/uploads\/usu2923\/2024\/04\/qr_TdR_Humanitats-150x150.png 150w\" sizes=\"auto, (max-width: 392px) 100vw, 392px\" \/><\/a>\n\t\t\t<\/dt>\n\t\t\t\t<dd class='wp-caption-text gallery-caption' id='gallery-1-69681'>\n\t\t\t\tHumanitats\n\t\t\t\t<\/dd><\/dl><dl class='gallery-item'>\n\t\t\t<dt class='gallery-icon landscape'>\n\t\t\t\t<a href='https:\/\/agora.xtec.cat\/iesguindavols\/treballs-de-recerca\/attachment\/qr_tdr_llestrangeres-2\/'><img loading=\"lazy\" decoding=\"async\" width=\"392\" height=\"392\" src=\"https:\/\/agora.xtec.cat\/iesguindavols\/wp-content\/uploads\/usu2923\/2024\/04\/qr_TdR_LlEstrangeres.png\" class=\"attachment-full size-full\" alt=\"\" aria-describedby=\"gallery-1-69682\" srcset=\"https:\/\/agora.xtec.cat\/iesguindavols\/wp-content\/uploads\/usu2923\/2024\/04\/qr_TdR_LlEstrangeres.png 392w, https:\/\/agora.xtec.cat\/iesguindavols\/wp-content\/uploads\/usu2923\/2024\/04\/qr_TdR_LlEstrangeres-300x300.png 300w, https:\/\/agora.xtec.cat\/iesguindavols\/wp-content\/uploads\/usu2923\/2024\/04\/qr_TdR_LlEstrangeres-150x150.png 150w\" sizes=\"auto, (max-width: 392px) 100vw, 392px\" \/><\/a>\n\t\t\t<\/dt>\n\t\t\t\t<dd class='wp-caption-text gallery-caption' id='gallery-1-69682'>\n\t\t\t\tLleng\u00fces Estrangeres\n\t\t\t\t<\/dd><\/dl><dl class='gallery-item'>\n\t\t\t<dt class='gallery-icon landscape'>\n\t\t\t\t<a href='https:\/\/agora.xtec.cat\/iesguindavols\/treballs-de-recerca\/attachment\/qr_tdr_tecno-2\/'><img loading=\"lazy\" decoding=\"async\" width=\"392\" height=\"392\" src=\"https:\/\/agora.xtec.cat\/iesguindavols\/wp-content\/uploads\/usu2923\/2024\/04\/qr_TdR_TECNO.png\" class=\"attachment-full size-full\" alt=\"\" aria-describedby=\"gallery-1-69684\" srcset=\"https:\/\/agora.xtec.cat\/iesguindavols\/wp-content\/uploads\/usu2923\/2024\/04\/qr_TdR_TECNO.png 392w, https:\/\/agora.xtec.cat\/iesguindavols\/wp-content\/uploads\/usu2923\/2024\/04\/qr_TdR_TECNO-300x300.png 300w, https:\/\/agora.xtec.cat\/iesguindavols\/wp-content\/uploads\/usu2923\/2024\/04\/qr_TdR_TECNO-150x150.png 150w\" sizes=\"auto, (max-width: 392px) 100vw, 392px\" \/><\/a>\n\t\t\t<\/dt>\n\t\t\t\t<dd class='wp-caption-text gallery-caption' id='gallery-1-69684'>\n\t\t\t\tTecnologia\n\t\t\t\t<\/dd><\/dl><br style=\"clear: both\" \/>\n\t\t<\/div>\n\n<table style=\"border-collapse: collapse; width: 100%;\">\n<tbody>\n<tr>\n<td style=\"width: 50%; background-color: #ffffff; border-color: #ffffff;\"><a href=\"https:\/\/agora.xtec.cat\/iesguindavols\/wp-content\/uploads\/usu2923\/2023\/03\/Captura-de-pantalla-2023-03-23-102715.png\"><img loading=\"lazy\" decoding=\"async\" class=\"alignnone wp-image-66015\" src=\"https:\/\/agora.xtec.cat\/iesguindavols\/wp-content\/uploads\/usu2923\/2023\/03\/Captura-de-pantalla-2023-03-23-102715.png\" alt=\"\" width=\"73\" height=\"68\" \/><\/a><\/td>\n<td style=\"width: 50%; background-color: #ffffff; border-color: #ffffff;\"><a href=\"https:\/\/agora.xtec.cat\/iesguindavols\/wp-content\/uploads\/usu2923\/2023\/03\/Captura-de-pantalla-2023-03-23-102728.png\"><img loading=\"lazy\" decoding=\"async\" class=\"alignnone wp-image-66016\" src=\"https:\/\/agora.xtec.cat\/iesguindavols\/wp-content\/uploads\/usu2923\/2023\/03\/Captura-de-pantalla-2023-03-23-102728.png\" alt=\"\" width=\"77\" height=\"68\" \/><\/a><\/td>\n<\/tr>\n<tr>\n<td style=\"width: 50%; background-color: #ffffff; border-color: #ffffff;\">&nbsp;<\/p>\n<h6><\/h6>\n<h6>Qu\u00e8 \u00e9s el Treball de Recerca?<\/h6>\n<p style=\"text-align: justify;\">A Catalunya des de la implantaci\u00f3 de la LOGSE, dins el marc del batxillerat es contempla la compet\u00e8ncia en recerca.<\/p>\n<p style=\"text-align: justify;\">Aquesta compet\u00e8ncia pren gran import\u00e0ncia dins el curr\u00edculum de l\u2019alumnat de Batxillerat i s\u2019ha consolidat en el Treball de Recerca.<\/p>\n<p style=\"text-align: justify;\">\u00a0El treball de recerca est\u00e0 dirigit a la investigaci\u00f3, al voltant de la qual s\u2019estructuren una s\u00e8rie d\u2019activitats i processos orientats pel professorat tutor del centre que permeti a l\u2019alumnat aprofundir sobre un tema d\u2019inter\u00e8s al qual pugui accedir.<\/p>\n<p style=\"text-align: justify;\">\u00a0Per realitzar aquest Treball de recerca l\u2019alumnat haur\u00e0 d\u2019aplicar un m\u00e8tode l\u00f2gic per resoldre problemes i arribar a ratificar o anul\u00b7lar la seva hip\u00f2tesi de treball. Aquesta hip\u00f2tesi pot estar emmarcada dins d\u2019una o varies mat\u00e8ries o \u00e0rees del saber.<\/p>\n<p style=\"text-align: justify;\">\u00a0La realitzaci\u00f3 del treball de recerca i la presentaci\u00f3 dels resultats t\u00e9 un valor del 10% de la nota final del Batxillerat.<\/p>\n<p style=\"text-align: justify;\">El treball de recerca \u00e9s, doncs, un treball d&#8217;investigaci\u00f3 que ha de realitzar tot l&#8217;alumnat de batxillerat. Aquest treball:<\/p>\n<ul>\n<li style=\"text-align: justify;\">\u00c9s una petita investigaci\u00f3.<\/li>\n<li style=\"text-align: justify;\">Pot estar emmarcat dins d&#8217;una mat\u00e8ria o pot ser interdisciplinari.<\/li>\n<li style=\"text-align: justify;\">Est\u00e0 dirigit per un professor\/a &#8211; tutor\/a.<\/li>\n<li style=\"text-align: justify;\">Representa el 10% de la qualificaci\u00f3 final del batxillerat.<\/li>\n<li style=\"text-align: justify;\">Es presenta per escrit i oralment.<\/li>\n<li style=\"text-align: justify;\">Per norma general, es tracta d&#8217;un treball individual, llevat dels casos en qu\u00e8 sigui necessari fer un treball de grup per la din\u00e0mica de la recerca.<\/li>\n<\/ul>\n<\/td>\n<td style=\"width: 50%; background-color: #ffffff; border-color: #ffffff;\">\n<h6>Com \u00e9s el Treball de Recerca a Guind\u00e0vols?<\/h6>\n<p style=\"text-align: justify;\">El nostre centre d\u00f3na molta import\u00e0ncia a la compet\u00e8ncia en recerca, perqu\u00e8 entenem que \u00e9s especialment \u00fatil per a la resoluci\u00f3 de problemes i dificultats no nom\u00e9s en la vida acad\u00e8mica del nostre alumnat, sin\u00f3 tamb\u00e9 en la seva vida en general, ja sigui professional o personal.<\/p>\n<p style=\"text-align: justify;\">L\u2019INS Guind\u00e0vols compta amb una llarga tradici\u00f3 en incentivar l\u2019esperit cient\u00edfic i de recerca del nostre alumnat. Especialment al batxillerat, per\u00f2 tamb\u00e9 a l\u2019ESO, volem posar \u00e8mfasi en la compet\u00e8ncia investigadora i per aix\u00f2 ens prenem molt seriosament el proc\u00e9s d\u2019elaboraci\u00f3 i d\u2019avaluaci\u00f3 del TR. En aquest proc\u00e9s participa de manera especial el professorat de l\u2019equip educatiu de Batxillerat, per\u00f2 tamb\u00e9 altres docents d\u2019altres etapes educatives. A l\u2019hora d\u2019avaluar aquesta compet\u00e8ncia es consideren els tres pilars fonamentals del TR: el procediment d\u2019elaboraci\u00f3, el resultat final o mem\u00f2ria escrita, i l\u2019exposici\u00f3 oral del treball.<\/p>\n<p style=\"text-align: justify;\">Tamb\u00e9 tenim molt clar que hem de projectar les inquietuds de recerca del nostre alumnat fora dels l\u00edmits f\u00edsics del nostre institut i \u00e9s per aix\u00f2 que promovem la seva participaci\u00f3 en concursos, congressos i jornades de recerca d\u2019\u00e0mbit local, regional, estatal i, fins i tot, internacional, amb un \u00e8xit m\u00e9s que satisfactori.<\/p>\n<p>&nbsp;<\/p>\n<p>&nbsp;<\/p>\n<p>&nbsp;<\/p>\n<p><a href=\"https:\/\/agora.xtec.cat\/iesguindavols\/wp-content\/uploads\/usu2923\/2023\/03\/Relacio-de-TdR-premiats-1990_20.pdf\">\u00a0 \u00a0 <\/a><a href=\"https:\/\/agora.xtec.cat\/iesguindavols\/wp-content\/uploads\/usu2923\/2023\/03\/Relacio-de-TdR-premiats-1990_20.pdf\">\u00a0 \u00a0 \u00a0 \u00a0 \u00a0 \u00a0 \u00a0 \u00a0<\/a><a href=\"https:\/\/agora.xtec.cat\/iesguindavols\/wp-content\/uploads\/usu2923\/2023\/04\/Relacio-de-TdR-premiats-1990_2023.pdf\"><img loading=\"lazy\" decoding=\"async\" class=\"alignnone wp-image-66216\" src=\"https:\/\/agora.xtec.cat\/iesguindavols\/wp-content\/uploads\/usu2923\/2023\/04\/Captura-de-pantalla-2023-04-12-130200.png\" alt=\"\" width=\"104\" height=\"106\" \/><\/a><a href=\"https:\/\/agora.xtec.cat\/iesguindavols\/wp-content\/uploads\/usu2923\/2023\/03\/Relacio-de-TdR-premiats-1990_20.pdf\">\u00a0<\/a><a href=\"https:\/\/agora.xtec.cat\/iesguindavols\/wp-content\/uploads\/usu2923\/2023\/04\/HISTORIC-PREMIS-2015_2022-AMB-TAPES.pdf\" target=\"_blank\" rel=\"noopener\"><img loading=\"lazy\" decoding=\"async\" class=\"alignnone wp-image-66018\" src=\"https:\/\/agora.xtec.cat\/iesguindavols\/wp-content\/uploads\/usu2923\/2023\/03\/Captura-de-pantalla-2023-03-23-103603.png\" alt=\"\" width=\"106\" height=\"107\" srcset=\"https:\/\/agora.xtec.cat\/iesguindavols\/wp-content\/uploads\/usu2923\/2023\/03\/Captura-de-pantalla-2023-03-23-103603.png 177w, https:\/\/agora.xtec.cat\/iesguindavols\/wp-content\/uploads\/usu2923\/2023\/03\/Captura-de-pantalla-2023-03-23-103603-150x150.png 150w\" sizes=\"auto, (max-width: 106px) 100vw, 106px\" \/><\/a><a title=\"Recull hist\u00f2ric 1_1990_2014\" href=\"https:\/\/agora.xtec.cat\/iesguindavols\/wp-content\/uploads\/usu2923\/2024\/04\/RECULL-HISTORIC-1_1990_2014.pdf\" target=\"_blank\" rel=\"noopener\"><img loading=\"lazy\" decoding=\"async\" class=\"alignnone wp-image-69687\" src=\"https:\/\/agora.xtec.cat\/iesguindavols\/wp-content\/uploads\/usu2923\/2024\/04\/historic_TdR.png\" alt=\"\" width=\"79\" height=\"106\" srcset=\"https:\/\/agora.xtec.cat\/iesguindavols\/wp-content\/uploads\/usu2923\/2024\/04\/historic_TdR.png 564w, https:\/\/agora.xtec.cat\/iesguindavols\/wp-content\/uploads\/usu2923\/2024\/04\/historic_TdR-225x300.png 225w\" sizes=\"auto, (max-width: 79px) 100vw, 79px\" \/><\/a><\/p>\n<p style=\"text-align: justify;\">\n<\/td>\n<\/tr>\n<\/tbody>\n<\/table>\n","protected":false},"excerpt":{"rendered":"<p>El nostre centre d\u00f3na molta import\u00e0ncia a la compet\u00e8ncia en recerca, perqu\u00e8 entenem que \u00e9s especialment \u00fatil per a la resoluci\u00f3 de problemes i dificultats no nom\u00e9s en la vida acad\u00e8mica del nostre alumnat, sin\u00f3 tamb\u00e9 en la seva vida en general, ja sigui professional&hellip;  <a href=\"https:\/\/agora.xtec.cat\/iesguindavols\/treballs-de-recerca\/\" title=\"Read Treballs de Recerca\">Llegeix m\u00e9s\u00bb<\/a><\/p>\n","protected":false},"author":6,"featured_media":0,"parent":0,"menu_order":0,"comment_status":"closed","ping_status":"closed","template":"","meta":{"_bbp_topic_count":0,"_bbp_reply_count":0,"_bbp_total_topic_count":0,"_bbp_total_reply_count":0,"_bbp_voice_count":0,"_bbp_anonymous_reply_count":0,"_bbp_topic_count_hidden":0,"_bbp_reply_count_hidden":0,"_bbp_forum_subforum_count":0,"footnotes":""},"class_list":["post-65815","page","type-page","status-publish","hentry"],"post_mailing_queue_ids":[],"_links":{"self":[{"href":"https:\/\/agora.xtec.cat\/iesguindavols\/wp-json\/wp\/v2\/pages\/65815","targetHints":{"allow":["GET"]}}],"collection":[{"href":"https:\/\/agora.xtec.cat\/iesguindavols\/wp-json\/wp\/v2\/pages"}],"about":[{"href":"https:\/\/agora.xtec.cat\/iesguindavols\/wp-json\/wp\/v2\/types\/page"}],"author":[{"embeddable":true,"href":"https:\/\/agora.xtec.cat\/iesguindavols\/wp-json\/wp\/v2\/users\/6"}],"replies":[{"embeddable":true,"href":"https:\/\/agora.xtec.cat\/iesguindavols\/wp-json\/wp\/v2\/comments?post=65815"}],"version-history":[{"count":7,"href":"https:\/\/agora.xtec.cat\/iesguindavols\/wp-json\/wp\/v2\/pages\/65815\/revisions"}],"predecessor-version":[{"id":69691,"href":"https:\/\/agora.xtec.cat\/iesguindavols\/wp-json\/wp\/v2\/pages\/65815\/revisions\/69691"}],"wp:attachment":[{"href":"https:\/\/agora.xtec.cat\/iesguindavols\/wp-json\/wp\/v2\/media?parent=65815"}],"curies":[{"name":"wp","href":"https:\/\/api.w.org\/{rel}","templated":true}]}}