{"id":63,"date":"2014-09-18T10:06:31","date_gmt":"2014-09-18T10:06:31","guid":{"rendered":"http:\/\/agora.xtec.cat\/iesguindavols\/?page_id=63"},"modified":"2023-05-03T13:06:45","modified_gmt":"2023-05-03T11:06:45","slug":"serveis","status":"publish","type":"page","link":"https:\/\/agora.xtec.cat\/iesguindavols\/serveis\/","title":{"rendered":"Serveis"},"content":{"rendered":"<p>L&#8217;equip hum\u00e0 del nostre centre ofereix un servei pr\u00f2xim i de qualitat a l&#8217;alumnat, el professorat, les fam\u00edlies, etc.<\/p>\n<ul>\n<li><a href=\"https:\/\/docs.google.com\/forms\/d\/e\/1FAIpQLSc8WmrcQVQyCsWgNC4EjH_5_MZzWQ81RgG7NZngbLwBjItOUg\/viewform\">CONSERGERIA<\/a><\/li>\n<li><a href=\"https:\/\/agora.xtec.cat\/iesguindavols\/serveis\/serveis-digitals\/\">SERVEIS DIGITALS<\/a><\/li>\n<li><a href=\"https:\/\/agora.xtec.cat\/iesguindavols\/docs\/\">DOCUMENTS<\/a><\/li>\n<li><a href=\"https:\/\/agora.xtec.cat\/iesguindavols\/serveis\/menjador-escolar\/\">MENJADOR ESCOLAR\u00a0<\/a><\/li>\n<\/ul>\n","protected":false},"excerpt":{"rendered":"<p>L&#8217;equip hum\u00e0 del nostre centre ofereix un servei pr\u00f2xim i de qualitat a l&#8217;alumnat, el professorat, les fam\u00edlies, etc.<\/p>\n<ul>\n<li><a href=\"https:\/\/docs.google.com\/forms\/d\/e\/1FAIpQLSc8WmrcQVQyCsWgNC4EjH_5_MZzWQ81RgG7NZngbLwBjItOUg\/viewform\">CONSERGERIA<\/a><\/li>\n<li><a href=\"https:\/\/agora.xtec.cat\/iesguindavols\/serveis\/serveis-digitals\/\">SERVEIS DIGITALS<\/a><\/li>\n<li><a href=\"https:\/\/agora.xtec.cat\/iesguindavols\/docs\/\">DOCUMENTS<\/a><\/li>\n<li><a href=\"https:\/\/agora.xtec.cat\/iesguindavols\/serveis\/menjador-escolar\/\">MENJADOR ESCOLAR\u00a0<\/a><\/li>\n<\/ul>\n","protected":false},"author":1,"featured_media":0,"parent":0,"menu_order":0,"comment_status":"closed","ping_status":"closed","template":"","meta":{"_bbp_topic_count":0,"_bbp_reply_count":0,"_bbp_total_topic_count":0,"_bbp_total_reply_count":0,"_bbp_voice_count":0,"_bbp_anonymous_reply_count":0,"_bbp_topic_count_hidden":0,"_bbp_reply_count_hidden":0,"_bbp_forum_subforum_count":0,"footnotes":""},"class_list":["post-63","page","type-page","status-publish","hentry"],"post_mailing_queue_ids":[],"_links":{"self":[{"href":"https:\/\/agora.xtec.cat\/iesguindavols\/wp-json\/wp\/v2\/pages\/63","targetHints":{"allow":["GET"]}}],"collection":[{"href":"https:\/\/agora.xtec.cat\/iesguindavols\/wp-json\/wp\/v2\/pages"}],"about":[{"href":"https:\/\/agora.xtec.cat\/iesguindavols\/wp-json\/wp\/v2\/types\/page"}],"author":[{"embeddable":true,"href":"https:\/\/agora.xtec.cat\/iesguindavols\/wp-json\/wp\/v2\/users\/1"}],"replies":[{"embeddable":true,"href":"https:\/\/agora.xtec.cat\/iesguindavols\/wp-json\/wp\/v2\/comments?post=63"}],"version-history":[{"count":3,"href":"https:\/\/agora.xtec.cat\/iesguindavols\/wp-json\/wp\/v2\/pages\/63\/revisions"}],"predecessor-version":[{"id":67226,"href":"https:\/\/agora.xtec.cat\/iesguindavols\/wp-json\/wp\/v2\/pages\/63\/revisions\/67226"}],"wp:attachment":[{"href":"https:\/\/agora.xtec.cat\/iesguindavols\/wp-json\/wp\/v2\/media?parent=63"}],"curies":[{"name":"wp","href":"https:\/\/api.w.org\/{rel}","templated":true}]}}