{"id":21,"date":"2014-09-17T16:14:14","date_gmt":"2014-09-17T16:14:14","guid":{"rendered":"http:\/\/agora.xtec.cat\/iesguindavols\/?page_id=21"},"modified":"2023-02-09T17:15:58","modified_gmt":"2023-02-09T16:15:58","slug":"on-som","status":"publish","type":"page","link":"https:\/\/agora.xtec.cat\/iesguindavols\/linstitut\/on-som\/","title":{"rendered":"On som"},"content":{"rendered":"<p style=\"color: #666666;\"><strong>Institut Guind\u00e0vols<\/strong><br \/>\nCarrer Eugeni d&#8217;Ors s\/n<br \/>\n25196 Lleida<\/p>\n<p><iframe loading=\"lazy\" style=\"border: 0;\" src=\"https:\/\/www.google.com\/maps\/embed?pb=!1m18!1m12!1m3!1d2982.3908854809!2d0.612651415433211!3d41.625681679242994!2m3!1f0!2f0!3f0!3m2!1i1024!2i768!4f13.1!3m3!1m2!1s0x12a6e03ba2894c3b%3A0xe7a64fe49772d52c!2sIES%20Guind%C3%A0vols%20%7C%20Lleida!5e0!3m2!1sca!2ses!4v1674729164727!5m2!1sca!2ses\" width=\"600\" height=\"450\" allowfullscreen=\"allowfullscreen\"><\/iframe><\/p>\n<p><strong>Com arribar-hi:<br \/>\n<\/strong><\/p>\n<ul>\n<li>Per carretera: A2 sortida 458 direcci\u00f3 Lleida per N-240<\/li>\n<li>Per bus: L\u00ednies L2, L3 i L6<\/li>\n<\/ul>\n<p><strong>Escoles adscrites a l&#8217;institut:<br \/>\n<\/strong>Escola Sant Josep de Calassan\u00e7, Escola Pr\u00e0ctiques II, Escola Joc de la Bola i Escola Ciutat Jard\u00ed<\/p>\n<p><strong>Correus electr\u00f2nics de contacte<\/strong><\/p>\n<ul>\n<li><span style=\"font-size: medium;\">B\u00fastia General: <a href=\"mailto:c5002726@xtec.cat\">c5002726@xtec.cat<\/a><\/span><\/li>\n<li>Secretaria: <span style=\"color: #008080;\"><a href=\"mailto:secretaria@institutguindavols.cat\">secretaria@institutguindavols.cat<\/a><\/span><\/li>\n<\/ul>\n","protected":false},"excerpt":{"rendered":"<p>Institut Guind\u00e0vols<br \/>\nCarrer Eugeni d&#8217;Ors s\/n<br \/>\n25196 Lleida<\/p>\n<p>Com arribar-hi:<\/p>\n<ul>\n<li>Per carretera: A2 sortida 458 direcci\u00f3 Lleida per N-240<\/li>\n<li>Per bus: L\u00ednies L2, L3 i L6<\/li>\n<\/ul>\n<p>Escoles adscrites a l&#8217;institut:<br \/>\nEscola Sant Josep de Calassan\u00e7, Escola Pr\u00e0ctiques II, Escola Joc de la Bola i Escola Ciutat Jard\u00ed<br \/>\nCorreus electr\u00f2nics de contacte<\/p>\n<ul>\n<li>B\u00fastia General: <a&hellip;  <a href=\"https:\/\/agora.xtec.cat\/iesguindavols\/linstitut\/on-som\/\" title=\"Read On som\">Llegeix m\u00e9s\u00bb<\/a><br \/>\n","protected":false},"author":1,"featured_media":0,"parent":19,"menu_order":10,"comment_status":"closed","ping_status":"closed","template":"","meta":{"_bbp_topic_count":0,"_bbp_reply_count":0,"_bbp_total_topic_count":0,"_bbp_total_reply_count":0,"_bbp_voice_count":0,"_bbp_anonymous_reply_count":0,"_bbp_topic_count_hidden":0,"_bbp_reply_count_hidden":0,"_bbp_forum_subforum_count":0,"footnotes":""},"class_list":["post-21","page","type-page","status-publish","hentry"],"post_mailing_queue_ids":[],"_links":{"self":[{"href":"https:\/\/agora.xtec.cat\/iesguindavols\/wp-json\/wp\/v2\/pages\/21","targetHints":{"allow":["GET"]}}],"collection":[{"href":"https:\/\/agora.xtec.cat\/iesguindavols\/wp-json\/wp\/v2\/pages"}],"about":[{"href":"https:\/\/agora.xtec.cat\/iesguindavols\/wp-json\/wp\/v2\/types\/page"}],"author":[{"embeddable":true,"href":"https:\/\/agora.xtec.cat\/iesguindavols\/wp-json\/wp\/v2\/users\/1"}],"replies":[{"embeddable":true,"href":"https:\/\/agora.xtec.cat\/iesguindavols\/wp-json\/wp\/v2\/comments?post=21"}],"version-history":[{"count":4,"href":"https:\/\/agora.xtec.cat\/iesguindavols\/wp-json\/wp\/v2\/pages\/21\/revisions"}],"predecessor-version":[{"id":65419,"href":"https:\/\/agora.xtec.cat\/iesguindavols\/wp-json\/wp\/v2\/pages\/21\/revisions\/65419"}],"up":[{"embeddable":true,"href":"https:\/\/agora.xtec.cat\/iesguindavols\/wp-json\/wp\/v2\/pages\/19"}],"wp:attachment":[{"href":"https:\/\/agora.xtec.cat\/iesguindavols\/wp-json\/wp\/v2\/media?parent=21"}],"curies":[{"name":"wp","href":"https:\/\/api.w.org\/{rel}","templated":true}]}}