{"id":923,"date":"2026-02-21T12:40:48","date_gmt":"2026-02-21T11:40:48","guid":{"rendered":"https:\/\/agora.xtec.cat\/iesguillemcata\/?page_id=923"},"modified":"2026-04-06T22:18:59","modified_gmt":"2026-04-06T20:18:59","slug":"biblioteca","status":"publish","type":"page","link":"https:\/\/agora.xtec.cat\/iesguillemcata\/biblioteca\/","title":{"rendered":"Biblioteca"},"content":{"rendered":"\n<p>La biblioteca escolar de l\u2019institut Guillem Cat\u00e0 est\u00e0 situada a l\u2019aula 0.0 de l\u2019edifici La Font.\u00a0<\/p>\n\n\n\n<p>T\u00e9 un fons d\u2019aproximadament uns 3.000 llibres de totes les tem\u00e0tiques, especialment de literatura juvenil, i una \u00e0mplia selecci\u00f3 de novetats que compra l\u2019AMPA cada any. Tamb\u00e9 disposa d\u2019una selecci\u00f3 de revistes, com el<em> Petit S\u00e0piens<\/em>, <em>National Geographic<\/em>,<em> El Pou de la Gallina<\/em>, etc. Per \u00faltim, compta amb un gran i variat lot de jocs de taula seleccionat pel professorat del Cicle Superior d\u2019Animaci\u00f3 S\u00f2ciocultural i Tur\u00edstica en col\u00b7laboraci\u00f3 amb el CAE.<\/p>\n\n\n\n<h2 class=\"wp-block-heading\">Horari<\/h2>\n\n\n\n<p>L\u2019horari d\u2019obertura \u00e9s de dilluns a divendres lectius de les 10:00h a les 10:15h (durant el primer pati de l\u2019alumnat d\u2019ESO i Grau B\u00e0sic)<\/p>\n\n\n\n<h2 class=\"wp-block-heading\">Qu\u00e8 oferim<\/h2>\n\n\n\n<p>\u00c9s un espai de lectura, espai de deures i treballs, espai de jocs (la Catateka) i ofereix un servei de pr\u00e9stec de revistes i llibres a tota la comunitat educativa de l\u2019Institut. Sempre amb professorat especialista en biblioteca escolar.&nbsp;<\/p>\n\n\n\n<p>Els dijous oferim jocs de taula amb un professional del CAE de Manresa i alumnes del Cicle Superior d\u2019Animaci\u00f3 S\u00f2ciocultural i Tur\u00edstica.<\/p>\n\n\n\n<p>Tamb\u00e9 hi tenim el rac\u00f3 de recomanacions, la taula de novetats, la b\u00fastia de suggeriments i coixins i estores per qui vulgui llegir estirat.<\/p>\n\n\n\n<p>Durant el curs escolar, la Comissi\u00f3 de Biblioteca, formada per professorat de l\u2019institut, proposem diferents activitats l\u00fadiques i d\u2019aprenentatge en les anomenades \u201cSetmanes tem\u00e0tiques\u201d, com per exemple la Setmana Terror\u00edfica, la Setmana de la Ci\u00e8ncia, Sant Jordi, etc. Igualment hi ha exposicions tem\u00e0tiques de llibres per les setmanes tem\u00e0tiques i per diades assenyalades, com ara el 8 de mar\u00e7.<\/p>\n","protected":false},"excerpt":{"rendered":"<p>La biblioteca escolar de l\u2019institut Guillem Cat\u00e0 est\u00e0 situada a l\u2019aula 0.0 de l\u2019edifici La Font.\u00a0 T\u00e9 un fons d\u2019aproximadament uns 3.000 llibres de totes les tem\u00e0tiques, especialment de literatura juvenil, i una \u00e0mplia selecci\u00f3 de novetats que compra l\u2019AMPA cada any. Tamb\u00e9 disposa d\u2019una selecci\u00f3 de revistes, com el Petit S\u00e0piens, National Geographic, El [&hellip;]<\/p>\n","protected":false},"author":1,"featured_media":0,"parent":0,"menu_order":0,"comment_status":"closed","ping_status":"close","template":"","meta":{"site-sidebar-layout":"left-sidebar","site-content-layout":"","ast-site-content-layout":"default","site-content-style":"default","site-sidebar-style":"default","ast-global-header-display":"","ast-banner-title-visibility":"","ast-main-header-display":"","ast-hfb-above-header-display":"","ast-hfb-below-header-display":"","ast-hfb-mobile-header-display":"","site-post-title":"","ast-breadcrumbs-content":"","ast-featured-img":"","footer-sml-layout":"","theme-transparent-header-meta":"","adv-header-id-meta":"","stick-header-meta":"","header-above-stick-meta":"","header-main-stick-meta":"","header-below-stick-meta":"","astra-migrate-meta-layouts":"set","ast-page-background-enabled":"default","ast-page-background-meta":{"desktop":{"background-color":"var(--ast-global-color-4)","background-image":"","background-repeat":"repeat","background-position":"center center","background-size":"auto","background-attachment":"scroll","background-type":"","background-media":"","overlay-type":"","overlay-color":"","overlay-opacity":"","overlay-gradient":""},"tablet":{"background-color":"","background-image":"","background-repeat":"repeat","background-position":"center center","background-size":"auto","background-attachment":"scroll","background-type":"","background-media":"","overlay-type":"","overlay-color":"","overlay-opacity":"","overlay-gradient":""},"mobile":{"background-color":"","background-image":"","background-repeat":"repeat","background-position":"center center","background-size":"auto","background-attachment":"scroll","background-type":"","background-media":"","overlay-type":"","overlay-color":"","overlay-opacity":"","overlay-gradient":""}},"ast-content-background-meta":{"desktop":{"background-color":"var(--ast-global-color-5)","background-image":"","background-repeat":"repeat","background-position":"center center","background-size":"auto","background-attachment":"scroll","background-type":"","background-media":"","overlay-type":"","overlay-color":"","overlay-opacity":"","overlay-gradient":""},"tablet":{"background-color":"var(--ast-global-color-5)","background-image":"","background-repeat":"repeat","background-position":"center center","background-size":"auto","background-attachment":"scroll","background-type":"","background-media":"","overlay-type":"","overlay-color":"","overlay-opacity":"","overlay-gradient":""},"mobile":{"background-color":"var(--ast-global-color-5)","background-image":"","background-repeat":"repeat","background-position":"center center","background-size":"auto","background-attachment":"scroll","background-type":"","background-media":"","overlay-type":"","overlay-color":"","overlay-opacity":"","overlay-gradient":""}},"footnotes":""},"class_list":["post-923","page","type-page","status-publish","hentry"],"post_mailing_queue_ids":[],"_links":{"self":[{"href":"https:\/\/agora.xtec.cat\/iesguillemcata\/wp-json\/wp\/v2\/pages\/923","targetHints":{"allow":["GET"]}}],"collection":[{"href":"https:\/\/agora.xtec.cat\/iesguillemcata\/wp-json\/wp\/v2\/pages"}],"about":[{"href":"https:\/\/agora.xtec.cat\/iesguillemcata\/wp-json\/wp\/v2\/types\/page"}],"author":[{"embeddable":true,"href":"https:\/\/agora.xtec.cat\/iesguillemcata\/wp-json\/wp\/v2\/users\/1"}],"replies":[{"embeddable":true,"href":"https:\/\/agora.xtec.cat\/iesguillemcata\/wp-json\/wp\/v2\/comments?post=923"}],"version-history":[{"count":2,"href":"https:\/\/agora.xtec.cat\/iesguillemcata\/wp-json\/wp\/v2\/pages\/923\/revisions"}],"predecessor-version":[{"id":1356,"href":"https:\/\/agora.xtec.cat\/iesguillemcata\/wp-json\/wp\/v2\/pages\/923\/revisions\/1356"}],"wp:attachment":[{"href":"https:\/\/agora.xtec.cat\/iesguillemcata\/wp-json\/wp\/v2\/media?parent=923"}],"curies":[{"name":"wp","href":"https:\/\/api.w.org\/{rel}","templated":true}]}}