{"id":27,"date":"2014-09-17T16:24:03","date_gmt":"2014-09-17T16:24:03","guid":{"rendered":"http:\/\/agora.xtec.cat\/iesguillemcata\/?page_id=27"},"modified":"2026-04-06T21:37:50","modified_gmt":"2026-04-06T19:37:50","slug":"historia","status":"publish","type":"page","link":"https:\/\/agora.xtec.cat\/iesguillemcata\/linstitut\/historia\/","title":{"rendered":"Hist\u00f2ria"},"content":{"rendered":"\n<div class=\"wp-block-getwid-content-timeline\" data-animation=\"none\" data-filling=\"true\"><div class=\"wp-block-getwid-content-timeline__line\"><div class=\"wp-block-getwid-content-timeline__bar\"><\/div><\/div><div class=\"wp-block-getwid-content-timeline__wrapper\">\n<div class=\"wp-block-getwid-content-timeline-item\"><div class=\"wp-block-getwid-content-timeline-item__wrapper\"><div class=\"wp-block-getwid-content-timeline-item__card\"><div class=\"wp-block-getwid-content-timeline-item__card-wrapper\"><div class=\"wp-block-getwid-content-timeline-item__image-wrapper\"><img loading=\"lazy\" decoding=\"async\" width=\"350\" height=\"250\" class=\"wp-block-getwid-content-timeline-item__image wp-image-33\" src=\"https:\/\/agora.xtec.cat\/iesguillemcata\/wp-content\/uploads\/usu3601\/2014\/09\/exemple1b.png\" alt=\"\" srcset=\"https:\/\/agora.xtec.cat\/iesguillemcata\/wp-content\/uploads\/usu3601\/2014\/09\/exemple1b.png 350w, https:\/\/agora.xtec.cat\/iesguillemcata\/wp-content\/uploads\/usu3601\/2014\/09\/exemple1b-300x214.png 300w\" sizes=\"auto, (max-width: 350px) 100vw, 350px\" \/><\/div><div class=\"wp-block-getwid-content-timeline-item__content-wrapper\"><div class=\"wp-block-getwid-content-timeline-item__mobile-meta\"><p class=\"wp-block-getwid-content-timeline-item__meta-content\"><strong>1. Els primers anys: L&#8217;Escola d&#8217;Arts i Oficis (1902-1990)<\/strong>L\u2019origen de tot plegat se situa l&#8217;any\u00a0<strong>1902<\/strong>, quan l&#8217;Ajuntament de Manresa va obrir l\u2019Escola d\u2019Arts i Oficis per donar resposta a les necessitats de formaci\u00f3 industrial de la ciutat. Durant d\u00e8cades, l&#8217;escola va ocupar espais com el Col\u00b7legi de Sant Ignasi o l&#8217;Escola Renaixen\u00e7a. No va ser fins a l&#8217;any\u00a0<strong>1980<\/strong>\u00a0que l&#8217;escola es va traslladar a l&#8217;<strong>edifici dels Infants<\/strong>\u00a0de la carretera de Vic, un antic asil modernista on s&#8217;impartien arts (dibuix, pintura) i oficis com administratiu, moda o perruqueria,<\/p><\/div>\n<h3 class=\"wp-block-heading\"><strong>Els primers anys: L&#8217;Escola d&#8217;Arts i Oficis (1902-1990)<\/strong><\/h3>\n\n\n\n<p>&nbsp;<\/p>\n<\/div><\/div><\/div><div class=\"wp-block-getwid-content-timeline-item__point\"><div class=\"wp-block-getwid-content-timeline-item__point-content\"><\/div><\/div><div class=\"wp-block-getwid-content-timeline-item__meta\"><p class=\"wp-block-getwid-content-timeline-item__meta-content\"><strong>1. Els primers anys: L&#8217;Escola d&#8217;Arts i Oficis (1902-1990)<\/strong>L\u2019origen de tot plegat se situa l&#8217;any\u00a0<strong>1902<\/strong>, quan l&#8217;Ajuntament de Manresa va obrir l\u2019Escola d\u2019Arts i Oficis per donar resposta a les necessitats de formaci\u00f3 industrial de la ciutat. Durant d\u00e8cades, l&#8217;escola va ocupar espais com el Col\u00b7legi de Sant Ignasi o l&#8217;Escola Renaixen\u00e7a. No va ser fins a l&#8217;any\u00a0<strong>1980<\/strong>\u00a0que l&#8217;escola es va traslladar a l&#8217;<strong>edifici dels Infants<\/strong>\u00a0de la carretera de Vic, un antic asil modernista on s&#8217;impartien arts (dibuix, pintura) i oficis com administratiu, moda o perruqueria,<\/p><\/div><\/div><\/div>\n\n\n\n<div class=\"wp-block-getwid-content-timeline-item\"><div class=\"wp-block-getwid-content-timeline-item__wrapper\"><div class=\"wp-block-getwid-content-timeline-item__card\"><div class=\"wp-block-getwid-content-timeline-item__card-wrapper\"><div class=\"wp-block-getwid-content-timeline-item__image-wrapper\"><img loading=\"lazy\" decoding=\"async\" width=\"800\" height=\"600\" class=\"wp-block-getwid-content-timeline-item__image wp-image-36\" src=\"https:\/\/agora.xtec.cat\/iesguillemcata\/wp-content\/uploads\/usu3601\/2014\/09\/exemple3b.png\" alt=\"\" srcset=\"https:\/\/agora.xtec.cat\/iesguillemcata\/wp-content\/uploads\/usu3601\/2014\/09\/exemple3b.png 800w, https:\/\/agora.xtec.cat\/iesguillemcata\/wp-content\/uploads\/usu3601\/2014\/09\/exemple3b-300x225.png 300w, https:\/\/agora.xtec.cat\/iesguillemcata\/wp-content\/uploads\/usu3601\/2014\/09\/exemple3b-200x150.png 200w\" sizes=\"auto, (max-width: 800px) 100vw, 800px\" \/><\/div><div class=\"wp-block-getwid-content-timeline-item__content-wrapper\"><div class=\"wp-block-getwid-content-timeline-item__mobile-meta\"><p class=\"wp-block-getwid-content-timeline-item__meta-content\">Davant la forta demanda de places p\u00fabliques, el\u00a0<strong>1990<\/strong>\u00a0la branca d&#8217;oficis de l&#8217;escola es va integrar a la xarxa d&#8217;instituts de la Generalitat amb el nom d&#8217;<strong>Institut de FP Maurici Fius i Pal\u00e0<\/strong>. Paral\u00b7lelament, el curs 1992\/93, l&#8217;Administraci\u00f3 va obrir l&#8217;<strong>Extensi\u00f3 Bages<\/strong>\u00a0a la barriada Cots (antic col\u00b7legi Rial) per encabir l&#8217;alumnat que es quedava sense pla\u00e7a a la ciutat. Durant aquests anys, la Formaci\u00f3 Professional i la nova Educaci\u00f3 Secund\u00e0ria Obligat\u00f2ria (ESO) convivien en centres separats i sovint amb manca d&#8217;espai.\u00a0<\/p><\/div>\n<h3 class=\"wp-block-heading\"><strong>Primera etapa de transformaci\u00f3: L&#8217;Institut Maurici Fius i Pal\u00e0 (1990-1996)<\/strong><\/h3>\n\n\n\n<p><\/p>\n<\/div><\/div><\/div><div class=\"wp-block-getwid-content-timeline-item__point\"><div class=\"wp-block-getwid-content-timeline-item__point-content\"><\/div><\/div><div class=\"wp-block-getwid-content-timeline-item__meta\"><p class=\"wp-block-getwid-content-timeline-item__meta-content\">Davant la forta demanda de places p\u00fabliques, el\u00a0<strong>1990<\/strong>\u00a0la branca d&#8217;oficis de l&#8217;escola es va integrar a la xarxa d&#8217;instituts de la Generalitat amb el nom d&#8217;<strong>Institut de FP Maurici Fius i Pal\u00e0<\/strong>. Paral\u00b7lelament, el curs 1992\/93, l&#8217;Administraci\u00f3 va obrir l&#8217;<strong>Extensi\u00f3 Bages<\/strong>\u00a0a la barriada Cots (antic col\u00b7legi Rial) per encabir l&#8217;alumnat que es quedava sense pla\u00e7a a la ciutat. Durant aquests anys, la Formaci\u00f3 Professional i la nova Educaci\u00f3 Secund\u00e0ria Obligat\u00f2ria (ESO) convivien en centres separats i sovint amb manca d&#8217;espai.\u00a0<\/p><\/div><\/div><\/div>\n\n\n\n<div class=\"wp-block-getwid-content-timeline-item\"><div class=\"wp-block-getwid-content-timeline-item__wrapper\"><div class=\"wp-block-getwid-content-timeline-item__card\"><div class=\"wp-block-getwid-content-timeline-item__card-wrapper\"><div class=\"wp-block-getwid-content-timeline-item__image-wrapper\"><img loading=\"lazy\" decoding=\"async\" width=\"800\" height=\"261\" class=\"wp-block-getwid-content-timeline-item__image wp-image-168\" src=\"https:\/\/agora.xtec.cat\/iesguillemcata\/wp-content\/uploads\/usu3601\/2014\/09\/classe.png\" alt=\"\" srcset=\"https:\/\/agora.xtec.cat\/iesguillemcata\/wp-content\/uploads\/usu3601\/2014\/09\/classe.png 800w, https:\/\/agora.xtec.cat\/iesguillemcata\/wp-content\/uploads\/usu3601\/2014\/09\/classe-300x97.png 300w\" sizes=\"auto, (max-width: 800px) 100vw, 800px\" \/><\/div><div class=\"wp-block-getwid-content-timeline-item__content-wrapper\"><div class=\"wp-block-getwid-content-timeline-item__mobile-meta\"><p class=\"wp-block-getwid-content-timeline-item__meta-content\">L&#8217;any\u00a0<strong>1996<\/strong>, el Departament d&#8217;Ensenyament va decretar la\u00a0<strong>fusi\u00f3<\/strong>\u00a0de l&#8217;Institut Maurici Fius i Pal\u00e0 i l&#8217;Extensi\u00f3 Bages. Inicialment es va anomenar IES Manresa, per\u00f2 el claustre va promoure un nom amb m\u00e9s identitat. El\u00a0<strong>14 d&#8217;abril de 1997<\/strong>\u00a0es va oficialitzar el nom d&#8217;<strong>Institut Guillem Cat\u00e0<\/strong>, en honor a l&#8217;arquitecte de la S\u00e8quia. Durant aquesta etapa, el centre funcionava de forma fragmentada en\u00a0<strong>dos edificis<\/strong>: els cicles formatius i el batxillerat a la carretera de Vic (Infants) i l&#8217;ESO a la barriada Cots.<\/p><\/div>\n<h3 class=\"wp-block-heading\"><strong>Segona transformaci\u00f3: La fusi\u00f3 i el nom de Guillem Cat\u00e0 (1996-2003)<\/strong><\/h3>\n\n\n\n<p><\/p>\n<\/div><\/div><\/div><div class=\"wp-block-getwid-content-timeline-item__point\"><div class=\"wp-block-getwid-content-timeline-item__point-content\"><\/div><\/div><div class=\"wp-block-getwid-content-timeline-item__meta\"><p class=\"wp-block-getwid-content-timeline-item__meta-content\">L&#8217;any\u00a0<strong>1996<\/strong>, el Departament d&#8217;Ensenyament va decretar la\u00a0<strong>fusi\u00f3<\/strong>\u00a0de l&#8217;Institut Maurici Fius i Pal\u00e0 i l&#8217;Extensi\u00f3 Bages. Inicialment es va anomenar IES Manresa, per\u00f2 el claustre va promoure un nom amb m\u00e9s identitat. El\u00a0<strong>14 d&#8217;abril de 1997<\/strong>\u00a0es va oficialitzar el nom d&#8217;<strong>Institut Guillem Cat\u00e0<\/strong>, en honor a l&#8217;arquitecte de la S\u00e8quia. Durant aquesta etapa, el centre funcionava de forma fragmentada en\u00a0<strong>dos edificis<\/strong>: els cicles formatius i el batxillerat a la carretera de Vic (Infants) i l&#8217;ESO a la barriada Cots.<\/p><\/div><\/div><\/div>\n\n\n\n<div class=\"wp-block-getwid-content-timeline-item\"><div class=\"wp-block-getwid-content-timeline-item__wrapper\"><div class=\"wp-block-getwid-content-timeline-item__card\"><div class=\"wp-block-getwid-content-timeline-item__card-wrapper\"><div class=\"wp-block-getwid-content-timeline-item__image-wrapper\"><img loading=\"lazy\" decoding=\"async\" width=\"1370\" height=\"450\" class=\"wp-block-getwid-content-timeline-item__image wp-image-575\" src=\"https:\/\/agora.xtec.cat\/iesguillemcata\/wp-content\/uploads\/usu3601\/2024\/12\/installacions.jpg\" alt=\"\" srcset=\"https:\/\/agora.xtec.cat\/iesguillemcata\/wp-content\/uploads\/usu3601\/2024\/12\/installacions.jpg 1370w, https:\/\/agora.xtec.cat\/iesguillemcata\/wp-content\/uploads\/usu3601\/2024\/12\/installacions-300x99.jpg 300w, https:\/\/agora.xtec.cat\/iesguillemcata\/wp-content\/uploads\/usu3601\/2024\/12\/installacions-1024x336.jpg 1024w, https:\/\/agora.xtec.cat\/iesguillemcata\/wp-content\/uploads\/usu3601\/2024\/12\/installacions-768x252.jpg 768w\" sizes=\"auto, (max-width: 1370px) 100vw, 1370px\" \/><\/div><div class=\"wp-block-getwid-content-timeline-item__content-wrapper\"><div class=\"wp-block-getwid-content-timeline-item__mobile-meta\"><p class=\"wp-block-getwid-content-timeline-item__meta-content\">Despr\u00e9s d&#8217;anys de negociacions, el curs\u00a0<strong>2003\/04<\/strong>\u00a0es van unificar tots els estudis en un sol complex: l&#8217;antiga escola de prim\u00e0ria Francesc Barjau, al\u00a0<strong>carrer Rosa Sensat<\/strong>\u00a0(barri de la Font dels Capellans). Tot i que la unificaci\u00f3 va millorar la cohesi\u00f3 pedag\u00f2gica, el creixement constant de l&#8217;oferta de cicles (sanitat, comer\u00e7, fusteria, serveis a la comunitat) va provocar una nova\u00a0<strong>manca d&#8217;espai<\/strong>, obligant a instal\u00b7lar\u00a0<strong>m\u00f2duls prefabricats (barracons)<\/strong>\u00a0i carpes al pati per encabir l&#8217;alumnat<\/p><\/div>\n<h3 class=\"wp-block-heading\"><strong>Etapa de consolidaci\u00f3 al carrer Rosa Sensat (2003-2023)<\/strong><\/h3>\n\n\n\n<p><\/p>\n<\/div><\/div><\/div><div class=\"wp-block-getwid-content-timeline-item__point\"><div class=\"wp-block-getwid-content-timeline-item__point-content\"><\/div><\/div><div class=\"wp-block-getwid-content-timeline-item__meta\"><p class=\"wp-block-getwid-content-timeline-item__meta-content\">Despr\u00e9s d&#8217;anys de negociacions, el curs\u00a0<strong>2003\/04<\/strong>\u00a0es van unificar tots els estudis en un sol complex: l&#8217;antiga escola de prim\u00e0ria Francesc Barjau, al\u00a0<strong>carrer Rosa Sensat<\/strong>\u00a0(barri de la Font dels Capellans). Tot i que la unificaci\u00f3 va millorar la cohesi\u00f3 pedag\u00f2gica, el creixement constant de l&#8217;oferta de cicles (sanitat, comer\u00e7, fusteria, serveis a la comunitat) va provocar una nova\u00a0<strong>manca d&#8217;espai<\/strong>, obligant a instal\u00b7lar\u00a0<strong>m\u00f2duls prefabricats (barracons)<\/strong>\u00a0i carpes al pati per encabir l&#8217;alumnat<\/p><\/div><\/div><\/div>\n\n\n\n<div class=\"wp-block-getwid-content-timeline-item\"><div class=\"wp-block-getwid-content-timeline-item__wrapper\"><div class=\"wp-block-getwid-content-timeline-item__card\"><div class=\"wp-block-getwid-content-timeline-item__card-wrapper\"><div class=\"wp-block-getwid-content-timeline-item__content-wrapper\"><div class=\"wp-block-getwid-content-timeline-item__mobile-meta\"><p class=\"wp-block-getwid-content-timeline-item__meta-content\">Aquesta fase final representa el creixement m\u00e9s gran de la hist\u00f2ria de l&#8217;institut, fruit de la necessitat de donar resposta a una demanda educativa que feia anys que superava la capacitat f\u00edsica del recinte del carrer Rosa Sensat. Des del mateix moment de la unificaci\u00f3 el 2003, la manca d&#8217;espai va ser una constant que va obligar a instal\u00b7lar m\u00f2duls prefabricats (&#8220;barracons&#8221;) i carpes al pati per encabir l&#8217;alumnat.<br>Els fets m\u00e9s rellevants d&#8217;aquesta etapa s\u00f3n: <br>&#8211;<strong>Ocupaci\u00f3 d&#8217;espais municipals:<\/strong>\u00a0Durant anys, el centre ha hagut de diversificar la seva activitat ocupant diversos espais cedits per l&#8217;Ajuntament de Manresa per pal\u00b7liar la saturaci\u00f3 de la seu de la Font dels Capellans.<br>&#8211;<strong>L&#8217;inici del\u00a0desdoblament\u00a0(2024):<\/strong>\u00a0A principis de 2024, es va iniciar un proc\u00e9s de descentralitzaci\u00f3 compartint l&#8217;edifici de l&#8217;Escola Oficial d&#8217;Idiomes (EOI) a la barriada de les Cots. Inicialment, s&#8217;hi van traslladar dues fam\u00edlies professionals per alleujar la c\u00e0rrega de l&#8217;edifici principal.<br>&#8211;<strong>La consolidaci\u00f3 de la Seu Cots (Curs 2024-2025):<\/strong>\u00a0En un moviment que tanca un cercle hist\u00f2ric, a partir del curs 2024-2025 tot l&#8217;edifici de les Cots ha passat a ser oficialment la segona seu de l&#8217;institut. \u00c9s una\u00a0<strong>coincid\u00e8ncia significativa<\/strong>, ja que aquest espai (antic col\u00b7legi Rial) \u00e9s el mateix que l&#8217;institut va ocupar durant la seva segona etapa de transformaci\u00f3 entre 1996 i 2003,<br>&#8211;<strong>Un centre de grans dimensions:<\/strong>\u00a0Amb la plena operativitat de les dues seus \u2014<strong>Seu Font i Seu Cots<\/strong>\u2014, l&#8217;Institut Guillem Cat\u00e0 s&#8217;ha consolidat com un dels centres educatius m\u00e9s potents de la Catalunya Central, amb una comunitat que ja arriba aproximadament als\u00a0<strong>1600 alumnes i 160 professors<\/strong>.<br>Aquesta expansi\u00f3 permet no nom\u00e9s solucionar els problemes hist\u00f2rics d&#8217;espai citats pel professorat a les fonts, sin\u00f3 tamb\u00e9 continuar amb el projecte d&#8217;un centre &#8220;hum\u00e0, acollidor i proper&#8221; que ha definit l&#8217;institut durant els seus primers 25 anys.<\/p><\/div>\n<h3 class=\"wp-block-heading\"><strong>\u00daltima etapa: L&#8217;expansi\u00f3 a la Seu Cots (2024-Actualitat)<\/strong><\/h3>\n\n\n\n<p><\/p>\n\n\n\n<figure class=\"wp-block-image size-full\"><a href=\"https:\/\/agora.xtec.cat\/iesguillemcata\/wp-content\/uploads\/usu3601\/2025\/09\/cropped-logo_cata_color_fons_transparent_v2-1-e1770067007391.png\"><img loading=\"lazy\" decoding=\"async\" width=\"512\" height=\"512\" src=\"https:\/\/agora.xtec.cat\/iesguillemcata\/wp-content\/uploads\/usu3601\/2025\/09\/cropped-logo_cata_color_fons_transparent_v2-1-e1770067007391.png\" alt=\"Logo de centre\" class=\"wp-image-786\" srcset=\"https:\/\/agora.xtec.cat\/iesguillemcata\/wp-content\/uploads\/usu3601\/2025\/09\/cropped-logo_cata_color_fons_transparent_v2-1-e1770067007391.png 512w, https:\/\/agora.xtec.cat\/iesguillemcata\/wp-content\/uploads\/usu3601\/2025\/09\/cropped-logo_cata_color_fons_transparent_v2-1-e1770067007391-300x300.png 300w, https:\/\/agora.xtec.cat\/iesguillemcata\/wp-content\/uploads\/usu3601\/2025\/09\/cropped-logo_cata_color_fons_transparent_v2-1-e1770067007391-150x150.png 150w, https:\/\/agora.xtec.cat\/iesguillemcata\/wp-content\/uploads\/usu3601\/2025\/09\/cropped-logo_cata_color_fons_transparent_v2-1-e1770067007391-200x200.png 200w\" sizes=\"auto, (max-width: 512px) 100vw, 512px\" \/><\/a><\/figure>\n<\/div><\/div><\/div><div class=\"wp-block-getwid-content-timeline-item__point\"><div class=\"wp-block-getwid-content-timeline-item__point-content\"><\/div><\/div><div class=\"wp-block-getwid-content-timeline-item__meta\"><p class=\"wp-block-getwid-content-timeline-item__meta-content\">Aquesta fase final representa el creixement m\u00e9s gran de la hist\u00f2ria de l&#8217;institut, fruit de la necessitat de donar resposta a una demanda educativa que feia anys que superava la capacitat f\u00edsica del recinte del carrer Rosa Sensat. Des del mateix moment de la unificaci\u00f3 el 2003, la manca d&#8217;espai va ser una constant que va obligar a instal\u00b7lar m\u00f2duls prefabricats (&#8220;barracons&#8221;) i carpes al pati per encabir l&#8217;alumnat.<br>Els fets m\u00e9s rellevants d&#8217;aquesta etapa s\u00f3n: <br>&#8211;<strong>Ocupaci\u00f3 d&#8217;espais municipals:<\/strong>\u00a0Durant anys, el centre ha hagut de diversificar la seva activitat ocupant diversos espais cedits per l&#8217;Ajuntament de Manresa per pal\u00b7liar la saturaci\u00f3 de la seu de la Font dels Capellans.<br>&#8211;<strong>L&#8217;inici del\u00a0desdoblament\u00a0(2024):<\/strong>\u00a0A principis de 2024, es va iniciar un proc\u00e9s de descentralitzaci\u00f3 compartint l&#8217;edifici de l&#8217;Escola Oficial d&#8217;Idiomes (EOI) a la barriada de les Cots. Inicialment, s&#8217;hi van traslladar dues fam\u00edlies professionals per alleujar la c\u00e0rrega de l&#8217;edifici principal.<br>&#8211;<strong>La consolidaci\u00f3 de la Seu Cots (Curs 2024-2025):<\/strong>\u00a0En un moviment que tanca un cercle hist\u00f2ric, a partir del curs 2024-2025 tot l&#8217;edifici de les Cots ha passat a ser oficialment la segona seu de l&#8217;institut. \u00c9s una\u00a0<strong>coincid\u00e8ncia significativa<\/strong>, ja que aquest espai (antic col\u00b7legi Rial) \u00e9s el mateix que l&#8217;institut va ocupar durant la seva segona etapa de transformaci\u00f3 entre 1996 i 2003,<br>&#8211;<strong>Un centre de grans dimensions:<\/strong>\u00a0Amb la plena operativitat de les dues seus \u2014<strong>Seu Font i Seu Cots<\/strong>\u2014, l&#8217;Institut Guillem Cat\u00e0 s&#8217;ha consolidat com un dels centres educatius m\u00e9s potents de la Catalunya Central, amb una comunitat que ja arriba aproximadament als\u00a0<strong>1600 alumnes i 160 professors<\/strong>.<br>Aquesta expansi\u00f3 permet no nom\u00e9s solucionar els problemes hist\u00f2rics d&#8217;espai citats pel professorat a les fonts, sin\u00f3 tamb\u00e9 continuar amb el projecte d&#8217;un centre &#8220;hum\u00e0, acollidor i proper&#8221; que ha definit l&#8217;institut durant els seus primers 25 anys.<\/p><\/div><\/div><\/div>\n<\/div><\/div>\n\n\n\n<p><\/p>\n","protected":false},"excerpt":{"rendered":"","protected":false},"author":1,"featured_media":0,"parent":19,"menu_order":20,"comment_status":"closed","ping_status":"closed","template":"","meta":{"site-sidebar-layout":"default","site-content-layout":"","ast-site-content-layout":"default","site-content-style":"default","site-sidebar-style":"default","ast-global-header-display":"","ast-banner-title-visibility":"","ast-main-header-display":"","ast-hfb-above-header-display":"","ast-hfb-below-header-display":"","ast-hfb-mobile-header-display":"","site-post-title":"","ast-breadcrumbs-content":"","ast-featured-img":"","footer-sml-layout":"","theme-transparent-header-meta":"","adv-header-id-meta":"","stick-header-meta":"","header-above-stick-meta":"","header-main-stick-meta":"","header-below-stick-meta":"","astra-migrate-meta-layouts":"set","ast-page-background-enabled":"default","ast-page-background-meta":{"desktop":{"background-color":"var(--ast-global-color-4)","background-image":"","background-repeat":"repeat","background-position":"center center","background-size":"auto","background-attachment":"scroll","background-type":"","background-media":"","overlay-type":"","overlay-color":"","overlay-opacity":"","overlay-gradient":""},"tablet":{"background-color":"","background-image":"","background-repeat":"repeat","background-position":"center center","background-size":"auto","background-attachment":"scroll","background-type":"","background-media":"","overlay-type":"","overlay-color":"","overlay-opacity":"","overlay-gradient":""},"mobile":{"background-color":"","background-image":"","background-repeat":"repeat","background-position":"center center","background-size":"auto","background-attachment":"scroll","background-type":"","background-media":"","overlay-type":"","overlay-color":"","overlay-opacity":"","overlay-gradient":""}},"ast-content-background-meta":{"desktop":{"background-color":"var(--ast-global-color-5)","background-image":"","background-repeat":"repeat","background-position":"center center","background-size":"auto","background-attachment":"scroll","background-type":"","background-media":"","overlay-type":"","overlay-color":"","overlay-opacity":"","overlay-gradient":""},"tablet":{"background-color":"var(--ast-global-color-5)","background-image":"","background-repeat":"repeat","background-position":"center center","background-size":"auto","background-attachment":"scroll","background-type":"","background-media":"","overlay-type":"","overlay-color":"","overlay-opacity":"","overlay-gradient":""},"mobile":{"background-color":"var(--ast-global-color-5)","background-image":"","background-repeat":"repeat","background-position":"center center","background-size":"auto","background-attachment":"scroll","background-type":"","background-media":"","overlay-type":"","overlay-color":"","overlay-opacity":"","overlay-gradient":""}},"footnotes":""},"class_list":["post-27","page","type-page","status-publish","hentry"],"post_mailing_queue_ids":[],"_links":{"self":[{"href":"https:\/\/agora.xtec.cat\/iesguillemcata\/wp-json\/wp\/v2\/pages\/27","targetHints":{"allow":["GET"]}}],"collection":[{"href":"https:\/\/agora.xtec.cat\/iesguillemcata\/wp-json\/wp\/v2\/pages"}],"about":[{"href":"https:\/\/agora.xtec.cat\/iesguillemcata\/wp-json\/wp\/v2\/types\/page"}],"author":[{"embeddable":true,"href":"https:\/\/agora.xtec.cat\/iesguillemcata\/wp-json\/wp\/v2\/users\/1"}],"replies":[{"embeddable":true,"href":"https:\/\/agora.xtec.cat\/iesguillemcata\/wp-json\/wp\/v2\/comments?post=27"}],"version-history":[{"count":5,"href":"https:\/\/agora.xtec.cat\/iesguillemcata\/wp-json\/wp\/v2\/pages\/27\/revisions"}],"predecessor-version":[{"id":1355,"href":"https:\/\/agora.xtec.cat\/iesguillemcata\/wp-json\/wp\/v2\/pages\/27\/revisions\/1355"}],"up":[{"embeddable":true,"href":"https:\/\/agora.xtec.cat\/iesguillemcata\/wp-json\/wp\/v2\/pages\/19"}],"wp:attachment":[{"href":"https:\/\/agora.xtec.cat\/iesguillemcata\/wp-json\/wp\/v2\/media?parent=27"}],"curies":[{"name":"wp","href":"https:\/\/api.w.org\/{rel}","templated":true}]}}