{"id":1168,"date":"2026-03-13T09:00:32","date_gmt":"2026-03-13T08:00:32","guid":{"rendered":"https:\/\/agora.xtec.cat\/iesguillemcata\/?page_id=1168"},"modified":"2026-03-13T12:35:37","modified_gmt":"2026-03-13T11:35:37","slug":"cfgm-destetica-i-bellesa","status":"publish","type":"page","link":"https:\/\/agora.xtec.cat\/iesguillemcata\/pagines-dinici\/estudis\/cicles-formatius-de-grau-mitja-cfgm\/cfgm-destetica-i-bellesa\/","title":{"rendered":"CFGM d&#8217;Est\u00e8tica i Bellesa"},"content":{"rendered":"\n<h3 class=\"wp-block-heading\"><strong>Pertany a la<\/strong>&nbsp;<strong>Fam\u00edlia d&#8217;Imatge Personal<\/strong><\/h3>\n\n\n\n<p>Aquests estudis capaciten per aplicar t\u00e8cniques d\u2019embelliment personal i comercialitzar serveis d\u2019est\u00e8tica, cosmetics i perfums, tot complint els procediments de qualitat i els requeriments de prevenci\u00f3 de riscos laborals i protecci\u00f3 ambiental establerts en la normativa vigent.<\/p>\n\n\n\n<p class=\"has-text-align-center has-white-color has-ast-global-color-1-background-color has-text-color has-background has-link-color wp-elements-47d0ad1bfdc32df7fbd5a57f2c4fc165\" style=\"border-style:none;border-width:0px\"><strong>T\u00c8CNIC\/A EN EST\u00c8TICA I BELLESA<\/strong><\/p>\n\n\n\n<h5 class=\"wp-block-heading\"><strong>Estudiar a l\u2019Institut Guillem Cat\u00e0 vol dir:<\/strong><\/h5>\n\n\n\n<ul class=\"wp-block-list\">\n<li>Realitzar pr\u00e0ctiques en clients reals<\/li>\n\n\n\n<li>Aprendre en modernes instal\u00b7lacions amb els equipaments m\u00e9s actuals<\/li>\n\n\n\n<li>Treballar amb primeres marques cosm\u00e8tiques<\/li>\n\n\n\n<li>Realitzar cursos t\u00e8cnics en les primeres marques<\/li>\n<\/ul>\n\n\n\n<div class=\"wp-block-columns is-layout-flex wp-container-core-columns-is-layout-1 wp-block-columns-is-layout-flex\">\n<div class=\"wp-block-column is-layout-flow wp-block-column-is-layout-flow\" style=\"flex-basis:66.66%\">\n<figure class=\"wp-block-table is-style-stripes\" style=\"font-size:18px\"><table class=\"has-fixed-layout\"><thead><tr><th class=\"has-text-align-left\" data-align=\"left\">CONTINGUTS<\/th><th><\/th><\/tr><\/thead><tbody><tr><td class=\"has-text-align-left\" data-align=\"left\">T\u00e8cniques d\u2019higiene facial i corporal<\/td><td>Perfumeria i cosm\u00e8tica natural<\/td><\/tr><tr><td class=\"has-text-align-left\" data-align=\"left\">Maquillatge<\/td><td>M\u00e0rqueting i venda en imatge personal<\/td><\/tr><tr><td class=\"has-text-align-left\" data-align=\"left\">Depilaci\u00f3 mec\u00e0nica i decoloraci\u00f3 del borrissol<\/td><td>Digitalitzaci\u00f3 aplicada als sectors productius<\/td><\/tr><tr><td class=\"has-text-align-left\" data-align=\"left\">Est\u00e8tica de mans i peus<\/td><td>Sostenibilitat aplicada al sistema productiu<\/td><\/tr><tr><td class=\"has-text-align-left\" data-align=\"left\">T\u00e8cniques d\u2019ungles artificials<\/td><td>Angl\u00e8s professional<\/td><\/tr><tr><td class=\"has-text-align-left\" data-align=\"left\">An\u00e0lisi est\u00e8tica<\/td><td>Itinerari personal per a l\u2019ocupabilitat I<\/td><\/tr><tr><td class=\"has-text-align-left\" data-align=\"left\">Activitats en cabina d\u2019est\u00e8tica<\/td><td>Itinerari personal per a l\u2019ocupabilitat II<\/td><\/tr><tr><td class=\"has-text-align-left\" data-align=\"left\">Imatge corporal i h\u00e0bits saludables<\/td><td>Noves t\u00e8cniques I<\/td><\/tr><tr><td class=\"has-text-align-left\" data-align=\"left\">Cosmetologia per a l\u2019est\u00e8tica i bellesa<\/td><td>Noves t\u00e8cniques II<\/td><\/tr><tr><td class=\"has-text-align-left\" data-align=\"left\"><\/td><td>Projecte intermodular<\/td><\/tr><\/tbody><\/table><\/figure>\n<\/div>\n\n\n\n<div class=\"wp-block-column is-layout-flow wp-block-column-is-layout-flow\" style=\"flex-basis:33.33%\">\n<p class=\"has-text-align-center\">Horari: <strong>MAT\u00cd<\/strong> <\/p>\n\n\n\n<p><\/p>\n\n\n\n<p class=\"has-text-align-center\">Ubicaci\u00f3: <strong>Seu Font<\/strong> &#8211; <a href=\"https:\/\/agora.xtec.cat\/iesguillemcata\/linstitut\/on-som\/\" data-type=\"page\" data-id=\"21\">ENLLA\u00c7<\/a><\/p>\n\n\n\n<p class=\"has-text-align-center\"><strong>2000 <\/strong>hores<\/p>\n\n\n\n<p class=\"has-text-align-center\"><strong>2<\/strong> cursos acad\u00e8mics<\/p>\n\n\n\n<p class=\"has-text-align-center\"><strong>515h<\/strong> d&#8217;estada a l&#8217;empresa<\/p>\n<\/div>\n<\/div>\n\n\n\n<h2 class=\"wp-block-heading\">Sortides professionals<\/h2>\n\n\n\n<div class=\"wp-block-columns is-layout-flex wp-container-core-columns-is-layout-2 wp-block-columns-is-layout-flex\">\n<div class=\"wp-block-column is-layout-flow wp-block-column-is-layout-flow\">\n<ul class=\"wp-block-list\">\n<li>T\u00e8cnic\/a esteticista en centres de bellesa i gabinets d\u2019est\u00e8tica<\/li>\n\n\n\n<li>Maquillador\/a<\/li>\n\n\n\n<li>T\u00e8cnic\/a d\u2019ungles artificials<\/li>\n\n\n\n<li>T\u00e8cnic\/a en depilaci\u00f3<\/li>\n\n\n\n<li>T\u00e8cnic\/a en manicura i pedicura<\/li>\n\n\n\n<li>Recepcionista en empreses est\u00e8tiques<\/li>\n\n\n\n<li>Demostrador\/a d\u2019equips<\/li>\n\n\n\n<li>Cosm\u00e8tics i t\u00e8cniques est\u00e8tiques<\/li>\n\n\n\n<li>Agent comercial en empreses del sector<\/li>\n\n\n\n<li>Assessor\/a i venedor\/a&nbsp; en perfumeries i drogueries<\/li>\n<\/ul>\n<\/div>\n\n\n\n<div class=\"wp-block-column is-layout-flow wp-block-column-is-layout-flow\">\n<figure class=\"wp-block-embed is-type-video is-provider-youtube wp-block-embed-youtube wp-embed-aspect-16-9 wp-has-aspect-ratio\"><div class=\"wp-block-embed__wrapper\">\n<div class=\"ast-oembed-container \" style=\"height: 100%;\"><iframe loading=\"lazy\" title=\"CFGM EST\u00c8TICA I BELLESA\" width=\"500\" height=\"281\" src=\"https:\/\/www.youtube.com\/embed\/S8RWafsI9VE?feature=oembed\" frameborder=\"0\" allow=\"accelerometer; autoplay; clipboard-write; encrypted-media; gyroscope; picture-in-picture; web-share\" referrerpolicy=\"strict-origin-when-cross-origin\" allowfullscreen><\/iframe><\/div>\n<\/div><\/figure>\n<\/div>\n<\/div>\n\n\n\n<p class=\"has-text-align-center\">INSTAGRAM @IPGUILLEMCATA<\/p>\n\n\n\n<p class=\"has-text-align-center\">Finan\u00e7at pel Ministeri d\u2019Educaci\u00f3 i Formaci\u00f3 Professional i per la Uni\u00f3 Europea Next Generation EU.<\/p>\n","protected":false},"excerpt":{"rendered":"<p>Pertany a la&nbsp;Fam\u00edlia d&#8217;Imatge Personal Aquests estudis capaciten per aplicar t\u00e8cniques d\u2019embelliment personal i comercialitzar serveis d\u2019est\u00e8tica, cosmetics i perfums, tot complint els procediments de qualitat i els requeriments de prevenci\u00f3 de riscos laborals i protecci\u00f3 ambiental establerts en la normativa vigent. T\u00c8CNIC\/A EN EST\u00c8TICA I BELLESA Estudiar a l\u2019Institut Guillem Cat\u00e0 vol dir: CONTINGUTS [&hellip;]<\/p>\n","protected":false},"author":1,"featured_media":0,"parent":1031,"menu_order":0,"comment_status":"closed","ping_status":"close","template":"","meta":{"site-sidebar-layout":"left-sidebar","site-content-layout":"","ast-site-content-layout":"default","site-content-style":"default","site-sidebar-style":"default","ast-global-header-display":"","ast-banner-title-visibility":"","ast-main-header-display":"","ast-hfb-above-header-display":"","ast-hfb-below-header-display":"","ast-hfb-mobile-header-display":"","site-post-title":"","ast-breadcrumbs-content":"","ast-featured-img":"","footer-sml-layout":"","theme-transparent-header-meta":"","adv-header-id-meta":"","stick-header-meta":"","header-above-stick-meta":"","header-main-stick-meta":"","header-below-stick-meta":"","astra-migrate-meta-layouts":"set","ast-page-background-enabled":"default","ast-page-background-meta":{"desktop":{"background-color":"var(--ast-global-color-4)","background-image":"","background-repeat":"repeat","background-position":"center center","background-size":"auto","background-attachment":"scroll","background-type":"","background-media":"","overlay-type":"","overlay-color":"","overlay-opacity":"","overlay-gradient":""},"tablet":{"background-color":"","background-image":"","background-repeat":"repeat","background-position":"center center","background-size":"auto","background-attachment":"scroll","background-type":"","background-media":"","overlay-type":"","overlay-color":"","overlay-opacity":"","overlay-gradient":""},"mobile":{"background-color":"","background-image":"","background-repeat":"repeat","background-position":"center center","background-size":"auto","background-attachment":"scroll","background-type":"","background-media":"","overlay-type":"","overlay-color":"","overlay-opacity":"","overlay-gradient":""}},"ast-content-background-meta":{"desktop":{"background-color":"var(--ast-global-color-5)","background-image":"","background-repeat":"repeat","background-position":"center center","background-size":"auto","background-attachment":"scroll","background-type":"","background-media":"","overlay-type":"","overlay-color":"","overlay-opacity":"","overlay-gradient":""},"tablet":{"background-color":"var(--ast-global-color-5)","background-image":"","background-repeat":"repeat","background-position":"center center","background-size":"auto","background-attachment":"scroll","background-type":"","background-media":"","overlay-type":"","overlay-color":"","overlay-opacity":"","overlay-gradient":""},"mobile":{"background-color":"var(--ast-global-color-5)","background-image":"","background-repeat":"repeat","background-position":"center center","background-size":"auto","background-attachment":"scroll","background-type":"","background-media":"","overlay-type":"","overlay-color":"","overlay-opacity":"","overlay-gradient":""}},"footnotes":""},"class_list":["post-1168","page","type-page","status-publish","hentry"],"post_mailing_queue_ids":[],"_links":{"self":[{"href":"https:\/\/agora.xtec.cat\/iesguillemcata\/wp-json\/wp\/v2\/pages\/1168","targetHints":{"allow":["GET"]}}],"collection":[{"href":"https:\/\/agora.xtec.cat\/iesguillemcata\/wp-json\/wp\/v2\/pages"}],"about":[{"href":"https:\/\/agora.xtec.cat\/iesguillemcata\/wp-json\/wp\/v2\/types\/page"}],"author":[{"embeddable":true,"href":"https:\/\/agora.xtec.cat\/iesguillemcata\/wp-json\/wp\/v2\/users\/1"}],"replies":[{"embeddable":true,"href":"https:\/\/agora.xtec.cat\/iesguillemcata\/wp-json\/wp\/v2\/comments?post=1168"}],"version-history":[{"count":5,"href":"https:\/\/agora.xtec.cat\/iesguillemcata\/wp-json\/wp\/v2\/pages\/1168\/revisions"}],"predecessor-version":[{"id":1180,"href":"https:\/\/agora.xtec.cat\/iesguillemcata\/wp-json\/wp\/v2\/pages\/1168\/revisions\/1180"}],"up":[{"embeddable":true,"href":"https:\/\/agora.xtec.cat\/iesguillemcata\/wp-json\/wp\/v2\/pages\/1031"}],"wp:attachment":[{"href":"https:\/\/agora.xtec.cat\/iesguillemcata\/wp-json\/wp\/v2\/media?parent=1168"}],"curies":[{"name":"wp","href":"https:\/\/api.w.org\/{rel}","templated":true}]}}