{"id":9,"date":"2014-09-12T10:15:01","date_gmt":"2014-09-12T10:15:01","guid":{"rendered":"http:\/\/agora.xtec.cat\/iesguillembergueda\/?page_id=9"},"modified":"2026-04-15T16:55:42","modified_gmt":"2026-04-15T14:55:42","slug":"pagina-dinici-buida","status":"publish","type":"page","link":"https:\/\/agora.xtec.cat\/iesguillembergueda\/","title":{"rendered":""},"content":{"rendered":"\n<figure class=\"wp-block-image size-large is-resized\"><a href=\"https:\/\/agora.xtec.cat\/iesguillembergueda\/wp-content\/uploads\/usu1118\/2026\/04\/Preinscripcio-i-matricula-curs-2026-2027-1.jpg\"><img loading=\"lazy\" decoding=\"async\" width=\"1024\" height=\"128\" src=\"https:\/\/agora.xtec.cat\/iesguillembergueda\/wp-content\/uploads\/usu1118\/2026\/04\/Preinscripcio-i-matricula-curs-2026-2027-1-1024x128.jpg\" alt=\"\" class=\"wp-image-9470\" style=\"width:1200px;height:auto\" srcset=\"https:\/\/agora.xtec.cat\/iesguillembergueda\/wp-content\/uploads\/usu1118\/2026\/04\/Preinscripcio-i-matricula-curs-2026-2027-1-1024x128.jpg 1024w, https:\/\/agora.xtec.cat\/iesguillembergueda\/wp-content\/uploads\/usu1118\/2026\/04\/Preinscripcio-i-matricula-curs-2026-2027-1-300x38.jpg 300w, https:\/\/agora.xtec.cat\/iesguillembergueda\/wp-content\/uploads\/usu1118\/2026\/04\/Preinscripcio-i-matricula-curs-2026-2027-1-768x96.jpg 768w, https:\/\/agora.xtec.cat\/iesguillembergueda\/wp-content\/uploads\/usu1118\/2026\/04\/Preinscripcio-i-matricula-curs-2026-2027-1-1536x192.jpg 1536w, https:\/\/agora.xtec.cat\/iesguillembergueda\/wp-content\/uploads\/usu1118\/2026\/04\/Preinscripcio-i-matricula-curs-2026-2027-1.jpg 2000w\" sizes=\"auto, (max-width: 1024px) 100vw, 1024px\" \/><\/a><\/figure>\n\n\n\n<figure class=\"wp-block-table\"><table class=\"has-fixed-layout\"><tbody><tr><td class=\"has-text-align-center\" data-align=\"center\"><strong><a href=\"https:\/\/agora.xtec.cat\/iesguillembergueda\/secretaria\/preinscripcio-i-matricula\/preinscripcio-eso\/\">ESO<\/a><\/strong> <br><br><a href=\"https:\/\/drive.google.com\/file\/d\/1UFzMSAu1xuKumPBE7VEZXL7rF7ZmZtbO\/view?usp=sharing\" data-type=\"link\" data-id=\"https:\/\/drive.google.com\/file\/d\/1UFzMSAu1xuKumPBE7VEZXL7rF7ZmZtbO\/view?usp=sharing\">V\u00e0rem provisional <\/a><br>15\/04\/2026<\/td><td class=\"has-text-align-center\" data-align=\"center\"><strong><a href=\"https:\/\/agora.xtec.cat\/iesguillembergueda\/secretaria\/preinscripcio-i-matricula\/preinscripcio-batxillerat\/\">BATXILLERAT<\/a><\/strong>: <br>Preinscripci\u00f3 del 9 al 16 d&#8217;abril de 2026<br><br><strong><a href=\"https:\/\/agora.xtec.cat\/iesguillembergueda\/secretaria\/preinscripcio-i-matricula\/preinscripcio-batxillerat\/preinscripcio-batxibac\/\">BATXIBAC<\/a><\/strong>: <br>Preinscripci\u00f3 del 20 al 27 de mar\u00e7 de 2026<\/td><td class=\"has-text-align-center\" data-align=\"center\"><a href=\"https:\/\/agora.xtec.cat\/iesguillembergueda\/secretaria\/preinscripcio-i-matricula\/preinscripcio-cicles-formatius-de-grau-mitja\/\"><strong>CFGM<\/strong> <\/a><br><mark style=\"background-color:var(--ast-global-color-0)\" class=\"has-inline-color\">Portes obertes <\/mark><br>Dimecres <strong>15 d&#8217;abril <\/strong><br><strong>Cures Auxiliars d&#8217;infermeria<\/strong> a les 18h<br><strong>Atenci\u00f3 a persones en situaci\u00f3 de depend\u00e8ncia<\/strong> a les 19h<\/td><\/tr><tr><td class=\"has-text-align-center\" data-align=\"center\"><br><strong><a href=\"https:\/\/agora.xtec.cat\/iesguillembergueda\/secretaria\/preinscripcio-i-matricula\/preinscripcio-cicles-formatius-de-grau-superior\/\">CFGS<\/a><\/strong>&nbsp;<br><mark style=\"background-color:var(--ast-global-color-0)\" class=\"has-inline-color\">Portes obertes <\/mark><br>Dimecres <strong>15 d&#8217;abril <\/strong><br><strong>T\u00e8cnic en integraci\u00f3 social<\/strong> a les 19h.<br><\/td><td class=\"has-text-align-center\" data-align=\"center\"><a href=\"https:\/\/agora.xtec.cat\/iesguillembergueda\/secretaria\/preinscripcio-i-matricula\/preinscripcio-ife\/\"><strong>IFE<\/strong> <br><\/a>Portes obertes a hores convingudes<br>Preinscripci\u00f3  de l&#8217;11 al 22 de maig de 2026<\/td><td class=\"has-text-align-center\" data-align=\"center\"><strong><a href=\"https:\/\/agora.xtec.cat\/iesguillembergueda\/secretaria\/preinscripcio-i-matricula\/preinscripcio-pt%E2%80%A6tencio-al-public\/\">PFI<\/a><\/strong><br>Portes obertes a determinar<\/td><\/tr><\/tbody><\/table><\/figure>\n\n\n\n<h2 class=\"wp-block-heading\">Altres informacions<\/h2>\n\n\n\n<ul class=\"wp-block-list\">\n<li>Celebraci\u00f3<strong> 50\u00e8 aniversari <\/strong>de l&#8217;Institut Guillem de Bergued\u00e0 . <a href=\"https:\/\/agora.xtec.cat\/iesguillembergueda\/general\/celebrem-els-50-anys-de-linstitut-tesperem\/\" data-type=\"link\" data-id=\"https:\/\/agora.xtec.cat\/iesguillembergueda\/general\/celebrem-els-50-anys-de-linstitut-tesperem\/\">Per saber-ne m\u00e9s<\/a><\/li>\n\n\n\n<li><strong>Descobrint el cam\u00ed cap a l\u2019Institut Guillem de Bergued\u00e0<\/strong>, un petit reportatge presentat a la jornada de portes obertes de l\u2019ESO. <a href=\"https:\/\/agora.xtec.cat\/iesguillembergueda\/general\/descobrint-el-cami-jornada-de-portes-obertes-eso-2025-2026\/\">V\u00eddeo<\/a><\/li>\n\n\n\n<li><strong>Definint el futur.<\/strong>&nbsp;Despr\u00e9s de l&#8217;ESO arriba un nou repte, un petit tastet del centre presentat a la jornada de portes obertes de Batxillerat- Batxibac.&nbsp;<a href=\"https:\/\/agora.xtec.cat\/iesguillembergueda\/general\/definint-el-futur-despres-de-leso-arriba-un-nou-repte\/\" target=\"_blank\" rel=\"noreferrer noopener\">V\u00eddeo<\/a><\/li>\n\n\n\n<li><strong>Ens han arribat t\u00edtols<\/strong>!!! Per venir a recollir-los cal que porteu el resguard que us vam entregar. Si no podeu venir vosaltres descarregueu-vos l&#8217;autoritzaci\u00f3 (<a href=\"https:\/\/agora.xtec.cat\/iesguillembergueda\/wp-content\/uploads\/usu1118\/2019\/04\/autoritzacio_lliurament_certificat.pdf\">enlla\u00e7<\/a>).\n<ul class=\"wp-block-list\">\n<li>T\u00edtols de Batxillerat de Ci\u00e8ncies i Tecnologia promocions (2020, 2021 i 2022)<\/li>\n\n\n\n<li>T\u00edtols de CFGM Cures Auxiliars d&#8217;Infermeria promocions (2019,2020,2021,2022,2023,2024,I algun de 2025)<\/li>\n<\/ul>\n<\/li>\n<\/ul>\n\n\n\n<ul class=\"wp-block-list\"><\/ul>\n\n\n\n<p><\/p>\n","protected":false},"excerpt":{"rendered":"<p>ESO V\u00e0rem provisional 15\/04\/2026 BATXILLERAT: Preinscripci\u00f3 del 9 al 16 d&#8217;abril de 2026 BATXIBAC: Preinscripci\u00f3 del 20 al 27 de mar\u00e7 de 2026 CFGM Portes obertes Dimecres 15 d&#8217;abril Cures Auxiliars d&#8217;infermeria a les 18hAtenci\u00f3 a persones en situaci\u00f3 de depend\u00e8ncia a les 19h CFGS&nbsp;Portes obertes Dimecres 15 d&#8217;abril T\u00e8cnic en integraci\u00f3 social a les [&hellip;]<\/p>\n","protected":false},"author":1,"featured_media":0,"parent":7,"menu_order":0,"comment_status":"closed","ping_status":"closed","template":"","meta":{"_bbp_topic_count":0,"_bbp_reply_count":0,"_bbp_total_topic_count":0,"_bbp_total_reply_count":0,"_bbp_voice_count":0,"_bbp_anonymous_reply_count":0,"_bbp_topic_count_hidden":0,"_bbp_reply_count_hidden":0,"_bbp_forum_subforum_count":0,"site-sidebar-layout":"default","site-content-layout":"","ast-site-content-layout":"default","site-content-style":"default","site-sidebar-style":"default","ast-global-header-display":"","ast-banner-title-visibility":"","ast-main-header-display":"","ast-hfb-above-header-display":"","ast-hfb-below-header-display":"","ast-hfb-mobile-header-display":"","site-post-title":"disabled","ast-breadcrumbs-content":"","ast-featured-img":"","footer-sml-layout":"","theme-transparent-header-meta":"","adv-header-id-meta":"","stick-header-meta":"","header-above-stick-meta":"","header-main-stick-meta":"","header-below-stick-meta":"","astra-migrate-meta-layouts":"set","ast-page-background-enabled":"default","ast-page-background-meta":{"desktop":{"background-color":"var(--ast-global-color-4)","background-image":"","background-repeat":"repeat","background-position":"center center","background-size":"auto","background-attachment":"scroll","background-type":"","background-media":"","overlay-type":"","overlay-color":"","overlay-opacity":"","overlay-gradient":""},"tablet":{"background-color":"","background-image":"","background-repeat":"repeat","background-position":"center center","background-size":"auto","background-attachment":"scroll","background-type":"","background-media":"","overlay-type":"","overlay-color":"","overlay-opacity":"","overlay-gradient":""},"mobile":{"background-color":"","background-image":"","background-repeat":"repeat","background-position":"center center","background-size":"auto","background-attachment":"scroll","background-type":"","background-media":"","overlay-type":"","overlay-color":"","overlay-opacity":"","overlay-gradient":""}},"ast-content-background-meta":{"desktop":{"background-color":"var(--ast-global-color-5)","background-image":"","background-repeat":"repeat","background-position":"center center","background-size":"auto","background-attachment":"scroll","background-type":"","background-media":"","overlay-type":"","overlay-color":"","overlay-opacity":"","overlay-gradient":""},"tablet":{"background-color":"var(--ast-global-color-5)","background-image":"","background-repeat":"repeat","background-position":"center center","background-size":"auto","background-attachment":"scroll","background-type":"","background-media":"","overlay-type":"","overlay-color":"","overlay-opacity":"","overlay-gradient":""},"mobile":{"background-color":"var(--ast-global-color-5)","background-image":"","background-repeat":"repeat","background-position":"center center","background-size":"auto","background-attachment":"scroll","background-type":"","background-media":"","overlay-type":"","overlay-color":"","overlay-opacity":"","overlay-gradient":""}},"footnotes":""},"class_list":["post-9","page","type-page","status-publish","hentry"],"post_mailing_queue_ids":[],"_links":{"self":[{"href":"https:\/\/agora.xtec.cat\/iesguillembergueda\/wp-json\/wp\/v2\/pages\/9","targetHints":{"allow":["GET"]}}],"collection":[{"href":"https:\/\/agora.xtec.cat\/iesguillembergueda\/wp-json\/wp\/v2\/pages"}],"about":[{"href":"https:\/\/agora.xtec.cat\/iesguillembergueda\/wp-json\/wp\/v2\/types\/page"}],"author":[{"embeddable":true,"href":"https:\/\/agora.xtec.cat\/iesguillembergueda\/wp-json\/wp\/v2\/users\/1"}],"replies":[{"embeddable":true,"href":"https:\/\/agora.xtec.cat\/iesguillembergueda\/wp-json\/wp\/v2\/comments?post=9"}],"version-history":[{"count":6,"href":"https:\/\/agora.xtec.cat\/iesguillembergueda\/wp-json\/wp\/v2\/pages\/9\/revisions"}],"predecessor-version":[{"id":9493,"href":"https:\/\/agora.xtec.cat\/iesguillembergueda\/wp-json\/wp\/v2\/pages\/9\/revisions\/9493"}],"up":[{"embeddable":true,"href":"https:\/\/agora.xtec.cat\/iesguillembergueda\/wp-json\/wp\/v2\/pages\/7"}],"wp:attachment":[{"href":"https:\/\/agora.xtec.cat\/iesguillembergueda\/wp-json\/wp\/v2\/media?parent=9"}],"curies":[{"name":"wp","href":"https:\/\/api.w.org\/{rel}","templated":true}]}}