{"id":8141,"date":"2025-02-22T19:37:37","date_gmt":"2025-02-22T18:37:37","guid":{"rendered":"https:\/\/agora.xtec.cat\/iesguillembergueda\/?page_id=8141"},"modified":"2025-02-23T10:03:25","modified_gmt":"2025-02-23T09:03:25","slug":"batxibac","status":"publish","type":"page","link":"https:\/\/agora.xtec.cat\/iesguillembergueda\/projecte-educatiu\/batxibac\/","title":{"rendered":"Batxillerat Batxibac"},"content":{"rendered":"<p>El Batxibac \u00e9s un programa d&#8217;excel\u00b7l\u00e8ncia que et permet obtenir la doble titulaci\u00f3 de Batxillerat en catal\u00e0 i de Baccalaur\u00e9at franc\u00e8s. La doble titulaci\u00f3 otorga als estudiants el certificat B2 del Marc Europeu de Refer\u00e8ncia de les Lleng\u00fces i d\u00f3na acc\u00e9s directe a la universitats espanyoles i franceses.<\/p>\n<p><a href=\"https:\/\/drive.google.com\/file\/d\/1IO9ZuRv38e7h7mOJko478cUX4VWi-oAC\/view?usp=drive_link\">Itinerari amb llengua francesa<\/a><\/p>\n<p>Podeu consultar l&#8217;activitat del Batxibac al Guillem de Bergued\u00e0 en aquest l&#8217;<a href=\"https:\/\/agora.xtec.cat\/iesguillembergueda\/categoria\/batxibac\/\">enlla\u00e7.<\/a><\/p>\n","protected":false},"excerpt":{"rendered":"<p>El Batxibac \u00e9s un programa d&#8217;excel\u00b7l\u00e8ncia que et permet obtenir la doble titulaci\u00f3 de Batxillerat en catal\u00e0 i de Baccalaur\u00e9at franc\u00e8s. La doble titulaci\u00f3 otorga als estudiants el certificat B2 del Marc Europeu de Refer\u00e8ncia de les Lleng\u00fces i d\u00f3na acc\u00e9s directe a la universitats espanyoles i franceses. Itinerari amb llengua francesa Podeu consultar l&#8217;activitat [&hellip;]<\/p>\n","protected":false},"author":1,"featured_media":0,"parent":57,"menu_order":1,"comment_status":"closed","ping_status":"closed","template":"page-templates\/side-menu.php","meta":{"_bbp_topic_count":0,"_bbp_reply_count":0,"_bbp_total_topic_count":0,"_bbp_total_reply_count":0,"_bbp_voice_count":0,"_bbp_anonymous_reply_count":0,"_bbp_topic_count_hidden":0,"_bbp_reply_count_hidden":0,"_bbp_forum_subforum_count":0,"site-sidebar-layout":"default","site-content-layout":"","ast-site-content-layout":"","site-content-style":"default","site-sidebar-style":"default","ast-global-header-display":"","ast-banner-title-visibility":"","ast-main-header-display":"","ast-hfb-above-header-display":"","ast-hfb-below-header-display":"","ast-hfb-mobile-header-display":"","site-post-title":"","ast-breadcrumbs-content":"","ast-featured-img":"","footer-sml-layout":"","theme-transparent-header-meta":"","adv-header-id-meta":"","stick-header-meta":"","header-above-stick-meta":"","header-main-stick-meta":"","header-below-stick-meta":"","astra-migrate-meta-layouts":"default","ast-page-background-enabled":"default","ast-page-background-meta":{"desktop":{"background-color":"var(--ast-global-color-4)","background-image":"","background-repeat":"repeat","background-position":"center center","background-size":"auto","background-attachment":"scroll","background-type":"","background-media":"","overlay-type":"","overlay-color":"","overlay-opacity":"","overlay-gradient":""},"tablet":{"background-color":"","background-image":"","background-repeat":"repeat","background-position":"center center","background-size":"auto","background-attachment":"scroll","background-type":"","background-media":"","overlay-type":"","overlay-color":"","overlay-opacity":"","overlay-gradient":""},"mobile":{"background-color":"","background-image":"","background-repeat":"repeat","background-position":"center center","background-size":"auto","background-attachment":"scroll","background-type":"","background-media":"","overlay-type":"","overlay-color":"","overlay-opacity":"","overlay-gradient":""}},"ast-content-background-meta":{"desktop":{"background-color":"var(--ast-global-color-5)","background-image":"","background-repeat":"repeat","background-position":"center center","background-size":"auto","background-attachment":"scroll","background-type":"","background-media":"","overlay-type":"","overlay-color":"","overlay-opacity":"","overlay-gradient":""},"tablet":{"background-color":"var(--ast-global-color-5)","background-image":"","background-repeat":"repeat","background-position":"center center","background-size":"auto","background-attachment":"scroll","background-type":"","background-media":"","overlay-type":"","overlay-color":"","overlay-opacity":"","overlay-gradient":""},"mobile":{"background-color":"var(--ast-global-color-5)","background-image":"","background-repeat":"repeat","background-position":"center center","background-size":"auto","background-attachment":"scroll","background-type":"","background-media":"","overlay-type":"","overlay-color":"","overlay-opacity":"","overlay-gradient":""}},"footnotes":""},"class_list":["post-8141","page","type-page","status-publish","hentry"],"post_mailing_queue_ids":[],"_links":{"self":[{"href":"https:\/\/agora.xtec.cat\/iesguillembergueda\/wp-json\/wp\/v2\/pages\/8141","targetHints":{"allow":["GET"]}}],"collection":[{"href":"https:\/\/agora.xtec.cat\/iesguillembergueda\/wp-json\/wp\/v2\/pages"}],"about":[{"href":"https:\/\/agora.xtec.cat\/iesguillembergueda\/wp-json\/wp\/v2\/types\/page"}],"author":[{"embeddable":true,"href":"https:\/\/agora.xtec.cat\/iesguillembergueda\/wp-json\/wp\/v2\/users\/1"}],"replies":[{"embeddable":true,"href":"https:\/\/agora.xtec.cat\/iesguillembergueda\/wp-json\/wp\/v2\/comments?post=8141"}],"version-history":[{"count":2,"href":"https:\/\/agora.xtec.cat\/iesguillembergueda\/wp-json\/wp\/v2\/pages\/8141\/revisions"}],"predecessor-version":[{"id":8143,"href":"https:\/\/agora.xtec.cat\/iesguillembergueda\/wp-json\/wp\/v2\/pages\/8141\/revisions\/8143"}],"up":[{"embeddable":true,"href":"https:\/\/agora.xtec.cat\/iesguillembergueda\/wp-json\/wp\/v2\/pages\/57"}],"wp:attachment":[{"href":"https:\/\/agora.xtec.cat\/iesguillembergueda\/wp-json\/wp\/v2\/media?parent=8141"}],"curies":[{"name":"wp","href":"https:\/\/api.w.org\/{rel}","templated":true}]}}