{"id":8131,"date":"2025-02-22T16:43:59","date_gmt":"2025-02-22T15:43:59","guid":{"rendered":"https:\/\/agora.xtec.cat\/iesguillembergueda\/?page_id=8131"},"modified":"2025-02-23T09:45:50","modified_gmt":"2025-02-23T08:45:50","slug":"pla-catala-de-lesport","status":"publish","type":"page","link":"https:\/\/agora.xtec.cat\/iesguillembergueda\/projecte-educatiu\/pla-catala-de-lesport\/","title":{"rendered":"Pla Catal\u00e0 de l&#8217;esport"},"content":{"rendered":"<p><span style=\"font-weight: 400;\">El Pla catal\u00e0 d&#8217;esport a l&#8217;escola pret\u00e9n posar a l&#8217;abast de tots els alumnes la pr\u00e0ctica d&#8217;activitats f\u00edsiques i esportives, i aprofitar el gran potencial d&#8217;aquestes activitats per contribuir a la formaci\u00f3 personal i c\u00edvica dels nostres infants i joves.<\/span><\/p>\n<p><strong>Objectius generals<\/strong><\/p>\n<ul>\n<li style=\"font-weight: 400;\" aria-level=\"1\"><span style=\"font-weight: 400;\">Incrementar la participaci\u00f3 en activitats f\u00edsiques i esportives en horari no lectiu de l&#8217;alumnat dels centres educatius de prim\u00e0ria i de secund\u00e0ria, amb una incid\u00e8ncia especial en el col\u00b7lectiu de noies.<\/span><\/li>\n<li style=\"font-weight: 400;\" aria-level=\"1\"><span style=\"font-weight: 400;\">Aprofitar el gran potencial educatiu i formatiu de les activitats f\u00edsiques i esportives, cercant la participaci\u00f3 per damunt de la competitivitat.<\/span><\/li>\n<li style=\"font-weight: 400;\" aria-level=\"1\"><span style=\"font-weight: 400;\">Potenciar la funci\u00f3 integradora i de cohesi\u00f3 social de l&#8217;esport escolar, facilitant l&#8217;acc\u00e9s de tots els nens i nenes a la pr\u00e0ctica esportiva escolar, i en especial dels nouvinguts.<\/span><\/li>\n<li style=\"font-weight: 400;\" aria-level=\"1\"><span style=\"font-weight: 400;\">Contribuir mitjan\u00e7ant la pr\u00e0ctica esportiva a la formaci\u00f3 en valors com la toler\u00e0ncia, el respecte als altres i a les regles, la confian\u00e7a en un mateix, l&#8217;esfor\u00e7 de superaci\u00f3, l&#8217;autocr\u00edtica, l&#8217;autonomia, la capacitat de decisi\u00f3, l&#8217;autogesti\u00f3, la cooperaci\u00f3, el treball en equip, entre d&#8217;altres.<\/span><\/li>\n<li style=\"font-weight: 400;\" aria-level=\"1\"><span style=\"font-weight: 400;\">Fomentar la pr\u00e0ctica regular d&#8217;activitats f\u00edsiques i esportives i l&#8217;adquisici\u00f3 d&#8217;h\u00e0bits saludables que contribueixin a un millor benestar.<\/span><\/li>\n<li style=\"font-weight: 400;\" aria-level=\"1\"><span style=\"font-weight: 400;\">Formar joves en els valors ciutadans mitjan\u00e7ant la seva participaci\u00f3 activa en la gesti\u00f3 de les associacions esportives escolars de nova creaci\u00f3.<\/span><\/li>\n<\/ul>\n<p><span style=\"font-weight: 400;\">El centre t\u00e9 una <strong>Associaci\u00f3 Esportiva Escolar<\/strong> i participa en trobades i competicions juntament amb altres centres de la comarca i tamb\u00e9 en les organitzades pel Consell Esportiu del Bergued\u00e0. Tamb\u00e9 ofereix la possibilitat de formaci\u00f3 a l\u2019alumnat que ho desitgi i compleixi els requisits per <strong>participar en els cursos CIATE<\/strong>, organitzats pel Consell Catal\u00e0 de l\u2019Esport.\u00a0<\/span><\/p>\n<p><span style=\"font-weight: 400;\">Respecte a l\u2019organitzaci\u00f3 d\u2019<strong>activitats fora de l\u2019horari lectiu<\/strong>, s\u2019ofereixen les <\/span><a href=\"https:\/\/sites.google.com\/iesguillembergueda.cat\/extraescolars-esportives-24-25\/p%C3%A0gina-principal\"><span style=\"font-weight: 400;\">extraescolars esportives de secund\u00e0ria<\/span><\/a><span style=\"font-weight: 400;\"> a trav\u00e9s del professorat d\u2019Educaci\u00f3 f\u00edsica dels diferents centres i en col\u00b7laboraci\u00f3 directe amb el Consell esportiu del Bergued\u00e0, l\u2019Ajuntament de Berga i diferents entitats esportives de la ciutat. Aquesta col\u00b7laboraci\u00f3 permet disposar de les instal\u00b7lacions esportives municipals per dur a terme les activitats, coordinar i jugar diferents competicions en l&#8217;\u00e0mbit escolar, \u00fas de material espec\u00edfic a trav\u00e9s de les entitats i que l\u2019alumnat conegui l\u2019esport i les opcions que hi ha en el seu entorn proper per seguir realitzant-lo a un nivell superior si aix\u00ed ho desitja.\u00a0<\/span><\/p>\n<p><span style=\"font-weight: 400;\">Els esports proposats s\u00f3n: voleibol (col\u00b7laboraci\u00f3 amb el Club Esqu\u00ed Bergued\u00e0), tenis (BTC) i futbol sala (CEB), amb possibilitat d\u2019ampliar l\u2019oferta amb alguna altra activitat.\u00a0<\/span><\/p>\n<p>Informaci\u00f3 a l&#8217;enlla\u00e7:<a href=\"https:\/\/agora.xtec.cat\/iesguillembergueda\/serveis\/activitats-extraescolars\/\"> Activitats extraescolars<\/a><\/p>\n<p><a href=\"https:\/\/agora.xtec.cat\/iesguillembergueda\/projecte-educatiu\/pla-catala-de-lesport\/attachment\/logo-pla-catala-esport\/\" rel=\"attachment wp-att-8132\"><img loading=\"lazy\" decoding=\"async\" class=\"aligncenter size-full wp-image-8132\" src=\"https:\/\/agora.xtec.cat\/iesguillembergueda\/wp-content\/uploads\/usu1118\/2025\/02\/logo-pla-catala-esport.jpg\" alt=\"\" width=\"650\" height=\"260\" srcset=\"https:\/\/agora.xtec.cat\/iesguillembergueda\/wp-content\/uploads\/usu1118\/2025\/02\/logo-pla-catala-esport.jpg 650w, https:\/\/agora.xtec.cat\/iesguillembergueda\/wp-content\/uploads\/usu1118\/2025\/02\/logo-pla-catala-esport-300x120.jpg 300w\" sizes=\"auto, (max-width: 650px) 100vw, 650px\" \/><\/a><\/p>\n","protected":false},"excerpt":{"rendered":"<p>El Pla catal\u00e0 d&#8217;esport a l&#8217;escola pret\u00e9n posar a l&#8217;abast de tots els alumnes la pr\u00e0ctica d&#8217;activitats f\u00edsiques i esportives, i aprofitar el gran potencial d&#8217;aquestes activitats per contribuir a la formaci\u00f3 personal i c\u00edvica dels nostres infants i joves. Objectius generals Incrementar la participaci\u00f3 en activitats f\u00edsiques i esportives en horari no lectiu de [&hellip;]<\/p>\n","protected":false},"author":1,"featured_media":0,"parent":57,"menu_order":18,"comment_status":"closed","ping_status":"closed","template":"page-templates\/side-menu.php","meta":{"_bbp_topic_count":0,"_bbp_reply_count":0,"_bbp_total_topic_count":0,"_bbp_total_reply_count":0,"_bbp_voice_count":0,"_bbp_anonymous_reply_count":0,"_bbp_topic_count_hidden":0,"_bbp_reply_count_hidden":0,"_bbp_forum_subforum_count":0,"site-sidebar-layout":"default","site-content-layout":"","ast-site-content-layout":"","site-content-style":"default","site-sidebar-style":"default","ast-global-header-display":"","ast-banner-title-visibility":"","ast-main-header-display":"","ast-hfb-above-header-display":"","ast-hfb-below-header-display":"","ast-hfb-mobile-header-display":"","site-post-title":"","ast-breadcrumbs-content":"","ast-featured-img":"","footer-sml-layout":"","theme-transparent-header-meta":"","adv-header-id-meta":"","stick-header-meta":"","header-above-stick-meta":"","header-main-stick-meta":"","header-below-stick-meta":"","astra-migrate-meta-layouts":"default","ast-page-background-enabled":"default","ast-page-background-meta":{"desktop":{"background-color":"var(--ast-global-color-4)","background-image":"","background-repeat":"repeat","background-position":"center center","background-size":"auto","background-attachment":"scroll","background-type":"","background-media":"","overlay-type":"","overlay-color":"","overlay-opacity":"","overlay-gradient":""},"tablet":{"background-color":"","background-image":"","background-repeat":"repeat","background-position":"center center","background-size":"auto","background-attachment":"scroll","background-type":"","background-media":"","overlay-type":"","overlay-color":"","overlay-opacity":"","overlay-gradient":""},"mobile":{"background-color":"","background-image":"","background-repeat":"repeat","background-position":"center center","background-size":"auto","background-attachment":"scroll","background-type":"","background-media":"","overlay-type":"","overlay-color":"","overlay-opacity":"","overlay-gradient":""}},"ast-content-background-meta":{"desktop":{"background-color":"var(--ast-global-color-5)","background-image":"","background-repeat":"repeat","background-position":"center center","background-size":"auto","background-attachment":"scroll","background-type":"","background-media":"","overlay-type":"","overlay-color":"","overlay-opacity":"","overlay-gradient":""},"tablet":{"background-color":"var(--ast-global-color-5)","background-image":"","background-repeat":"repeat","background-position":"center center","background-size":"auto","background-attachment":"scroll","background-type":"","background-media":"","overlay-type":"","overlay-color":"","overlay-opacity":"","overlay-gradient":""},"mobile":{"background-color":"var(--ast-global-color-5)","background-image":"","background-repeat":"repeat","background-position":"center center","background-size":"auto","background-attachment":"scroll","background-type":"","background-media":"","overlay-type":"","overlay-color":"","overlay-opacity":"","overlay-gradient":""}},"footnotes":""},"class_list":["post-8131","page","type-page","status-publish","hentry"],"post_mailing_queue_ids":[],"_links":{"self":[{"href":"https:\/\/agora.xtec.cat\/iesguillembergueda\/wp-json\/wp\/v2\/pages\/8131","targetHints":{"allow":["GET"]}}],"collection":[{"href":"https:\/\/agora.xtec.cat\/iesguillembergueda\/wp-json\/wp\/v2\/pages"}],"about":[{"href":"https:\/\/agora.xtec.cat\/iesguillembergueda\/wp-json\/wp\/v2\/types\/page"}],"author":[{"embeddable":true,"href":"https:\/\/agora.xtec.cat\/iesguillembergueda\/wp-json\/wp\/v2\/users\/1"}],"replies":[{"embeddable":true,"href":"https:\/\/agora.xtec.cat\/iesguillembergueda\/wp-json\/wp\/v2\/comments?post=8131"}],"version-history":[{"count":4,"href":"https:\/\/agora.xtec.cat\/iesguillembergueda\/wp-json\/wp\/v2\/pages\/8131\/revisions"}],"predecessor-version":[{"id":8149,"href":"https:\/\/agora.xtec.cat\/iesguillembergueda\/wp-json\/wp\/v2\/pages\/8131\/revisions\/8149"}],"up":[{"embeddable":true,"href":"https:\/\/agora.xtec.cat\/iesguillembergueda\/wp-json\/wp\/v2\/pages\/57"}],"wp:attachment":[{"href":"https:\/\/agora.xtec.cat\/iesguillembergueda\/wp-json\/wp\/v2\/media?parent=8131"}],"curies":[{"name":"wp","href":"https:\/\/api.w.org\/{rel}","templated":true}]}}