{"id":81,"date":"2014-09-18T10:38:05","date_gmt":"2014-09-18T10:38:05","guid":{"rendered":"http:\/\/agora.xtec.cat\/iesguillembergueda\/?page_id=81"},"modified":"2025-05-28T16:41:32","modified_gmt":"2025-05-28T14:41:32","slug":"secretaria","status":"publish","type":"page","link":"https:\/\/agora.xtec.cat\/iesguillembergueda\/secretaria\/","title":{"rendered":"Secretaria"},"content":{"rendered":"<p><b style=\"font-size: 1.4375em;\">Horari d&#8217;atenci\u00f3<\/b><\/p>\n<p>L&#8217;horari \u00e9s de dilluns a divendres de 09:00h a 14:00h i els dimecres de les 15:30 a les 17:00h. Podeu contatctar per correu electr\u00f2nic <a href=\"mailto:secretaria@iesguillembergueda.cat\">secretaria@iesguillembergueda.cat<\/a>. Per a justificar faltes d&#8217;assist\u00e8ncia: <a href=\"mailto:consergeria@iesguillembergueda.cat\">consergeria@iesguillembergueda.cat<\/a>.<\/p>\n<p><b>Vacances<\/b><\/p>\n<p>Agost tancat.<\/p>\n<p>Aquests horaris s\u00f3n susceptibles de variaci\u00f3 en els per\u00edodes de vacances i ponts.<\/p>\n<h4><strong>Gestions<\/strong><\/h4>\n<ul>\n<li><a href=\"https:\/\/agora.xtec.cat\/iesguillembergueda\/secretaria\/preinscripcio-i-matricula\/\">Preinscripci\u00f3 i Matr\u00edcula<\/a>\n<ul>\n<li><a href=\"https:\/\/agora.xtec.cat\/iesguillembergueda\/secretaria\/preinscripcio-i-matricula\/preinscripcio-eso\/\">Preinscripci\u00f3 i matr\u00edcula ESO<\/a><\/li>\n<li><a href=\"https:\/\/agora.xtec.cat\/iesguillembergueda\/secretaria\/preinscripcio-i-matricula\/preinscripcio-batxillerat\/\">Preinscripci\u00f3 i matr\u00edcula BATXILLERAT<\/a><\/li>\n<li><a href=\"https:\/\/agora.xtec.cat\/iesguillembergueda\/secretaria\/preinscripcio-i-matricula\/preinscripcio-batxillerat\/preinscripcio-batxibac\/\">Preinscripci\u00f3 i matr\u00edcula BATXIBAC<\/a><\/li>\n<li><a href=\"https:\/\/agora.xtec.cat\/iesguillembergueda\/secretaria\/preinscripcio-i-matricula\/preinscripcio-cicles-formatius-de-grau-mitja\/\">Preinscripci\u00f3 i matr\u00edcula CICLES FORMATIUS DE GRAU MITJ\u00c0<\/a><\/li>\n<li><a href=\"https:\/\/agora.xtec.cat\/iesguillembergueda\/secretaria\/preinscripcio-i-matricula\/preinscripcio-cicles-formatius-de-grau-superior\/\">Preinscripci\u00f3 i matr\u00edcula CICLES FORMATIUS DE GRAU SUPERIOR<\/a><\/li>\n<li><a href=\"https:\/\/agora.xtec.cat\/iesguillembergueda\/secretaria\/preinscripcio-i-matricula\/preinscripcio-ife\/\">Preinscripci\u00f3 IFE<\/a><\/li>\n<li><a href=\"https:\/\/agora.xtec.cat\/iesguillembergueda\/secretaria\/preinscripcio-i-matricula\/preinscripcio-pt\u2026tencio-al-public\/\">Preinscripci\u00f3 PFI Berga<\/a><\/li>\n<\/ul>\n<\/li>\n<li>Certificats\n<ul>\n<li><a href=\"http:\/\/agora.xtec.cat\/iesguillembergueda\/secretaria\/certificat-catala\/\">Certificat acreditaci\u00f3 nivell de catal\u00e0<\/a><\/li>\n<li><a href=\"http:\/\/agora.xtec.cat\/iesguillembergueda\/secretaria\/certificats-academics\/\">Sol\u00b7licitud de certificats acad\u00e8mics<\/a><\/li>\n<\/ul>\n<\/li>\n<li>\u00a0T\u00edtols\n<ul>\n<li><a href=\"https:\/\/agora.xtec.cat\/iesguillembergueda\/secretaria\/sollicitud-duplicats-titols-deso\/\">Sol\u00b7licitud de t\u00edtols acad\u00e8mics.<\/a><\/li>\n<\/ul>\n<\/li>\n<\/ul>\n<ul>\n<li><a href=\"https:\/\/agora.xtec.cat\/iesguillembergueda\/wp-admin\/post.php?post=7568&amp;action=edit\">Beques i Ajuts<\/a><\/li>\n<li><a href=\"http:\/\/agora.xtec.cat\/iesguillembergueda\/secretaria\/convocatoria-anual-de-proves-dobtencio-de-titol-deso-per-a-ex-alumnes-del-centre\">Proves obtenci\u00f3 ESO<\/a><\/li>\n<li><a href=\"http:\/\/www20.gencat.cat\/portal\/site\/ur\/menuitem.392ea0abf128a1a9ccf24010b0c0e1a0\/?vgnextoid=ec3ec131d66b8310VgnVCM1000000b0c1e0aRCRD&amp;vgnextchannel=ec3ec131d66b8310VgnVCM1000000b0c1e0aRCRD&amp;vgnextfmt=default\">Acc\u00e9s Universitat<\/a><\/li>\n<\/ul>\n","protected":false},"excerpt":{"rendered":"<p>Horari d&#8217;atenci\u00f3 L&#8217;horari \u00e9s de dilluns a divendres de 09:00h a 14:00h i els dimecres de les 15:30 a les 17:00h. Podeu contatctar per correu electr\u00f2nic secretaria@iesguillembergueda.cat. Per a justificar faltes d&#8217;assist\u00e8ncia: consergeria@iesguillembergueda.cat. Vacances Agost tancat. Aquests horaris s\u00f3n susceptibles de variaci\u00f3 en els per\u00edodes de vacances i ponts. Gestions Preinscripci\u00f3 i Matr\u00edcula Preinscripci\u00f3 i [&hellip;]<\/p>\n","protected":false},"author":1,"featured_media":0,"parent":0,"menu_order":0,"comment_status":"closed","ping_status":"closed","template":"page-templates\/side-menu.php","meta":{"_bbp_topic_count":0,"_bbp_reply_count":0,"_bbp_total_topic_count":0,"_bbp_total_reply_count":0,"_bbp_voice_count":0,"_bbp_anonymous_reply_count":0,"_bbp_topic_count_hidden":0,"_bbp_reply_count_hidden":0,"_bbp_forum_subforum_count":0,"site-sidebar-layout":"default","site-content-layout":"","ast-site-content-layout":"","site-content-style":"default","site-sidebar-style":"default","ast-global-header-display":"","ast-banner-title-visibility":"","ast-main-header-display":"","ast-hfb-above-header-display":"","ast-hfb-below-header-display":"","ast-hfb-mobile-header-display":"","site-post-title":"","ast-breadcrumbs-content":"","ast-featured-img":"","footer-sml-layout":"","theme-transparent-header-meta":"","adv-header-id-meta":"","stick-header-meta":"","header-above-stick-meta":"","header-main-stick-meta":"","header-below-stick-meta":"","astra-migrate-meta-layouts":"default","ast-page-background-enabled":"default","ast-page-background-meta":{"desktop":{"background-color":"var(--ast-global-color-4)","background-image":"","background-repeat":"repeat","background-position":"center center","background-size":"auto","background-attachment":"scroll","background-type":"","background-media":"","overlay-type":"","overlay-color":"","overlay-opacity":"","overlay-gradient":""},"tablet":{"background-color":"","background-image":"","background-repeat":"repeat","background-position":"center center","background-size":"auto","background-attachment":"scroll","background-type":"","background-media":"","overlay-type":"","overlay-color":"","overlay-opacity":"","overlay-gradient":""},"mobile":{"background-color":"","background-image":"","background-repeat":"repeat","background-position":"center center","background-size":"auto","background-attachment":"scroll","background-type":"","background-media":"","overlay-type":"","overlay-color":"","overlay-opacity":"","overlay-gradient":""}},"ast-content-background-meta":{"desktop":{"background-color":"var(--ast-global-color-5)","background-image":"","background-repeat":"repeat","background-position":"center center","background-size":"auto","background-attachment":"scroll","background-type":"","background-media":"","overlay-type":"","overlay-color":"","overlay-opacity":"","overlay-gradient":""},"tablet":{"background-color":"var(--ast-global-color-5)","background-image":"","background-repeat":"repeat","background-position":"center center","background-size":"auto","background-attachment":"scroll","background-type":"","background-media":"","overlay-type":"","overlay-color":"","overlay-opacity":"","overlay-gradient":""},"mobile":{"background-color":"var(--ast-global-color-5)","background-image":"","background-repeat":"repeat","background-position":"center center","background-size":"auto","background-attachment":"scroll","background-type":"","background-media":"","overlay-type":"","overlay-color":"","overlay-opacity":"","overlay-gradient":""}},"footnotes":""},"class_list":["post-81","page","type-page","status-publish","hentry"],"post_mailing_queue_ids":[],"_links":{"self":[{"href":"https:\/\/agora.xtec.cat\/iesguillembergueda\/wp-json\/wp\/v2\/pages\/81","targetHints":{"allow":["GET"]}}],"collection":[{"href":"https:\/\/agora.xtec.cat\/iesguillembergueda\/wp-json\/wp\/v2\/pages"}],"about":[{"href":"https:\/\/agora.xtec.cat\/iesguillembergueda\/wp-json\/wp\/v2\/types\/page"}],"author":[{"embeddable":true,"href":"https:\/\/agora.xtec.cat\/iesguillembergueda\/wp-json\/wp\/v2\/users\/1"}],"replies":[{"embeddable":true,"href":"https:\/\/agora.xtec.cat\/iesguillembergueda\/wp-json\/wp\/v2\/comments?post=81"}],"version-history":[{"count":6,"href":"https:\/\/agora.xtec.cat\/iesguillembergueda\/wp-json\/wp\/v2\/pages\/81\/revisions"}],"predecessor-version":[{"id":8664,"href":"https:\/\/agora.xtec.cat\/iesguillembergueda\/wp-json\/wp\/v2\/pages\/81\/revisions\/8664"}],"wp:attachment":[{"href":"https:\/\/agora.xtec.cat\/iesguillembergueda\/wp-json\/wp\/v2\/media?parent=81"}],"curies":[{"name":"wp","href":"https:\/\/api.w.org\/{rel}","templated":true}]}}