{"id":7654,"date":"2024-05-14T22:52:59","date_gmt":"2024-05-14T20:52:59","guid":{"rendered":"https:\/\/agora.xtec.cat\/iesguillembergueda\/?page_id=7654"},"modified":"2026-02-27T09:35:36","modified_gmt":"2026-02-27T08:35:36","slug":"pinn-mufps","status":"publish","type":"page","link":"https:\/\/agora.xtec.cat\/iesguillembergueda\/estudis\/pinn-mufps\/","title":{"rendered":"PINN MUFPS"},"content":{"rendered":"<p data-path-to-node=\"3\">L&#8217;Institut Guillem de Bergued\u00e0 forma part del <b data-path-to-node=\"3\" data-index-in-node=\"46\">Programa d&#8217;innovaci\u00f3 pedag\u00f2gica de Pr\u00e0ctiques<\/b>, un model de col\u00b7laboraci\u00f3 entre el Departament d&#8217;Educaci\u00f3 i les universitats per a la formaci\u00f3 dels futurs professors (M\u00e0ster de Secund\u00e0ria, FP i Idiomes).<\/p>\n<p data-path-to-node=\"4\">Com a <b data-path-to-node=\"4\" data-index-in-node=\"6\">Centre Formador<\/b>, el nostre comprom\u00eds va m\u00e9s enll\u00e0 de l&#8217;acollida: som una pe\u00e7a clau en la capacitaci\u00f3 dels nous professionals de l&#8217;educaci\u00f3.<\/p>\n<h3 data-path-to-node=\"4\"><b data-path-to-node=\"4\" data-index-in-node=\"0\">Qu\u00e8 fem com a centre formador?<\/b><\/h3>\n<ul data-path-to-node=\"5\">\n<li>\n<p data-path-to-node=\"5,0,0\"><b data-path-to-node=\"5,0,0\" data-index-in-node=\"0\">Acompanyament de qualitat: <\/b>Els nostres docents acompanyen i guien els estudiants de M\u00e0ster en el seu primer contacte amb l&#8217;aula.<\/p>\n<\/li>\n<li>\n<p data-path-to-node=\"5,1,0\"><b data-path-to-node=\"5,1,0\" data-index-in-node=\"0\">Intercanvi d&#8217;idees:<\/b> Els futurs docents participen activament en els nostres projectes, aportant energia i noves mirades pedag\u00f2giques.<\/p>\n<\/li>\n<li>\n<p data-path-to-node=\"5,2,0\"><b data-path-to-node=\"5,2,0\" data-index-in-node=\"0\">Recerca i millora:<\/b> Treballem juntament amb les universitats per aplicar les darreres innovacions educatives al nostre institut.<\/p>\n<\/li>\n<\/ul>\n<p data-path-to-node=\"6\">Ser un centre formador ens ajuda a estar sempre al dia i a millorar constantment la qualitat de l&#8217;ensenyament que oferim al nostre alumnat.<\/p>\n<h3>Documents de centre<\/h3>\n<p><a href=\"https:\/\/drive.google.com\/file\/d\/1j8nMD6oui2TiUdawcbmQkkkmDS01_vku\/view?usp=sharing\">\u00a0PLA D&#8217;ACCI\u00d3 2022-2025<\/a><br \/>\n<a href=\"https:\/\/drive.google.com\/file\/d\/1hHb2o5Ovhmz07loGx2vRhyUmoLryRew9\/view?usp=sharing\">INFORME DE CENTRE FORMADOR 2025<\/a><br \/>\n<a href=\"https:\/\/drive.google.com\/file\/d\/1ZV4axrrgKbZLC6Mv3uvyoFoQQqF4ovab\/view?usp=sharing\">ACOLLIDA ALUMNAT MUFPS<\/a><\/p>\n<h3>Altres informacions sobre el projecte<\/h3>\n<p><a href=\"https:\/\/xtec.gencat.cat\/ca\/formacio\/centres-formadors\/programa-dinnovacio-mupfs\/\" target=\"_blank\" rel=\"noopener\">PROGRAMA D\u2019INNOVACI\u00d3 CENTRES FORMADORS<\/a><\/p>\n<p><a href=\"https:\/\/educacio.gencat.cat\/ca\/arees-actuacio\/professors\/formacio\/formacio-exercici-docencia\/master-formacio-professors\/index.html\" target=\"_blank\" rel=\"noopener\">M\u00c0STER UNIVERSITARI FORMACI\u00d3 DEL PROFESSORAT DE SECUND\u00c0RIA<\/a><\/p>\n<p><iframe style=\"width: 500px; height: 275px;\" src=\"https:\/\/drive.google.com\/file\/d\/16RnDskDEpins2zpfSgex5hUs-9j-vZLk\/preview\" frameborder=\"0\"><span data-mce-type=\"bookmark\" style=\"display: inline-block; width: 0px; overflow: hidden; line-height: 0;\" class=\"mce_SELRES_start\">\ufeff<\/span><span data-mce-type=\"bookmark\" style=\"display: inline-block; width: 0px; overflow: hidden; line-height: 0;\" class=\"mce_SELRES_start\">\ufeff<\/span><span data-mce-type=\"bookmark\" style=\"display: inline-block; width: 0px; overflow: hidden; line-height: 0;\" class=\"mce_SELRES_start\"><\/span><\/iframe><\/p>\n<p><a href=\"https:\/\/projectes.xtec.cat\/centresformadors\/\">CENTRES FORMADORS<\/a><\/p>\n","protected":false},"excerpt":{"rendered":"<p>L&#8217;Institut Guillem de Bergued\u00e0 forma part del Programa d&#8217;innovaci\u00f3 pedag\u00f2gica de Pr\u00e0ctiques, un model de col\u00b7laboraci\u00f3 entre el Departament d&#8217;Educaci\u00f3 i les universitats per a la formaci\u00f3 dels futurs professors (M\u00e0ster de Secund\u00e0ria, FP i Idiomes). Com a Centre Formador, el nostre comprom\u00eds va m\u00e9s enll\u00e0 de l&#8217;acollida: som una pe\u00e7a clau en la capacitaci\u00f3 [&hellip;]<\/p>\n","protected":false},"author":1,"featured_media":0,"parent":195,"menu_order":30,"comment_status":"closed","ping_status":"closed","template":"","meta":{"_bbp_topic_count":0,"_bbp_reply_count":0,"_bbp_total_topic_count":0,"_bbp_total_reply_count":0,"_bbp_voice_count":0,"_bbp_anonymous_reply_count":0,"_bbp_topic_count_hidden":0,"_bbp_reply_count_hidden":0,"_bbp_forum_subforum_count":0,"site-sidebar-layout":"default","site-content-layout":"","ast-site-content-layout":"default","site-content-style":"default","site-sidebar-style":"default","ast-global-header-display":"","ast-banner-title-visibility":"","ast-main-header-display":"","ast-hfb-above-header-display":"","ast-hfb-below-header-display":"","ast-hfb-mobile-header-display":"","site-post-title":"","ast-breadcrumbs-content":"","ast-featured-img":"","footer-sml-layout":"","theme-transparent-header-meta":"","adv-header-id-meta":"","stick-header-meta":"","header-above-stick-meta":"","header-main-stick-meta":"","header-below-stick-meta":"","astra-migrate-meta-layouts":"set","ast-page-background-enabled":"default","ast-page-background-meta":{"desktop":{"background-color":"var(--ast-global-color-4)","background-image":"","background-repeat":"repeat","background-position":"center center","background-size":"auto","background-attachment":"scroll","background-type":"","background-media":"","overlay-type":"","overlay-color":"","overlay-opacity":"","overlay-gradient":""},"tablet":{"background-color":"","background-image":"","background-repeat":"repeat","background-position":"center center","background-size":"auto","background-attachment":"scroll","background-type":"","background-media":"","overlay-type":"","overlay-color":"","overlay-opacity":"","overlay-gradient":""},"mobile":{"background-color":"","background-image":"","background-repeat":"repeat","background-position":"center center","background-size":"auto","background-attachment":"scroll","background-type":"","background-media":"","overlay-type":"","overlay-color":"","overlay-opacity":"","overlay-gradient":""}},"ast-content-background-meta":{"desktop":{"background-color":"var(--ast-global-color-5)","background-image":"","background-repeat":"repeat","background-position":"center center","background-size":"auto","background-attachment":"scroll","background-type":"","background-media":"","overlay-type":"","overlay-color":"","overlay-opacity":"","overlay-gradient":""},"tablet":{"background-color":"var(--ast-global-color-5)","background-image":"","background-repeat":"repeat","background-position":"center center","background-size":"auto","background-attachment":"scroll","background-type":"","background-media":"","overlay-type":"","overlay-color":"","overlay-opacity":"","overlay-gradient":""},"mobile":{"background-color":"var(--ast-global-color-5)","background-image":"","background-repeat":"repeat","background-position":"center center","background-size":"auto","background-attachment":"scroll","background-type":"","background-media":"","overlay-type":"","overlay-color":"","overlay-opacity":"","overlay-gradient":""}},"footnotes":""},"class_list":["post-7654","page","type-page","status-publish","hentry"],"post_mailing_queue_ids":[],"_links":{"self":[{"href":"https:\/\/agora.xtec.cat\/iesguillembergueda\/wp-json\/wp\/v2\/pages\/7654","targetHints":{"allow":["GET"]}}],"collection":[{"href":"https:\/\/agora.xtec.cat\/iesguillembergueda\/wp-json\/wp\/v2\/pages"}],"about":[{"href":"https:\/\/agora.xtec.cat\/iesguillembergueda\/wp-json\/wp\/v2\/types\/page"}],"author":[{"embeddable":true,"href":"https:\/\/agora.xtec.cat\/iesguillembergueda\/wp-json\/wp\/v2\/users\/1"}],"replies":[{"embeddable":true,"href":"https:\/\/agora.xtec.cat\/iesguillembergueda\/wp-json\/wp\/v2\/comments?post=7654"}],"version-history":[{"count":6,"href":"https:\/\/agora.xtec.cat\/iesguillembergueda\/wp-json\/wp\/v2\/pages\/7654\/revisions"}],"predecessor-version":[{"id":9340,"href":"https:\/\/agora.xtec.cat\/iesguillembergueda\/wp-json\/wp\/v2\/pages\/7654\/revisions\/9340"}],"up":[{"embeddable":true,"href":"https:\/\/agora.xtec.cat\/iesguillembergueda\/wp-json\/wp\/v2\/pages\/195"}],"wp:attachment":[{"href":"https:\/\/agora.xtec.cat\/iesguillembergueda\/wp-json\/wp\/v2\/media?parent=7654"}],"curies":[{"name":"wp","href":"https:\/\/api.w.org\/{rel}","templated":true}]}}