{"id":7568,"date":"2024-04-12T09:29:37","date_gmt":"2024-04-12T07:29:37","guid":{"rendered":"https:\/\/agora.xtec.cat\/iesguillembergueda\/?page_id=7568"},"modified":"2025-05-15T11:51:13","modified_gmt":"2025-05-15T09:51:13","slug":"beques-i-ajuts","status":"publish","type":"page","link":"https:\/\/agora.xtec.cat\/iesguillembergueda\/beques-i-ajuts\/","title":{"rendered":"Beques i ajuts"},"content":{"rendered":"<h1><b>Beques de car\u00e0cter general del Ministeri per al curs 2025-2026 (GRAL 2025)\u00a0<\/b><\/h1>\n<h3><span style=\"color: #ff0000;\">Del 24\/03\/2025 a les 08:00h fins al <del>14\/05\/2025 a les 15:00h<\/del>\u00a0 (<strong>Termini ampliat fins al 30\/05\/2025 a les 15:00h<\/strong>)<b><br \/>\n<\/b><\/span><\/h3>\n<p><span style=\"font-weight: 400;\">S\u00f3n beques convocades pel\u00a0<\/span><a href=\"https:\/\/www.educacionyfp.gob.es\/servicios-al-ciudadano\/catalogo\/general\/05\/050130\/ficha\/050130-2024.html\"><span style=\"font-weight: 400;\">Ministeri d&#8217;Educaci\u00f3, Formaci\u00f3 Professional i Esports<\/span><\/a><span style=\"font-weight: 400;\"> que, sota el principi d&#8217;igualtat d&#8217;oportunitats, faciliten l&#8217;acc\u00e9s als estudis universitaris.\u00a0<\/span><\/p>\n<p><span style=\"font-weight: 400;\">L&#8217;AGAUR gestionar\u00e0 i resoldr\u00e0 les sol\u00b7licituds dels estudiants que cursin estudis a una universitat catalana m\u00e9s els estudiants de la Universitat Oberta de Catalunya, independentment d&#8217;on es trobi localitzat el seu domicili familiar.<\/span><\/p>\n<p><b>Sol\u00b7licitud i tramitaci\u00f3<\/b><span style=\"font-weight: 400;\">:<\/span><\/p>\n<p><a href=\"https:\/\/www.educacionfpydeportes.gob.es\/gl\/servicios-al-ciudadano\/catalogo\/general\/05\/050130\/ficha\/050130-2025.html\"><span style=\"font-weight: 400;\">https:\/\/www.educacionfpydeportes.gob.es\/gl\/servicios-al-ciudadano\/catalogo\/general\/05\/050130\/ficha\/050130-2025.html<\/span><\/a><\/p>\n","protected":false},"excerpt":{"rendered":"<p>Beques de car\u00e0cter general del Ministeri per al curs 2025-2026 (GRAL 2025)\u00a0 Del 24\/03\/2025 a les 08:00h fins al 14\/05\/2025 a les 15:00h\u00a0 (Termini ampliat fins al 30\/05\/2025 a les 15:00h) S\u00f3n beques convocades pel\u00a0Ministeri d&#8217;Educaci\u00f3, Formaci\u00f3 Professional i Esports que, sota el principi d&#8217;igualtat d&#8217;oportunitats, faciliten l&#8217;acc\u00e9s als estudis universitaris.\u00a0 L&#8217;AGAUR gestionar\u00e0 i resoldr\u00e0 [&hellip;]<\/p>\n","protected":false},"author":1,"featured_media":0,"parent":0,"menu_order":0,"comment_status":"closed","ping_status":"closed","template":"","meta":{"_bbp_topic_count":0,"_bbp_reply_count":0,"_bbp_total_topic_count":0,"_bbp_total_reply_count":0,"_bbp_voice_count":0,"_bbp_anonymous_reply_count":0,"_bbp_topic_count_hidden":0,"_bbp_reply_count_hidden":0,"_bbp_forum_subforum_count":0,"site-sidebar-layout":"default","site-content-layout":"","ast-site-content-layout":"","site-content-style":"default","site-sidebar-style":"default","ast-global-header-display":"","ast-banner-title-visibility":"","ast-main-header-display":"","ast-hfb-above-header-display":"","ast-hfb-below-header-display":"","ast-hfb-mobile-header-display":"","site-post-title":"","ast-breadcrumbs-content":"","ast-featured-img":"","footer-sml-layout":"","theme-transparent-header-meta":"","adv-header-id-meta":"","stick-header-meta":"","header-above-stick-meta":"","header-main-stick-meta":"","header-below-stick-meta":"","astra-migrate-meta-layouts":"default","ast-page-background-enabled":"default","ast-page-background-meta":{"desktop":{"background-color":"var(--ast-global-color-4)","background-image":"","background-repeat":"repeat","background-position":"center center","background-size":"auto","background-attachment":"scroll","background-type":"","background-media":"","overlay-type":"","overlay-color":"","overlay-opacity":"","overlay-gradient":""},"tablet":{"background-color":"","background-image":"","background-repeat":"repeat","background-position":"center center","background-size":"auto","background-attachment":"scroll","background-type":"","background-media":"","overlay-type":"","overlay-color":"","overlay-opacity":"","overlay-gradient":""},"mobile":{"background-color":"","background-image":"","background-repeat":"repeat","background-position":"center center","background-size":"auto","background-attachment":"scroll","background-type":"","background-media":"","overlay-type":"","overlay-color":"","overlay-opacity":"","overlay-gradient":""}},"ast-content-background-meta":{"desktop":{"background-color":"var(--ast-global-color-5)","background-image":"","background-repeat":"repeat","background-position":"center center","background-size":"auto","background-attachment":"scroll","background-type":"","background-media":"","overlay-type":"","overlay-color":"","overlay-opacity":"","overlay-gradient":""},"tablet":{"background-color":"var(--ast-global-color-5)","background-image":"","background-repeat":"repeat","background-position":"center center","background-size":"auto","background-attachment":"scroll","background-type":"","background-media":"","overlay-type":"","overlay-color":"","overlay-opacity":"","overlay-gradient":""},"mobile":{"background-color":"var(--ast-global-color-5)","background-image":"","background-repeat":"repeat","background-position":"center center","background-size":"auto","background-attachment":"scroll","background-type":"","background-media":"","overlay-type":"","overlay-color":"","overlay-opacity":"","overlay-gradient":""}},"footnotes":""},"class_list":["post-7568","page","type-page","status-publish","hentry"],"post_mailing_queue_ids":[],"_links":{"self":[{"href":"https:\/\/agora.xtec.cat\/iesguillembergueda\/wp-json\/wp\/v2\/pages\/7568","targetHints":{"allow":["GET"]}}],"collection":[{"href":"https:\/\/agora.xtec.cat\/iesguillembergueda\/wp-json\/wp\/v2\/pages"}],"about":[{"href":"https:\/\/agora.xtec.cat\/iesguillembergueda\/wp-json\/wp\/v2\/types\/page"}],"author":[{"embeddable":true,"href":"https:\/\/agora.xtec.cat\/iesguillembergueda\/wp-json\/wp\/v2\/users\/1"}],"replies":[{"embeddable":true,"href":"https:\/\/agora.xtec.cat\/iesguillembergueda\/wp-json\/wp\/v2\/comments?post=7568"}],"version-history":[{"count":6,"href":"https:\/\/agora.xtec.cat\/iesguillembergueda\/wp-json\/wp\/v2\/pages\/7568\/revisions"}],"predecessor-version":[{"id":8608,"href":"https:\/\/agora.xtec.cat\/iesguillembergueda\/wp-json\/wp\/v2\/pages\/7568\/revisions\/8608"}],"wp:attachment":[{"href":"https:\/\/agora.xtec.cat\/iesguillembergueda\/wp-json\/wp\/v2\/media?parent=7568"}],"curies":[{"name":"wp","href":"https:\/\/api.w.org\/{rel}","templated":true}]}}