{"id":6686,"date":"2023-02-22T13:43:30","date_gmt":"2023-02-22T12:43:30","guid":{"rendered":"https:\/\/agora.xtec.cat\/iesguillembergueda\/?page_id=6686"},"modified":"2026-02-09T22:48:03","modified_gmt":"2026-02-09T21:48:03","slug":"preinscripcio-ife","status":"publish","type":"page","link":"https:\/\/agora.xtec.cat\/iesguillembergueda\/secretaria\/preinscripcio-i-matricula\/preinscripcio-ife\/","title":{"rendered":"Preinscripci\u00f3 IFE"},"content":{"rendered":"<h3><b>IFE \u2013 Itinerari formatiu espec\u00edfic: <\/b><b>Auxiliar en vendes i atenci\u00f3 al p\u00fablic\u00a0<\/b><\/h3>\n<h3>CURS 2026-2027<\/h3>\n<p><b>CALENDARI Enlla\u00e7<\/b><\/p>\n<p>&nbsp;<\/p>\n<p><b>Presentar la sol\u00b7licitud de preinscripci\u00f3, modificar-a i fer-ne el seguiment<\/b><\/p>\n<p>&nbsp;<\/p>\n<p><b>CONSULTA PLA\u00c7A ASSIGNADA<\/b><\/p>\n<p>&nbsp;<\/p>\n<p><!-- Google Tag Manager (noscript) --><\/p>\n<p><noscript><br data-mce-bogus=\"1\"><\/noscript><noscript><br data-mce-bogus=\"1\"><\/noscript><noscript>Auxiliar en vendes i atenci\u00f3 al p\u00fablic <br data-mce-fragment=\"1\" \/>CALENDARI <br data-mce-fragment=\"1\" \/>\/>https:\/\/preinscripcio.gencat.cat\/ca\/estudis\/ife\/informat\/calendari\/<br data-mce-fragment=\"1\" \/>Presentar la sol\u00b7licitud de preinscripci\u00f3, modificar-a i fer-ne el seguiment<br data-mce-fragment=\"1\" \/>https:\/\/preinscripcio.gencat.cat\/ca\/estudis\/ife\/preinscriute\/sollicitud\/<br data-mce-fragment=\"1\" \/>https:\/\/preinscripcio.gencat.cat\/ca\/estudis\/ife\/preinscriute\/seguiment-sollicitud\/<br data-mce-fragment=\"1\" \/>CONSULTA PLA\u00c7A ASSIGNADA<br data-mce-fragment=\"1\" \/>https:\/\/preinscripcio.gencat.cat\/ca\/estudis\/ife\/preinscriute\/consulta\/<span id=\"mce_marker\" data-mce-type=\"bookmark\" data-mce-fragment=\"1\">\u200b<\/span><br data-mce-fragment=\"1\" \/><span id=\"__caret\">_<\/span><\/noscript><!-- End Google Tag Manager (noscript) --><\/p>\n","protected":false},"excerpt":{"rendered":"<p>IFE \u2013 Itinerari formatiu espec\u00edfic: Auxiliar en vendes i atenci\u00f3 al p\u00fablic\u00a0 CURS 2026-2027 CALENDARI Enlla\u00e7 &nbsp; Presentar la sol\u00b7licitud de preinscripci\u00f3, modificar-a i fer-ne el seguiment &nbsp; CONSULTA PLA\u00c7A ASSIGNADA &nbsp; Auxiliar en vendes i atenci\u00f3 al p\u00fablic CALENDARI \/>https:\/\/preinscripcio.gencat.cat\/ca\/estudis\/ife\/informat\/calendari\/Presentar la sol\u00b7licitud de preinscripci\u00f3, modificar-a i fer-ne el seguimenthttps:\/\/preinscripcio.gencat.cat\/ca\/estudis\/ife\/preinscriute\/sollicitud\/https:\/\/preinscripcio.gencat.cat\/ca\/estudis\/ife\/preinscriute\/seguiment-sollicitud\/CONSULTA PLA\u00c7A ASSIGNADAhttps:\/\/preinscripcio.gencat.cat\/ca\/estudis\/ife\/preinscriute\/consulta\/\u200b_<\/p>\n","protected":false},"author":1,"featured_media":0,"parent":443,"menu_order":18,"comment_status":"closed","ping_status":"closed","template":"","meta":{"_bbp_topic_count":0,"_bbp_reply_count":0,"_bbp_total_topic_count":0,"_bbp_total_reply_count":0,"_bbp_voice_count":0,"_bbp_anonymous_reply_count":0,"_bbp_topic_count_hidden":0,"_bbp_reply_count_hidden":0,"_bbp_forum_subforum_count":0,"site-sidebar-layout":"default","site-content-layout":"","ast-site-content-layout":"","site-content-style":"default","site-sidebar-style":"default","ast-global-header-display":"","ast-banner-title-visibility":"","ast-main-header-display":"","ast-hfb-above-header-display":"","ast-hfb-below-header-display":"","ast-hfb-mobile-header-display":"","site-post-title":"","ast-breadcrumbs-content":"","ast-featured-img":"","footer-sml-layout":"","theme-transparent-header-meta":"","adv-header-id-meta":"","stick-header-meta":"","header-above-stick-meta":"","header-main-stick-meta":"","header-below-stick-meta":"","astra-migrate-meta-layouts":"default","ast-page-background-enabled":"default","ast-page-background-meta":{"desktop":{"background-color":"var(--ast-global-color-4)","background-image":"","background-repeat":"repeat","background-position":"center center","background-size":"auto","background-attachment":"scroll","background-type":"","background-media":"","overlay-type":"","overlay-color":"","overlay-opacity":"","overlay-gradient":""},"tablet":{"background-color":"","background-image":"","background-repeat":"repeat","background-position":"center center","background-size":"auto","background-attachment":"scroll","background-type":"","background-media":"","overlay-type":"","overlay-color":"","overlay-opacity":"","overlay-gradient":""},"mobile":{"background-color":"","background-image":"","background-repeat":"repeat","background-position":"center center","background-size":"auto","background-attachment":"scroll","background-type":"","background-media":"","overlay-type":"","overlay-color":"","overlay-opacity":"","overlay-gradient":""}},"ast-content-background-meta":{"desktop":{"background-color":"var(--ast-global-color-5)","background-image":"","background-repeat":"repeat","background-position":"center center","background-size":"auto","background-attachment":"scroll","background-type":"","background-media":"","overlay-type":"","overlay-color":"","overlay-opacity":"","overlay-gradient":""},"tablet":{"background-color":"var(--ast-global-color-5)","background-image":"","background-repeat":"repeat","background-position":"center center","background-size":"auto","background-attachment":"scroll","background-type":"","background-media":"","overlay-type":"","overlay-color":"","overlay-opacity":"","overlay-gradient":""},"mobile":{"background-color":"var(--ast-global-color-5)","background-image":"","background-repeat":"repeat","background-position":"center center","background-size":"auto","background-attachment":"scroll","background-type":"","background-media":"","overlay-type":"","overlay-color":"","overlay-opacity":"","overlay-gradient":""}},"footnotes":""},"class_list":["post-6686","page","type-page","status-publish","hentry"],"post_mailing_queue_ids":[],"_links":{"self":[{"href":"https:\/\/agora.xtec.cat\/iesguillembergueda\/wp-json\/wp\/v2\/pages\/6686","targetHints":{"allow":["GET"]}}],"collection":[{"href":"https:\/\/agora.xtec.cat\/iesguillembergueda\/wp-json\/wp\/v2\/pages"}],"about":[{"href":"https:\/\/agora.xtec.cat\/iesguillembergueda\/wp-json\/wp\/v2\/types\/page"}],"author":[{"embeddable":true,"href":"https:\/\/agora.xtec.cat\/iesguillembergueda\/wp-json\/wp\/v2\/users\/1"}],"replies":[{"embeddable":true,"href":"https:\/\/agora.xtec.cat\/iesguillembergueda\/wp-json\/wp\/v2\/comments?post=6686"}],"version-history":[{"count":6,"href":"https:\/\/agora.xtec.cat\/iesguillembergueda\/wp-json\/wp\/v2\/pages\/6686\/revisions"}],"predecessor-version":[{"id":9123,"href":"https:\/\/agora.xtec.cat\/iesguillembergueda\/wp-json\/wp\/v2\/pages\/6686\/revisions\/9123"}],"up":[{"embeddable":true,"href":"https:\/\/agora.xtec.cat\/iesguillembergueda\/wp-json\/wp\/v2\/pages\/443"}],"wp:attachment":[{"href":"https:\/\/agora.xtec.cat\/iesguillembergueda\/wp-json\/wp\/v2\/media?parent=6686"}],"curies":[{"name":"wp","href":"https:\/\/api.w.org\/{rel}","templated":true}]}}