{"id":6682,"date":"2023-02-22T13:34:45","date_gmt":"2023-02-22T12:34:45","guid":{"rendered":"https:\/\/agora.xtec.cat\/iesguillembergueda\/?page_id=6682"},"modified":"2026-02-09T22:57:10","modified_gmt":"2026-02-09T21:57:10","slug":"preinscripcio-cicles-formatius-de-grau-superior","status":"publish","type":"page","link":"https:\/\/agora.xtec.cat\/iesguillembergueda\/secretaria\/preinscripcio-i-matricula\/preinscripcio-cicles-formatius-de-grau-superior\/","title":{"rendered":"Preinscripci\u00f3 CICLES FORMATIUS DE GRAU SUPERIOR"},"content":{"rendered":"<h1><strong>CURS 2026-2027<\/strong><\/h1>\n<h5><span style=\"color: #000000;\"><strong>INFORMES IMPORTANTS<\/strong><\/span><\/h5>\n<h5><\/h5>\n<h5><span style=\"color: #000000;\"><b>PRESENTA LA SOL\u00b7LICITUD<\/b><\/span><\/h5>\n<p>Presenta la sol\u00b7licitud online, del <span style=\"font-weight: 400;\">&#8212;&#8211; al &#8212;&#8211; de maig de 2026<\/span> AQU\u00cd<\/p>\n<p><b>T<\/b><b>ant el correu electr\u00f2nic com el tel\u00e8fon que faciliteu a la sol\u00b7licitud, l\u2019heu de tenir sempre a m\u00e0. Des del centre nom\u00e9s ens comuniquem per aquest mitj\u00e0.<\/b><\/p>\n<h5><\/h5>\n<h5><span style=\"color: #000000;\"><b>QU\u00c8 NECESSITO PER ACCEDIR ALS CFGS?<\/b><\/span><\/h5>\n<p><a href=\"https:\/\/triaeducativa.gencat.cat\/ca\/fp\/grau-superior\/\"><span style=\"font-weight: 400;\">https:\/\/triaeducativa.gencat.cat\/ca\/fp\/grau-superior\/<\/span><\/a><\/p>\n<p>Informa&#8217;t abans de la preinscripci\u00f3 <a href=\"https:\/\/preinscripcio.gencat.cat\/ca\/estudis\/fp-grau-superior\/informat\/\">ENLLA\u00c7<\/a><\/p>\n<p><strong>Consulta la nota de tall d&#8217;acc\u00e9s als cicles formatius del curs 2025-20265<\/strong>.AQU\u00cd<\/p>\n<h5><span style=\"color: #000000;\"><b>CALENDARI a determinar<\/b><\/span><\/h5>\n","protected":false},"excerpt":{"rendered":"<p>CURS 2026-2027 INFORMES IMPORTANTS PRESENTA LA SOL\u00b7LICITUD Presenta la sol\u00b7licitud online, del &#8212;&#8211; al &#8212;&#8211; de maig de 2026 AQU\u00cd Tant el correu electr\u00f2nic com el tel\u00e8fon que faciliteu a la sol\u00b7licitud, l\u2019heu de tenir sempre a m\u00e0. Des del centre nom\u00e9s ens comuniquem per aquest mitj\u00e0. QU\u00c8 NECESSITO PER ACCEDIR ALS CFGS? https:\/\/triaeducativa.gencat.cat\/ca\/fp\/grau-superior\/ Informa&#8217;t [&hellip;]<\/p>\n","protected":false},"author":1,"featured_media":0,"parent":443,"menu_order":4,"comment_status":"closed","ping_status":"closed","template":"","meta":{"_bbp_topic_count":0,"_bbp_reply_count":0,"_bbp_total_topic_count":0,"_bbp_total_reply_count":0,"_bbp_voice_count":0,"_bbp_anonymous_reply_count":0,"_bbp_topic_count_hidden":0,"_bbp_reply_count_hidden":0,"_bbp_forum_subforum_count":0,"site-sidebar-layout":"default","site-content-layout":"","ast-site-content-layout":"","site-content-style":"default","site-sidebar-style":"default","ast-global-header-display":"","ast-banner-title-visibility":"","ast-main-header-display":"","ast-hfb-above-header-display":"","ast-hfb-below-header-display":"","ast-hfb-mobile-header-display":"","site-post-title":"","ast-breadcrumbs-content":"","ast-featured-img":"","footer-sml-layout":"","theme-transparent-header-meta":"","adv-header-id-meta":"","stick-header-meta":"","header-above-stick-meta":"","header-main-stick-meta":"","header-below-stick-meta":"","astra-migrate-meta-layouts":"default","ast-page-background-enabled":"default","ast-page-background-meta":{"desktop":{"background-color":"var(--ast-global-color-4)","background-image":"","background-repeat":"repeat","background-position":"center center","background-size":"auto","background-attachment":"scroll","background-type":"","background-media":"","overlay-type":"","overlay-color":"","overlay-opacity":"","overlay-gradient":""},"tablet":{"background-color":"","background-image":"","background-repeat":"repeat","background-position":"center center","background-size":"auto","background-attachment":"scroll","background-type":"","background-media":"","overlay-type":"","overlay-color":"","overlay-opacity":"","overlay-gradient":""},"mobile":{"background-color":"","background-image":"","background-repeat":"repeat","background-position":"center center","background-size":"auto","background-attachment":"scroll","background-type":"","background-media":"","overlay-type":"","overlay-color":"","overlay-opacity":"","overlay-gradient":""}},"ast-content-background-meta":{"desktop":{"background-color":"var(--ast-global-color-5)","background-image":"","background-repeat":"repeat","background-position":"center center","background-size":"auto","background-attachment":"scroll","background-type":"","background-media":"","overlay-type":"","overlay-color":"","overlay-opacity":"","overlay-gradient":""},"tablet":{"background-color":"var(--ast-global-color-5)","background-image":"","background-repeat":"repeat","background-position":"center center","background-size":"auto","background-attachment":"scroll","background-type":"","background-media":"","overlay-type":"","overlay-color":"","overlay-opacity":"","overlay-gradient":""},"mobile":{"background-color":"var(--ast-global-color-5)","background-image":"","background-repeat":"repeat","background-position":"center center","background-size":"auto","background-attachment":"scroll","background-type":"","background-media":"","overlay-type":"","overlay-color":"","overlay-opacity":"","overlay-gradient":""}},"footnotes":""},"class_list":["post-6682","page","type-page","status-publish","hentry"],"post_mailing_queue_ids":[],"_links":{"self":[{"href":"https:\/\/agora.xtec.cat\/iesguillembergueda\/wp-json\/wp\/v2\/pages\/6682","targetHints":{"allow":["GET"]}}],"collection":[{"href":"https:\/\/agora.xtec.cat\/iesguillembergueda\/wp-json\/wp\/v2\/pages"}],"about":[{"href":"https:\/\/agora.xtec.cat\/iesguillembergueda\/wp-json\/wp\/v2\/types\/page"}],"author":[{"embeddable":true,"href":"https:\/\/agora.xtec.cat\/iesguillembergueda\/wp-json\/wp\/v2\/users\/1"}],"replies":[{"embeddable":true,"href":"https:\/\/agora.xtec.cat\/iesguillembergueda\/wp-json\/wp\/v2\/comments?post=6682"}],"version-history":[{"count":7,"href":"https:\/\/agora.xtec.cat\/iesguillembergueda\/wp-json\/wp\/v2\/pages\/6682\/revisions"}],"predecessor-version":[{"id":9126,"href":"https:\/\/agora.xtec.cat\/iesguillembergueda\/wp-json\/wp\/v2\/pages\/6682\/revisions\/9126"}],"up":[{"embeddable":true,"href":"https:\/\/agora.xtec.cat\/iesguillembergueda\/wp-json\/wp\/v2\/pages\/443"}],"wp:attachment":[{"href":"https:\/\/agora.xtec.cat\/iesguillembergueda\/wp-json\/wp\/v2\/media?parent=6682"}],"curies":[{"name":"wp","href":"https:\/\/api.w.org\/{rel}","templated":true}]}}