{"id":6460,"date":"2022-11-29T08:19:03","date_gmt":"2022-11-29T07:19:03","guid":{"rendered":"https:\/\/agora.xtec.cat\/iesguillembergueda\/?page_id=6460"},"modified":"2024-04-09T22:00:15","modified_gmt":"2024-04-09T20:00:15","slug":"pfi-ptt","status":"publish","type":"page","link":"https:\/\/agora.xtec.cat\/iesguillembergueda\/estudis\/pfi-ptt\/","title":{"rendered":"PFI PTT"},"content":{"rendered":"<p><!-- Google tag (gtag.js) --> <script async src=\"https:\/\/www.googletagmanager.com\/gtag\/js?id=G-8CJB278QW3\"><\/script> <script> window.dataLayer = window.dataLayer || []; function gtag(){dataLayer.push(arguments);} gtag('js', new Date()); gtag('config', 'G-8CJB278QW3'); <\/script><!-- Google Tag Manager (noscript) --><noscript><iframe src=\"https:\/\/www.googletagmanager.com\/ns.html?id=GTM-NH8MVLN\"height=\"0\" width=\"0\" style=\"display:none;visibility:hidden\"><\/iframe><\/noscript><!-- End Google Tag Manager (noscript) -->Programa de Formaci\u00f3 i Inserci\u00f3 &#8211; Pla de Transici\u00f3 al Treball<\/p>\n<p><a href=\"https:\/\/agora.xtec.cat\/iesguillembergueda\/secretaria\/preinscripcio-i-matricula\/preinscripcio-ptt-berga-auxiliar-en-vendesoficina-i-atencio-al-public\/\">Informaci\u00f3 preinscripci\u00f3 i matr\u00edcula<\/a><\/p>\n<p><strong>Objectiu<\/strong><br \/>\nProporcionar als joves les compet\u00e8ncies que els permetin la incorporaci\u00f3 al m\u00f3n laboral o la continuaci\u00f3 de la formaci\u00f3, a trav\u00e9s de cicles formatius de grau mitj\u00e0 o mitjan\u00e7ant els centres de formaci\u00f3 d\u2019adults.<\/p>\n<p><strong>Accions<\/strong><\/p>\n<ul>\n<li>Assessorament i pla d\u2019atenci\u00f3 personalitzat.<\/li>\n<li>Formaci\u00f3 general i formaci\u00f3 professional (amb 180 hores de pr\u00e0ctiques obligat\u00f2ries en empreses del sector) reconeguda mitjan\u00e7ant un certificat acad\u00e8mic (1.000 hores).<\/li>\n<\/ul>\n<p><strong>Especialitats que s&#8217;imparteixen:<\/strong><\/p>\n<ul>\n<li dir=\"ltr\">\n<p dir=\"ltr\">NOU! Auxiliar de centres sanitaris.<\/p>\n<\/li>\n<\/ul>\n<p><strong>Pla de formaci\u00f3:<\/strong><br \/>\nI. FORMACI\u00d3 PROFESSIONAL NIVELL1:<br \/>\n\u2022 Organitzaci\u00f3 i trasllat de documentaci\u00f3, materials i equips en un centre sanitari<br \/>\n\u2022 Mobilitzaci\u00f3 i trasllat de pacients en centres sanitaris<\/p>\n<p>II. M\u00d2DULS DE FORMACI\u00d3 GENERAL<br \/>\n\u2022 Estrat\u00e8gies i eines de comunicaci\u00f3<br \/>\n\u2022 Entorn social i territorial<br \/>\n\u2022 Estrat\u00e8gies i eines matem\u00e0tiques<br \/>\n\u2022 Incorporaci\u00f3 al m\u00f3n professional<\/p>\n<p><strong>Qui pot accedir-hi<\/strong><br \/>\nJoves majors de 16 anys i menors de 21 anys, que no disposen del GESO, i que tenen inter\u00e8s per la formaci\u00f3 professionalitzadora.<\/p>\n<p><strong>Dates<\/strong><br \/>\nDe setembre 2024 a juny 2025<\/p>\n<p>Vegeu els documents enlla\u00e7ats:<\/p>\n<p><a href=\"https:\/\/drive.google.com\/file\/d\/1DiZr7julvcNhtSxq_Ohhh-Rlq5sNhXew\/view?usp=drive_link\" target=\"_blank\" rel=\"noopener\">[Presentaci\u00f3 PFI-Sanitari]<\/a><br \/>\n<a href=\"https:\/\/drive.google.com\/file\/d\/1YxMUgG50bY92W5CNBWfr6V2DqnGApaoT\/view?usp=drive_link\" target=\"_blank\" rel=\"noopener\"><strong>[<\/strong>Com puc fer la pre-inscripci\u00f3?<strong>] <\/strong><\/a><br \/>\n<a style=\"font-family: inherit; font-size: 1em;\" href=\"https:\/\/drive.google.com\/file\/d\/1mBsezLkty6JOBHbLDLBRQiET4y-MhAh4\/view?usp=drive_link\" target=\"_blank\" rel=\"noopener\"><strong>[<\/strong>Presentaci\u00f3 dels PFI&#8217;s al Bergued\u00e0<strong>]<\/strong><\/a><br \/>\n<a href=\"https:\/\/padlet.com\/comunicacio36\/guies-de-l-estudiant-da44lixdfihy2t9g\" target=\"_blank\" rel=\"noopener\">Guia PFI Itineraris<\/a><\/p>\n<p>&nbsp;<\/p>\n","protected":false},"excerpt":{"rendered":"<p>Programa de Formaci\u00f3 i Inserci\u00f3 &#8211; Pla de Transici\u00f3 al Treball Informaci\u00f3 preinscripci\u00f3 i matr\u00edcula Objectiu Proporcionar als joves les compet\u00e8ncies que els permetin la incorporaci\u00f3 al m\u00f3n laboral o la continuaci\u00f3 de la formaci\u00f3, a trav\u00e9s de cicles formatius de grau mitj\u00e0 o mitjan\u00e7ant els centres de formaci\u00f3 d\u2019adults. Accions Assessorament i pla d\u2019atenci\u00f3 [&hellip;]<\/p>\n","protected":false},"author":1,"featured_media":0,"parent":195,"menu_order":14,"comment_status":"closed","ping_status":"closed","template":"page-templates\/side-menu.php","meta":{"_bbp_topic_count":0,"_bbp_reply_count":0,"_bbp_total_topic_count":0,"_bbp_total_reply_count":0,"_bbp_voice_count":0,"_bbp_anonymous_reply_count":0,"_bbp_topic_count_hidden":0,"_bbp_reply_count_hidden":0,"_bbp_forum_subforum_count":0,"site-sidebar-layout":"default","site-content-layout":"","ast-site-content-layout":"","site-content-style":"default","site-sidebar-style":"default","ast-global-header-display":"","ast-banner-title-visibility":"","ast-main-header-display":"","ast-hfb-above-header-display":"","ast-hfb-below-header-display":"","ast-hfb-mobile-header-display":"","site-post-title":"","ast-breadcrumbs-content":"","ast-featured-img":"","footer-sml-layout":"","theme-transparent-header-meta":"","adv-header-id-meta":"","stick-header-meta":"","header-above-stick-meta":"","header-main-stick-meta":"","header-below-stick-meta":"","astra-migrate-meta-layouts":"default","ast-page-background-enabled":"default","ast-page-background-meta":{"desktop":{"background-color":"var(--ast-global-color-4)","background-image":"","background-repeat":"repeat","background-position":"center center","background-size":"auto","background-attachment":"scroll","background-type":"","background-media":"","overlay-type":"","overlay-color":"","overlay-opacity":"","overlay-gradient":""},"tablet":{"background-color":"","background-image":"","background-repeat":"repeat","background-position":"center center","background-size":"auto","background-attachment":"scroll","background-type":"","background-media":"","overlay-type":"","overlay-color":"","overlay-opacity":"","overlay-gradient":""},"mobile":{"background-color":"","background-image":"","background-repeat":"repeat","background-position":"center center","background-size":"auto","background-attachment":"scroll","background-type":"","background-media":"","overlay-type":"","overlay-color":"","overlay-opacity":"","overlay-gradient":""}},"ast-content-background-meta":{"desktop":{"background-color":"var(--ast-global-color-5)","background-image":"","background-repeat":"repeat","background-position":"center center","background-size":"auto","background-attachment":"scroll","background-type":"","background-media":"","overlay-type":"","overlay-color":"","overlay-opacity":"","overlay-gradient":""},"tablet":{"background-color":"var(--ast-global-color-5)","background-image":"","background-repeat":"repeat","background-position":"center center","background-size":"auto","background-attachment":"scroll","background-type":"","background-media":"","overlay-type":"","overlay-color":"","overlay-opacity":"","overlay-gradient":""},"mobile":{"background-color":"var(--ast-global-color-5)","background-image":"","background-repeat":"repeat","background-position":"center center","background-size":"auto","background-attachment":"scroll","background-type":"","background-media":"","overlay-type":"","overlay-color":"","overlay-opacity":"","overlay-gradient":""}},"footnotes":""},"class_list":["post-6460","page","type-page","status-publish","hentry"],"post_mailing_queue_ids":[],"_links":{"self":[{"href":"https:\/\/agora.xtec.cat\/iesguillembergueda\/wp-json\/wp\/v2\/pages\/6460","targetHints":{"allow":["GET"]}}],"collection":[{"href":"https:\/\/agora.xtec.cat\/iesguillembergueda\/wp-json\/wp\/v2\/pages"}],"about":[{"href":"https:\/\/agora.xtec.cat\/iesguillembergueda\/wp-json\/wp\/v2\/types\/page"}],"author":[{"embeddable":true,"href":"https:\/\/agora.xtec.cat\/iesguillembergueda\/wp-json\/wp\/v2\/users\/1"}],"replies":[{"embeddable":true,"href":"https:\/\/agora.xtec.cat\/iesguillembergueda\/wp-json\/wp\/v2\/comments?post=6460"}],"version-history":[{"count":6,"href":"https:\/\/agora.xtec.cat\/iesguillembergueda\/wp-json\/wp\/v2\/pages\/6460\/revisions"}],"predecessor-version":[{"id":7552,"href":"https:\/\/agora.xtec.cat\/iesguillembergueda\/wp-json\/wp\/v2\/pages\/6460\/revisions\/7552"}],"up":[{"embeddable":true,"href":"https:\/\/agora.xtec.cat\/iesguillembergueda\/wp-json\/wp\/v2\/pages\/195"}],"wp:attachment":[{"href":"https:\/\/agora.xtec.cat\/iesguillembergueda\/wp-json\/wp\/v2\/media?parent=6460"}],"curies":[{"name":"wp","href":"https:\/\/api.w.org\/{rel}","templated":true}]}}