{"id":560,"date":"2016-05-23T19:33:04","date_gmt":"2016-05-23T18:33:04","guid":{"rendered":"http:\/\/agora.xtec.cat\/iesguillembergueda\/?page_id=560"},"modified":"2025-09-09T09:09:02","modified_gmt":"2025-09-09T07:09:02","slug":"eso","status":"publish","type":"page","link":"https:\/\/agora.xtec.cat\/iesguillembergueda\/estudis\/eso\/","title":{"rendered":"ESO"},"content":{"rendered":"<p><!-- Google tag (gtag.js) --> <script async src=\"https:\/\/www.googletagmanager.com\/gtag\/js?id=G-8CJB278QW3\"><\/script> <script> window.dataLayer = window.dataLayer || []; function gtag(){dataLayer.push(arguments);} gtag('js', new Date()); gtag('config', 'G-8CJB278QW3'); <\/script><!-- Google Tag Manager (noscript) --><noscript><iframe src=\"https:\/\/www.googletagmanager.com\/ns.html?id=GTM-NH8MVLN\"height=\"0\" width=\"0\" style=\"display:none;visibility:hidden\"><\/iframe><\/noscript><!-- End Google Tag Manager (noscript) --><a href=\"https:\/\/agora.xtec.cat\/iesguillembergueda\/secretaria\/preinscripcio-i-matricula\/preinscripcio-eso\/\">Informaci\u00f3 preinscripci\u00f3 i matr\u00edcula<\/a><\/p>\n<p>L\u2019Educaci\u00f3 Secund\u00e0ria Obligat\u00f2ria \u00e9s una etapa obligat\u00f2ria i gratu\u00efta. Aquesta compr\u00e8n <strong>quatre cursos escolars, entre els 12 i els 16 anys<\/strong>, i proporciona la formaci\u00f3 necess\u00e0ria per a prosseguir estudis tant de Batxillerat com de Formaci\u00f3 Professional de grau mitj\u00e0. Obtingut el t\u00edtol de graduat en educaci\u00f3 secund\u00e0ria es podr\u00e0, tamb\u00e9, accedir al mercat de treball.<\/p>\n<ul>\n<li><a href=\"https:\/\/drive.google.com\/file\/d\/1NUEP4nlZ8T9SiG8BMkWboLuf4hbIYLie\/view?usp=sharing\">Material dels alumnes d&#8217;ESO<\/a><\/li>\n<li><a href=\"https:\/\/padlet.com\/comunicacio36\/guies-de-l-estudiant-da44lixdfihy2t9g\">Guia de l&#8217;estudiant 2025-26<\/a><\/li>\n<li><a href=\"https:\/\/agora.xtec.cat\/iesguillembergueda\/general\/llibres-curs-2024-25\/\">Llibres 2025-2026<\/a><\/li>\n<li><a href=\"https:\/\/drive.google.com\/file\/d\/1G7dFrBpOUePjTGBCywsU-1zqF86Cluld\/view?usp=sharing\">Itinerari franc\u00e8s<\/a><\/li>\n<\/ul>\n","protected":false},"excerpt":{"rendered":"<p>Informaci\u00f3 preinscripci\u00f3 i matr\u00edcula L\u2019Educaci\u00f3 Secund\u00e0ria Obligat\u00f2ria \u00e9s una etapa obligat\u00f2ria i gratu\u00efta. Aquesta compr\u00e8n quatre cursos escolars, entre els 12 i els 16 anys, i proporciona la formaci\u00f3 necess\u00e0ria per a prosseguir estudis tant de Batxillerat com de Formaci\u00f3 Professional de grau mitj\u00e0. Obtingut el t\u00edtol de graduat en educaci\u00f3 secund\u00e0ria es podr\u00e0, tamb\u00e9, [&hellip;]<\/p>\n","protected":false},"author":1,"featured_media":0,"parent":195,"menu_order":1,"comment_status":"closed","ping_status":"closed","template":"page-templates\/side-menu.php","meta":{"_bbp_topic_count":0,"_bbp_reply_count":0,"_bbp_total_topic_count":0,"_bbp_total_reply_count":0,"_bbp_voice_count":0,"_bbp_anonymous_reply_count":0,"_bbp_topic_count_hidden":0,"_bbp_reply_count_hidden":0,"_bbp_forum_subforum_count":0,"site-sidebar-layout":"default","site-content-layout":"","ast-site-content-layout":"","site-content-style":"default","site-sidebar-style":"default","ast-global-header-display":"","ast-banner-title-visibility":"","ast-main-header-display":"","ast-hfb-above-header-display":"","ast-hfb-below-header-display":"","ast-hfb-mobile-header-display":"","site-post-title":"","ast-breadcrumbs-content":"","ast-featured-img":"","footer-sml-layout":"","theme-transparent-header-meta":"","adv-header-id-meta":"","stick-header-meta":"","header-above-stick-meta":"","header-main-stick-meta":"","header-below-stick-meta":"","astra-migrate-meta-layouts":"default","ast-page-background-enabled":"default","ast-page-background-meta":{"desktop":{"background-color":"var(--ast-global-color-4)","background-image":"","background-repeat":"repeat","background-position":"center center","background-size":"auto","background-attachment":"scroll","background-type":"","background-media":"","overlay-type":"","overlay-color":"","overlay-opacity":"","overlay-gradient":""},"tablet":{"background-color":"","background-image":"","background-repeat":"repeat","background-position":"center center","background-size":"auto","background-attachment":"scroll","background-type":"","background-media":"","overlay-type":"","overlay-color":"","overlay-opacity":"","overlay-gradient":""},"mobile":{"background-color":"","background-image":"","background-repeat":"repeat","background-position":"center center","background-size":"auto","background-attachment":"scroll","background-type":"","background-media":"","overlay-type":"","overlay-color":"","overlay-opacity":"","overlay-gradient":""}},"ast-content-background-meta":{"desktop":{"background-color":"var(--ast-global-color-5)","background-image":"","background-repeat":"repeat","background-position":"center center","background-size":"auto","background-attachment":"scroll","background-type":"","background-media":"","overlay-type":"","overlay-color":"","overlay-opacity":"","overlay-gradient":""},"tablet":{"background-color":"var(--ast-global-color-5)","background-image":"","background-repeat":"repeat","background-position":"center center","background-size":"auto","background-attachment":"scroll","background-type":"","background-media":"","overlay-type":"","overlay-color":"","overlay-opacity":"","overlay-gradient":""},"mobile":{"background-color":"var(--ast-global-color-5)","background-image":"","background-repeat":"repeat","background-position":"center center","background-size":"auto","background-attachment":"scroll","background-type":"","background-media":"","overlay-type":"","overlay-color":"","overlay-opacity":"","overlay-gradient":""}},"footnotes":""},"class_list":["post-560","page","type-page","status-publish","hentry"],"post_mailing_queue_ids":[],"_links":{"self":[{"href":"https:\/\/agora.xtec.cat\/iesguillembergueda\/wp-json\/wp\/v2\/pages\/560","targetHints":{"allow":["GET"]}}],"collection":[{"href":"https:\/\/agora.xtec.cat\/iesguillembergueda\/wp-json\/wp\/v2\/pages"}],"about":[{"href":"https:\/\/agora.xtec.cat\/iesguillembergueda\/wp-json\/wp\/v2\/types\/page"}],"author":[{"embeddable":true,"href":"https:\/\/agora.xtec.cat\/iesguillembergueda\/wp-json\/wp\/v2\/users\/1"}],"replies":[{"embeddable":true,"href":"https:\/\/agora.xtec.cat\/iesguillembergueda\/wp-json\/wp\/v2\/comments?post=560"}],"version-history":[{"count":6,"href":"https:\/\/agora.xtec.cat\/iesguillembergueda\/wp-json\/wp\/v2\/pages\/560\/revisions"}],"predecessor-version":[{"id":8868,"href":"https:\/\/agora.xtec.cat\/iesguillembergueda\/wp-json\/wp\/v2\/pages\/560\/revisions\/8868"}],"up":[{"embeddable":true,"href":"https:\/\/agora.xtec.cat\/iesguillembergueda\/wp-json\/wp\/v2\/pages\/195"}],"wp:attachment":[{"href":"https:\/\/agora.xtec.cat\/iesguillembergueda\/wp-json\/wp\/v2\/media?parent=560"}],"curies":[{"name":"wp","href":"https:\/\/api.w.org\/{rel}","templated":true}]}}