{"id":558,"date":"2016-05-23T19:31:35","date_gmt":"2016-05-23T18:31:35","guid":{"rendered":"http:\/\/agora.xtec.cat\/iesguillembergueda\/?page_id=558"},"modified":"2026-02-24T00:10:46","modified_gmt":"2026-02-23T23:10:46","slug":"bat","status":"publish","type":"page","link":"https:\/\/agora.xtec.cat\/iesguillembergueda\/estudis\/bat\/","title":{"rendered":"Batxillerat"},"content":{"rendered":"<p><!-- Google tag (gtag.js) --> <script async src=\"https:\/\/www.googletagmanager.com\/gtag\/js?id=G-8CJB278QW3\"><\/script> <script> window.dataLayer = window.dataLayer || []; function gtag(){dataLayer.push(arguments);} gtag('js', new Date()); gtag('config', 'G-8CJB278QW3'); <\/script><!-- Google Tag Manager (noscript) --><noscript><iframe src=\"https:\/\/www.googletagmanager.com\/ns.html?id=GTM-NH8MVLN\"height=\"0\" width=\"0\" style=\"display:none;visibility:hidden\"><\/iframe><\/noscript><!-- End Google Tag Manager (noscript) --><a href=\"https:\/\/agora.xtec.cat\/iesguillembergueda\/estudis\/bat\/preinscripcio-batxillerat\/\">Informaci\u00f3 preinscripci\u00f3 i matr\u00edcula<\/a><\/p>\n<p>El batxillerat forma part de l&#8217;educaci\u00f3 secund\u00e0ria postobligat\u00f2ria i es distribueix en dos cursos acad\u00e8mics, es cursa normalment <strong>entre els 16 i els 18 anys<\/strong>. Es desenvolupa en diverses modalitats, s&#8217;organitza de manera oberta i flexible i, si cal, en vies diferents dins de cada modalitat, per tal d&#8217;oferir un itinerari personalitzat a l&#8217;alumnat d&#8217;acord amb les seves perspectives i interessos de formaci\u00f3.<\/p>\n<p>El centre ofereix la possibilitat d&#8217;obtenir una doble titulaci\u00f3 a trav\u00e9s l&#8217;opci\u00f3 de <a href=\"https:\/\/agora.xtec.cat\/iesguillembergueda\/estudis\/bat\/batxibac\/\">Batxibac<\/a>, t\u00edtol de batxiller i diploma\u00a0<em>baccalaur\u00e9at <\/em>franc\u00e8s<em>.<\/em><\/p>\n<p>El batxillerat prepara els i les alumnes per a la seva incorporaci\u00f3 a estudis posteriors, tant professionals com universitaris, i per a l&#8217;acc\u00e9s al m\u00f3n laboral.<\/p>\n<ul>\n<li><a href=\"https:\/\/padlet.com\/comunicacio36\/guies-de-l-estudiant-da44lixdfihy2t9g\">Guia de l&#8217;estudiant<\/a><\/li>\n<li><a href=\"https:\/\/agora.xtec.cat\/iesguillembergueda\/general\/llibres-curs-2024-25\/\">Llibres 2025-26<\/a><\/li>\n<li>El Batxillerat\n<ul>\n<li><a href=\"https:\/\/drive.google.com\/file\/d\/1MctL7jFrJUTeFVqnZHIRradKbDvx-NJy\/view?usp=sharing\">Tria d\u2019itinerari<\/a><\/li>\n<\/ul>\n<\/li>\n<li>Treball de recerca\n<ul>\n<li>Informacions<\/li>\n<li>Temes<\/li>\n<\/ul>\n<\/li>\n<li><a href=\"https:\/\/universitats.gencat.cat\/ca\/inici\/\">Canal universitat<\/a>\n<ul>\n<li><a href=\"https:\/\/universitats.gencat.cat\/web\/.content\/01_acces_i_admissio\/preinscripcions\/documentacio\/Ponderacions-2025_v5.pdf\">Ponderacions\u00a0<\/a><\/li>\n<li><a href=\"https:\/\/universitats.gencat.cat\/ca\/pau\/\">PAU<\/a><\/li>\n<li><a href=\"https:\/\/universitats.gencat.cat\/ca\/proves-aptitud-personal\/\">PAP<\/a><\/li>\n<li><a href=\"https:\/\/universitats.gencat.cat\/ca\/preinscripcions\/\">Preinscripci\u00f3 a la Universitat<\/a><\/li>\n<\/ul>\n<\/li>\n<\/ul>\n","protected":false},"excerpt":{"rendered":"<p>Informaci\u00f3 preinscripci\u00f3 i matr\u00edcula El batxillerat forma part de l&#8217;educaci\u00f3 secund\u00e0ria postobligat\u00f2ria i es distribueix en dos cursos acad\u00e8mics, es cursa normalment entre els 16 i els 18 anys. Es desenvolupa en diverses modalitats, s&#8217;organitza de manera oberta i flexible i, si cal, en vies diferents dins de cada modalitat, per tal d&#8217;oferir un itinerari [&hellip;]<\/p>\n","protected":false},"author":1,"featured_media":0,"parent":195,"menu_order":2,"comment_status":"closed","ping_status":"closed","template":"","meta":{"_bbp_topic_count":0,"_bbp_reply_count":0,"_bbp_total_topic_count":0,"_bbp_total_reply_count":0,"_bbp_voice_count":0,"_bbp_anonymous_reply_count":0,"_bbp_topic_count_hidden":0,"_bbp_reply_count_hidden":0,"_bbp_forum_subforum_count":0,"site-sidebar-layout":"default","site-content-layout":"","ast-site-content-layout":"default","site-content-style":"default","site-sidebar-style":"default","ast-global-header-display":"","ast-banner-title-visibility":"","ast-main-header-display":"","ast-hfb-above-header-display":"","ast-hfb-below-header-display":"","ast-hfb-mobile-header-display":"","site-post-title":"","ast-breadcrumbs-content":"","ast-featured-img":"","footer-sml-layout":"","theme-transparent-header-meta":"","adv-header-id-meta":"","stick-header-meta":"","header-above-stick-meta":"","header-main-stick-meta":"","header-below-stick-meta":"","astra-migrate-meta-layouts":"set","ast-page-background-enabled":"default","ast-page-background-meta":{"desktop":{"background-color":"var(--ast-global-color-4)","background-image":"","background-repeat":"repeat","background-position":"center center","background-size":"auto","background-attachment":"scroll","background-type":"","background-media":"","overlay-type":"","overlay-color":"","overlay-opacity":"","overlay-gradient":""},"tablet":{"background-color":"","background-image":"","background-repeat":"repeat","background-position":"center center","background-size":"auto","background-attachment":"scroll","background-type":"","background-media":"","overlay-type":"","overlay-color":"","overlay-opacity":"","overlay-gradient":""},"mobile":{"background-color":"","background-image":"","background-repeat":"repeat","background-position":"center center","background-size":"auto","background-attachment":"scroll","background-type":"","background-media":"","overlay-type":"","overlay-color":"","overlay-opacity":"","overlay-gradient":""}},"ast-content-background-meta":{"desktop":{"background-color":"var(--ast-global-color-5)","background-image":"","background-repeat":"repeat","background-position":"center center","background-size":"auto","background-attachment":"scroll","background-type":"","background-media":"","overlay-type":"","overlay-color":"","overlay-opacity":"","overlay-gradient":""},"tablet":{"background-color":"var(--ast-global-color-5)","background-image":"","background-repeat":"repeat","background-position":"center center","background-size":"auto","background-attachment":"scroll","background-type":"","background-media":"","overlay-type":"","overlay-color":"","overlay-opacity":"","overlay-gradient":""},"mobile":{"background-color":"var(--ast-global-color-5)","background-image":"","background-repeat":"repeat","background-position":"center center","background-size":"auto","background-attachment":"scroll","background-type":"","background-media":"","overlay-type":"","overlay-color":"","overlay-opacity":"","overlay-gradient":""}},"footnotes":""},"class_list":["post-558","page","type-page","status-publish","hentry"],"post_mailing_queue_ids":[],"_links":{"self":[{"href":"https:\/\/agora.xtec.cat\/iesguillembergueda\/wp-json\/wp\/v2\/pages\/558","targetHints":{"allow":["GET"]}}],"collection":[{"href":"https:\/\/agora.xtec.cat\/iesguillembergueda\/wp-json\/wp\/v2\/pages"}],"about":[{"href":"https:\/\/agora.xtec.cat\/iesguillembergueda\/wp-json\/wp\/v2\/types\/page"}],"author":[{"embeddable":true,"href":"https:\/\/agora.xtec.cat\/iesguillembergueda\/wp-json\/wp\/v2\/users\/1"}],"replies":[{"embeddable":true,"href":"https:\/\/agora.xtec.cat\/iesguillembergueda\/wp-json\/wp\/v2\/comments?post=558"}],"version-history":[{"count":6,"href":"https:\/\/agora.xtec.cat\/iesguillembergueda\/wp-json\/wp\/v2\/pages\/558\/revisions"}],"predecessor-version":[{"id":9244,"href":"https:\/\/agora.xtec.cat\/iesguillembergueda\/wp-json\/wp\/v2\/pages\/558\/revisions\/9244"}],"up":[{"embeddable":true,"href":"https:\/\/agora.xtec.cat\/iesguillembergueda\/wp-json\/wp\/v2\/pages\/195"}],"wp:attachment":[{"href":"https:\/\/agora.xtec.cat\/iesguillembergueda\/wp-json\/wp\/v2\/media?parent=558"}],"curies":[{"name":"wp","href":"https:\/\/api.w.org\/{rel}","templated":true}]}}