{"id":5011,"date":"2020-05-19T12:44:42","date_gmt":"2020-05-19T10:44:42","guid":{"rendered":"http:\/\/agora.xtec.cat\/iesguillembergueda\/?page_id=5011"},"modified":"2026-02-09T22:55:19","modified_gmt":"2026-02-09T21:55:19","slug":"preinscripcio-cicles-formatius-de-grau-mitja","status":"publish","type":"page","link":"https:\/\/agora.xtec.cat\/iesguillembergueda\/secretaria\/preinscripcio-i-matricula\/preinscripcio-cicles-formatius-de-grau-mitja\/","title":{"rendered":"Preinscripci\u00f3 CICLES FORMATIUS DE GRAU MITJ\u00c0"},"content":{"rendered":"<h1><strong>CURS 2026-2027<\/strong><\/h1>\n<h5><span style=\"color: #000000;\"><b>CALENDARI a determinar<\/b><\/span><\/h5>\n<h5><span style=\"color: #000000;\"><b>PRESENTA LA SOL\u00b7LICITUD<\/b><\/span><\/h5>\n<p>Presenta la sol\u00b7licitud online, del &#8212;-<span style=\"font-weight: 400;\"> al &#8212;&#8211; de maig de 2026<\/span>\u00a0AQU\u00cd<\/p>\n<p><b>Tant el correu electr\u00f2nic com el tel\u00e8fon que faciliteu a la sol\u00b7licitud, l\u2019heu de tenir sempre a m\u00e0. Des del centre nom\u00e9s ens comuniquem per aquest mitj\u00e0.<\/b><\/p>\n<h5><\/h5>\n<h5><span style=\"color: #000000;\"><b>QUE NECESSITO PER ACCEDIR ALS CFGM?<\/b><\/span><\/h5>\n<p><a href=\"https:\/\/triaeducativa.gencat.cat\/ca\/fp\/grau-mitja\/\"><span style=\"font-weight: 400;\">https:\/\/triaeducativa.gencat.cat\/ca\/fp\/grau-mitja\/<\/span><\/a><\/p>\n<p>Informa&#8217;t abans de la preinscripci\u00f3 <a href=\"https:\/\/preinscripcio.gencat.cat\/ca\/estudis\/fp-grau-mitja\/informat\/\">ENLLA\u00c7<\/a><\/p>\n<p>Consulta les notes de tall d&#8217;acc\u00e9s als cicles formatius de grau mitj\u00e0 del curs 2025-2026 AQU\u00cd<\/p>\n<h5><span style=\"color: #000000;\"><strong>INFORMES IMPORTANTS<\/strong><\/span><\/h5>\n<div><\/div>\n<div><\/div>\n<h5><\/h5>\n<p>&nbsp;<\/p>\n<div>\n<p><!--\n \t\n\n<li><strong>Portes Obertes<\/strong>\n\n\n<ul>\n \t\n\n<li style=\"list-style-type: none;\">\n\n\n<ul>\n \t\n\n<li>Dimecres 29\/03\/2023\n\n\n<ul>\n \t\n\n<li>A les 19:30 xerrada de CAI (Cures Auxiliars d'Infermeria)<\/li>\n\n\n \t\n\n<li>A les 20:00 xerrada de TAPD (Atenci\u00f3 a les persones en situaci\u00f3 de depend\u00e8ncia)<\/li>\n\n\n<\/ul>\n\n\n<\/li>\n\n\n<\/ul>\n\n\n<\/li>\n\n\n<\/ul>\n\n\n<\/li>\n\n\n \t\n\n<li><strong>Preinscripci\u00f3<\/strong>\n\n\n<ul>\n \t\n\n<li style=\"list-style-type: none;\">\n\n\n<ul>\n \t\n\n<li>Alumnat amb continu\u00eftat d'escolaritzaci\u00f3: del 12 al 18 d'abril [FORA DE TERMINI]<\/li>\n\n\n \t\n\n<li>Resta d'alumnat: del 9 al 15 de maig [FORA DE TERMINI]<\/li>\n\n\n<\/ul>\n\n\n<\/li>\n\n\n<\/ul>\n\n\n<\/li>\n\n\n \t\n\n<li>\n\n\n<div><strong>Matr\u00edcula CFGM<\/strong><\/div>\n\n\n\n\n<ul>\n \t\n\n<li style=\"list-style-type: none;\">\n\n\n<ul>\n \t\n\n<li>Del 3 al 7 de juliol<\/li>\n\n\n<\/ul>\n\n\n<\/li>\n\n\n<\/ul>\n\n\n<\/li>\n\n\n<\/ul>\n\n\n\n\n<div>\n\nLa presentaci\u00f3 de sol\u00b7licituds per a la preinscripci\u00f3 i la matr\u00edcula es faran de forma telem\u00e0tica. Si es necessita ajuda es pot venir al centre o trucar al 938210618.\n\n<\/div>\n\n\n\n\n<div><\/div>\n\n\n\n\n<ul>\n \t\n\n<li>Oferta de places [<a href=\"https:\/\/drive.google.com\/file\/d\/1xlewFNqRpMiXOxRZPegw49kz-cM83eQW\/view?usp=sharing\">oferta inicial a 11\/04\/23<\/a>. Caldr\u00e0 consultar l'oferta final per si es produeixen canvis]<\/li>\n\n\n \t\n\n<li>Llista d\u2019admesos [<a href=\"https:\/\/drive.google.com\/file\/d\/1Rpm5HcVrIfF0y5aoi6-yvKiRm6p-j1WG\/view?usp=sharing\">nombre de sol\u00b7licituds<\/a> definitiva i <a href=\"https:\/\/drive.google.com\/file\/d\/11sLld-ux7V5VDaN8v4N2ssMfR7uauaqp\/view?usp=sharing\">llistat definitiu d'admesos<\/a> i exclosos d'<strong>alumnat amb continu\u00eftat<\/strong> a 08\/05\/23]<\/li>\n\n\n \t\n\n<li>Llista baremada [provisional d'<a href=\"https:\/\/drive.google.com\/file\/d\/1a912EQwjNAl1oMgiKTN1E-O13y4bkgOO\/view?usp=sharing\">alumnes amb continu\u00eftat<\/a> i de <a href=\"https:\/\/drive.google.com\/file\/d\/1njERFMDjGKkxGB0ECX3k5cpYc3OtDMop\/view?usp=sharing\">la resta<\/a> a 31\/05\/23]<\/li>\n\n\n \t\n\n<li>Llista baremada [resolta d\u2019<a href=\"https:\/\/drive.google.com\/file\/d\/1tjfoGSIFjF0Lgn5X75IOOGXZGq4tXYT4\/view?usp=drivesdk\">alumnes amb continu\u00eftat<\/a> i de <a href=\"https:\/\/drive.google.com\/file\/d\/1fq24qWnnzrkuoFObLIUJP7JYTeXL-y_-\/view?usp=drivesdk\">la resta<\/a> a 14\/06\/23]<\/li>\n\n\n \t\n\n<li>Informe barem definitiu d'<a href=\"https:\/\/drive.google.com\/file\/d\/10NpislVyaog8iejXWuYfqJ_TB5K3cyFy\/view?usp=sharing\">alumnes amb continu\u00eftat<\/a> i de <a href=\"https:\/\/drive.google.com\/file\/d\/1JhvzIdDpiOrIAyY99Sly7r-eYiHhyep4\/view?usp=sharing\">la resta<\/a> a 20\/06\/23<\/li>\n\n\n \t\n\n<li>Informe persones preinscrites al centre a 30\/06\/23 [<a href=\"https:\/\/drive.google.com\/file\/d\/1ldJeVWjGX47bYs-ee70N518SqtDrApPA\/view?usp=sharing\">continu\u00eftat<\/a> i <a href=\"https:\/\/drive.google.com\/file\/d\/1R2jfntzQZl7-yR3B_9XT7LaCtVR4AKh6\/view?usp=sharing\">resta<\/a>]<\/li>\n\n\n \t\n\n<li>Alumnes assignats al centre a 30\/06\/23 [<a href=\"https:\/\/drive.google.com\/file\/d\/1qtnX8wXTZq-WPsvjZ7gXU9oS3tBZfL0w\/view?usp=sharing\">continu\u00eftat<\/a> i <a href=\"https:\/\/drive.google.com\/file\/d\/1ldJeVWjGX47bYs-ee70N518SqtDrApPA\/view?usp=sharing\">resta<\/a>]<\/li>\n\n\n \t\n\n<li>Llista d\u2019espera [<a href=\"https:\/\/drive.google.com\/file\/d\/1HSL2Z8CDvZXTxIEOZzH6wuGDXMLkkGOR\/view?usp=sharing\">informe1<\/a> i <a href=\"https:\/\/drive.google.com\/file\/d\/1OHy5sVHpTcsFDoVvrwvKDpXeh6XbZOW4\/view?usp=sharing\">informe2<\/a>]<\/li>\n\n\n<\/ul>\n\n\n--><\/p>\n<\/div>\n","protected":false},"excerpt":{"rendered":"<p>CURS 2026-2027 CALENDARI a determinar PRESENTA LA SOL\u00b7LICITUD Presenta la sol\u00b7licitud online, del &#8212;- al &#8212;&#8211; de maig de 2026\u00a0AQU\u00cd Tant el correu electr\u00f2nic com el tel\u00e8fon que faciliteu a la sol\u00b7licitud, l\u2019heu de tenir sempre a m\u00e0. Des del centre nom\u00e9s ens comuniquem per aquest mitj\u00e0. QUE NECESSITO PER ACCEDIR ALS CFGM? https:\/\/triaeducativa.gencat.cat\/ca\/fp\/grau-mitja\/ Informa&#8217;t [&hellip;]<\/p>\n","protected":false},"author":1,"featured_media":0,"parent":443,"menu_order":3,"comment_status":"closed","ping_status":"closed","template":"","meta":{"_bbp_topic_count":0,"_bbp_reply_count":0,"_bbp_total_topic_count":0,"_bbp_total_reply_count":0,"_bbp_voice_count":0,"_bbp_anonymous_reply_count":0,"_bbp_topic_count_hidden":0,"_bbp_reply_count_hidden":0,"_bbp_forum_subforum_count":0,"site-sidebar-layout":"default","site-content-layout":"","ast-site-content-layout":"","site-content-style":"default","site-sidebar-style":"default","ast-global-header-display":"","ast-banner-title-visibility":"","ast-main-header-display":"","ast-hfb-above-header-display":"","ast-hfb-below-header-display":"","ast-hfb-mobile-header-display":"","site-post-title":"","ast-breadcrumbs-content":"","ast-featured-img":"","footer-sml-layout":"","theme-transparent-header-meta":"","adv-header-id-meta":"","stick-header-meta":"","header-above-stick-meta":"","header-main-stick-meta":"","header-below-stick-meta":"","astra-migrate-meta-layouts":"default","ast-page-background-enabled":"default","ast-page-background-meta":{"desktop":{"background-color":"var(--ast-global-color-4)","background-image":"","background-repeat":"repeat","background-position":"center center","background-size":"auto","background-attachment":"scroll","background-type":"","background-media":"","overlay-type":"","overlay-color":"","overlay-opacity":"","overlay-gradient":""},"tablet":{"background-color":"","background-image":"","background-repeat":"repeat","background-position":"center center","background-size":"auto","background-attachment":"scroll","background-type":"","background-media":"","overlay-type":"","overlay-color":"","overlay-opacity":"","overlay-gradient":""},"mobile":{"background-color":"","background-image":"","background-repeat":"repeat","background-position":"center center","background-size":"auto","background-attachment":"scroll","background-type":"","background-media":"","overlay-type":"","overlay-color":"","overlay-opacity":"","overlay-gradient":""}},"ast-content-background-meta":{"desktop":{"background-color":"var(--ast-global-color-5)","background-image":"","background-repeat":"repeat","background-position":"center center","background-size":"auto","background-attachment":"scroll","background-type":"","background-media":"","overlay-type":"","overlay-color":"","overlay-opacity":"","overlay-gradient":""},"tablet":{"background-color":"var(--ast-global-color-5)","background-image":"","background-repeat":"repeat","background-position":"center center","background-size":"auto","background-attachment":"scroll","background-type":"","background-media":"","overlay-type":"","overlay-color":"","overlay-opacity":"","overlay-gradient":""},"mobile":{"background-color":"var(--ast-global-color-5)","background-image":"","background-repeat":"repeat","background-position":"center center","background-size":"auto","background-attachment":"scroll","background-type":"","background-media":"","overlay-type":"","overlay-color":"","overlay-opacity":"","overlay-gradient":""}},"footnotes":""},"class_list":["post-5011","page","type-page","status-publish","hentry"],"post_mailing_queue_ids":[],"_links":{"self":[{"href":"https:\/\/agora.xtec.cat\/iesguillembergueda\/wp-json\/wp\/v2\/pages\/5011","targetHints":{"allow":["GET"]}}],"collection":[{"href":"https:\/\/agora.xtec.cat\/iesguillembergueda\/wp-json\/wp\/v2\/pages"}],"about":[{"href":"https:\/\/agora.xtec.cat\/iesguillembergueda\/wp-json\/wp\/v2\/types\/page"}],"author":[{"embeddable":true,"href":"https:\/\/agora.xtec.cat\/iesguillembergueda\/wp-json\/wp\/v2\/users\/1"}],"replies":[{"embeddable":true,"href":"https:\/\/agora.xtec.cat\/iesguillembergueda\/wp-json\/wp\/v2\/comments?post=5011"}],"version-history":[{"count":7,"href":"https:\/\/agora.xtec.cat\/iesguillembergueda\/wp-json\/wp\/v2\/pages\/5011\/revisions"}],"predecessor-version":[{"id":9125,"href":"https:\/\/agora.xtec.cat\/iesguillembergueda\/wp-json\/wp\/v2\/pages\/5011\/revisions\/9125"}],"up":[{"embeddable":true,"href":"https:\/\/agora.xtec.cat\/iesguillembergueda\/wp-json\/wp\/v2\/pages\/443"}],"wp:attachment":[{"href":"https:\/\/agora.xtec.cat\/iesguillembergueda\/wp-json\/wp\/v2\/media?parent=5011"}],"curies":[{"name":"wp","href":"https:\/\/api.w.org\/{rel}","templated":true}]}}