{"id":5008,"date":"2020-05-27T12:35:04","date_gmt":"2020-05-27T10:35:04","guid":{"rendered":"http:\/\/agora.xtec.cat\/iesguillembergueda\/?page_id=5008"},"modified":"2026-02-25T22:16:01","modified_gmt":"2026-02-25T21:16:01","slug":"preinscripcio-batxillerat","status":"publish","type":"page","link":"https:\/\/agora.xtec.cat\/iesguillembergueda\/secretaria\/preinscripcio-i-matricula\/preinscripcio-batxillerat\/","title":{"rendered":"Preinscripci\u00f3 i matr\u00edcula BATXILLERAT"},"content":{"rendered":"<p><!-- Google tag (gtag.js) --> <script async src=\"https:\/\/www.googletagmanager.com\/gtag\/js?id=G-8CJB278QW3\"><\/script> <script> window.dataLayer = window.dataLayer || []; function gtag(){dataLayer.push(arguments);} gtag('js', new Date()); gtag('config', 'G-8CJB278QW3'); <\/script><!-- Google Tag Manager (noscript) --><noscript><iframe src=\"https:\/\/www.googletagmanager.com\/ns.html?id=GTM-NH8MVLN\"height=\"0\" width=\"0\" style=\"display:none;visibility:hidden\"><\/iframe><\/noscript><!-- End Google Tag Manager (noscript) --><\/p>\n<div>\n<h1><strong>CURS 2026-2027<\/strong><\/h1>\n<p><b><em>Per a alumnes del centre<\/em> cal seguir les instruccions de secretaria de l&#8217;institut .<\/b><\/p>\n<p><em><b>Per a alumnes de nova incorporaci\u00f3 al Institut Guillem de Bergued\u00e0<\/b><\/em><\/p>\n<h5><span style=\"background-color: #ffff00;\"><b>Cal que el tel\u00e8fon i correu electr\u00f2nic (e-mail) que informeu sigui el que consulteu habitualment.<\/b><\/span><\/h5>\n<h3><span style=\"font-weight: 400;\"><strong>Calendari<\/strong> <a href=\"https:\/\/preinscripcio.gencat.cat\/ca\/estudis\/batxillerat\/informat\/calendari\/\">Enlla\u00e7<\/a><\/span><\/h3>\n<section class=\"padding-xs padding-sm padding-md colorSectionOdd\">\n<article class=\"container fullcontainer-xs\">\n<div class=\"row\">\n<div id=\"center_3R\">\n<div id=\"llista_e190eec4-6d38-11eb-8e89-005056924a59_e190eec5-6d38-11eb-8e89-005056924a59\" class=\"fpca_llista_enllacIcones formatter_body\">\n<div class=\"wrapper_llista_enllacIcones\">\n<div class=\"list-item-wrapper\">\n<div class=\"col content-col\">\n<ul>\n<li>Del <strong>9 al 16 d&#8217;abril de 2026<\/strong>: presentaci\u00f3 de sol\u00b7licituds. <span style=\"font-size: revert; background-color: rgba(0, 0, 0, 0); font-weight: inherit;\">\u00c9s molt important respectar les dates de presentaci\u00f3, perqu\u00e8 per a aquests ensenyaments no s&#8217;accepten sol\u00b7licituds fora de termini.<\/span><\/li>\n<li><span style=\"font-size: revert; background-color: rgba(0, 0, 0, 0); font-weight: inherit;\">Del <strong>18 al 30 de juny de 2026<\/strong>, ambd\u00f3s inclosos: matriculaci\u00f3 dels alumnes preinscrits a batxillerat amb pla\u00e7a assignada<\/span><\/li>\n<\/ul>\n<\/div>\n<div class=\"col content-col\">\n<div class=\"bloc-mobil\">\n<div class=\"descripcio link-dotted\">\n<p><span style=\"font-size: revert; background-color: rgba(0, 0, 0, 0); font-weight: inherit;\">Si necessiteu ajuda, podeu demanar cita pr\u00e8via per fer la preinscripci\u00f3 trucant a 938210618).<\/span><\/p>\n<\/div>\n<\/div>\n<\/div>\n<\/div>\n<\/div>\n<\/div>\n<\/div>\n<\/div>\n<\/article>\n<\/section>\n<h3><strong>Presentar la sol\u00b7licitud de preinscripci\u00f3, modificar-la i fer-ne el seguiment<\/strong><\/h3>\n<p><span style=\"font-weight: 400;\">Fes la sol\u00b7licitud de preinscripci\u00f3. Preinscripci\u00f3. Curs 2026-2027. Enlla\u00e7<\/span><\/p>\n<p><span style=\"font-weight: 400;\">Modificar i fer seguiment. Enlla\u00e7<\/span><\/p>\n<h3><span style=\"font-weight: 400;\">Consulta pla\u00e7a assignada. Enlla\u00e7<\/span><\/h3>\n<\/div>\n","protected":false},"excerpt":{"rendered":"<p>CURS 2026-2027 Per a alumnes del centre cal seguir les instruccions de secretaria de l&#8217;institut . Per a alumnes de nova incorporaci\u00f3 al Institut Guillem de Bergued\u00e0 Cal que el tel\u00e8fon i correu electr\u00f2nic (e-mail) que informeu sigui el que consulteu habitualment. Calendari Enlla\u00e7 Del 9 al 16 d&#8217;abril de 2026: presentaci\u00f3 de sol\u00b7licituds. \u00c9s [&hellip;]<\/p>\n","protected":false},"author":1,"featured_media":0,"parent":443,"menu_order":2,"comment_status":"closed","ping_status":"closed","template":"","meta":{"_bbp_topic_count":0,"_bbp_reply_count":0,"_bbp_total_topic_count":0,"_bbp_total_reply_count":0,"_bbp_voice_count":0,"_bbp_anonymous_reply_count":0,"_bbp_topic_count_hidden":0,"_bbp_reply_count_hidden":0,"_bbp_forum_subforum_count":0,"site-sidebar-layout":"default","site-content-layout":"","ast-site-content-layout":"default","site-content-style":"default","site-sidebar-style":"default","ast-global-header-display":"","ast-banner-title-visibility":"","ast-main-header-display":"","ast-hfb-above-header-display":"","ast-hfb-below-header-display":"","ast-hfb-mobile-header-display":"","site-post-title":"","ast-breadcrumbs-content":"","ast-featured-img":"","footer-sml-layout":"","theme-transparent-header-meta":"","adv-header-id-meta":"","stick-header-meta":"","header-above-stick-meta":"","header-main-stick-meta":"","header-below-stick-meta":"","astra-migrate-meta-layouts":"set","ast-page-background-enabled":"default","ast-page-background-meta":{"desktop":{"background-color":"var(--ast-global-color-4)","background-image":"","background-repeat":"repeat","background-position":"center center","background-size":"auto","background-attachment":"scroll","background-type":"","background-media":"","overlay-type":"","overlay-color":"","overlay-opacity":"","overlay-gradient":""},"tablet":{"background-color":"","background-image":"","background-repeat":"repeat","background-position":"center center","background-size":"auto","background-attachment":"scroll","background-type":"","background-media":"","overlay-type":"","overlay-color":"","overlay-opacity":"","overlay-gradient":""},"mobile":{"background-color":"","background-image":"","background-repeat":"repeat","background-position":"center center","background-size":"auto","background-attachment":"scroll","background-type":"","background-media":"","overlay-type":"","overlay-color":"","overlay-opacity":"","overlay-gradient":""}},"ast-content-background-meta":{"desktop":{"background-color":"var(--ast-global-color-5)","background-image":"","background-repeat":"repeat","background-position":"center center","background-size":"auto","background-attachment":"scroll","background-type":"","background-media":"","overlay-type":"","overlay-color":"","overlay-opacity":"","overlay-gradient":""},"tablet":{"background-color":"var(--ast-global-color-5)","background-image":"","background-repeat":"repeat","background-position":"center center","background-size":"auto","background-attachment":"scroll","background-type":"","background-media":"","overlay-type":"","overlay-color":"","overlay-opacity":"","overlay-gradient":""},"mobile":{"background-color":"var(--ast-global-color-5)","background-image":"","background-repeat":"repeat","background-position":"center center","background-size":"auto","background-attachment":"scroll","background-type":"","background-media":"","overlay-type":"","overlay-color":"","overlay-opacity":"","overlay-gradient":""}},"footnotes":""},"class_list":["post-5008","page","type-page","status-publish","hentry"],"post_mailing_queue_ids":[],"_links":{"self":[{"href":"https:\/\/agora.xtec.cat\/iesguillembergueda\/wp-json\/wp\/v2\/pages\/5008","targetHints":{"allow":["GET"]}}],"collection":[{"href":"https:\/\/agora.xtec.cat\/iesguillembergueda\/wp-json\/wp\/v2\/pages"}],"about":[{"href":"https:\/\/agora.xtec.cat\/iesguillembergueda\/wp-json\/wp\/v2\/types\/page"}],"author":[{"embeddable":true,"href":"https:\/\/agora.xtec.cat\/iesguillembergueda\/wp-json\/wp\/v2\/users\/1"}],"replies":[{"embeddable":true,"href":"https:\/\/agora.xtec.cat\/iesguillembergueda\/wp-json\/wp\/v2\/comments?post=5008"}],"version-history":[{"count":6,"href":"https:\/\/agora.xtec.cat\/iesguillembergueda\/wp-json\/wp\/v2\/pages\/5008\/revisions"}],"predecessor-version":[{"id":9282,"href":"https:\/\/agora.xtec.cat\/iesguillembergueda\/wp-json\/wp\/v2\/pages\/5008\/revisions\/9282"}],"up":[{"embeddable":true,"href":"https:\/\/agora.xtec.cat\/iesguillembergueda\/wp-json\/wp\/v2\/pages\/443"}],"wp:attachment":[{"href":"https:\/\/agora.xtec.cat\/iesguillembergueda\/wp-json\/wp\/v2\/media?parent=5008"}],"curies":[{"name":"wp","href":"https:\/\/api.w.org\/{rel}","templated":true}]}}