{"id":5000,"date":"2020-05-19T12:18:22","date_gmt":"2020-05-19T10:18:22","guid":{"rendered":"http:\/\/agora.xtec.cat\/iesguillembergueda\/?page_id=5000"},"modified":"2026-03-12T08:14:47","modified_gmt":"2026-03-12T07:14:47","slug":"preinscripcio-batxibac","status":"publish","type":"page","link":"https:\/\/agora.xtec.cat\/iesguillembergueda\/secretaria\/preinscripcio-i-matricula\/preinscripcio-batxillerat\/preinscripcio-batxibac\/","title":{"rendered":"Preinscripci\u00f3 BATXIBAC"},"content":{"rendered":"<p><!-- Google tag (gtag.js) --><\/p>\n<h3>CURS 2026-2027<\/h3>\n<p><b>Per a alumnes de nova incorporaci\u00f3 al Ins. Guillem de Bergued\u00e0<\/b><\/p>\n<h5><b>CALENDARI DE BATXIBAC \u2013 (Batxillerat i baccalaur\u00e9at)<\/b><\/h5>\n<div class=\"list-item-wrapper\">\n<div class=\"col content-col\">\n<ul>\n<li><a class=\"\" title=\"Ves-hi\" href=\"https:\/\/preinscripcio.gencat.cat\/ca\/estudis\/batxillerat\/preinscriute\/sollicitud\/\" target=\"_self\">19 de mar\u00e7 de 2026: oferta inicial de places escolars. <\/a><span style=\"font-size: revert; background-color: rgba(0, 0, 0, 0); font-weight: inherit;\">Publicaci\u00f3 a cada centre de l&#8217;oferta de places reservades per a aquests ensenyaments.<\/span><\/li>\n<li><a class=\"\" style=\"font-size: revert; background-color: rgba(0, 0, 0, 0); font-weight: inherit;\" title=\"Ves-hi\" href=\"https:\/\/preinscripcio.gencat.cat\/ca\/estudis\/batxillerat\/preinscriute\/sollicitud\/\" target=\"_self\">Del 20 al 27 de mar\u00e7 de 2026: presentaci\u00f3 de sol\u00b7licituds . <\/a>\u00c9s molt important respectar les dates, perqu\u00e8 per a aquests ensenyaments no s&#8217;accepten sol\u00b7licituds fora de termini.<\/li>\n<\/ul>\n<div class=\"col content-col\">\n<ul>\n<li><a class=\"\" title=\"Ves-hi\" href=\"https:\/\/preinscripcio.gencat.cat\/ca\/estudis\/batxillerat\/preinscriute\/sollicitud\/\" target=\"_self\">8 d&#8217;abril de 2026: llista d&#8217;alumnes admesos.\u00a0<\/a>Finalment, es publica la llista d&#8217;alumnes admesos al centre i tamb\u00e9 la llista d&#8217;espera.<\/li>\n<\/ul>\n<\/div>\n<\/div>\n<\/div>\n<p><b>Com es fa la preinscripci\u00f3 als estudis de doble titulaci\u00f3?<\/b><\/p>\n<p><span style=\"font-weight: 400;\">Per a sol\u00b7licitar la preinscripci\u00f3 als estudis de doble titulaci\u00f3 cal tenir en compte algunes consideracions espec\u00edfiques.<\/span><\/p>\n<ol>\n<li style=\"font-weight: 400;\" aria-level=\"1\"><span style=\"font-weight: 400;\">El termini per presentar la sol\u00b7licitud \u00e9s <\/span><b>del 20 al 27 de mar\u00e7 de 2026<\/b><span style=\"font-weight: 400;\">.<\/span><\/li>\n<li style=\"font-weight: 400;\" aria-level=\"1\"><span style=\"font-weight: 400;\">Cal presentar el formulari emplenat juntament amb tota la documentaci\u00f3 al centre sol\u00b7licitat.<\/span><\/li>\n<li style=\"font-weight: 400;\" aria-level=\"1\"><span style=\"font-weight: 400;\">Tots els alumnes majors d&#8217;edat han de presentar el DNI.<\/span><\/li>\n<li style=\"font-weight: 400;\" aria-level=\"1\"><span style=\"font-weight: 400;\">Els alumnes menors d&#8217;edat han de presentar la certificaci\u00f3 electr\u00f2nica de la inscripci\u00f3 de naixement o el llibre de fam\u00edlia o altres documents relatius a la filiaci\u00f3 i el DNI de la persona sol\u00b7licitant, o la targeta de resid\u00e8ncia si la persona \u00e9s estrangera.<\/span><\/li>\n<li style=\"font-weight: 400;\" aria-level=\"1\"><span style=\"font-weight: 400;\">Les persones que al\u00b7leguin el compliment d&#8217;algun criteri de prioritat, han de presentat la documentaci\u00f3 que ho justifiqui.<\/span><\/li>\n<li style=\"font-weight: 400;\" aria-level=\"1\"><span style=\"font-weight: 400;\">Cal que presentin la documentaci\u00f3 que acreditin el seu nivell B1 de franc\u00e8s.<\/span><\/li>\n<\/ol>\n<p><span style=\"font-weight: 400;\">Sol\u00b7licitud de preinscripci\u00f3 <a href=\"https:\/\/documents.espai.educacio.gencat.cat\/FormularisModels\/CentresGestioAdministrativa\/A71.pdf\">AQU\u00cd<\/a><\/span><\/p>\n<p><span style=\"font-weight: 400;\">Per a qualsevol consulta podeu adre\u00e7ar una correu electr\u00f2nic a:\u00a0<\/span><a href=\"mailto:secretaria@iesguillembergueda.cat\"><span style=\"font-weight: 400;\">secretaria@iesguillembergueda.cat<\/span><\/a><\/p>\n<p><strong>M\u00e9s informaci\u00f3 curs 2026-2027: <\/strong><a href=\"_wp_link_placeholder\" data-wplink-edit=\"true\">Enlla\u00e7 web departament d&#8217;Educaci\u00f3<\/a><\/p>\n","protected":false},"excerpt":{"rendered":"<p>CURS 2026-2027 Per a alumnes de nova incorporaci\u00f3 al Ins. Guillem de Bergued\u00e0 CALENDARI DE BATXIBAC \u2013 (Batxillerat i baccalaur\u00e9at) 19 de mar\u00e7 de 2026: oferta inicial de places escolars. Publicaci\u00f3 a cada centre de l&#8217;oferta de places reservades per a aquests ensenyaments. Del 20 al 27 de mar\u00e7 de 2026: presentaci\u00f3 de sol\u00b7licituds . [&hellip;]<\/p>\n","protected":false},"author":1,"featured_media":0,"parent":5008,"menu_order":51,"comment_status":"closed","ping_status":"closed","template":"","meta":{"_bbp_topic_count":0,"_bbp_reply_count":0,"_bbp_total_topic_count":0,"_bbp_total_reply_count":0,"_bbp_voice_count":0,"_bbp_anonymous_reply_count":0,"_bbp_topic_count_hidden":0,"_bbp_reply_count_hidden":0,"_bbp_forum_subforum_count":0,"site-sidebar-layout":"default","site-content-layout":"","ast-site-content-layout":"default","site-content-style":"default","site-sidebar-style":"default","ast-global-header-display":"","ast-banner-title-visibility":"","ast-main-header-display":"","ast-hfb-above-header-display":"","ast-hfb-below-header-display":"","ast-hfb-mobile-header-display":"","site-post-title":"","ast-breadcrumbs-content":"","ast-featured-img":"","footer-sml-layout":"","theme-transparent-header-meta":"","adv-header-id-meta":"","stick-header-meta":"","header-above-stick-meta":"","header-main-stick-meta":"","header-below-stick-meta":"","astra-migrate-meta-layouts":"set","ast-page-background-enabled":"default","ast-page-background-meta":{"desktop":{"background-color":"var(--ast-global-color-4)","background-image":"","background-repeat":"repeat","background-position":"center center","background-size":"auto","background-attachment":"scroll","background-type":"","background-media":"","overlay-type":"","overlay-color":"","overlay-opacity":"","overlay-gradient":""},"tablet":{"background-color":"","background-image":"","background-repeat":"repeat","background-position":"center center","background-size":"auto","background-attachment":"scroll","background-type":"","background-media":"","overlay-type":"","overlay-color":"","overlay-opacity":"","overlay-gradient":""},"mobile":{"background-color":"","background-image":"","background-repeat":"repeat","background-position":"center center","background-size":"auto","background-attachment":"scroll","background-type":"","background-media":"","overlay-type":"","overlay-color":"","overlay-opacity":"","overlay-gradient":""}},"ast-content-background-meta":{"desktop":{"background-color":"var(--ast-global-color-5)","background-image":"","background-repeat":"repeat","background-position":"center center","background-size":"auto","background-attachment":"scroll","background-type":"","background-media":"","overlay-type":"","overlay-color":"","overlay-opacity":"","overlay-gradient":""},"tablet":{"background-color":"var(--ast-global-color-5)","background-image":"","background-repeat":"repeat","background-position":"center center","background-size":"auto","background-attachment":"scroll","background-type":"","background-media":"","overlay-type":"","overlay-color":"","overlay-opacity":"","overlay-gradient":""},"mobile":{"background-color":"var(--ast-global-color-5)","background-image":"","background-repeat":"repeat","background-position":"center center","background-size":"auto","background-attachment":"scroll","background-type":"","background-media":"","overlay-type":"","overlay-color":"","overlay-opacity":"","overlay-gradient":""}},"footnotes":""},"class_list":["post-5000","page","type-page","status-publish","hentry"],"post_mailing_queue_ids":[],"_links":{"self":[{"href":"https:\/\/agora.xtec.cat\/iesguillembergueda\/wp-json\/wp\/v2\/pages\/5000","targetHints":{"allow":["GET"]}}],"collection":[{"href":"https:\/\/agora.xtec.cat\/iesguillembergueda\/wp-json\/wp\/v2\/pages"}],"about":[{"href":"https:\/\/agora.xtec.cat\/iesguillembergueda\/wp-json\/wp\/v2\/types\/page"}],"author":[{"embeddable":true,"href":"https:\/\/agora.xtec.cat\/iesguillembergueda\/wp-json\/wp\/v2\/users\/1"}],"replies":[{"embeddable":true,"href":"https:\/\/agora.xtec.cat\/iesguillembergueda\/wp-json\/wp\/v2\/comments?post=5000"}],"version-history":[{"count":6,"href":"https:\/\/agora.xtec.cat\/iesguillembergueda\/wp-json\/wp\/v2\/pages\/5000\/revisions"}],"predecessor-version":[{"id":9378,"href":"https:\/\/agora.xtec.cat\/iesguillembergueda\/wp-json\/wp\/v2\/pages\/5000\/revisions\/9378"}],"up":[{"embeddable":true,"href":"https:\/\/agora.xtec.cat\/iesguillembergueda\/wp-json\/wp\/v2\/pages\/5008"}],"wp:attachment":[{"href":"https:\/\/agora.xtec.cat\/iesguillembergueda\/wp-json\/wp\/v2\/media?parent=5000"}],"curies":[{"name":"wp","href":"https:\/\/api.w.org\/{rel}","templated":true}]}}