{"id":4996,"date":"2025-03-12T08:00:35","date_gmt":"2025-03-12T07:00:35","guid":{"rendered":"http:\/\/agora.xtec.cat\/iesguillembergueda\/?page_id=4996"},"modified":"2026-05-06T02:13:42","modified_gmt":"2026-05-06T00:13:42","slug":"preinscripcio-eso","status":"publish","type":"page","link":"https:\/\/agora.xtec.cat\/iesguillembergueda\/secretaria\/preinscripcio-i-matricula\/preinscripcio-eso\/","title":{"rendered":"Preinscripci\u00f3 i matr\u00edcula ESO"},"content":{"rendered":"<h1><b>ESO 2026-2027<\/b><\/h1>\n<h5><span style=\"color: #ff0000;\"><b>Cal que el tel\u00e8fon i correu electr\u00f2nic (e-mail) que informeu sigui el que consulteu habitualment.<\/b><\/span><\/h5>\n<h3>Llistats informatius<\/h3>\n\n\n<p><a href=\"https:\/\/drive.google.com\/file\/d\/1UoDTEepMnUQExvP7haLN8r3QOVTMimkg\/view?usp=sharing\">Publicaci\u00f3 de la llista de sol\u00b7licituds que han demanat el centre i l&#8217;ensenyament en primera petici\u00f3 ordenada <\/a>a 29\/04\/2026<\/p>\n\n\n\n<p><a href=\"https:\/\/drive.google.com\/file\/d\/1VtFyuMKFxNEDBiPVXWO0HNK2hGYsCxvd\/view?usp=drive_link\">Publicaci\u00f3 de la llista de sol\u00b7licituds que han demanat el centre i l&#8217;ensenyament en primera petici\u00f3 amb la puntuaci\u00f3 resoltes les reclamacions <\/a> a 23\/04\/2026<\/p>\n\n\n\n<p><a href=\"https:\/\/drive.google.com\/file\/d\/1UFzMSAu1xuKumPBE7VEZXL7rF7ZmZtbO\/view?usp=sharing\">Publicaci\u00f3 de la llista de sol\u00b7licituds que han demanat el centre i l&#8217;ensenyament en primera petici\u00f3 amb la puntuaci\u00f3 provisional<\/a> a 15\/04\/2026<\/p>\n\n\n\n<p><\/p>\n\n\n<h3>Calendari ( <a href=\"https:\/\/preinscripcio.gencat.cat\/ca\/estudis\/eso\/informat\/calendari\/\">Enlla\u00e7<\/a><b>)<\/b><\/h3>\n<ul>\n<li style=\"list-style-type: none;\">\n<ul>\n<li style=\"font-weight: 400;\" aria-level=\"1\"><span style=\"font-weight: 400;\">Del<strong> 6 al 18 de mar\u00e7 de 2026<\/strong> Preinscripci\u00f3 (presentaci\u00f3 sol\u00b7licituds telem\u00e0tiques a partir de les 9 del mat\u00ed)<\/span><\/li>\n<li style=\"font-weight: 400;\" aria-level=\"1\"><span style=\"font-weight: 400;\">Del<strong> 26 de mar\u00e7 al 9 d\u2019abril 2026<\/strong> presentaci\u00f3 de sol\u00b7licituds fora de termini.<\/span><\/li>\n<li style=\"font-weight: 400;\" aria-level=\"1\"><strong>10 de juny de 2026<\/strong><span style=\"font-weight: 400;\"> Publicaci\u00f3 llistes admesos (<\/span><b>a partir 9 mat\u00ed<\/b><span style=\"font-weight: 400;\">)<\/span><\/li>\n<\/ul>\n<\/li>\n<\/ul>\n<p>Si necessiteu ajuda per fer la preinscripci\u00f3, demaneu cita pr\u00e8via trucant al 93 821 06 18.<\/p>\n<h3><b>Presentar la sol\u00b7licitud de preinscripci\u00f3, modificar-la i fer-ne el seguiment<\/b><\/h3>\n<p><a href=\"https:\/\/preinscripcio.gencat.cat\/ca\/estudis\/eso\/preinscriute\/sollicitud\/\"><span style=\"font-weight: 400;\">https:\/\/preinscripcio.gencat.cat\/ca\/estudis\/eso\/preinscriute\/sollicitud\/<\/span><\/a><\/p>\n<p><a href=\"https:\/\/preinscripcio.gencat.cat\/ca\/estudis\/eso\/preinscriute\/seguiment-sollicitud\/\"><span style=\"font-weight: 400;\">https:\/\/preinscripcio.gencat.cat\/ca\/estudis\/eso\/preinscriute\/seguiment-sollicitud\/<\/span><\/a><span style=\"font-weight: 400;\">\u00a0<\/span><\/p>\n<h3><strong>Consulta pla\u00e7a assignada<\/strong><\/h3>\n<p><a href=\"https:\/\/preinscripcio.gencat.cat\/ca\/estudis\/eso\/preinscriute\/consulta\/\"><span style=\"font-weight: 400;\">https:\/\/preinscripcio.gencat.cat\/ca\/estudis\/eso\/preinscriute\/consulta\/<\/span><\/a><\/p>\n\n\n<p><\/p>\n","protected":false},"excerpt":{"rendered":"<p>ESO 2026-2027 Cal que el tel\u00e8fon i correu electr\u00f2nic (e-mail) que informeu sigui el que consulteu habitualment. Llistats informatius Publicaci\u00f3 de la llista de sol\u00b7licituds que han demanat el centre i l&#8217;ensenyament en primera petici\u00f3 ordenada a 29\/04\/2026 Publicaci\u00f3 de la llista de sol\u00b7licituds que han demanat el centre i l&#8217;ensenyament en primera petici\u00f3 amb [&hellip;]<\/p>\n","protected":false},"author":1,"featured_media":0,"parent":443,"menu_order":1,"comment_status":"closed","ping_status":"closed","template":"","meta":{"_bbp_topic_count":0,"_bbp_reply_count":0,"_bbp_total_topic_count":0,"_bbp_total_reply_count":0,"_bbp_voice_count":0,"_bbp_anonymous_reply_count":0,"_bbp_topic_count_hidden":0,"_bbp_reply_count_hidden":0,"_bbp_forum_subforum_count":0,"site-sidebar-layout":"default","site-content-layout":"","ast-site-content-layout":"default","site-content-style":"default","site-sidebar-style":"default","ast-global-header-display":"","ast-banner-title-visibility":"","ast-main-header-display":"","ast-hfb-above-header-display":"","ast-hfb-below-header-display":"","ast-hfb-mobile-header-display":"","site-post-title":"","ast-breadcrumbs-content":"","ast-featured-img":"","footer-sml-layout":"","theme-transparent-header-meta":"","adv-header-id-meta":"","stick-header-meta":"","header-above-stick-meta":"","header-main-stick-meta":"","header-below-stick-meta":"","astra-migrate-meta-layouts":"set","ast-page-background-enabled":"default","ast-page-background-meta":{"desktop":{"background-color":"var(--ast-global-color-4)","background-image":"","background-repeat":"repeat","background-position":"center center","background-size":"auto","background-attachment":"scroll","background-type":"","background-media":"","overlay-type":"","overlay-color":"","overlay-opacity":"","overlay-gradient":""},"tablet":{"background-color":"","background-image":"","background-repeat":"repeat","background-position":"center center","background-size":"auto","background-attachment":"scroll","background-type":"","background-media":"","overlay-type":"","overlay-color":"","overlay-opacity":"","overlay-gradient":""},"mobile":{"background-color":"","background-image":"","background-repeat":"repeat","background-position":"center center","background-size":"auto","background-attachment":"scroll","background-type":"","background-media":"","overlay-type":"","overlay-color":"","overlay-opacity":"","overlay-gradient":""}},"ast-content-background-meta":{"desktop":{"background-color":"var(--ast-global-color-5)","background-image":"","background-repeat":"repeat","background-position":"center center","background-size":"auto","background-attachment":"scroll","background-type":"","background-media":"","overlay-type":"","overlay-color":"","overlay-opacity":"","overlay-gradient":""},"tablet":{"background-color":"var(--ast-global-color-5)","background-image":"","background-repeat":"repeat","background-position":"center center","background-size":"auto","background-attachment":"scroll","background-type":"","background-media":"","overlay-type":"","overlay-color":"","overlay-opacity":"","overlay-gradient":""},"mobile":{"background-color":"var(--ast-global-color-5)","background-image":"","background-repeat":"repeat","background-position":"center center","background-size":"auto","background-attachment":"scroll","background-type":"","background-media":"","overlay-type":"","overlay-color":"","overlay-opacity":"","overlay-gradient":""}},"footnotes":""},"class_list":["post-4996","page","type-page","status-publish","hentry"],"post_mailing_queue_ids":[],"_links":{"self":[{"href":"https:\/\/agora.xtec.cat\/iesguillembergueda\/wp-json\/wp\/v2\/pages\/4996","targetHints":{"allow":["GET"]}}],"collection":[{"href":"https:\/\/agora.xtec.cat\/iesguillembergueda\/wp-json\/wp\/v2\/pages"}],"about":[{"href":"https:\/\/agora.xtec.cat\/iesguillembergueda\/wp-json\/wp\/v2\/types\/page"}],"author":[{"embeddable":true,"href":"https:\/\/agora.xtec.cat\/iesguillembergueda\/wp-json\/wp\/v2\/users\/1"}],"replies":[{"embeddable":true,"href":"https:\/\/agora.xtec.cat\/iesguillembergueda\/wp-json\/wp\/v2\/comments?post=4996"}],"version-history":[{"count":6,"href":"https:\/\/agora.xtec.cat\/iesguillembergueda\/wp-json\/wp\/v2\/pages\/4996\/revisions"}],"predecessor-version":[{"id":9547,"href":"https:\/\/agora.xtec.cat\/iesguillembergueda\/wp-json\/wp\/v2\/pages\/4996\/revisions\/9547"}],"up":[{"embeddable":true,"href":"https:\/\/agora.xtec.cat\/iesguillembergueda\/wp-json\/wp\/v2\/pages\/443"}],"wp:attachment":[{"href":"https:\/\/agora.xtec.cat\/iesguillembergueda\/wp-json\/wp\/v2\/media?parent=4996"}],"curies":[{"name":"wp","href":"https:\/\/api.w.org\/{rel}","templated":true}]}}