{"id":485,"date":"2016-05-12T19:49:52","date_gmt":"2016-05-12T18:49:52","guid":{"rendered":"http:\/\/agora.xtec.cat\/iesguillembergueda\/?page_id=485"},"modified":"2025-02-21T19:24:41","modified_gmt":"2025-02-21T18:24:41","slug":"guillem-de-bergueda","status":"publish","type":"page","link":"https:\/\/agora.xtec.cat\/iesguillembergueda\/linstitut\/guillem-de-bergueda\/","title":{"rendered":"Guillem de Bergued\u00e0"},"content":{"rendered":"<p><strong>GUILLEM DE BERGUED\u00c0 (1138-1196)<\/strong><\/p>\n<p><img decoding=\"async\" class=\"alignleft\" src=\"https:\/\/upload.wikimedia.org\/wikipedia\/commons\/thumb\/7\/78\/BnF_ms._12473_fol._178_-_Guilhem_de_Berguedan_%281%29.jpg\/264px-BnF_ms._12473_fol._178_-_Guilhem_de_Berguedan_%281%29.jpg\" \/><\/p>\n<p style=\"text-align: justify;\">Trobador, fill gran i hereu del vescomte de Berga Guillem. El 1176 assassin\u00e0 el vescomte Ramon Folc (III) de Cardona i hagu\u00e9 de viure amagat, protegit pel vescomte Ramon II de Castellb\u00f2, i refugiar-se a Occit\u00e0nia, on es relacion\u00e0 amb el trobador Bertran de Born, amb qui l\u2019un\u00ed una cordial amistat, i freq\u00fcent\u00e0 la cort de Ricard Cor de Lle\u00f3, aleshores duc d\u2019Aquit\u00e0nia. Una altra vegada a Catalunya el 1185, form\u00e0 part del seguici d\u2019Alfons I, per\u00f2 cinc anys despr\u00e9s, desavingut amb el seu sobir\u00e0, cerc\u00e0 la protecci\u00f3 d\u2019Alfons VIII de Castella, a la cort del qual es trasllad\u00e0 acompanyat del trobador Aimeric de Peguilhan. A partir de llavors milit\u00e0 en les revoltes armades dels vescomtes de Castellb\u00f2 i de Cabrera contra la corona i la mitra d\u2019Urgell. Sembla que mor\u00ed \u201cfadr\u00ed i sense descend\u00e8ncia\u201d assassinat per un pe\u00f3 o soldat de peu.<\/p>\n<p style=\"text-align: justify;\">Hom conserva 31 poesies aut\u00e8ntiques seves, d\u2019estrofisme ric i original, a vegades imitat per trobadors contemporanis i posteriors, escrites en un occit\u00e0 prou correcte que, en algunes composicions de car\u00e0cter popularitzant, deixa entreveure solucions i formes catalanes. B\u00e9 que conre\u00e0 la poesia amorosa dins els m\u00e9s estrictes c\u00e0nons de l\u2019amor feudal i que ateny\u00e9 uns certs graus de delicadesa (com en l\u2019ep\u00edstola en vers en resposta a un an\u00f2nim) i d\u2019elegant desimboltura (la famosa ten\u00e7\u00f3 fingida amb l\u2019Arondeta), la part de la seva obra m\u00e9s reeixida i en la qual apareix el robador personal \u00e9s la dedicada a atacar, bescantar i insultar els seus enemics, ad\u00e9s amb sornegueria i h\u00e0bils fiblades ridiculitzants, ad\u00e9s amb una ira no continguda.<\/p>\n<p style=\"text-align: justify;\">Entre el 1170 i el 1175 f\u00e9u nombrosos sirventesos, en els quals s\u2019expressa amb inaudita cruesa i sense cap mena d\u2019eufemisme contra enlairades personalitats: el seu ve\u00ed Pere de Berga, el bisbe d\u2019Urgell Arnau de Preixens, Pon\u00e7 de Mataplana, al llinatge del qual era vinculat per certs lligams feudals, Ramon Folc de Cardona ,assassinat per ell, els magnats Guillem de Claramunt i Guerau de Jorba i fins i tot Alfons I, que sembla que el cit\u00e0 a judici. Aquest llenguatge directe i obsc\u00e8 \u00e9s m\u00e9s abund\u00f3s en les poesies destinades a denigrar el bisbe d\u2019Urgell, on hom adverteix un odi profundament sentit. A la indignaci\u00f3 afegeix a vegades el sarcasme, com en el retrat que en diverses poesies fa de Pon\u00e7 de Mataplana, del qual destaca tant el repugnant aspecte f\u00edsic com la covardia, les tra\u00efcions i l\u2019homosexualitat. Sovint, quan exposa violacions i actes nefands dels seus enemics, detalla l\u2019an\u00e8cdota, la situa geogr\u00e0ficament i l\u2019autoritza amb informacions de grans personatges o de persones estretament vinculades a la persona denigrada. La major part d\u2019aquestes acusacions s\u00f3n calumnioses i exagerades, per\u00f2 la t\u00e0ctica denigrat\u00f2ria \u00e9s molt efica\u00e7; alguns d\u2019aquests sirventesos s\u00f3n bastits amb la melodia de can\u00e7ons velles o populars. Tanmateix, quan el seu enemic Pon\u00e7 de Mataplana mor\u00ed lluitant contra els sarra\u00efns, compongu\u00e9 un notabil\u00edssim plany on confessa que tot all\u00f2 que abans havia escrit contra ell eren errors i mentides.<\/p>\n<p style=\"text-align: justify;\">En la darrera etapa de la seva producci\u00f3 els sirventesos es refereixen a la revolta d\u2019Arnau de Castellb\u00f2 i de Pon\u00e7 de Cabrera contra el rei Alfons. S\u00f3n peces compostes entre els anys 1187 i 1192 que forneixen una viva imatge de la guerra feudal i de l&#8217;estat d&#8217;opini\u00f3 que suscit\u00e0. En elles, com en el conjunt de la seva producci\u00f3, a alguns aspectes de la vida catalana de la segona meitat del s XII apareixen vivament documentats amb passi\u00f3, pintoresquisme i intencionada deformaci\u00f3.<\/p>\n","protected":false},"excerpt":{"rendered":"<p>GUILLEM DE BERGUED\u00c0 (1138-1196) Trobador, fill gran i hereu del vescomte de Berga Guillem. El 1176 assassin\u00e0 el vescomte Ramon Folc (III) de Cardona i hagu\u00e9 de viure amagat, protegit pel vescomte Ramon II de Castellb\u00f2, i refugiar-se a Occit\u00e0nia, on es relacion\u00e0 amb el trobador Bertran de Born, amb qui l\u2019un\u00ed una cordial amistat, [&hellip;]<\/p>\n","protected":false},"author":1,"featured_media":0,"parent":19,"menu_order":23,"comment_status":"closed","ping_status":"closed","template":"page-templates\/side-menu.php","meta":{"_bbp_topic_count":0,"_bbp_reply_count":0,"_bbp_total_topic_count":0,"_bbp_total_reply_count":0,"_bbp_voice_count":0,"_bbp_anonymous_reply_count":0,"_bbp_topic_count_hidden":0,"_bbp_reply_count_hidden":0,"_bbp_forum_subforum_count":0,"site-sidebar-layout":"default","site-content-layout":"","ast-site-content-layout":"","site-content-style":"default","site-sidebar-style":"default","ast-global-header-display":"","ast-banner-title-visibility":"","ast-main-header-display":"","ast-hfb-above-header-display":"","ast-hfb-below-header-display":"","ast-hfb-mobile-header-display":"","site-post-title":"","ast-breadcrumbs-content":"","ast-featured-img":"","footer-sml-layout":"","theme-transparent-header-meta":"","adv-header-id-meta":"","stick-header-meta":"","header-above-stick-meta":"","header-main-stick-meta":"","header-below-stick-meta":"","astra-migrate-meta-layouts":"default","ast-page-background-enabled":"default","ast-page-background-meta":{"desktop":{"background-color":"var(--ast-global-color-4)","background-image":"","background-repeat":"repeat","background-position":"center center","background-size":"auto","background-attachment":"scroll","background-type":"","background-media":"","overlay-type":"","overlay-color":"","overlay-opacity":"","overlay-gradient":""},"tablet":{"background-color":"","background-image":"","background-repeat":"repeat","background-position":"center center","background-size":"auto","background-attachment":"scroll","background-type":"","background-media":"","overlay-type":"","overlay-color":"","overlay-opacity":"","overlay-gradient":""},"mobile":{"background-color":"","background-image":"","background-repeat":"repeat","background-position":"center center","background-size":"auto","background-attachment":"scroll","background-type":"","background-media":"","overlay-type":"","overlay-color":"","overlay-opacity":"","overlay-gradient":""}},"ast-content-background-meta":{"desktop":{"background-color":"var(--ast-global-color-5)","background-image":"","background-repeat":"repeat","background-position":"center center","background-size":"auto","background-attachment":"scroll","background-type":"","background-media":"","overlay-type":"","overlay-color":"","overlay-opacity":"","overlay-gradient":""},"tablet":{"background-color":"var(--ast-global-color-5)","background-image":"","background-repeat":"repeat","background-position":"center center","background-size":"auto","background-attachment":"scroll","background-type":"","background-media":"","overlay-type":"","overlay-color":"","overlay-opacity":"","overlay-gradient":""},"mobile":{"background-color":"var(--ast-global-color-5)","background-image":"","background-repeat":"repeat","background-position":"center center","background-size":"auto","background-attachment":"scroll","background-type":"","background-media":"","overlay-type":"","overlay-color":"","overlay-opacity":"","overlay-gradient":""}},"footnotes":""},"class_list":["post-485","page","type-page","status-publish","hentry"],"post_mailing_queue_ids":[],"_links":{"self":[{"href":"https:\/\/agora.xtec.cat\/iesguillembergueda\/wp-json\/wp\/v2\/pages\/485","targetHints":{"allow":["GET"]}}],"collection":[{"href":"https:\/\/agora.xtec.cat\/iesguillembergueda\/wp-json\/wp\/v2\/pages"}],"about":[{"href":"https:\/\/agora.xtec.cat\/iesguillembergueda\/wp-json\/wp\/v2\/types\/page"}],"author":[{"embeddable":true,"href":"https:\/\/agora.xtec.cat\/iesguillembergueda\/wp-json\/wp\/v2\/users\/1"}],"replies":[{"embeddable":true,"href":"https:\/\/agora.xtec.cat\/iesguillembergueda\/wp-json\/wp\/v2\/comments?post=485"}],"version-history":[{"count":3,"href":"https:\/\/agora.xtec.cat\/iesguillembergueda\/wp-json\/wp\/v2\/pages\/485\/revisions"}],"predecessor-version":[{"id":7166,"href":"https:\/\/agora.xtec.cat\/iesguillembergueda\/wp-json\/wp\/v2\/pages\/485\/revisions\/7166"}],"up":[{"embeddable":true,"href":"https:\/\/agora.xtec.cat\/iesguillembergueda\/wp-json\/wp\/v2\/pages\/19"}],"wp:attachment":[{"href":"https:\/\/agora.xtec.cat\/iesguillembergueda\/wp-json\/wp\/v2\/media?parent=485"}],"curies":[{"name":"wp","href":"https:\/\/api.w.org\/{rel}","templated":true}]}}