{"id":4666,"date":"2019-11-25T11:12:13","date_gmt":"2019-11-25T10:12:13","guid":{"rendered":"http:\/\/agora.xtec.cat\/iesguillembergueda\/?page_id=4666"},"modified":"2021-04-19T23:40:46","modified_gmt":"2021-04-19T21:40:46","slug":"erasmus-berga-dreux-2019-2021","status":"publish","type":"page","link":"https:\/\/agora.xtec.cat\/iesguillembergueda\/erasmus-berga-dreux-2019-2021\/","title":{"rendered":"ERASMUS+ BERGA-DREUX (2019-2021)"},"content":{"rendered":"<p><span style=\"font-family: inherit; font-size: 1em;\"><a href=\"http:\/\/www.sepie.es\"><img loading=\"lazy\" decoding=\"async\" class=\"alignnone wp-image-4670\" src=\"https:\/\/agora.xtec.cat\/iesguillembergueda\/wp-content\/uploads\/usu1118\/2019\/11\/SEPIE.jpg\" alt=\"\" width=\"217\" height=\"51\" srcset=\"https:\/\/agora.xtec.cat\/iesguillembergueda\/wp-content\/uploads\/usu1118\/2019\/11\/SEPIE.jpg 820w, https:\/\/agora.xtec.cat\/iesguillembergueda\/wp-content\/uploads\/usu1118\/2019\/11\/SEPIE-300x71.jpg 300w, https:\/\/agora.xtec.cat\/iesguillembergueda\/wp-content\/uploads\/usu1118\/2019\/11\/SEPIE-768x181.jpg 768w\" sizes=\"auto, (max-width: 217px) 100vw, 217px\" \/> \u00a0 \u00a0 \u00a0 \u00a0 \u00a0 \u00a0 \u00a0 \u00a0 \u00a0 \u00a0 \u00a0 \u00a0 \u00a0 \u00a0 \u00a0 \u00a0 \u00a0 \u00a0 \u00a0 \u00a0 \u00a0 \u00a0 \u00a0 \u00a0 \u00a0 \u00a0 \u00a0 \u00a0 \u00a0 \u00a0 \u00a0 \u00a0 \u00a0 \u00a0 \u00a0 \u00a0 \u00a0 \u00a0 \u00a0 \u00a0 \u00a0 \u00a0 \u00a0 \u00a0 \u00a0 \u00a0 \u00a0 \u00a0 <\/a><img loading=\"lazy\" decoding=\"async\" class=\"wp-image-4754 alignright\" src=\"https:\/\/agora.xtec.cat\/iesguillembergueda\/wp-content\/uploads\/usu1118\/2019\/12\/logo_erasmus_berga.jpg\" alt=\"\" width=\"113\" height=\"59\" \/><br \/>\n<\/span><\/p>\n<p><span style=\"font-family: inherit; font-size: 1em;\">Erasmus + est un programme de mobilit\u00e9 cofinanc\u00e9 par l\u2019Union Europ\u00e9enne, visant le soutien \u00e0 l\u2019\u00e9ducation et \u00e0 la formation des \u00e9tudiants et professeurs.<\/span><\/p>\n<p>Nos \u00e9l\u00e8ves de Bachibac ont \u00e9t\u00e9 s\u00e9lectionn\u00e9s pour participer \u00e0 ce programme. Tout au long de cette ann\u00e9e scolaire et celle de 2020-2021, on va mettre en place diff\u00e9rentes activit\u00e9s de coop\u00e9ration et d\u2019\u00e9changes avec le Lyc\u00e9e Rotrou de Dreux (France), ce qui nous permettra de mieux nous conna\u00eetre et de nous enrichir en partageant nos cultures et nos langues.<\/p>\n<p>Il va de soi que \u00e7a va \u00eatre une exp\u00e9rience tr\u00e8s enrichissante pour nous tous.<\/p>\n<hr \/>\n<p>&nbsp;<\/p>\n<p>Erasmus + es un programa de movilidad promovido por la UE, cuyo objetivo es el de dar soporte a la educaci\u00f3n y a la formaci\u00f3n de estudiantes y profesores.<\/p>\n<p>Nuestros alumnos de Bachibac han sido seleccionados para participar en dicho programa. A lo largo del presente curso y del siguiente, realizaremos diferentes actividades de cooperaci\u00f3n e intercambio con el Instituto Rotrou de Dreux (Francia), lo cual nos permitir\u00e1 conocernos mejor y enriquecernos al compartir nuestras lenguas y culturas.<\/p>\n<p>No cabe duda de que ser\u00e1 una experiencia muy enriquecedora para todos.<\/p>\n<hr \/>\n<p>&nbsp;<\/p>\n<p>Erasmus+ \u00e9s un programa de mobilitat que promou la UE i que t\u00e9 com a objectiu donar suport i contribuir en l\u2019educaci\u00f3 i la formaci\u00f3 d\u2019estudiants i professors.<\/p>\n<p>Els nostres alumnes de Batxibac han estat seleccionats per participar en aquest programa. Al llarg del present curs i del vinent, realitzarem diferents activitats de cooperaci\u00f3 i intercanvi amb l\u2019Institut Rotrou de Dreux (Fran\u00e7a) que en permetran con\u00e8ixer i aprofundir en les difer\u00e8ncies culturals i ling\u00fc\u00edstiques d\u2019ambd\u00f3s pa\u00efsos.<\/p>\n<p>De ben segur ser\u00e0 una experi\u00e8ncia molt enriquidora per a tots plegats!<\/p>\n<p><iframe loading=\"lazy\" src=\"\/\/www.youtube.com\/embed\/FLVLEuJAfhs\" width=\"560\" height=\"315\" frameborder=\"0\"><\/iframe><\/p>\n<p>Podeu veure les fotos clicant damunt de la imatge.<\/p>\n<p><a href=\"https:\/\/photos.app.goo.gl\/c1ae2xwCt4RFNUvp9\"><img loading=\"lazy\" decoding=\"async\" class=\"alignnone wp-image-4894\" src=\"https:\/\/agora.xtec.cat\/iesguillembergueda\/wp-content\/uploads\/usu1118\/2020\/03\/erasmusBerga_Dereux2020-1024x768.jpg\" alt=\"\" width=\"596\" height=\"447\" srcset=\"https:\/\/agora.xtec.cat\/iesguillembergueda\/wp-content\/uploads\/usu1118\/2020\/03\/erasmusBerga_Dereux2020-1024x768.jpg 1024w, https:\/\/agora.xtec.cat\/iesguillembergueda\/wp-content\/uploads\/usu1118\/2020\/03\/erasmusBerga_Dereux2020-300x225.jpg 300w, https:\/\/agora.xtec.cat\/iesguillembergueda\/wp-content\/uploads\/usu1118\/2020\/03\/erasmusBerga_Dereux2020-768x576.jpg 768w, https:\/\/agora.xtec.cat\/iesguillembergueda\/wp-content\/uploads\/usu1118\/2020\/03\/erasmusBerga_Dereux2020-200x150.jpg 200w, https:\/\/agora.xtec.cat\/iesguillembergueda\/wp-content\/uploads\/usu1118\/2020\/03\/erasmusBerga_Dereux2020.jpg 1295w\" sizes=\"auto, (max-width: 596px) 100vw, 596px\" \/><\/a><\/p>\n<p>V\u00eddeo Erasmus<\/p>\n<p><iframe loading=\"lazy\" src=\"\/\/www.youtube.com\/embed\/n3H5MnKj7hU\" width=\"560\" height=\"314\"><\/iframe><\/p>\n","protected":false},"excerpt":{"rendered":"<p>\u00a0 \u00a0 \u00a0 \u00a0 \u00a0 \u00a0 \u00a0 \u00a0 \u00a0 \u00a0 \u00a0 \u00a0 \u00a0 \u00a0 \u00a0 \u00a0 \u00a0 \u00a0 \u00a0 \u00a0 \u00a0 \u00a0 \u00a0 \u00a0 \u00a0 \u00a0 \u00a0 \u00a0 \u00a0 \u00a0 \u00a0 \u00a0 \u00a0 \u00a0 \u00a0 \u00a0 \u00a0 \u00a0 \u00a0 \u00a0 \u00a0 \u00a0 \u00a0 \u00a0 \u00a0 \u00a0 \u00a0 \u00a0 Erasmus + est un programme de mobilit\u00e9 [&hellip;]<\/p>\n","protected":false},"author":1,"featured_media":0,"parent":0,"menu_order":1,"comment_status":"closed","ping_status":"closed","template":"","meta":{"_bbp_topic_count":0,"_bbp_reply_count":0,"_bbp_total_topic_count":0,"_bbp_total_reply_count":0,"_bbp_voice_count":0,"_bbp_anonymous_reply_count":0,"_bbp_topic_count_hidden":0,"_bbp_reply_count_hidden":0,"_bbp_forum_subforum_count":0,"site-sidebar-layout":"default","site-content-layout":"","ast-site-content-layout":"","site-content-style":"default","site-sidebar-style":"default","ast-global-header-display":"","ast-banner-title-visibility":"","ast-main-header-display":"","ast-hfb-above-header-display":"","ast-hfb-below-header-display":"","ast-hfb-mobile-header-display":"","site-post-title":"","ast-breadcrumbs-content":"","ast-featured-img":"","footer-sml-layout":"","theme-transparent-header-meta":"","adv-header-id-meta":"","stick-header-meta":"","header-above-stick-meta":"","header-main-stick-meta":"","header-below-stick-meta":"","astra-migrate-meta-layouts":"default","ast-page-background-enabled":"default","ast-page-background-meta":{"desktop":{"background-color":"var(--ast-global-color-4)","background-image":"","background-repeat":"repeat","background-position":"center center","background-size":"auto","background-attachment":"scroll","background-type":"","background-media":"","overlay-type":"","overlay-color":"","overlay-opacity":"","overlay-gradient":""},"tablet":{"background-color":"","background-image":"","background-repeat":"repeat","background-position":"center center","background-size":"auto","background-attachment":"scroll","background-type":"","background-media":"","overlay-type":"","overlay-color":"","overlay-opacity":"","overlay-gradient":""},"mobile":{"background-color":"","background-image":"","background-repeat":"repeat","background-position":"center center","background-size":"auto","background-attachment":"scroll","background-type":"","background-media":"","overlay-type":"","overlay-color":"","overlay-opacity":"","overlay-gradient":""}},"ast-content-background-meta":{"desktop":{"background-color":"var(--ast-global-color-5)","background-image":"","background-repeat":"repeat","background-position":"center center","background-size":"auto","background-attachment":"scroll","background-type":"","background-media":"","overlay-type":"","overlay-color":"","overlay-opacity":"","overlay-gradient":""},"tablet":{"background-color":"var(--ast-global-color-5)","background-image":"","background-repeat":"repeat","background-position":"center center","background-size":"auto","background-attachment":"scroll","background-type":"","background-media":"","overlay-type":"","overlay-color":"","overlay-opacity":"","overlay-gradient":""},"mobile":{"background-color":"var(--ast-global-color-5)","background-image":"","background-repeat":"repeat","background-position":"center center","background-size":"auto","background-attachment":"scroll","background-type":"","background-media":"","overlay-type":"","overlay-color":"","overlay-opacity":"","overlay-gradient":""}},"footnotes":""},"class_list":["post-4666","page","type-page","status-publish","hentry"],"post_mailing_queue_ids":[],"_links":{"self":[{"href":"https:\/\/agora.xtec.cat\/iesguillembergueda\/wp-json\/wp\/v2\/pages\/4666","targetHints":{"allow":["GET"]}}],"collection":[{"href":"https:\/\/agora.xtec.cat\/iesguillembergueda\/wp-json\/wp\/v2\/pages"}],"about":[{"href":"https:\/\/agora.xtec.cat\/iesguillembergueda\/wp-json\/wp\/v2\/types\/page"}],"author":[{"embeddable":true,"href":"https:\/\/agora.xtec.cat\/iesguillembergueda\/wp-json\/wp\/v2\/users\/1"}],"replies":[{"embeddable":true,"href":"https:\/\/agora.xtec.cat\/iesguillembergueda\/wp-json\/wp\/v2\/comments?post=4666"}],"version-history":[{"count":4,"href":"https:\/\/agora.xtec.cat\/iesguillembergueda\/wp-json\/wp\/v2\/pages\/4666\/revisions"}],"predecessor-version":[{"id":5397,"href":"https:\/\/agora.xtec.cat\/iesguillembergueda\/wp-json\/wp\/v2\/pages\/4666\/revisions\/5397"}],"wp:attachment":[{"href":"https:\/\/agora.xtec.cat\/iesguillembergueda\/wp-json\/wp\/v2\/media?parent=4666"}],"curies":[{"name":"wp","href":"https:\/\/api.w.org\/{rel}","templated":true}]}}