{"id":46,"date":"2014-09-17T16:53:45","date_gmt":"2014-09-17T16:53:45","guid":{"rendered":"http:\/\/agora.xtec.cat\/iesguillembergueda\/?page_id=46"},"modified":"2026-02-27T10:16:12","modified_gmt":"2026-02-27T09:16:12","slug":"organigrama","status":"publish","type":"page","link":"https:\/\/agora.xtec.cat\/iesguillembergueda\/linstitut\/organigrama\/","title":{"rendered":"Organigrama"},"content":{"rendered":"<p><!-- Google tag (gtag.js) --> <script async src=\"https:\/\/www.googletagmanager.com\/gtag\/js?id=G-8CJB278QW3\"><\/script> <script> window.dataLayer = window.dataLayer || []; function gtag(){dataLayer.push(arguments);} gtag('js', new Date()); gtag('config', 'G-8CJB278QW3'); <\/script><!-- Google Tag Manager (noscript) --><noscript><iframe src=\"https:\/\/www.googletagmanager.com\/ns.html?id=GTM-NH8MVLN\"height=\"0\" width=\"0\" style=\"display:none;visibility:hidden\"><\/iframe><\/noscript><!-- End Google Tag Manager (noscript) --><\/p>\n<table class=\" alignleft\" style=\"width: 97.35%; height: 1478px;\">\n<tbody>\n<tr style=\"height: 32px;\">\n<td style=\"height: 32px; width: 97.9565%;\" colspan=\"3\"><span style=\"color: #800000;\"><strong>EQUIP DIRECTIU<\/strong><\/span><\/td>\n<\/tr>\n<tr style=\"height: 216px;\">\n<td style=\"height: 216px; width: 97.9565%;\" colspan=\"3\"><strong>Director:<\/strong> S\u00edlvia Altarriba<strong>Cap d\u2019Estudis:<\/strong> Joan Saguer<\/p>\n<p><strong>Coordinadora Pedag\u00f2gica:<\/strong> Ester Ben\u00edtez<\/p>\n<p><strong>Cap d\u2019Estudis Adjunt:<\/strong> Gemma Gonfaus<\/p>\n<p><strong>Secret\u00e0ria:<\/strong> Mariona Puig<\/td>\n<\/tr>\n<tr style=\"height: 32px;\">\n<td style=\"height: 32px; width: 97.9565%;\" colspan=\"3\"><span style=\"color: #800000;\"><strong>DEPARTAMENTS<\/strong><\/span><\/td>\n<\/tr>\n<tr style=\"height: 164px;\">\n<td style=\"height: 144px; width: 32.5238%;\" valign=\"top\"><span style=\"color: #800000;\"><strong>M\u00fasica<\/strong><\/span><strong>Gerard Comellas<\/strong> (Cap de Departament)<\/td>\n<td style=\"height: 144px; width: 31.6651%;\" valign=\"top\"><span style=\"color: #800000;\"><strong>Visual i Pl\u00e0stica<\/strong><\/span><strong>Lourdes Ricart <\/strong>(Cap de Departament)<br \/>\nEva Serra<\/td>\n<td style=\"height: 144px; width: 33.7676%;\" valign=\"top\"><span style=\"color: #800000;\"><strong>Educaci\u00f3 F\u00edsica<\/strong><\/span><strong>J\u00falia Serrano<\/strong>(Cap de Departament)<br \/>\nS\u00edlvia Altarriba<br \/>\nJoan Robles<br \/>\nSergi Casabon<\/td>\n<\/tr>\n<tr style=\"height: 528px;\">\n<td style=\"height: 442px; width: 32.5238%;\" valign=\"top\"><span style=\"color: #800000;\"><strong>Llengua i Literatura Catalana<\/strong><\/span><\/p>\n<ul>\n<li><u>Catal\u00e0:<\/u><\/li>\n<\/ul>\n<p><strong>Eva Tom\u00e0s <\/strong>(Cap de Departament)<\/p>\n<p>Merc\u00e8 Prat<br \/>\nIsabel Roca<br \/>\nS\u00edlvia Palau<br \/>\nJaume Huch<br \/>\nOlga Montava<\/p>\n<p>Marta Armengou (AA)<\/p>\n<ul>\n<li><u>Cl\u00e0ssiques:<\/u><\/li>\n<\/ul>\n<p>Crist\u00f3bal Esco\u00edn<\/td>\n<td style=\"height: 442px; width: 31.6651%;\" valign=\"top\"><span style=\"color: #800000;\"><strong>Ci\u00e8ncies Socials<\/strong><\/span><\/p>\n<ul>\n<li><u>Ci\u00e8ncies Socials:<\/u><\/li>\n<\/ul>\n<p><strong>David Bar\u00f3<\/strong>\u00a0(Cap de Departament)<\/p>\n<p>Arnau Garreta<br \/>\nDolors Furadada<br \/>\nAl\u00edcia Naval\u00f3n<br \/>\nJudit Lucas<\/p>\n<ul>\n<li><u>Filosofia<\/u>:<\/li>\n<\/ul>\n<p>Teresa Carb\u00f3<\/p>\n<ul>\n<li><u>Economia<\/u>:<\/li>\n<\/ul>\n<p>\u00c0ngels Bover<\/p>\n<ul>\n<li><u>Religi\u00f3<\/u>:<\/li>\n<\/ul>\n<p>Josep M. Pla<\/td>\n<td style=\"height: 442px; width: 33.7676%;\" valign=\"top\"><span style=\"color: #800000;\"><strong>Ci\u00e8ncies de la <\/strong><strong>Naturalesa<\/strong><\/span><strong>Sandra Bessa\/Txell Comellas <\/strong>(Cap de Departament)<\/p>\n<ul>\n<li><u>Biologia<\/u> <u>i <\/u><u>Geologia:<\/u><\/li>\n<\/ul>\n<p>Marta Vilar\u00f3<br \/>\nEster Ben\u00edtez<br \/>\nGemma Just<\/p>\n<ul>\n<li><u>F\u00edsica i Qu\u00edmica:<\/u><\/li>\n<\/ul>\n<p>Ferran Barroso<br \/>\nLourdes Busquets<br \/>\nMeritxell Comellas<br \/>\nJordi Vela<br \/>\nBel\u00e9n Hidalgo<\/td>\n<\/tr>\n<tr style=\"height: 235px;\">\n<td style=\"height: 198px; width: 32.5238%;\" valign=\"top\"><span style=\"color: #800000;\"><strong>Llengua i Literatura <\/strong><strong>Castellana<\/strong><\/span><strong>Cinta Dalmases <\/strong>(Cap de Departament)<\/p>\n<p>Albert Fuguet<br \/>\nMacarena Romero<br \/>\nRabad Mhir<\/td>\n<td style=\"height: 198px; width: 31.6651%;\" valign=\"top\"><span style=\"color: #800000;\"><strong>T<\/strong><strong>ecnologia<\/strong><\/span><strong>Joan Garcia <\/strong>(Cap de Departament)<\/p>\n<p>Ramon Bajona<\/p>\n<p>H\u00e9ctor P\u00e9rez<\/p>\n<p>Mario Cambred\u00f3<\/td>\n<td style=\"height: 198px; width: 33.7676%;\" valign=\"top\"><span style=\"color: #800000;\"><strong>Matem\u00e0tiques<\/strong><\/span><strong><b>\u00c0ngels Carbonell<\/b>\u00a0<\/strong>(Cap de Departament)<\/p>\n<p>Ferran Camprub\u00ed<br \/>\nMarc Cuevas\u00a0 \u00a0 Anna de Haro Merc\u00e8 Garriga<br \/>\nGemma Gonfaus<br \/>\nJoan Saguer<\/td>\n<\/tr>\n<tr style=\"height: 323px;\">\n<td style=\"height: 278px; width: 32.5238%;\"><span style=\"color: #800000;\"><strong>Lleng\u00fces estrangeres <\/strong><\/span><\/p>\n<ul>\n<li><u>Angl\u00e8s:<\/u><\/li>\n<\/ul>\n<p><strong>Gemma Roset<\/strong>\u00a0(Cap de Departament)<\/p>\n<p>Elisabet Ball\u00fas<br \/>\nFina Marcel\u00f3<br \/>\nAnnaTor<br \/>\nMarta Ferrer<\/p>\n<ul>\n<li><u>Franc\u00e8s<\/u>:<\/li>\n<\/ul>\n<p><strong>Judith Alaiz<\/strong>\u00a0(Cap de Departament)<\/p>\n<p>Vicen Peir\u00f3<\/td>\n<td style=\"height: 278px; width: 31.6651%;\" valign=\"top\"><span style=\"color: #800000;\"><strong>Sanitat<\/strong><\/span><strong>Anna Coma<\/strong> (Cap de Departament)<\/p>\n<p>Miquel Sabata<br \/>\nYolanda Perea<br \/>\nMarta Pag\u00e8s<\/p>\n<ul>\n<li><strong>FOL:<\/strong> Laura Salinas<\/li>\n<\/ul>\n<\/td>\n<td style=\"height: 278px; width: 33.7676%;\" valign=\"top\"><span style=\"color: #800000;\"><strong>Sociocomunit\u00e0ria <\/strong><\/span><strong>M\u00e0ria Herrero <\/strong>(Cap de Departament)<\/p>\n<p>Anna Bar\u00f3<br \/>\nJos\u00e9 Cara<br \/>\nPuri Jaime<br \/>\nMontse P\u00e9rez<\/td>\n<\/tr>\n<tr style=\"height: 226px;\">\n<td style=\"height: 136px; width: 32.5238%;\" valign=\"top\"><span style=\"color: #800000;\"><strong>Psicopedagogia<\/strong><\/span><strong>M\u00f3nica Corominas<\/strong>\u00a0(Cap de Departament)<\/p>\n<p>Teresa Bars<br \/>\n\u00c9lia Mart\u00ednez<br \/>\nMariona Puig<br \/>\nAurora Caballero<\/p>\n<p>EEE: Anna D\u00edaz<\/td>\n<td style=\"height: 136px; width: 31.6651%;\" valign=\"top\"><span style=\"color: #800000;\"><strong>IFE<\/strong><\/span><strong>Queralt Altarriba <\/strong>(Cap de Departament)<\/p>\n<p>Carla Domingo<br \/>\nLaura Espelt<br \/>\nJ\u00falia Porta<br \/>\nN\u00faria Puig<br \/>\nArnau Ribera<br \/>\nMariona Puig<\/td>\n<td style=\"height: 136px; width: 33.7676%;\" valign=\"top\"><span style=\"color: #800000;\"><strong>Tutora PTT<\/strong><\/span>Tutora: Marc Feliu<\/td>\n<\/tr>\n<\/tbody>\n<\/table>\n","protected":false},"excerpt":{"rendered":"<p>EQUIP DIRECTIU Director: S\u00edlvia AltarribaCap d\u2019Estudis: Joan Saguer Coordinadora Pedag\u00f2gica: Ester Ben\u00edtez Cap d\u2019Estudis Adjunt: Gemma Gonfaus Secret\u00e0ria: Mariona Puig DEPARTAMENTS M\u00fasicaGerard Comellas (Cap de Departament) Visual i Pl\u00e0sticaLourdes Ricart (Cap de Departament) Eva Serra Educaci\u00f3 F\u00edsicaJ\u00falia Serrano(Cap de Departament) S\u00edlvia Altarriba Joan Robles Sergi Casabon Llengua i Literatura Catalana Catal\u00e0: Eva Tom\u00e0s (Cap de [&hellip;]<\/p>\n","protected":false},"author":1,"featured_media":0,"parent":19,"menu_order":26,"comment_status":"closed","ping_status":"closed","template":"","meta":{"_bbp_topic_count":0,"_bbp_reply_count":0,"_bbp_total_topic_count":0,"_bbp_total_reply_count":0,"_bbp_voice_count":0,"_bbp_anonymous_reply_count":0,"_bbp_topic_count_hidden":0,"_bbp_reply_count_hidden":0,"_bbp_forum_subforum_count":0,"site-sidebar-layout":"default","site-content-layout":"","ast-site-content-layout":"default","site-content-style":"default","site-sidebar-style":"default","ast-global-header-display":"","ast-banner-title-visibility":"","ast-main-header-display":"","ast-hfb-above-header-display":"","ast-hfb-below-header-display":"","ast-hfb-mobile-header-display":"","site-post-title":"","ast-breadcrumbs-content":"","ast-featured-img":"","footer-sml-layout":"","theme-transparent-header-meta":"","adv-header-id-meta":"","stick-header-meta":"","header-above-stick-meta":"","header-main-stick-meta":"","header-below-stick-meta":"","astra-migrate-meta-layouts":"set","ast-page-background-enabled":"default","ast-page-background-meta":{"desktop":{"background-color":"var(--ast-global-color-4)","background-image":"","background-repeat":"repeat","background-position":"center center","background-size":"auto","background-attachment":"scroll","background-type":"","background-media":"","overlay-type":"","overlay-color":"","overlay-opacity":"","overlay-gradient":""},"tablet":{"background-color":"","background-image":"","background-repeat":"repeat","background-position":"center center","background-size":"auto","background-attachment":"scroll","background-type":"","background-media":"","overlay-type":"","overlay-color":"","overlay-opacity":"","overlay-gradient":""},"mobile":{"background-color":"","background-image":"","background-repeat":"repeat","background-position":"center center","background-size":"auto","background-attachment":"scroll","background-type":"","background-media":"","overlay-type":"","overlay-color":"","overlay-opacity":"","overlay-gradient":""}},"ast-content-background-meta":{"desktop":{"background-color":"var(--ast-global-color-5)","background-image":"","background-repeat":"repeat","background-position":"center center","background-size":"auto","background-attachment":"scroll","background-type":"","background-media":"","overlay-type":"","overlay-color":"","overlay-opacity":"","overlay-gradient":""},"tablet":{"background-color":"var(--ast-global-color-5)","background-image":"","background-repeat":"repeat","background-position":"center center","background-size":"auto","background-attachment":"scroll","background-type":"","background-media":"","overlay-type":"","overlay-color":"","overlay-opacity":"","overlay-gradient":""},"mobile":{"background-color":"var(--ast-global-color-5)","background-image":"","background-repeat":"repeat","background-position":"center center","background-size":"auto","background-attachment":"scroll","background-type":"","background-media":"","overlay-type":"","overlay-color":"","overlay-opacity":"","overlay-gradient":""}},"footnotes":""},"class_list":["post-46","page","type-page","status-publish","hentry"],"post_mailing_queue_ids":[],"_links":{"self":[{"href":"https:\/\/agora.xtec.cat\/iesguillembergueda\/wp-json\/wp\/v2\/pages\/46","targetHints":{"allow":["GET"]}}],"collection":[{"href":"https:\/\/agora.xtec.cat\/iesguillembergueda\/wp-json\/wp\/v2\/pages"}],"about":[{"href":"https:\/\/agora.xtec.cat\/iesguillembergueda\/wp-json\/wp\/v2\/types\/page"}],"author":[{"embeddable":true,"href":"https:\/\/agora.xtec.cat\/iesguillembergueda\/wp-json\/wp\/v2\/users\/1"}],"replies":[{"embeddable":true,"href":"https:\/\/agora.xtec.cat\/iesguillembergueda\/wp-json\/wp\/v2\/comments?post=46"}],"version-history":[{"count":5,"href":"https:\/\/agora.xtec.cat\/iesguillembergueda\/wp-json\/wp\/v2\/pages\/46\/revisions"}],"predecessor-version":[{"id":9348,"href":"https:\/\/agora.xtec.cat\/iesguillembergueda\/wp-json\/wp\/v2\/pages\/46\/revisions\/9348"}],"up":[{"embeddable":true,"href":"https:\/\/agora.xtec.cat\/iesguillembergueda\/wp-json\/wp\/v2\/pages\/19"}],"wp:attachment":[{"href":"https:\/\/agora.xtec.cat\/iesguillembergueda\/wp-json\/wp\/v2\/media?parent=46"}],"curies":[{"name":"wp","href":"https:\/\/api.w.org\/{rel}","templated":true}]}}