{"id":451,"date":"2016-04-15T16:58:22","date_gmt":"2016-04-15T15:58:22","guid":{"rendered":"http:\/\/agora.xtec.cat\/iesguillembergueda\/?page_id=451"},"modified":"2023-02-01T12:59:09","modified_gmt":"2023-02-01T11:59:09","slug":"informacio-per-a-les-families","status":"publish","type":"page","link":"https:\/\/agora.xtec.cat\/iesguillembergueda\/informacio-per-a-les-families\/","title":{"rendered":"INFORMACI\u00d3 PER A LES FAM\u00cdLIES"},"content":{"rendered":"<ul>\n<li><strong>INFORMACIONS GENERALS<\/strong>\n<ul>\n<li><a href=\"https:\/\/drive.google.com\/file\/d\/1-R1_Bm00tDIiGM83i58N16JVs1e7w3nt\/view\">Normes i funcionament del centre<\/a><\/li>\n<li><a href=\"http:\/\/agora.xtec.cat\/iesguillembergueda\/secretaria\/\">Secretaria<\/a><\/li>\n<li><a href=\"https:\/\/drive.google.com\/file\/d\/1AFBoyda1szHdoHysW87Ic6i6L7ddSNly\/view?usp=share_link\">Horaris transport escolar<\/a><\/li>\n<li><a href=\"https:\/\/drive.google.com\/file\/d\/1UMMNppxeg4cMgSq7Aa1eK1mjrqwHtW3Z\/view?usp=sharing\">Calendari escolar<\/a><\/li>\n<li><a href=\"https:\/\/agora.xtec.cat\/iesguillembergueda\/linstitut\/agenda\/\">Agenda d&#8217;activitats<\/a><\/li>\n<li><a href=\"https:\/\/drive.google.com\/file\/d\/1kVZQuRJfJUipYzvgKiaTfAmvCjsZjY0d\/view?usp=share_link\">Organigrama<\/a><\/li>\n<li>Associaci\u00f3 de Fam\u00edlies d&#8217;Alumnes\n<ul>\n<li><a href=\"https:\/\/agora.xtec.cat\/iesguillembergueda\/linstitut\/junta-de-lafa\/\">Junta de l&#8217;AFA<\/a><\/li>\n<li><a href=\"https:\/\/apainstitutguillembergueda.wordpress.com\/\" target=\"_blank\" rel=\"noopener noreferrer\">Blog AFA Institut Guillem de Bergued\u00e0<\/a><\/li>\n<li><a href=\"https:\/\/drive.google.com\/open?id=0Bzf8JJLUZG4pT2lGWm1qSWpXLWc\" target=\"_blank\" rel=\"noopener noreferrer\">Butlleta per associar-se a l&#8217;AFA<\/a><\/li>\n<li><a href=\"https:\/\/drive.google.com\/open?id=1z_rUIeXBGj5hZ1VwL3yLS5M6tjxXaWL2\" target=\"_blank\" rel=\"noopener noreferrer\">Contracte armariets<\/a><\/li>\n<\/ul>\n<\/li>\n<li><a href=\"http:\/\/agora.xtec.cat\/iesguillembergueda\/riscos\/\">Riscos laborals<\/a><\/li>\n<li>Protocol de detecci\u00f3 \u00a0i intervenci\u00f3 del consum de drogues en menors d&#8217;edat escolaritzats als centres d&#8217;educaci\u00f3 secund\u00e0ria de la comarca del Bergued\u00e0.\n<ul>\n<li><a href=\"http:\/\/www.bergueda.cat\/wp-content\/uploads\/2013\/07\/Protocol-secund%C3%A0ria-V140123.pdf\" target=\"_blank\" rel=\"noopener noreferrer\">Protocol<\/a><\/li>\n<li><a href=\"http:\/\/www.bergueda.cat\/wp-content\/uploads\/2013\/07\/Diptic-Protocol-prevenci%C3%B3-drogues-20131.pdf\" target=\"_blank\" rel=\"noopener noreferrer\">D\u00edptic<\/a><\/li>\n<\/ul>\n<\/li>\n<\/ul>\n<\/li>\n<\/ul>\n<ul>\n<li><strong>PROJECTES<\/strong><\/li>\n<\/ul>\n<ul>\n<li style=\"list-style-type: none;\">\n<ul>\n<li><a href=\"https:\/\/drive.google.com\/file\/d\/0Bzf8JJLUZG4pN09KckVIbC1DaFU\/view?usp=share_link&amp;resourcekey=0-kpGOkgm-o-LUwbmSYsj8nQ\">Projecte Educatiu de Centre<\/a><\/li>\n<li>Qualitat<\/li>\n<li><a href=\"http:\/\/blocs.xtec.cat\/cartelleraverda\/\" target=\"_blank\" rel=\"noopener noreferrer\">Escola verda<\/a><\/li>\n<li><a href=\"http:\/\/agora.xtec.cat\/iesguillembergueda\/projecte-educatiu\/gep\/\">GEP (Grup d&#8217;Experimentaci\u00f3 pel Pluriling\u00fcisme)<\/a><\/li>\n<li><a href=\"http:\/\/xtvlblocs.cat\/familiesiescola\/\" target=\"_blank\" rel=\"noopener noreferrer\">Fam\u00edlia i escola<\/a><\/li>\n<li><a href=\"http:\/\/agora.xtec.cat\/iesguillembergueda\/projecte-educatiu\/convivencia\/\">Conviv\u00e8ncia<\/a><\/li>\n<\/ul>\n<\/li>\n<\/ul>\n<ul>\n<li><strong>ORIENTACI\u00d3<\/strong>\n<ul>\n<li><a href=\"http:\/\/www.firaestudiant.cat\/\">Fira de l&#8217;Estudiant<\/a><\/li>\n<li><a href=\"https:\/\/sites.google.com\/a\/xtec.cat\/despresdeleso\/\">Despr\u00e9s de l&#8217;ESO<\/a><\/li>\n<li>Despr\u00e9s del Batxillerat<\/li>\n<li><a href=\"https:\/\/educacio.gencat.cat\/ca\/serveis-tramits\/proves\/proves-acces\/\">Proves d&#8217;acc\u00e9s a Grau Mitj\u00e0 i a Grau Superior<\/a><\/li>\n<\/ul>\n<\/li>\n<\/ul>\n<ul>\n<li><strong>ESO (Educaci\u00f3 Secund\u00e0ria Obligat\u00f2ria)<\/strong>\n<ul>\n<li><a href=\"https:\/\/drive.google.com\/file\/d\/1lwB8U7EXXOzlAkaaTr_xQowu3u1nxNXl\/view\" target=\"_blank\" rel=\"noopener noreferrer\">Material dels alumnes d&#8217;ESO pel curs 2022-23<\/a><\/li>\n<li><a href=\"https:\/\/drive.google.com\/file\/d\/1YRzwoB1eYBAzSou7ck9i0ZUlJ7UVTEiB\/view?usp=sharing\">Ordinadors 1r ESO<\/a><\/li>\n<li>Llibres\n<ul>\n<li><a href=\"https:\/\/www.iddink.es\/?pagina=retornarEcoBooks\">Com retornar ecoBooks<\/a><\/li>\n<li><a href=\"https:\/\/www.iddink.es\/?pagina=ecoBooks\">Com tractar ecoBooks<\/a><\/li>\n<li><a href=\"https:\/\/drive.google.com\/file\/d\/15OdORw1pjVbrYncLZd7sc3xLFRMG4Kxv\/view?usp=sharing\">1r ESO<\/a><\/li>\n<li><a href=\"https:\/\/drive.google.com\/file\/d\/1RfUFZBq5Z8MjR7YMrO6ytFYSPYUP2Esj\/view?usp=sharing\">2n ESO<\/a><\/li>\n<li><a href=\"https:\/\/drive.google.com\/file\/d\/1ig8YvpfG3j3kNKjeHUfHmE5xGY8mragf\/view?usp=sharing\">3r ESO<\/a><\/li>\n<li><a href=\"https:\/\/drive.google.com\/file\/d\/1gtE1xNzDJtVyPYxUqmaBWhQAf1kkZsbv\/view?usp=sharing\" target=\"_blank\" rel=\"noopener noreferrer\">4t ESO<\/a><\/li>\n<\/ul>\n<\/li>\n<li><a href=\"https:\/\/es.padlet.com\/comunicacio36\/da44lixdfihy2t9g\">Guies de l&#8217;estudiant curs 2022-23<\/a><\/li>\n<\/ul>\n<\/li>\n<\/ul>\n<ul>\n<li><strong>BAT (Batxillerat)<\/strong>\n<ul>\n<li><a href=\"https:\/\/drive.google.com\/file\/d\/1yvuTwfJof7fY7H74eof-NObVDgBDJ2lD\/view?usp=sharing\">1r BAT<\/a><\/li>\n<li><a href=\"https:\/\/drive.google.com\/file\/d\/1FMoZdI7dqykLTvOnuXgfuKksdduvkULr\/view?usp=sharing\" target=\"_blank\" rel=\"noopener noreferrer\">2n BAT<\/a><\/li>\n<\/ul>\n<ul>\n<li><a href=\"https:\/\/es.padlet.com\/comunicacio36\/da44lixdfihy2t9g\">Guies de l&#8217;estudiant curs 2022-23<\/a><\/li>\n<li><a href=\"https:\/\/drive.google.com\/file\/d\/1RrJDB1ICnmWc95eQ7sJj6jzl4A3LiizU\/view?usp=sharing\" target=\"_blank\" rel=\"noopener noreferrer\">Itineraris<\/a><\/li>\n<li><a href=\"https:\/\/drive.google.com\/file\/d\/14YFtbqDHy66KOblbdt2imtdriP2tTlNB\/view?usp=sharing\" target=\"_blank\" rel=\"noopener noreferrer\">Tria d&#8217;itinerari 1r BAT<\/a><\/li>\n<li><a href=\"https:\/\/drive.google.com\/file\/d\/14u1lYEwxDzUuslsJ608HvMvimdT97tiq\/view?usp=sharing\" target=\"_blank\" rel=\"noopener noreferrer\">Tria d&#8217;itinerari 2n BAT<\/a><\/li>\n<li>Treball de recerca\n<ul>\n<li>Informacions<\/li>\n<li><a href=\"https:\/\/drive.google.com\/file\/d\/1C_quDHmBb7XMWpftnYJCnPo7pDWm3Udg\/view?usp=sharing\">Guia<\/a><\/li>\n<li><a href=\"https:\/\/drive.google.com\/file\/d\/1ivQxYMa96no-IvZZpP-pN53FiunulXCN\/view?usp=sharing\">Calendari<\/a><\/li>\n<li><a href=\"https:\/\/drive.google.com\/open?id=0Bzf8JJLUZG4pWGt5dTZOeF9Db0k\" target=\"_blank\" rel=\"noopener noreferrer\">Temes<\/a><\/li>\n<\/ul>\n<\/li>\n<li><a href=\"http:\/\/www20.gencat.cat\/portal\/site\/ur\/menuitem.392ea0abf128a1a9ccf24010b0c0e1a0\/?vgnextoid=ec3ec131d66b8310VgnVCM1000000b0c1e0aRCRD&amp;vgnextchannel=ec3ec131d66b8310VgnVCM1000000b0c1e0aRCRD&amp;vgnextfmt=default&amp;newLang=ca_ES\" target=\"_blank\" rel=\"noopener noreferrer\">PAU<\/a><\/li>\n<\/ul>\n<\/li>\n<\/ul>\n<ul>\n<li><strong>CICLES FORMATIUS DE FORMACI\u00d3 PROFESSIONAL<\/strong>\n<ul>\n<li>Llibres\n<ul>\n<li><a href=\"https:\/\/drive.google.com\/file\/d\/1Ain8z05k1RYlbjktadYh6q6-KjhxLhU3\/view?usp=sharing\" target=\"_blank\" rel=\"noopener noreferrer\">CAI<\/a><\/li>\n<li><a href=\"https:\/\/drive.google.com\/file\/d\/1g2foo0ZeLDPbix_DTGoXGdkquw1bjUzb\/view?usp=sharing\">APSD 1r<\/a><\/li>\n<li><a href=\"https:\/\/drive.google.com\/file\/d\/1HywhBgcX3NVve7PqWB4e7hSIipCfDJFZ\/view?usp=sharing\">APSD 2n (Technical English for Social and health carers)<\/a><\/li>\n<\/ul>\n<\/li>\n<\/ul>\n<\/li>\n<\/ul>\n<p>Cicles de grau mitj\u00e0<\/p>\n<ul>\n<li style=\"list-style-type: none;\">\n<ul>\n<li style=\"list-style-type: none;\">\n<ul>\n<li><a href=\"http:\/\/agora.xtec.cat\/iesguillembergueda\/estudis\/cicles-formatius\/cfgm-dependencia\/\">APSD (<\/a><a href=\"http:\/\/agora.xtec.cat\/iesguillembergueda\/estudis\/cicles-formatius\/cfgm-dependencia\/\">Atenci\u00f3 persones en situaci\u00f3 de depend\u00e8ncia<\/a><a href=\"http:\/\/agora.xtec.cat\/iesguillembergueda\/estudis\/cicles-formatius\/cfgm-dependencia\/\">)<\/a><\/li>\n<li><a href=\"http:\/\/agora.xtec.cat\/iesguillembergueda\/estudis\/cicles-formatius\/cfgm-cures-auxiliars-dinfermeria\/\">CAI (Cures auxiliars d&#8217;infermeria)<\/a><\/li>\n<li><a href=\"https:\/\/es.padlet.com\/comunicacio36\/da44lixdfihy2t9g\">Guies de l&#8217;estudiant curs 2022-23<\/a><\/li>\n<\/ul>\n<\/li>\n<\/ul>\n<\/li>\n<\/ul>\n<p>Cicles de grau superior<\/p>\n<ul>\n<li style=\"list-style-type: none;\">\n<ul>\n<li style=\"list-style-type: none;\">\n<ul>\n<li>TIS (Integraci\u00f3 social)<\/li>\n<li><a href=\"https:\/\/es.padlet.com\/comunicacio36\/da44lixdfihy2t9g\">Guies de l&#8217;estudiant curs 2022-23<\/a><\/li>\n<\/ul>\n<\/li>\n<\/ul>\n<\/li>\n<\/ul>\n","protected":false},"excerpt":{"rendered":"<p>INFORMACIONS GENERALS Normes i funcionament del centre Secretaria Horaris transport escolar Calendari escolar Agenda d&#8217;activitats Organigrama Associaci\u00f3 de Fam\u00edlies d&#8217;Alumnes Junta de l&#8217;AFA Blog AFA Institut Guillem de Bergued\u00e0 Butlleta per associar-se a l&#8217;AFA Contracte armariets Riscos laborals Protocol de detecci\u00f3 \u00a0i intervenci\u00f3 del consum de drogues en menors d&#8217;edat escolaritzats als centres d&#8217;educaci\u00f3 secund\u00e0ria [&hellip;]<\/p>\n","protected":false},"author":1,"featured_media":0,"parent":0,"menu_order":0,"comment_status":"closed","ping_status":"closed","template":"","meta":{"_bbp_topic_count":0,"_bbp_reply_count":0,"_bbp_total_topic_count":0,"_bbp_total_reply_count":0,"_bbp_voice_count":0,"_bbp_anonymous_reply_count":0,"_bbp_topic_count_hidden":0,"_bbp_reply_count_hidden":0,"_bbp_forum_subforum_count":0,"site-sidebar-layout":"default","site-content-layout":"","ast-site-content-layout":"","site-content-style":"default","site-sidebar-style":"default","ast-global-header-display":"","ast-banner-title-visibility":"","ast-main-header-display":"","ast-hfb-above-header-display":"","ast-hfb-below-header-display":"","ast-hfb-mobile-header-display":"","site-post-title":"","ast-breadcrumbs-content":"","ast-featured-img":"","footer-sml-layout":"","theme-transparent-header-meta":"","adv-header-id-meta":"","stick-header-meta":"","header-above-stick-meta":"","header-main-stick-meta":"","header-below-stick-meta":"","astra-migrate-meta-layouts":"default","ast-page-background-enabled":"default","ast-page-background-meta":{"desktop":{"background-color":"var(--ast-global-color-4)","background-image":"","background-repeat":"repeat","background-position":"center center","background-size":"auto","background-attachment":"scroll","background-type":"","background-media":"","overlay-type":"","overlay-color":"","overlay-opacity":"","overlay-gradient":""},"tablet":{"background-color":"","background-image":"","background-repeat":"repeat","background-position":"center center","background-size":"auto","background-attachment":"scroll","background-type":"","background-media":"","overlay-type":"","overlay-color":"","overlay-opacity":"","overlay-gradient":""},"mobile":{"background-color":"","background-image":"","background-repeat":"repeat","background-position":"center center","background-size":"auto","background-attachment":"scroll","background-type":"","background-media":"","overlay-type":"","overlay-color":"","overlay-opacity":"","overlay-gradient":""}},"ast-content-background-meta":{"desktop":{"background-color":"var(--ast-global-color-5)","background-image":"","background-repeat":"repeat","background-position":"center center","background-size":"auto","background-attachment":"scroll","background-type":"","background-media":"","overlay-type":"","overlay-color":"","overlay-opacity":"","overlay-gradient":""},"tablet":{"background-color":"var(--ast-global-color-5)","background-image":"","background-repeat":"repeat","background-position":"center center","background-size":"auto","background-attachment":"scroll","background-type":"","background-media":"","overlay-type":"","overlay-color":"","overlay-opacity":"","overlay-gradient":""},"mobile":{"background-color":"var(--ast-global-color-5)","background-image":"","background-repeat":"repeat","background-position":"center center","background-size":"auto","background-attachment":"scroll","background-type":"","background-media":"","overlay-type":"","overlay-color":"","overlay-opacity":"","overlay-gradient":""}},"footnotes":""},"class_list":["post-451","page","type-page","status-publish","hentry"],"post_mailing_queue_ids":[],"_links":{"self":[{"href":"https:\/\/agora.xtec.cat\/iesguillembergueda\/wp-json\/wp\/v2\/pages\/451","targetHints":{"allow":["GET"]}}],"collection":[{"href":"https:\/\/agora.xtec.cat\/iesguillembergueda\/wp-json\/wp\/v2\/pages"}],"about":[{"href":"https:\/\/agora.xtec.cat\/iesguillembergueda\/wp-json\/wp\/v2\/types\/page"}],"author":[{"embeddable":true,"href":"https:\/\/agora.xtec.cat\/iesguillembergueda\/wp-json\/wp\/v2\/users\/1"}],"replies":[{"embeddable":true,"href":"https:\/\/agora.xtec.cat\/iesguillembergueda\/wp-json\/wp\/v2\/comments?post=451"}],"version-history":[{"count":4,"href":"https:\/\/agora.xtec.cat\/iesguillembergueda\/wp-json\/wp\/v2\/pages\/451\/revisions"}],"predecessor-version":[{"id":6511,"href":"https:\/\/agora.xtec.cat\/iesguillembergueda\/wp-json\/wp\/v2\/pages\/451\/revisions\/6511"}],"wp:attachment":[{"href":"https:\/\/agora.xtec.cat\/iesguillembergueda\/wp-json\/wp\/v2\/media?parent=451"}],"curies":[{"name":"wp","href":"https:\/\/api.w.org\/{rel}","templated":true}]}}