{"id":4434,"date":"2019-04-11T20:56:55","date_gmt":"2019-04-11T18:56:55","guid":{"rendered":"http:\/\/agora.xtec.cat\/iesguillembergueda\/?page_id=4434"},"modified":"2025-03-10T14:57:44","modified_gmt":"2025-03-10T13:57:44","slug":"convocatoria-anual-de-proves-dobtencio-de-titol-deso-per-a-ex-alumnes-del-centre","status":"publish","type":"page","link":"https:\/\/agora.xtec.cat\/iesguillembergueda\/secretaria\/convocatoria-anual-de-proves-dobtencio-de-titol-deso-per-a-ex-alumnes-del-centre\/","title":{"rendered":"Proves obtenci\u00f3 de t\u00edtol d&#8217;ESO"},"content":{"rendered":"<p><strong>Convocat\u00f2ria anual de proves d&#8217;obtenci\u00f3 de t\u00edtol d&#8217;ESO per a ex-alumnes del centre:<\/strong><\/p>\n<p>Cada any es convoquen proves per l&#8217;obtenci\u00f3 del t\u00edtol de graduat en educaci\u00f3 secund\u00e0ria obligat\u00f2ria, per a l&#8217;alumnat del propi centre que no l&#8217;hagi obtingut en finalitzar l&#8217;etapa esmentada amb un m\u00e0xim de 5 mat\u00e8ries suspeses. Al tauler d&#8217;anuncis\u00a0 del centre, podeu trobar tota la informaci\u00f3 necess\u00e0ria per a la realitzaci\u00f3 de les mateixes. Tamb\u00e9 a la web de la Generalitat de Catalunya secci\u00f3\u00a0<a href=\"http:\/\/www20.gencat.cat\/portal\/site\/ensenyament\/menuitem.e79d96e9bc498691c65d3082b0c0e1a0\/?vgnextoid=e3c7920b4d195210VgnVCM1000008d0c1e0aRCRD&amp;vgnextchannel=e3c7920b4d195210VgnVCM1000008d0c1e0aRCRD&amp;vgnextfmt=default\">proves.<\/a><\/p>\n","protected":false},"excerpt":{"rendered":"<p>Convocat\u00f2ria anual de proves d&#8217;obtenci\u00f3 de t\u00edtol d&#8217;ESO per a ex-alumnes del centre: Cada any es convoquen proves per l&#8217;obtenci\u00f3 del t\u00edtol de graduat en educaci\u00f3 secund\u00e0ria obligat\u00f2ria, per a l&#8217;alumnat del propi centre que no l&#8217;hagi obtingut en finalitzar l&#8217;etapa esmentada amb un m\u00e0xim de 5 mat\u00e8ries suspeses. Al tauler d&#8217;anuncis\u00a0 del centre, podeu [&hellip;]<\/p>\n","protected":false},"author":1,"featured_media":0,"parent":81,"menu_order":22,"comment_status":"closed","ping_status":"closed","template":"page-templates\/side-menu.php","meta":{"_bbp_topic_count":0,"_bbp_reply_count":0,"_bbp_total_topic_count":0,"_bbp_total_reply_count":0,"_bbp_voice_count":0,"_bbp_anonymous_reply_count":0,"_bbp_topic_count_hidden":0,"_bbp_reply_count_hidden":0,"_bbp_forum_subforum_count":0,"site-sidebar-layout":"default","site-content-layout":"","ast-site-content-layout":"","site-content-style":"default","site-sidebar-style":"default","ast-global-header-display":"","ast-banner-title-visibility":"","ast-main-header-display":"","ast-hfb-above-header-display":"","ast-hfb-below-header-display":"","ast-hfb-mobile-header-display":"","site-post-title":"","ast-breadcrumbs-content":"","ast-featured-img":"","footer-sml-layout":"","theme-transparent-header-meta":"","adv-header-id-meta":"","stick-header-meta":"","header-above-stick-meta":"","header-main-stick-meta":"","header-below-stick-meta":"","astra-migrate-meta-layouts":"default","ast-page-background-enabled":"default","ast-page-background-meta":{"desktop":{"background-color":"var(--ast-global-color-4)","background-image":"","background-repeat":"repeat","background-position":"center center","background-size":"auto","background-attachment":"scroll","background-type":"","background-media":"","overlay-type":"","overlay-color":"","overlay-opacity":"","overlay-gradient":""},"tablet":{"background-color":"","background-image":"","background-repeat":"repeat","background-position":"center center","background-size":"auto","background-attachment":"scroll","background-type":"","background-media":"","overlay-type":"","overlay-color":"","overlay-opacity":"","overlay-gradient":""},"mobile":{"background-color":"","background-image":"","background-repeat":"repeat","background-position":"center center","background-size":"auto","background-attachment":"scroll","background-type":"","background-media":"","overlay-type":"","overlay-color":"","overlay-opacity":"","overlay-gradient":""}},"ast-content-background-meta":{"desktop":{"background-color":"var(--ast-global-color-5)","background-image":"","background-repeat":"repeat","background-position":"center center","background-size":"auto","background-attachment":"scroll","background-type":"","background-media":"","overlay-type":"","overlay-color":"","overlay-opacity":"","overlay-gradient":""},"tablet":{"background-color":"var(--ast-global-color-5)","background-image":"","background-repeat":"repeat","background-position":"center center","background-size":"auto","background-attachment":"scroll","background-type":"","background-media":"","overlay-type":"","overlay-color":"","overlay-opacity":"","overlay-gradient":""},"mobile":{"background-color":"var(--ast-global-color-5)","background-image":"","background-repeat":"repeat","background-position":"center center","background-size":"auto","background-attachment":"scroll","background-type":"","background-media":"","overlay-type":"","overlay-color":"","overlay-opacity":"","overlay-gradient":""}},"footnotes":""},"class_list":["post-4434","page","type-page","status-publish","hentry"],"post_mailing_queue_ids":[],"_links":{"self":[{"href":"https:\/\/agora.xtec.cat\/iesguillembergueda\/wp-json\/wp\/v2\/pages\/4434","targetHints":{"allow":["GET"]}}],"collection":[{"href":"https:\/\/agora.xtec.cat\/iesguillembergueda\/wp-json\/wp\/v2\/pages"}],"about":[{"href":"https:\/\/agora.xtec.cat\/iesguillembergueda\/wp-json\/wp\/v2\/types\/page"}],"author":[{"embeddable":true,"href":"https:\/\/agora.xtec.cat\/iesguillembergueda\/wp-json\/wp\/v2\/users\/1"}],"replies":[{"embeddable":true,"href":"https:\/\/agora.xtec.cat\/iesguillembergueda\/wp-json\/wp\/v2\/comments?post=4434"}],"version-history":[{"count":3,"href":"https:\/\/agora.xtec.cat\/iesguillembergueda\/wp-json\/wp\/v2\/pages\/4434\/revisions"}],"predecessor-version":[{"id":8290,"href":"https:\/\/agora.xtec.cat\/iesguillembergueda\/wp-json\/wp\/v2\/pages\/4434\/revisions\/8290"}],"up":[{"embeddable":true,"href":"https:\/\/agora.xtec.cat\/iesguillembergueda\/wp-json\/wp\/v2\/pages\/81"}],"wp:attachment":[{"href":"https:\/\/agora.xtec.cat\/iesguillembergueda\/wp-json\/wp\/v2\/media?parent=4434"}],"curies":[{"name":"wp","href":"https:\/\/api.w.org\/{rel}","templated":true}]}}