{"id":4414,"date":"2019-04-11T20:11:54","date_gmt":"2019-04-11T18:11:54","guid":{"rendered":"http:\/\/agora.xtec.cat\/iesguillembergueda\/?page_id=4414"},"modified":"2026-02-25T23:26:21","modified_gmt":"2026-02-25T22:26:21","slug":"certificat-catala","status":"publish","type":"page","link":"https:\/\/agora.xtec.cat\/iesguillembergueda\/secretaria\/certificat-catala\/","title":{"rendered":"Certificat catal\u00e0"},"content":{"rendered":"<ul>\n<li>Es pot obtenir el Certificat d&#8217;acreditaci\u00f3 de catal\u00e0 a qualsevol institut p\u00fablic de Catalunya.<\/li>\n<li>Cal omplir\u00a0<a href=\"https:\/\/drive.google.com\/file\/d\/1cvG1DWwDPdbjl2dZbmjxE8QzUj7owwJE\/view\"><strong>la sol\u00b7licitud<\/strong><\/a>\u00a0i portar-la a la Secretaria del centre amb la seg\u00fcent documentaci\u00f3 per comprovar el compliment dels requisits. Si sou alumnes o ex-alumnes del nostre centre i teniu dubtes sobre la documentaci\u00f3 a aportar contacteu amb\u00a0<span style=\"color: #ff0000;\">secretaria@iesguillembergueda.cat<\/span>.<\/li>\n<\/ul>\n<p>Qualsevol consulta referent a l&#8217;acreditaci\u00f3 contacteu via correu electr\u00f2nic (<span style=\"color: #ff0000;\">secretaria@iesguillembergueda.cat<span style=\"color: #000000;\">)<\/span><\/span><\/p>\n<p><strong>Nivell B<\/strong><\/p>\n<table style=\"width: 101.218%;\" border=\"1\" cellspacing=\"1\" cellpadding=\"1\">\n<tbody>\n<tr>\n<td style=\"width: 14.3956%; border-style: solid; border-color: #000000;\" width=\"131\"><strong>Si tens\u2026<\/strong><\/td>\n<td style=\"width: 56.5242%; border-style: solid; border-color: #000000;\" width=\"600\"><strong>Cal haver estudiat<\/strong><\/td>\n<td style=\"width: 78.2366%; border-style: solid; border-color: #000000;\" width=\"170\"><strong>Documents que cal presentar<\/strong><\/td>\n<\/tr>\n<tr>\n<td style=\"width: 14.3956%; border-style: solid; border-color: #000000;\">T\u00edtol graduat escolar (EGB)<\/td>\n<td style=\"width: 56.5242%; border-style: solid; border-color: #000000;\">Haver cursat tota l&#8217;EGB a Catalunya i s&#8217;hagi cursat la mat\u00e8ria de llengua catalana en la totalitat dels estudis esmentats a partir del curs 1978-1979<\/td>\n<td style=\"width: 78.2366%; border-style: solid; border-color: #000000;\">Original de :*DNI, Llibre d&#8217;EGB i*t\u00edtol de graduat escolar<\/td>\n<\/tr>\n<tr>\n<td style=\"width: 14.3956%; border-style: solid; border-color: #000000;\">\u00a0T\u00edtol FP1<\/td>\n<td style=\"width: 56.5242%; border-style: solid; border-color: #000000;\">Haver cursat tota l&#8217;EGB i l&#8217;FP1 a Catalunya i s&#8217;hagi cursat la mat\u00e8ria de llengua catalana en la totalitat dels estudis esmentats a partir del curs 1978-1979.<\/td>\n<td style=\"width: 78.2366%; border-style: solid; border-color: #000000;\">Original de :*DNI, Llibre d&#8217;EGB,*qualificacions d&#8217;FP1 i*T\u00edtol d&#8217;FP 1<\/td>\n<\/tr>\n<\/tbody>\n<\/table>\n<p><strong>Nivell C<br \/>\n<\/strong><\/p>\n<table style=\"width: 101.833%;\" border=\"1\" cellspacing=\"1\" cellpadding=\"1\">\n<tbody>\n<tr>\n<td style=\"width: 14.6855%; border-style: solid; border-color: #000000;\" width=\"119\"><strong>Si tens\u2026<\/strong><\/td>\n<td style=\"width: 56.4892%; border-style: solid; border-color: #000000;\" width=\"814\"><strong>Cal haver estudiat<\/strong><\/td>\n<td style=\"width: 30.4086%; border-style: solid; border-color: #000000;\" width=\"156\"><strong>Documents que cal presentar<\/strong><\/td>\n<\/tr>\n<tr>\n<td style=\"width: 14.6855%; border-style: solid; border-color: #000000;\">T\u00edtol BUP<\/td>\n<td style=\"width: 56.4892%; border-style: solid; border-color: #000000;\">Haver cursat tota l&#8217;EGB i BUP a Catalunya i s&#8217;hagi cursat de manera oficial la mat\u00e8ria de llengua catalana en la totalitat dels estudis esmentats a partir del curs 1978-1979.<\/td>\n<td style=\"width: 30.4086%; border-style: solid; border-color: #000000;\">Original de :*DNI, Llibre d&#8217;EGB,*Llibre de BUP i t\u00edtol de BUP<\/td>\n<\/tr>\n<tr>\n<td style=\"width: 14.6855%; border-style: solid; border-color: #000000;\">T\u00edtol FP2<\/td>\n<td style=\"width: 56.4892%; border-style: solid; border-color: #000000;\">Haver cursat tota l&#8217;EGB, FP1 i FP2 a Catalunya I s&#8217;hagi cursat de manera oficial la material de llengua catalana en la totalitat dels estudis esmentats a partir del curs 1978-1979<\/td>\n<td style=\"width: 30.4086%; border-style: solid; border-color: #000000;\">Original de :*DNI, Llibre d&#8217;EGB,*qualificacions d&#8217;FP1 i FP2*i T\u00edtol d&#8217;FP2<\/td>\n<\/tr>\n<tr>\n<td style=\"width: 14.6855%; border-style: solid; border-color: #000000;\">T\u00edtol BATXILLERAT<\/td>\n<td style=\"width: 56.4892%; border-style: solid; border-color: #000000;\">Haver cursat almenys 3 cursos de PRIMARIA i 5 entre ESO i BATX a Catalunya i s&#8217;hagi cursat la mat\u00e8ria de llengua catalana en la totalitat dels estudis m\u00ednims esmentats.<\/td>\n<td style=\"width: 30.4086%; border-style: solid; border-color: #000000;\">Original de:*DNI, Llibre d&#8217;ESO,*Llibre de Batxillerat i*T\u00edtol de batxillerat<\/td>\n<\/tr>\n<tr>\n<td style=\"width: 14.6855%; border-style: solid; border-color: #000000;\">\u00a0\u00a0 T\u00edtol ESO<\/td>\n<td style=\"width: 56.4892%; border-style: solid; border-color: #000000;\">Haver cursat almenys 3 cursos de PRIMARIA i tota l&#8217;ESO a Catalunya i s&#8217;hagi cursat i aprovat la mat\u00e8ria de llengua catalana en la totalitat dels estudis m\u00ednims esmentats. El requisit d&#8217;acreditaci\u00f3 d&#8217;haver aprovat la mat\u00e8ria de llengua catalana \u00e9s d&#8217;aplicaci\u00f3 als t\u00edtols de graduaci\u00f3 en educaci\u00f3 secund\u00e0ria obtinguts a partir del curs 2007\/2008.<\/td>\n<td style=\"width: 30.4086%; border-style: solid; border-color: #000000;\">Original de :*DNI*Llibre d&#8217;ESO*i T\u00edtol d&#8217;ESO<\/td>\n<\/tr>\n<\/tbody>\n<\/table>\n<p><strong>M\u00e9s informaci\u00f3\u00a0<\/strong>:\u00a0<a href=\"http:\/\/www.cpnl.cat\/\">Consorci per a la Normalitzaci\u00f3 Ling\u00fc\u00edstica\u00a0<\/a>.<\/p>\n","protected":false},"excerpt":{"rendered":"<p>Es pot obtenir el Certificat d&#8217;acreditaci\u00f3 de catal\u00e0 a qualsevol institut p\u00fablic de Catalunya. Cal omplir\u00a0la sol\u00b7licitud\u00a0i portar-la a la Secretaria del centre amb la seg\u00fcent documentaci\u00f3 per comprovar el compliment dels requisits. Si sou alumnes o ex-alumnes del nostre centre i teniu dubtes sobre la documentaci\u00f3 a aportar contacteu amb\u00a0secretaria@iesguillembergueda.cat. Qualsevol consulta referent a [&hellip;]<\/p>\n","protected":false},"author":1,"featured_media":0,"parent":81,"menu_order":2,"comment_status":"closed","ping_status":"closed","template":"","meta":{"_bbp_topic_count":0,"_bbp_reply_count":0,"_bbp_total_topic_count":0,"_bbp_total_reply_count":0,"_bbp_voice_count":0,"_bbp_anonymous_reply_count":0,"_bbp_topic_count_hidden":0,"_bbp_reply_count_hidden":0,"_bbp_forum_subforum_count":0,"site-sidebar-layout":"default","site-content-layout":"","ast-site-content-layout":"default","site-content-style":"default","site-sidebar-style":"default","ast-global-header-display":"","ast-banner-title-visibility":"","ast-main-header-display":"","ast-hfb-above-header-display":"","ast-hfb-below-header-display":"","ast-hfb-mobile-header-display":"","site-post-title":"","ast-breadcrumbs-content":"","ast-featured-img":"","footer-sml-layout":"","theme-transparent-header-meta":"","adv-header-id-meta":"","stick-header-meta":"","header-above-stick-meta":"","header-main-stick-meta":"","header-below-stick-meta":"","astra-migrate-meta-layouts":"set","ast-page-background-enabled":"default","ast-page-background-meta":{"desktop":{"background-color":"var(--ast-global-color-4)","background-image":"","background-repeat":"repeat","background-position":"center center","background-size":"auto","background-attachment":"scroll","background-type":"","background-media":"","overlay-type":"","overlay-color":"","overlay-opacity":"","overlay-gradient":""},"tablet":{"background-color":"","background-image":"","background-repeat":"repeat","background-position":"center center","background-size":"auto","background-attachment":"scroll","background-type":"","background-media":"","overlay-type":"","overlay-color":"","overlay-opacity":"","overlay-gradient":""},"mobile":{"background-color":"","background-image":"","background-repeat":"repeat","background-position":"center center","background-size":"auto","background-attachment":"scroll","background-type":"","background-media":"","overlay-type":"","overlay-color":"","overlay-opacity":"","overlay-gradient":""}},"ast-content-background-meta":{"desktop":{"background-color":"var(--ast-global-color-5)","background-image":"","background-repeat":"repeat","background-position":"center center","background-size":"auto","background-attachment":"scroll","background-type":"","background-media":"","overlay-type":"","overlay-color":"","overlay-opacity":"","overlay-gradient":""},"tablet":{"background-color":"var(--ast-global-color-5)","background-image":"","background-repeat":"repeat","background-position":"center center","background-size":"auto","background-attachment":"scroll","background-type":"","background-media":"","overlay-type":"","overlay-color":"","overlay-opacity":"","overlay-gradient":""},"mobile":{"background-color":"var(--ast-global-color-5)","background-image":"","background-repeat":"repeat","background-position":"center center","background-size":"auto","background-attachment":"scroll","background-type":"","background-media":"","overlay-type":"","overlay-color":"","overlay-opacity":"","overlay-gradient":""}},"footnotes":""},"class_list":["post-4414","page","type-page","status-publish","hentry"],"post_mailing_queue_ids":[],"_links":{"self":[{"href":"https:\/\/agora.xtec.cat\/iesguillembergueda\/wp-json\/wp\/v2\/pages\/4414","targetHints":{"allow":["GET"]}}],"collection":[{"href":"https:\/\/agora.xtec.cat\/iesguillembergueda\/wp-json\/wp\/v2\/pages"}],"about":[{"href":"https:\/\/agora.xtec.cat\/iesguillembergueda\/wp-json\/wp\/v2\/types\/page"}],"author":[{"embeddable":true,"href":"https:\/\/agora.xtec.cat\/iesguillembergueda\/wp-json\/wp\/v2\/users\/1"}],"replies":[{"embeddable":true,"href":"https:\/\/agora.xtec.cat\/iesguillembergueda\/wp-json\/wp\/v2\/comments?post=4414"}],"version-history":[{"count":6,"href":"https:\/\/agora.xtec.cat\/iesguillembergueda\/wp-json\/wp\/v2\/pages\/4414\/revisions"}],"predecessor-version":[{"id":9304,"href":"https:\/\/agora.xtec.cat\/iesguillembergueda\/wp-json\/wp\/v2\/pages\/4414\/revisions\/9304"}],"up":[{"embeddable":true,"href":"https:\/\/agora.xtec.cat\/iesguillembergueda\/wp-json\/wp\/v2\/pages\/81"}],"wp:attachment":[{"href":"https:\/\/agora.xtec.cat\/iesguillembergueda\/wp-json\/wp\/v2\/media?parent=4414"}],"curies":[{"name":"wp","href":"https:\/\/api.w.org\/{rel}","templated":true}]}}