{"id":43,"date":"2014-09-17T16:45:07","date_gmt":"2014-09-17T16:45:07","guid":{"rendered":"http:\/\/agora.xtec.cat\/iesguillembergueda\/?page_id=43"},"modified":"2026-02-23T23:46:45","modified_gmt":"2026-02-23T22:46:45","slug":"consell-escolar","status":"publish","type":"page","link":"https:\/\/agora.xtec.cat\/iesguillembergueda\/linstitut\/consell-escolar\/","title":{"rendered":"Consell escolar"},"content":{"rendered":"<p><!-- Google tag (gtag.js) --> <script async src=\"https:\/\/www.googletagmanager.com\/gtag\/js?id=G-8CJB278QW3\"><\/script> <script> window.dataLayer = window.dataLayer || []; function gtag(){dataLayer.push(arguments);} gtag('js', new Date()); gtag('config', 'G-8CJB278QW3'); <\/script><!-- Google Tag Manager (noscript) --><noscript><iframe src=\"https:\/\/www.googletagmanager.com\/ns.html?id=GTM-NH8MVLN\"height=\"0\" width=\"0\" style=\"display:none;visibility:hidden\"><\/iframe><\/noscript><!-- End Google Tag Manager (noscript) --><br \/>\n<strong style=\"font-family: inherit; font-size: 1em;\">Les funcions del consell escolar s\u00f3n les seg\u00fcents:<\/strong><\/p>\n<ul>\n<li>Participar en l&#8217;aprovaci\u00f3 del projecte educatiu i les seves modificacions. El consell escolar ha de ser consultat pel director de manera preceptiva per valorar la proposta del projecte educatiu i manifestar el seu suport amb una majoria de les tres cinquenes parts dels membres.<\/li>\n<li>Participar en l&#8217;aprovaci\u00f3 de la programaci\u00f3 general anual, de les normes de funcionament i de la gesti\u00f3 econ\u00f2mica del centre. El consell escolar ha de ser consultat de manera preceptiva per valorar cada una de les propostes i manifestar el seu suport per majoria simple dels membres.<\/li>\n<li>Avaluar l&#8217;aplicaci\u00f3 del projecte educatiu i de les seves modificacions aix\u00ed com de la resta de documents de gesti\u00f3 del centre.<\/li>\n<li>Aprovar les propostes d&#8217;acords de coresponsabilitat, convenis i altres acords de col\u00b7laboraci\u00f3 del centre amb entitats i institucions.<\/li>\n<li>Intervenir en el procediment d&#8217;admissi\u00f3 d&#8217;alumnes.<\/li>\n<li>Participar en el procediment de selecci\u00f3 i en la proposta de cessament del director o directora.<\/li>\n<li>Intervenir en la resoluci\u00f3 dels conflictes i, si escau, revisar les sancions als alumnes.<\/li>\n<li>Aprovar les directrius per a la programaci\u00f3 d&#8217;activitats escolars complement\u00e0ries i d&#8217;activitats extraescolars, i avaluar-ne el desenvolupament.<\/li>\n<li>Participar en les an\u00e0lisis i les avaluacions del funcionament general del centre i con\u00e8ixer l&#8217;evoluci\u00f3 del rendiment escolar.<\/li>\n<li>Aprovar els criteris de col\u00b7laboraci\u00f3 amb altres centres i amb l&#8217;entorn.<\/li>\n<li>Qualsevol altre que li sigui atribu\u00efda per les normes legals o reglament\u00e0ries.<\/li>\n<\/ul>\n<p>A l\u2019Institut Guillem de Bergued\u00e0, el consell escolar est\u00e0 compost per: el director, la cap d&#8217;estudis, un representant de l&#8217;Ajuntament, sis professors elegits pel claustre, tres alumnes, dos pares elegits pels pares, un pare designat per l&#8217;AFA m\u00e9s representativa i un representant del personal d&#8217;administraci\u00f3 i serveis i el secretari.<\/p>\n<p><strong>El consell escolar t\u00e9 tres comissions:<\/strong><\/p>\n<ul style=\"list-style-type: disc;\">\n<li>Comissi\u00f3 de conviv\u00e8ncia:\u00a0 Est\u00e0 formada pel Director, Cap d\u2019estudis, tres professors, dos pares, dos alumnes i la secret\u00e0ria.<\/li>\n<\/ul>\n<ul style=\"list-style-type: disc;\">\n<li>Comissi\u00f3 Econ\u00f2mica: Est\u00e0 formada pel director, la secret\u00e0ria, un professor, un pare i un alumne.<\/li>\n<\/ul>\n<ul style=\"list-style-type: disc;\">\n<li>Comissi\u00f3 ling\u00fc\u00edstica:\u00a0 Coordinadora LIC, Cap d\u2019estudis, un professor, un alumne i un pare.<\/li>\n<\/ul>\n<table style=\"width: 100%;\">\n<tbody>\n<tr>\n<td style=\"width: 67.5834%;\" colspan=\"2\"><span style=\"color: #800000;\"><strong>CONSELL ESCOLAR<\/strong><\/span><\/td>\n<\/tr>\n<tr>\n<td style=\"width: 31.6667%;\"><strong><span style=\"color: #800000;\"><u>\u00d2rgans unipersonals:<\/u><\/span><\/strong><\/p>\n<p>Directora: S\u00edlvia Altarriba<br \/>\nCap d&#8217;estudis: Joan Saguer<br \/>\nSecret\u00e0ria: Mariona Puig<\/p>\n<p><span style=\"color: #800000;\"><strong><u>Representants dels<\/u> <u>professors:<\/u><\/strong><\/span><\/p>\n<p>Ester Ben\u00edtez<br \/>\nEva Tom\u00e0s<br \/>\nMarc Feliu<br \/>\nCrist\u00f3bal Esco\u00edn<br \/>\nPuri Jaime<br \/>\nElisabet Ball\u00fas<\/p>\n<p><strong><span style=\"color: #800000;\"><u>Representant del personal<\/u> <u>no<\/u> <u>docent<\/u>:<\/span><\/strong><\/p>\n<p>Alba Juez<\/td>\n<td style=\"width: 35.9167%;\"><strong><span style=\"color: #800000;\"><u>Representants dels pares:<\/u><\/span><\/strong>Carles Soriano<br \/>\nValent\u00ed Camprub\u00ed<strong><span style=\"color: #800000;\"><u>Representants dels<\/u> <u>alumnes:<\/u><\/span><\/strong><\/p>\n<p>Arnau Roca<br \/>\nXavier Castillo<br \/>\nAlessio Solano<\/p>\n<p><strong><span style=\"color: #800000;\"><u>Representant de<\/u> l<u>&#8216;AFA:<\/u><\/span><\/strong><\/p>\n<p>Jacint Vilardaga<\/p>\n<p><strong><span style=\"color: #800000;\"><u>Representant de<\/u> l<u>&#8216;Ajuntament:<\/u><\/span><\/strong><\/p>\n<p>Rosa Rodr\u00edguez<\/td>\n<\/tr>\n<\/tbody>\n<\/table>\n","protected":false},"excerpt":{"rendered":"<p>Les funcions del consell escolar s\u00f3n les seg\u00fcents: Participar en l&#8217;aprovaci\u00f3 del projecte educatiu i les seves modificacions. El consell escolar ha de ser consultat pel director de manera preceptiva per valorar la proposta del projecte educatiu i manifestar el seu suport amb una majoria de les tres cinquenes parts dels membres. Participar en l&#8217;aprovaci\u00f3 [&hellip;]<\/p>\n","protected":false},"author":1,"featured_media":0,"parent":19,"menu_order":26,"comment_status":"closed","ping_status":"closed","template":"","meta":{"_bbp_topic_count":0,"_bbp_reply_count":0,"_bbp_total_topic_count":0,"_bbp_total_reply_count":0,"_bbp_voice_count":0,"_bbp_anonymous_reply_count":0,"_bbp_topic_count_hidden":0,"_bbp_reply_count_hidden":0,"_bbp_forum_subforum_count":0,"site-sidebar-layout":"default","site-content-layout":"","ast-site-content-layout":"default","site-content-style":"default","site-sidebar-style":"default","ast-global-header-display":"","ast-banner-title-visibility":"","ast-main-header-display":"","ast-hfb-above-header-display":"","ast-hfb-below-header-display":"","ast-hfb-mobile-header-display":"","site-post-title":"","ast-breadcrumbs-content":"","ast-featured-img":"","footer-sml-layout":"","theme-transparent-header-meta":"","adv-header-id-meta":"","stick-header-meta":"","header-above-stick-meta":"","header-main-stick-meta":"","header-below-stick-meta":"","astra-migrate-meta-layouts":"set","ast-page-background-enabled":"default","ast-page-background-meta":{"desktop":{"background-color":"var(--ast-global-color-4)","background-image":"","background-repeat":"repeat","background-position":"center center","background-size":"auto","background-attachment":"scroll","background-type":"","background-media":"","overlay-type":"","overlay-color":"","overlay-opacity":"","overlay-gradient":""},"tablet":{"background-color":"","background-image":"","background-repeat":"repeat","background-position":"center center","background-size":"auto","background-attachment":"scroll","background-type":"","background-media":"","overlay-type":"","overlay-color":"","overlay-opacity":"","overlay-gradient":""},"mobile":{"background-color":"","background-image":"","background-repeat":"repeat","background-position":"center center","background-size":"auto","background-attachment":"scroll","background-type":"","background-media":"","overlay-type":"","overlay-color":"","overlay-opacity":"","overlay-gradient":""}},"ast-content-background-meta":{"desktop":{"background-color":"var(--ast-global-color-5)","background-image":"","background-repeat":"repeat","background-position":"center center","background-size":"auto","background-attachment":"scroll","background-type":"","background-media":"","overlay-type":"","overlay-color":"","overlay-opacity":"","overlay-gradient":""},"tablet":{"background-color":"var(--ast-global-color-5)","background-image":"","background-repeat":"repeat","background-position":"center center","background-size":"auto","background-attachment":"scroll","background-type":"","background-media":"","overlay-type":"","overlay-color":"","overlay-opacity":"","overlay-gradient":""},"mobile":{"background-color":"var(--ast-global-color-5)","background-image":"","background-repeat":"repeat","background-position":"center center","background-size":"auto","background-attachment":"scroll","background-type":"","background-media":"","overlay-type":"","overlay-color":"","overlay-opacity":"","overlay-gradient":""}},"footnotes":""},"class_list":["post-43","page","type-page","status-publish","hentry"],"post_mailing_queue_ids":[],"_links":{"self":[{"href":"https:\/\/agora.xtec.cat\/iesguillembergueda\/wp-json\/wp\/v2\/pages\/43","targetHints":{"allow":["GET"]}}],"collection":[{"href":"https:\/\/agora.xtec.cat\/iesguillembergueda\/wp-json\/wp\/v2\/pages"}],"about":[{"href":"https:\/\/agora.xtec.cat\/iesguillembergueda\/wp-json\/wp\/v2\/types\/page"}],"author":[{"embeddable":true,"href":"https:\/\/agora.xtec.cat\/iesguillembergueda\/wp-json\/wp\/v2\/users\/1"}],"replies":[{"embeddable":true,"href":"https:\/\/agora.xtec.cat\/iesguillembergueda\/wp-json\/wp\/v2\/comments?post=43"}],"version-history":[{"count":6,"href":"https:\/\/agora.xtec.cat\/iesguillembergueda\/wp-json\/wp\/v2\/pages\/43\/revisions"}],"predecessor-version":[{"id":9234,"href":"https:\/\/agora.xtec.cat\/iesguillembergueda\/wp-json\/wp\/v2\/pages\/43\/revisions\/9234"}],"up":[{"embeddable":true,"href":"https:\/\/agora.xtec.cat\/iesguillembergueda\/wp-json\/wp\/v2\/pages\/19"}],"wp:attachment":[{"href":"https:\/\/agora.xtec.cat\/iesguillembergueda\/wp-json\/wp\/v2\/media?parent=43"}],"curies":[{"name":"wp","href":"https:\/\/api.w.org\/{rel}","templated":true}]}}