{"id":3470,"date":"2018-01-12T11:20:14","date_gmt":"2018-01-12T10:20:14","guid":{"rendered":"http:\/\/agora.xtec.cat\/iesguillembergueda\/?page_id=3470"},"modified":"2025-02-25T05:41:47","modified_gmt":"2025-02-25T04:41:47","slug":"gep-2","status":"publish","type":"page","link":"https:\/\/agora.xtec.cat\/iesguillembergueda\/projecte-educatiu\/gep-2\/","title":{"rendered":"GEP (Generaci\u00f3 Pluriling\u00fce)"},"content":{"rendered":"<p><!-- Google tag (gtag.js) --> <script async src=\"https:\/\/www.googletagmanager.com\/gtag\/js?id=G-8CJB278QW3\"><\/script> <script> window.dataLayer = window.dataLayer || []; function gtag(){dataLayer.push(arguments);} gtag('js', new Date()); gtag('config', 'G-8CJB278QW3'); <\/script><!-- Google Tag Manager (noscript) --><noscript><iframe src=\"https:\/\/www.googletagmanager.com\/ns.html?id=GTM-NH8MVLN\"height=\"0\" width=\"0\" style=\"display:none;visibility:hidden\"><\/iframe><\/noscript><!-- End Google Tag Manager (noscript) --><span style=\"font-weight: 400;\">L\u2019Institut Guillem de Bergued\u00e0 va comen\u00e7ar el curs 17-18 el programa GEP, Grup d\u2019Experimentaci\u00f3 del Pluriling\u00fcisme. El centre ja fa temps que intenta potenciar l\u2019aprenentatge de lleng\u00fces estrangeres, tant l\u2019Angl\u00e8s com el Franc\u00e8s, com a eines pel creixement i preparaci\u00f3 dels nostres alumnes. Volem fer un pas m\u00e9s i que els alumnes s\u2019adonin de la utilitat i necessitat de saber utilitzar amb normalitat diverses lleng\u00fces per comunicar-nos amb el nostre entorn, tan el m\u00e9s proper com amb d\u2019altres que tenim m\u00e9s lluny per\u00f2 que seran necessaris tant per les feines o els moments d\u2019oci que tindran els nostres alumnes quan siguin adults.<\/span><\/p>\n<p><span style=\"font-weight: 400;\">Els centres que formem part d\u2019aquest grup treballem en la reflexi\u00f3 i l\u2019acci\u00f3 per tal d\u2019establir el paper de les lleng\u00fces en la comunitat educativa:<\/span><\/p>\n<p><span style=\"font-weight: 400;\">\u2013 Els usos ling\u00fc\u00edstics de la llengua catalana en el centre, i el paper de les altres lleng\u00fces oficials<\/span><\/p>\n<p><span style=\"font-weight: 400;\">\u2013 El desplegament d\u2019accions docents per a l\u2019aprenentatge de les lleng\u00fces estrangeres curriculars<\/span><\/p>\n<p><span style=\"font-weight: 400;\">\u2013 Les accions de context per a incorporar a la comunitat educativa l\u2019aprenentatge de les lleng\u00fces no curriculars que s\u00f3n pr\u00f2pies de l\u2019alumnat i de les seves fam\u00edlies.<\/span><\/p>\n<p><span style=\"font-weight: 400;\">Les acc<\/span><img loading=\"lazy\" decoding=\"async\" class=\"alignleft\" src=\"https:\/\/clic.xtec.cat\/pub\/innovacio\/logos\/gep.webp\" alt=\"Generaci\u00f3 pluriling\u00fce (GEP)\" width=\"208\" height=\"208\" \/><span style=\"font-family: inherit; font-size: 1em;\">ions que portem a terme, entre d\u2019altres, s\u00f3n les seg\u00fcents:<\/span><\/p>\n<p><span style=\"font-weight: 400;\">\u2013 Les classes d\u2019Educaci\u00f3 F\u00edsica en alguns nivells es fan en angl\u00e8s.<\/span><\/p>\n<p><span style=\"font-weight: 400;\">\u2013 S\u2019introdueix l\u2019angl\u00e8s en els informes de pr\u00e0ctiques de ci\u00e8ncies en alguns nivells.<\/span><\/p>\n<p><span style=\"font-weight: 400;\">\u2013 Es faran visible les 4 lleng\u00fces que treballem al centre (Catal\u00e0, Castell\u00e0, Angl\u00e8s i Franc\u00e8s) en espais comuns de l\u2019Institut.<\/span><\/p>\n<p>&nbsp;<\/p>\n","protected":false},"excerpt":{"rendered":"<p>L\u2019Institut Guillem de Bergued\u00e0 va comen\u00e7ar el curs 17-18 el programa GEP, Grup d\u2019Experimentaci\u00f3 del Pluriling\u00fcisme. El centre ja fa temps que intenta potenciar l\u2019aprenentatge de lleng\u00fces estrangeres, tant l\u2019Angl\u00e8s com el Franc\u00e8s, com a eines pel creixement i preparaci\u00f3 dels nostres alumnes. Volem fer un pas m\u00e9s i que els alumnes s\u2019adonin de la [&hellip;]<\/p>\n","protected":false},"author":1,"featured_media":0,"parent":57,"menu_order":4,"comment_status":"closed","ping_status":"closed","template":"page-templates\/side-menu.php","meta":{"_bbp_topic_count":0,"_bbp_reply_count":0,"_bbp_total_topic_count":0,"_bbp_total_reply_count":0,"_bbp_voice_count":0,"_bbp_anonymous_reply_count":0,"_bbp_topic_count_hidden":0,"_bbp_reply_count_hidden":0,"_bbp_forum_subforum_count":0,"site-sidebar-layout":"default","site-content-layout":"","ast-site-content-layout":"","site-content-style":"default","site-sidebar-style":"default","ast-global-header-display":"","ast-banner-title-visibility":"","ast-main-header-display":"","ast-hfb-above-header-display":"","ast-hfb-below-header-display":"","ast-hfb-mobile-header-display":"","site-post-title":"","ast-breadcrumbs-content":"","ast-featured-img":"","footer-sml-layout":"","theme-transparent-header-meta":"","adv-header-id-meta":"","stick-header-meta":"","header-above-stick-meta":"","header-main-stick-meta":"","header-below-stick-meta":"","astra-migrate-meta-layouts":"default","ast-page-background-enabled":"default","ast-page-background-meta":{"desktop":{"background-color":"var(--ast-global-color-4)","background-image":"","background-repeat":"repeat","background-position":"center center","background-size":"auto","background-attachment":"scroll","background-type":"","background-media":"","overlay-type":"","overlay-color":"","overlay-opacity":"","overlay-gradient":""},"tablet":{"background-color":"","background-image":"","background-repeat":"repeat","background-position":"center center","background-size":"auto","background-attachment":"scroll","background-type":"","background-media":"","overlay-type":"","overlay-color":"","overlay-opacity":"","overlay-gradient":""},"mobile":{"background-color":"","background-image":"","background-repeat":"repeat","background-position":"center center","background-size":"auto","background-attachment":"scroll","background-type":"","background-media":"","overlay-type":"","overlay-color":"","overlay-opacity":"","overlay-gradient":""}},"ast-content-background-meta":{"desktop":{"background-color":"var(--ast-global-color-5)","background-image":"","background-repeat":"repeat","background-position":"center center","background-size":"auto","background-attachment":"scroll","background-type":"","background-media":"","overlay-type":"","overlay-color":"","overlay-opacity":"","overlay-gradient":""},"tablet":{"background-color":"var(--ast-global-color-5)","background-image":"","background-repeat":"repeat","background-position":"center center","background-size":"auto","background-attachment":"scroll","background-type":"","background-media":"","overlay-type":"","overlay-color":"","overlay-opacity":"","overlay-gradient":""},"mobile":{"background-color":"var(--ast-global-color-5)","background-image":"","background-repeat":"repeat","background-position":"center center","background-size":"auto","background-attachment":"scroll","background-type":"","background-media":"","overlay-type":"","overlay-color":"","overlay-opacity":"","overlay-gradient":""}},"footnotes":""},"class_list":["post-3470","page","type-page","status-publish","hentry"],"post_mailing_queue_ids":[],"_links":{"self":[{"href":"https:\/\/agora.xtec.cat\/iesguillembergueda\/wp-json\/wp\/v2\/pages\/3470","targetHints":{"allow":["GET"]}}],"collection":[{"href":"https:\/\/agora.xtec.cat\/iesguillembergueda\/wp-json\/wp\/v2\/pages"}],"about":[{"href":"https:\/\/agora.xtec.cat\/iesguillembergueda\/wp-json\/wp\/v2\/types\/page"}],"author":[{"embeddable":true,"href":"https:\/\/agora.xtec.cat\/iesguillembergueda\/wp-json\/wp\/v2\/users\/1"}],"replies":[{"embeddable":true,"href":"https:\/\/agora.xtec.cat\/iesguillembergueda\/wp-json\/wp\/v2\/comments?post=3470"}],"version-history":[{"count":6,"href":"https:\/\/agora.xtec.cat\/iesguillembergueda\/wp-json\/wp\/v2\/pages\/3470\/revisions"}],"predecessor-version":[{"id":8211,"href":"https:\/\/agora.xtec.cat\/iesguillembergueda\/wp-json\/wp\/v2\/pages\/3470\/revisions\/8211"}],"up":[{"embeddable":true,"href":"https:\/\/agora.xtec.cat\/iesguillembergueda\/wp-json\/wp\/v2\/pages\/57"}],"wp:attachment":[{"href":"https:\/\/agora.xtec.cat\/iesguillembergueda\/wp-json\/wp\/v2\/media?parent=3470"}],"curies":[{"name":"wp","href":"https:\/\/api.w.org\/{rel}","templated":true}]}}