{"id":2812,"date":"2017-03-08T09:17:15","date_gmt":"2017-03-08T08:17:15","guid":{"rendered":"http:\/\/agora.xtec.cat\/iesguillembergueda\/?page_id=2812"},"modified":"2025-02-25T17:17:39","modified_gmt":"2025-02-25T16:17:39","slug":"mediacio","status":"publish","type":"page","link":"https:\/\/agora.xtec.cat\/iesguillembergueda\/projecte-educatiu\/convivencia\/mediacio\/","title":{"rendered":"Servei de Mediaci\u00f3"},"content":{"rendered":"<p><strong>La mediaci\u00f3<\/strong><\/p>\n<p>El servei de mediaci\u00f3 es posa en funcionament per la necessitat de resoldre els conflictes de forma pac\u00edfica i per ajudar, aix\u00ed, a mantenir un bon clima de conviv\u00e8ncia i treball en el centre.<\/p>\n<p>L\u2019acc\u00e9s a aquest servei es realitza de forma volunt\u00e0ria o, tamb\u00e9, pot ser suggerit per una tercera persona que sap del conflicte i creu que aquesta opci\u00f3 pot ajudar els protagonistes a posar-se d\u2019acord.<\/p>\n<p>Un\u00a0 conflicte \u00e9s una situaci\u00f3 de disputa o diverg\u00e8ncia en qu\u00e8 hi ha o es percep una contraposici\u00f3 d\u2019interessos o necessitats entre dues o m\u00e9s parts.\u00a0 El conflicte \u00e9s consubstancial a les relacions humanes. De la mateixa interacci\u00f3 entre persones sovint surten discrep\u00e0ncies perqu\u00e8 tenim interessos o necessitats diferents; a m\u00e9s, el conflicte \u00e9s ineludible i, per molt que vulguem tancar els ulls o mirem d\u2019evitar-lo, un cop iniciat, continua la seva din\u00e0mica.<\/p>\n<p><strong>Com hem d\u2019accedir al servei de mediaci\u00f3?<\/strong><\/p>\n<p>A la p\u00e0gina web del centre hi ha una pestanya que posa mediaci\u00f3, clicant all\u00e0 ens sortir\u00e0 una graella que hem d\u2019omplir i llavors nom\u00e9s hem cliclar el bot\u00f3 d\u2019enviar.<\/p>\n<p style=\"text-align: center;\"><a href=\"https:\/\/docs.google.com\/a\/iesguillembergueda.cat\/forms\/d\/e\/1FAIpQLSc40e5d2RNBAycwVAM8e10Zl-8vnKnc_2YUo6NE-1PxF6OvYw\/viewform?c=0&amp;w=1\"><img loading=\"lazy\" decoding=\"async\" class=\"alignnone wp-image-2811\" src=\"http:\/\/agora.xtec.cat\/iesguillembergueda\/wp-content\/uploads\/usu1118\/2017\/03\/bustia_mediacio.jpg\" alt=\"bustia_mediacio\" width=\"127\" height=\"93\" srcset=\"https:\/\/agora.xtec.cat\/iesguillembergueda\/wp-content\/uploads\/usu1118\/2017\/03\/bustia_mediacio.jpg 338w, https:\/\/agora.xtec.cat\/iesguillembergueda\/wp-content\/uploads\/usu1118\/2017\/03\/bustia_mediacio-300x221.jpg 300w\" sizes=\"auto, (max-width: 127px) 100vw, 127px\" \/><\/a><\/p>\n<p>Tamb\u00e9 trobarem una b\u00fastia a la biblioteca. All\u00e0, en\u00a0 un full, hi hem de posar el nostre nom i cognoms, curs, i el nom de l\u2019alumne amb qui tenim el problema i fer una breu descripci\u00f3 del problema que tenim. Tamb\u00e9 podem explicar\u00a0 el problema d\u2019un altre company, si en tenim const\u00e0ncia.<\/p>\n<p style=\"text-align: center;\"><a href=\"http:\/\/agora.xtec.cat\/iesguillembergueda\/wp-content\/uploads\/usu1118\/2017\/03\/bustia_mediacio_biblio.jpg\"><img loading=\"lazy\" decoding=\"async\" class=\"alignnone wp-image-2818\" src=\"http:\/\/agora.xtec.cat\/iesguillembergueda\/wp-content\/uploads\/usu1118\/2017\/03\/bustia_mediacio_biblio.jpg\" alt=\"bustia_mediacio_biblio\" width=\"365\" height=\"274\" srcset=\"https:\/\/agora.xtec.cat\/iesguillembergueda\/wp-content\/uploads\/usu1118\/2017\/03\/bustia_mediacio_biblio.jpg 404w, https:\/\/agora.xtec.cat\/iesguillembergueda\/wp-content\/uploads\/usu1118\/2017\/03\/bustia_mediacio_biblio-300x225.jpg 300w, https:\/\/agora.xtec.cat\/iesguillembergueda\/wp-content\/uploads\/usu1118\/2017\/03\/bustia_mediacio_biblio-200x150.jpg 200w\" sizes=\"auto, (max-width: 365px) 100vw, 365px\" \/><\/a><\/p>\n<p>Al cap d\u2019uns dies les persones mediadores es posaran en contacte amb nosaltres per tal de fer la mediaci\u00f3.<\/p>\n<p><strong>Professors i alumnes mediadors:<\/strong><\/p>\n<p>Marta Ferrer, Elisenda Meix, Elena Zamora, M\u00e0ria Herrero, Arnau Garreta, Teresa Bars, Vicen Peir\u00f3, Cinta Dalmases, Ferran Camprub\u00ed, Ar\u00e7 Colillas, T\u00e0nia Troya, Flora Hern\u00e1ndez, Mart\u00ed Canal, Mart\u00ed Subirana, Salim el Moussaoui, Judit Lucas, Roser Obiols i Joan Obiols.<\/p>\n<p><a href=\"http:\/\/agora.xtec.cat\/iesguillembergueda\/wp-content\/uploads\/usu1118\/2017\/01\/2016-17equip-de-mediadors.jpg\"><img loading=\"lazy\" decoding=\"async\" class=\"wp-image-2680 aligncenter\" src=\"http:\/\/agora.xtec.cat\/iesguillembergueda\/wp-content\/uploads\/usu1118\/2017\/01\/2016-17equip-de-mediadors-1024x768.jpg\" alt=\"2016-17equip-de-mediadors\" width=\"421\" height=\"316\" srcset=\"https:\/\/agora.xtec.cat\/iesguillembergueda\/wp-content\/uploads\/usu1118\/2017\/01\/2016-17equip-de-mediadors-1024x768.jpg 1024w, https:\/\/agora.xtec.cat\/iesguillembergueda\/wp-content\/uploads\/usu1118\/2017\/01\/2016-17equip-de-mediadors-300x225.jpg 300w, https:\/\/agora.xtec.cat\/iesguillembergueda\/wp-content\/uploads\/usu1118\/2017\/01\/2016-17equip-de-mediadors-768x576.jpg 768w, https:\/\/agora.xtec.cat\/iesguillembergueda\/wp-content\/uploads\/usu1118\/2017\/01\/2016-17equip-de-mediadors-200x150.jpg 200w, https:\/\/agora.xtec.cat\/iesguillembergueda\/wp-content\/uploads\/usu1118\/2017\/01\/2016-17equip-de-mediadors.jpg 1600w\" sizes=\"auto, (max-width: 421px) 100vw, 421px\" \/><\/a><\/p>\n","protected":false},"excerpt":{"rendered":"<p>La mediaci\u00f3 El servei de mediaci\u00f3 es posa en funcionament per la necessitat de resoldre els conflictes de forma pac\u00edfica i per ajudar, aix\u00ed, a mantenir un bon clima de conviv\u00e8ncia i treball en el centre. L\u2019acc\u00e9s a aquest servei es realitza de forma volunt\u00e0ria o, tamb\u00e9, pot ser suggerit per una tercera persona que [&hellip;]<\/p>\n","protected":false},"author":1,"featured_media":0,"parent":2801,"menu_order":10,"comment_status":"closed","ping_status":"closed","template":"page-templates\/side-menu.php","meta":{"_bbp_topic_count":0,"_bbp_reply_count":0,"_bbp_total_topic_count":0,"_bbp_total_reply_count":0,"_bbp_voice_count":0,"_bbp_anonymous_reply_count":0,"_bbp_topic_count_hidden":0,"_bbp_reply_count_hidden":0,"_bbp_forum_subforum_count":0,"site-sidebar-layout":"default","site-content-layout":"","ast-site-content-layout":"","site-content-style":"default","site-sidebar-style":"default","ast-global-header-display":"","ast-banner-title-visibility":"","ast-main-header-display":"","ast-hfb-above-header-display":"","ast-hfb-below-header-display":"","ast-hfb-mobile-header-display":"","site-post-title":"","ast-breadcrumbs-content":"","ast-featured-img":"","footer-sml-layout":"","theme-transparent-header-meta":"","adv-header-id-meta":"","stick-header-meta":"","header-above-stick-meta":"","header-main-stick-meta":"","header-below-stick-meta":"","astra-migrate-meta-layouts":"default","ast-page-background-enabled":"default","ast-page-background-meta":{"desktop":{"background-color":"var(--ast-global-color-4)","background-image":"","background-repeat":"repeat","background-position":"center center","background-size":"auto","background-attachment":"scroll","background-type":"","background-media":"","overlay-type":"","overlay-color":"","overlay-opacity":"","overlay-gradient":""},"tablet":{"background-color":"","background-image":"","background-repeat":"repeat","background-position":"center center","background-size":"auto","background-attachment":"scroll","background-type":"","background-media":"","overlay-type":"","overlay-color":"","overlay-opacity":"","overlay-gradient":""},"mobile":{"background-color":"","background-image":"","background-repeat":"repeat","background-position":"center center","background-size":"auto","background-attachment":"scroll","background-type":"","background-media":"","overlay-type":"","overlay-color":"","overlay-opacity":"","overlay-gradient":""}},"ast-content-background-meta":{"desktop":{"background-color":"var(--ast-global-color-5)","background-image":"","background-repeat":"repeat","background-position":"center center","background-size":"auto","background-attachment":"scroll","background-type":"","background-media":"","overlay-type":"","overlay-color":"","overlay-opacity":"","overlay-gradient":""},"tablet":{"background-color":"var(--ast-global-color-5)","background-image":"","background-repeat":"repeat","background-position":"center center","background-size":"auto","background-attachment":"scroll","background-type":"","background-media":"","overlay-type":"","overlay-color":"","overlay-opacity":"","overlay-gradient":""},"mobile":{"background-color":"var(--ast-global-color-5)","background-image":"","background-repeat":"repeat","background-position":"center center","background-size":"auto","background-attachment":"scroll","background-type":"","background-media":"","overlay-type":"","overlay-color":"","overlay-opacity":"","overlay-gradient":""}},"footnotes":""},"class_list":["post-2812","page","type-page","status-publish","hentry"],"post_mailing_queue_ids":[],"_links":{"self":[{"href":"https:\/\/agora.xtec.cat\/iesguillembergueda\/wp-json\/wp\/v2\/pages\/2812","targetHints":{"allow":["GET"]}}],"collection":[{"href":"https:\/\/agora.xtec.cat\/iesguillembergueda\/wp-json\/wp\/v2\/pages"}],"about":[{"href":"https:\/\/agora.xtec.cat\/iesguillembergueda\/wp-json\/wp\/v2\/types\/page"}],"author":[{"embeddable":true,"href":"https:\/\/agora.xtec.cat\/iesguillembergueda\/wp-json\/wp\/v2\/users\/1"}],"replies":[{"embeddable":true,"href":"https:\/\/agora.xtec.cat\/iesguillembergueda\/wp-json\/wp\/v2\/comments?post=2812"}],"version-history":[{"count":6,"href":"https:\/\/agora.xtec.cat\/iesguillembergueda\/wp-json\/wp\/v2\/pages\/2812\/revisions"}],"predecessor-version":[{"id":8229,"href":"https:\/\/agora.xtec.cat\/iesguillembergueda\/wp-json\/wp\/v2\/pages\/2812\/revisions\/8229"}],"up":[{"embeddable":true,"href":"https:\/\/agora.xtec.cat\/iesguillembergueda\/wp-json\/wp\/v2\/pages\/2801"}],"wp:attachment":[{"href":"https:\/\/agora.xtec.cat\/iesguillembergueda\/wp-json\/wp\/v2\/media?parent=2812"}],"curies":[{"name":"wp","href":"https:\/\/api.w.org\/{rel}","templated":true}]}}