{"id":195,"date":"2014-09-22T10:39:39","date_gmt":"2014-09-22T10:39:39","guid":{"rendered":"http:\/\/agora.xtec.cat\/iesguillembergueda\/?page_id=195"},"modified":"2026-02-27T08:39:11","modified_gmt":"2026-02-27T07:39:11","slug":"estudis","status":"publish","type":"page","link":"https:\/\/agora.xtec.cat\/iesguillembergueda\/estudis\/","title":{"rendered":"Estudis"},"content":{"rendered":"<p>L\u2019Institut Guillem de Bergued\u00e0, \u00e9s un centre p\u00fablic d\u2019educaci\u00f3 secund\u00e0ria i cicles formatius que imparteix:<\/p>\n<ul class=\"uk-list uk-list-striped\">\n<li><a href=\"https:\/\/agora.xtec.cat\/iesguillembergueda\/estudis\/eso\/\">Educaci\u00f3 Secund\u00e0ria Obligat\u00f2ria (ESO)<\/a><\/li>\n<li><a href=\"https:\/\/agora.xtec.cat\/iesguillembergueda\/estudis\/bat\/\">Batxillerat\/ Batxibac<\/a>\n<ul>\n<li>Ci\u00e8ncies i tecnologia<\/li>\n<li>Humanitats i ci\u00e8ncies social.<\/li>\n<li><a href=\"https:\/\/agora.xtec.cat\/iesguillembergueda\/estudis\/bat\/batxibac\/\">\u00a0Batxibac<\/a>, en les dues modalitats ofertades<\/li>\n<\/ul>\n<\/li>\n<li>Cicles Formatius de Grau Mitj\u00e0\n<ul>\n<li><a href=\"https:\/\/agora.xtec.cat\/iesguillembergueda\/estudis\/cicles-formatius\/cfgm-dependencia\/\">T\u00e8cnic d\u2019atenci\u00f3 a persones en situaci\u00f3 de depend\u00e8ncia<\/a><\/li>\n<li><a href=\"https:\/\/agora.xtec.cat\/iesguillembergueda\/estudis\/cicles-formatius\/cfgm-cures-auxiliars-dinfermeria\/\">T\u00e8cnic en cures auxiliars d&#8217;infermeria<\/a><\/li>\n<\/ul>\n<\/li>\n<li>Cicles Formatius de Grau Superior\n<ul>\n<li><a href=\"https:\/\/agora.xtec.cat\/iesguillembergueda\/estudis\/cicles-formatius\/cfgs-integracio-social\/\">T\u00e8cnic superior en integraci\u00f3 social<\/a><\/li>\n<\/ul>\n<\/li>\n<li>Itinerari Formatiu Espec\u00edfic<\/li>\n<li><a href=\"https:\/\/agora.xtec.cat\/iesguillembergueda\/estudis\/pfi-ptt\/\">Pla de Transici\u00f3 al Treball &#8211; Programa de Formaci\u00f3 i Inserci\u00f3<\/a><\/li>\n<li>Centre formador MUFPS<\/li>\n<\/ul>\n<div class=\"addtoany_share_save_container addtoany_content addtoany_content_bottom\">\n<div class=\"a2a_kit a2a_kit_size_25 addtoany_list\" data-a2a-url=\"https:\/\/agora.xtec.cat\/iescoromines\/estudis\/\" data-a2a-title=\"Estudis\"><a href=\"https:\/\/agora.xtec.cat\/iesguillembergueda\/wp-content\/uploads\/usu1118\/2023\/02\/SISTEMA-EDUCATIU.png\"><img decoding=\"async\" class=\"alignnone size-full wp-image-6607\" src=\"https:\/\/agora.xtec.cat\/iesguillembergueda\/wp-content\/uploads\/usu1118\/2023\/02\/SISTEMA-EDUCATIU.png\" alt=\"\" width=\"100%\" srcset=\"https:\/\/agora.xtec.cat\/iesguillembergueda\/wp-content\/uploads\/usu1118\/2023\/02\/SISTEMA-EDUCATIU.png 1891w, https:\/\/agora.xtec.cat\/iesguillembergueda\/wp-content\/uploads\/usu1118\/2023\/02\/SISTEMA-EDUCATIU-300x108.png 300w, https:\/\/agora.xtec.cat\/iesguillembergueda\/wp-content\/uploads\/usu1118\/2023\/02\/SISTEMA-EDUCATIU-1024x368.png 1024w, https:\/\/agora.xtec.cat\/iesguillembergueda\/wp-content\/uploads\/usu1118\/2023\/02\/SISTEMA-EDUCATIU-768x276.png 768w, https:\/\/agora.xtec.cat\/iesguillembergueda\/wp-content\/uploads\/usu1118\/2023\/02\/SISTEMA-EDUCATIU-1536x552.png 1536w\" sizes=\"(max-width: 1891px) 100vw, 1891px\" \/><\/a><\/div>\n<\/div>\n","protected":false},"excerpt":{"rendered":"<p>L\u2019Institut Guillem de Bergued\u00e0, \u00e9s un centre p\u00fablic d\u2019educaci\u00f3 secund\u00e0ria i cicles formatius que imparteix: Educaci\u00f3 Secund\u00e0ria Obligat\u00f2ria (ESO) Batxillerat\/ Batxibac Ci\u00e8ncies i tecnologia Humanitats i ci\u00e8ncies social. \u00a0Batxibac, en les dues modalitats ofertades Cicles Formatius de Grau Mitj\u00e0 T\u00e8cnic d\u2019atenci\u00f3 a persones en situaci\u00f3 de depend\u00e8ncia T\u00e8cnic en cures auxiliars d&#8217;infermeria Cicles Formatius de [&hellip;]<\/p>\n","protected":false},"author":1,"featured_media":0,"parent":0,"menu_order":0,"comment_status":"closed","ping_status":"closed","template":"","meta":{"_bbp_topic_count":0,"_bbp_reply_count":0,"_bbp_total_topic_count":0,"_bbp_total_reply_count":0,"_bbp_voice_count":0,"_bbp_anonymous_reply_count":0,"_bbp_topic_count_hidden":0,"_bbp_reply_count_hidden":0,"_bbp_forum_subforum_count":0,"site-sidebar-layout":"default","site-content-layout":"","ast-site-content-layout":"default","site-content-style":"default","site-sidebar-style":"default","ast-global-header-display":"","ast-banner-title-visibility":"","ast-main-header-display":"","ast-hfb-above-header-display":"","ast-hfb-below-header-display":"","ast-hfb-mobile-header-display":"","site-post-title":"","ast-breadcrumbs-content":"","ast-featured-img":"","footer-sml-layout":"","theme-transparent-header-meta":"","adv-header-id-meta":"","stick-header-meta":"","header-above-stick-meta":"","header-main-stick-meta":"","header-below-stick-meta":"","astra-migrate-meta-layouts":"set","ast-page-background-enabled":"default","ast-page-background-meta":{"desktop":{"background-color":"var(--ast-global-color-4)","background-image":"","background-repeat":"repeat","background-position":"center center","background-size":"auto","background-attachment":"scroll","background-type":"","background-media":"","overlay-type":"","overlay-color":"","overlay-opacity":"","overlay-gradient":""},"tablet":{"background-color":"","background-image":"","background-repeat":"repeat","background-position":"center center","background-size":"auto","background-attachment":"scroll","background-type":"","background-media":"","overlay-type":"","overlay-color":"","overlay-opacity":"","overlay-gradient":""},"mobile":{"background-color":"","background-image":"","background-repeat":"repeat","background-position":"center center","background-size":"auto","background-attachment":"scroll","background-type":"","background-media":"","overlay-type":"","overlay-color":"","overlay-opacity":"","overlay-gradient":""}},"ast-content-background-meta":{"desktop":{"background-color":"var(--ast-global-color-5)","background-image":"","background-repeat":"repeat","background-position":"center center","background-size":"auto","background-attachment":"scroll","background-type":"","background-media":"","overlay-type":"","overlay-color":"","overlay-opacity":"","overlay-gradient":""},"tablet":{"background-color":"var(--ast-global-color-5)","background-image":"","background-repeat":"repeat","background-position":"center center","background-size":"auto","background-attachment":"scroll","background-type":"","background-media":"","overlay-type":"","overlay-color":"","overlay-opacity":"","overlay-gradient":""},"mobile":{"background-color":"var(--ast-global-color-5)","background-image":"","background-repeat":"repeat","background-position":"center center","background-size":"auto","background-attachment":"scroll","background-type":"","background-media":"","overlay-type":"","overlay-color":"","overlay-opacity":"","overlay-gradient":""}},"footnotes":""},"class_list":["post-195","page","type-page","status-publish","hentry"],"post_mailing_queue_ids":[],"_links":{"self":[{"href":"https:\/\/agora.xtec.cat\/iesguillembergueda\/wp-json\/wp\/v2\/pages\/195","targetHints":{"allow":["GET"]}}],"collection":[{"href":"https:\/\/agora.xtec.cat\/iesguillembergueda\/wp-json\/wp\/v2\/pages"}],"about":[{"href":"https:\/\/agora.xtec.cat\/iesguillembergueda\/wp-json\/wp\/v2\/types\/page"}],"author":[{"embeddable":true,"href":"https:\/\/agora.xtec.cat\/iesguillembergueda\/wp-json\/wp\/v2\/users\/1"}],"replies":[{"embeddable":true,"href":"https:\/\/agora.xtec.cat\/iesguillembergueda\/wp-json\/wp\/v2\/comments?post=195"}],"version-history":[{"count":6,"href":"https:\/\/agora.xtec.cat\/iesguillembergueda\/wp-json\/wp\/v2\/pages\/195\/revisions"}],"predecessor-version":[{"id":9322,"href":"https:\/\/agora.xtec.cat\/iesguillembergueda\/wp-json\/wp\/v2\/pages\/195\/revisions\/9322"}],"wp:attachment":[{"href":"https:\/\/agora.xtec.cat\/iesguillembergueda\/wp-json\/wp\/v2\/media?parent=195"}],"curies":[{"name":"wp","href":"https:\/\/api.w.org\/{rel}","templated":true}]}}