{"id":19,"date":"2014-09-17T14:56:56","date_gmt":"2014-09-17T14:56:56","guid":{"rendered":"http:\/\/agora.xtec.cat\/iesguillembergueda\/?page_id=19"},"modified":"2023-08-19T18:55:32","modified_gmt":"2023-08-19T16:55:32","slug":"linstitut","status":"publish","type":"page","link":"https:\/\/agora.xtec.cat\/iesguillembergueda\/linstitut\/","title":{"rendered":"L&#8217;Institut"},"content":{"rendered":"<p><!-- Google tag (gtag.js) --> <script async src=\"https:\/\/www.googletagmanager.com\/gtag\/js?id=G-8CJB278QW3\"><\/script> <script> window.dataLayer = window.dataLayer || []; function gtag(){dataLayer.push(arguments);} gtag('js', new Date()); gtag('config', 'G-8CJB278QW3'); <\/script><!-- Google Tag Manager (noscript) --><noscript><iframe src=\"https:\/\/www.googletagmanager.com\/ns.html?id=GTM-NH8MVLN\"height=\"0\" width=\"0\" style=\"display:none;visibility:hidden\"><\/iframe><\/noscript><!-- End Google Tag Manager (noscript) --><\/p>\n<p style=\"text-align: justify;\">L\u2019Institut Guillem de Bergued\u00e0 es troba arran de l\u2019entrada de Berga\u2013centre de la C-16, a les envistes del muntanyam de Queralt. Un centre que des de 1975 ha anat creixent, aprenent, acompanyant i obrint-se als nous temps.<\/p>\n<p style=\"text-align: justify;\">El seu nom \u201cGuillem de Bergued\u00e0\u201d fa refer\u00e8ncia a un trobador enterbolit que va deixar const\u00e0ncia de les seves gestes per tota la comarca, per\u00f2 la creativitat de les seves conquestes estan presents en els nostres espais.<\/p>\n<p style=\"text-align: justify;\">Ha anat canviant el centre adaptant-se, amollant-se a la seva demanda social, amb mobilitat entre alumnat, formes digitals de les aules, nous processos d\u2019aprenentatge i sempre mirant la fita de l\u2019excel\u00b7l\u00e8ncia.<\/p>\n<p><a href=\"https:\/\/agora.xtec.cat\/iesguillembergueda\/wp-content\/uploads\/usu1118\/2023\/02\/instalacions-8_resultat.jpg\"><img loading=\"lazy\" decoding=\"async\" class=\"size-full wp-image-6624 aligncenter\" src=\"https:\/\/agora.xtec.cat\/iesguillembergueda\/wp-content\/uploads\/usu1118\/2023\/02\/instalacions-8_resultat.jpg\" alt=\"\" width=\"1622\" height=\"513\" srcset=\"https:\/\/agora.xtec.cat\/iesguillembergueda\/wp-content\/uploads\/usu1118\/2023\/02\/instalacions-8_resultat.jpg 1622w, https:\/\/agora.xtec.cat\/iesguillembergueda\/wp-content\/uploads\/usu1118\/2023\/02\/instalacions-8_resultat-300x95.jpg 300w, https:\/\/agora.xtec.cat\/iesguillembergueda\/wp-content\/uploads\/usu1118\/2023\/02\/instalacions-8_resultat-1024x324.jpg 1024w, https:\/\/agora.xtec.cat\/iesguillembergueda\/wp-content\/uploads\/usu1118\/2023\/02\/instalacions-8_resultat-768x243.jpg 768w, https:\/\/agora.xtec.cat\/iesguillembergueda\/wp-content\/uploads\/usu1118\/2023\/02\/instalacions-8_resultat-1536x486.jpg 1536w\" sizes=\"auto, (max-width: 1622px) 100vw, 1622px\" \/><\/a><\/p>\n","protected":false},"excerpt":{"rendered":"<p>L\u2019Institut Guillem de Bergued\u00e0 es troba arran de l\u2019entrada de Berga\u2013centre de la C-16, a les envistes del muntanyam de Queralt. Un centre que des de 1975 ha anat creixent, aprenent, acompanyant i obrint-se als nous temps. El seu nom \u201cGuillem de Bergued\u00e0\u201d fa refer\u00e8ncia a un trobador enterbolit que va deixar const\u00e0ncia de les [&hellip;]<\/p>\n","protected":false},"author":1,"featured_media":0,"parent":0,"menu_order":0,"comment_status":"closed","ping_status":"closed","template":"page-templates\/side-menu.php","meta":{"_bbp_topic_count":0,"_bbp_reply_count":0,"_bbp_total_topic_count":0,"_bbp_total_reply_count":0,"_bbp_voice_count":0,"_bbp_anonymous_reply_count":0,"_bbp_topic_count_hidden":0,"_bbp_reply_count_hidden":0,"_bbp_forum_subforum_count":0,"site-sidebar-layout":"default","site-content-layout":"","ast-site-content-layout":"","site-content-style":"default","site-sidebar-style":"default","ast-global-header-display":"","ast-banner-title-visibility":"","ast-main-header-display":"","ast-hfb-above-header-display":"","ast-hfb-below-header-display":"","ast-hfb-mobile-header-display":"","site-post-title":"","ast-breadcrumbs-content":"","ast-featured-img":"","footer-sml-layout":"","theme-transparent-header-meta":"","adv-header-id-meta":"","stick-header-meta":"","header-above-stick-meta":"","header-main-stick-meta":"","header-below-stick-meta":"","astra-migrate-meta-layouts":"default","ast-page-background-enabled":"default","ast-page-background-meta":{"desktop":{"background-color":"var(--ast-global-color-4)","background-image":"","background-repeat":"repeat","background-position":"center center","background-size":"auto","background-attachment":"scroll","background-type":"","background-media":"","overlay-type":"","overlay-color":"","overlay-opacity":"","overlay-gradient":""},"tablet":{"background-color":"","background-image":"","background-repeat":"repeat","background-position":"center center","background-size":"auto","background-attachment":"scroll","background-type":"","background-media":"","overlay-type":"","overlay-color":"","overlay-opacity":"","overlay-gradient":""},"mobile":{"background-color":"","background-image":"","background-repeat":"repeat","background-position":"center center","background-size":"auto","background-attachment":"scroll","background-type":"","background-media":"","overlay-type":"","overlay-color":"","overlay-opacity":"","overlay-gradient":""}},"ast-content-background-meta":{"desktop":{"background-color":"var(--ast-global-color-5)","background-image":"","background-repeat":"repeat","background-position":"center center","background-size":"auto","background-attachment":"scroll","background-type":"","background-media":"","overlay-type":"","overlay-color":"","overlay-opacity":"","overlay-gradient":""},"tablet":{"background-color":"var(--ast-global-color-5)","background-image":"","background-repeat":"repeat","background-position":"center center","background-size":"auto","background-attachment":"scroll","background-type":"","background-media":"","overlay-type":"","overlay-color":"","overlay-opacity":"","overlay-gradient":""},"mobile":{"background-color":"var(--ast-global-color-5)","background-image":"","background-repeat":"repeat","background-position":"center center","background-size":"auto","background-attachment":"scroll","background-type":"","background-media":"","overlay-type":"","overlay-color":"","overlay-opacity":"","overlay-gradient":""}},"footnotes":""},"class_list":["post-19","page","type-page","status-publish","hentry"],"post_mailing_queue_ids":[],"_links":{"self":[{"href":"https:\/\/agora.xtec.cat\/iesguillembergueda\/wp-json\/wp\/v2\/pages\/19","targetHints":{"allow":["GET"]}}],"collection":[{"href":"https:\/\/agora.xtec.cat\/iesguillembergueda\/wp-json\/wp\/v2\/pages"}],"about":[{"href":"https:\/\/agora.xtec.cat\/iesguillembergueda\/wp-json\/wp\/v2\/types\/page"}],"author":[{"embeddable":true,"href":"https:\/\/agora.xtec.cat\/iesguillembergueda\/wp-json\/wp\/v2\/users\/1"}],"replies":[{"embeddable":true,"href":"https:\/\/agora.xtec.cat\/iesguillembergueda\/wp-json\/wp\/v2\/comments?post=19"}],"version-history":[{"count":4,"href":"https:\/\/agora.xtec.cat\/iesguillembergueda\/wp-json\/wp\/v2\/pages\/19\/revisions"}],"predecessor-version":[{"id":7065,"href":"https:\/\/agora.xtec.cat\/iesguillembergueda\/wp-json\/wp\/v2\/pages\/19\/revisions\/7065"}],"wp:attachment":[{"href":"https:\/\/agora.xtec.cat\/iesguillembergueda\/wp-json\/wp\/v2\/media?parent=19"}],"curies":[{"name":"wp","href":"https:\/\/api.w.org\/{rel}","templated":true}]}}