{"id":81,"date":"2014-09-18T10:38:05","date_gmt":"2014-09-18T10:38:05","guid":{"rendered":"http:\/\/agora.xtec.cat\/iesgoya\/?page_id=81"},"modified":"2025-03-16T09:38:50","modified_gmt":"2025-03-16T08:38:50","slug":"secretaria","status":"publish","type":"page","link":"https:\/\/agora.xtec.cat\/iesgoya\/secretaria\/","title":{"rendered":"Secretaria"},"content":{"rendered":"<p><strong>Horari d&#8217;atenci\u00f3 al p\u00fablic:<\/strong><\/p>\n<div dir=\"auto\">L&#8217;horari d&#8217;atenci\u00f3 presencial a administraci\u00f3 \u00e9s de dilluns a divendres de 9h a 13:30h i les tardes del dimarts i del dijous de 15h a 16:30h.<\/div>\n<div dir=\"auto\"><\/div>\n<div dir=\"auto\"><\/div>\n<div dir=\"auto\">Amb prefer\u00e8ncia l&#8217;atenci\u00f3 \u00e9s via mail <a href=\"mailto:a8052724@xtec.cat\" target=\"_blank\" rel=\"noopener\">a8052724@xtec.cat<\/a><\/div>\n<div dir=\"auto\"><\/div>\n<div dir=\"auto\"><\/div>\n","protected":false},"excerpt":{"rendered":"<p>Horari d&#8217;atenci\u00f3 al p\u00fablic:<br \/>\nL&#8217;horari d&#8217;atenci\u00f3 presencial a administraci\u00f3 \u00e9s de dilluns a divendres de 9h a 13:30h i les tardes del dimarts i del dijous de 15h a 16:30h.<\/p>\n<p>Amb prefer\u00e8ncia l&#8217;atenci\u00f3 \u00e9s via mail <a href=\"mailto:a8052724@xtec.cat\" target=\"_blank\" rel=\"noopener\">a8052724@xtec.cat<\/a><\/p>\n","protected":false},"author":1,"featured_media":0,"parent":0,"menu_order":0,"comment_status":"closed","ping_status":"closed","template":"","meta":{"_bbp_topic_count":0,"_bbp_reply_count":0,"_bbp_total_topic_count":0,"_bbp_total_reply_count":0,"_bbp_voice_count":0,"_bbp_anonymous_reply_count":0,"_bbp_topic_count_hidden":0,"_bbp_reply_count_hidden":0,"_bbp_forum_subforum_count":0,"footnotes":""},"class_list":["post-81","page","type-page","status-publish","hentry"],"post_mailing_queue_ids":[],"_links":{"self":[{"href":"https:\/\/agora.xtec.cat\/iesgoya\/wp-json\/wp\/v2\/pages\/81","targetHints":{"allow":["GET"]}}],"collection":[{"href":"https:\/\/agora.xtec.cat\/iesgoya\/wp-json\/wp\/v2\/pages"}],"about":[{"href":"https:\/\/agora.xtec.cat\/iesgoya\/wp-json\/wp\/v2\/types\/page"}],"author":[{"embeddable":true,"href":"https:\/\/agora.xtec.cat\/iesgoya\/wp-json\/wp\/v2\/users\/1"}],"replies":[{"embeddable":true,"href":"https:\/\/agora.xtec.cat\/iesgoya\/wp-json\/wp\/v2\/comments?post=81"}],"version-history":[{"count":5,"href":"https:\/\/agora.xtec.cat\/iesgoya\/wp-json\/wp\/v2\/pages\/81\/revisions"}],"predecessor-version":[{"id":7556,"href":"https:\/\/agora.xtec.cat\/iesgoya\/wp-json\/wp\/v2\/pages\/81\/revisions\/7556"}],"wp:attachment":[{"href":"https:\/\/agora.xtec.cat\/iesgoya\/wp-json\/wp\/v2\/media?parent=81"}],"curies":[{"name":"wp","href":"https:\/\/api.w.org\/{rel}","templated":true}]}}