{"id":6937,"date":"2024-05-05T20:00:52","date_gmt":"2024-05-05T18:00:52","guid":{"rendered":"https:\/\/agora.xtec.cat\/iesgoya\/?page_id=6937"},"modified":"2025-06-07T13:55:09","modified_gmt":"2025-06-07T11:55:09","slug":"extraescolars-esportives-curs-2024-2025","status":"publish","type":"page","link":"https:\/\/agora.xtec.cat\/iesgoya\/lafa\/comissions-afa\/extraescolars-esportives-curs-2024-2025\/","title":{"rendered":"Extraescolars esportives curs 2025-2026"},"content":{"rendered":"<p>Les extraescolars esportives de l\u2019AFA (Associaci\u00f3 de Fam\u00edlies d\u2019Alumnes) son activitats esportives que s\u2019organitzen per a l\u2019alumnat fora de l\u2019horari lectiu.<\/p>\n<p>L\u2019objectiu principal de les extraescolars esportives de l\u2019AFA \u00e9s fomentar l\u2019activitat f\u00edsica i la vida saludable entre els alumnes, aix\u00ed com proporcionar un espai d\u2019aprenentatge i diversi\u00f3 per als estudiants en un entorn diferent dels habituals. Aquestes activitats tamb\u00e9 son una oportunitat per a l\u2019alumnat per socialitzar amb altres companys i desenvolupar habilitats socials i emocionals.<\/p>\n<p>Comissi\u00f3 de l\u2019AFA d\u2019extraescolars: <a href=\"esportivesafagoya@gmail.com\">esportivesafagoya@gmail.com<\/a><\/p>\n<p>Ja tenim preparades les activitats extraescolars que oferirem el curs 2025-2026: v\u00f2lei i futbol.<\/p>\n<p><strong>Aqu\u00ed trobareu la informaci\u00f3 d&#8217;horaris i preus previstos:<\/strong><\/p>\n<p>&nbsp;<\/p>\n<table style=\"border-collapse: collapse; width: 100%;\">\n<tbody>\n<tr>\n<td style=\"width: 33.3333%;\"><a href=\"https:\/\/agora.xtec.cat\/iesgoya\/lafa\/comissions-afa\/extraescolars-esportives-curs-2024-2025\/attachment\/volei_12-6\/\" rel=\"attachment wp-att-7753\"><img loading=\"lazy\" decoding=\"async\" class=\"wp-image-7757 alignleft\" src=\"https:\/\/agora.xtec.cat\/iesgoya\/wp-content\/uploads\/usu1752\/2025\/06\/volei_12-5-pdf-724x1024.jpg\" alt=\"\" width=\"315\" height=\"446\" \/><\/a><\/td>\n<td style=\"width: 33.3333%;\"><a href=\"https:\/\/agora.xtec.cat\/iesgoya\/lafa\/comissions-afa\/extraescolars-esportives-curs-2024-2025\/attachment\/volei_34-5\/\" rel=\"attachment wp-att-7753\"><img loading=\"lazy\" decoding=\"async\" class=\"aligncenter wp-image-7770 size-large\" src=\"https:\/\/agora.xtec.cat\/iesgoya\/wp-content\/uploads\/usu1752\/2025\/06\/volei_34-4-pdf-724x1024.jpg\" alt=\"\" width=\"724\" height=\"1024\" \/><\/a><\/td>\n<td style=\"width: 33.3333%;\"><a href=\"https:\/\/agora.xtec.cat\/iesgoya\/lafa\/comissions-afa\/extraescolars-esportives-curs-2024-2025\/attachment\/volei_bat-5\/\" rel=\"attachment wp-att-7753\"><img loading=\"lazy\" decoding=\"async\" class=\"wp-image-7758 aligncenter\" src=\"https:\/\/agora.xtec.cat\/iesgoya\/wp-content\/uploads\/usu1752\/2025\/06\/volei_bat-4-pdf-724x1024.jpg\" alt=\"\" width=\"280\" height=\"396\" \/><\/a><\/td>\n<\/tr>\n<\/tbody>\n<\/table>\n<p>&nbsp;<\/p>\n<table style=\"border-collapse: collapse; width: 99.0303%; height: 119px;\">\n<tbody>\n<tr>\n<td style=\"width: 33.3333%;\"><a href=\"https:\/\/agora.xtec.cat\/iesgoya\/lafa\/comissions-afa\/extraescolars-esportives-curs-2024-2025\/attachment\/futbol_12-6\/\" rel=\"attachment wp-att-7753\"><img loading=\"lazy\" decoding=\"async\" class=\"wp-image-7768 alignleft\" src=\"https:\/\/agora.xtec.cat\/iesgoya\/wp-content\/uploads\/usu1752\/2025\/06\/futbol_12-5-pdf-724x1024.jpg\" alt=\"\" width=\"300\" height=\"424\" \/><\/a><\/td>\n<td style=\"width: 33.3333%;\"><a href=\"https:\/\/agora.xtec.cat\/iesgoya\/lafa\/comissions-afa\/extraescolars-esportives-curs-2024-2025\/attachment\/futbol_34-5\/\" rel=\"attachment wp-att-7753\"><img loading=\"lazy\" decoding=\"async\" class=\"wp-image-7764 alignnone\" src=\"https:\/\/agora.xtec.cat\/iesgoya\/wp-content\/uploads\/usu1752\/2025\/06\/futbol_34-4-pdf-724x1024.jpg\" alt=\"\" width=\"366\" height=\"517\" \/><\/a><\/td>\n<td style=\"width: 32.9697%;\"><a href=\"https:\/\/agora.xtec.cat\/iesgoya\/lafa\/comissions-afa\/extraescolars-esportives-curs-2024-2025\/attachment\/futbol_bat-5\/\" rel=\"attachment wp-att-7753\"><img loading=\"lazy\" decoding=\"async\" class=\"aligncenter wp-image-7761 \" src=\"https:\/\/agora.xtec.cat\/iesgoya\/wp-content\/uploads\/usu1752\/2025\/06\/futbol_bat-3-pdf-724x1024.jpg\" alt=\"\" width=\"413\" height=\"584\" \/><\/a><\/td>\n<\/tr>\n<\/tbody>\n<\/table>\n<p><span style=\"color: #ff6600;\"><strong><u>Normativa de funcionament:<\/u><\/strong><\/span><\/p>\n<p><strong><u>Als entrenaments<\/u><\/strong><\/p>\n<ul>\n<li>S\u2019haur\u00e0 d\u2019arribar puntual a l\u2019entrenament. A l\u2019hora estipulada s\u2019haur\u00e0 d\u2019estar en disposici\u00f3 de poder entrenar.<\/li>\n<li>S\u2019haur\u00e0 de tenir respecte en tot moment a companys\/es, entrenadors\/es i a qualsevol membre de l\u2019escola o entitat.<\/li>\n<li>Si no es pot assistir a l\u2019entrenament la fam\u00edlia haur\u00e0 d\u2019avisar via WhatsApp. La no assist\u00e8ncia a l\u2019entrenament, significar\u00e0 la reducci\u00f3 de minuts de joc al partit. No \u00e9s un c\u00e0stig, sin\u00f3 un premi pels jugadors\/es que han assistit als entrenaments. En el cas de convocat\u00f2ries, qui no hagi assistit a l\u2019entrenament tindr\u00e0 m\u00e9s possibilitats de no anar convocat\/da.<\/li>\n<li>Els jugadors\/es hauran d\u2019anar amb la indument\u00e0ria adequada per entrenar. Roba c\u00f2mode (xandall, malles, samarreta) i cal\u00e7at esportiu adequat per l\u2019activitat.<\/li>\n<li>Es recomana portar ampolla d\u2019aigua per no haver de despla\u00e7ar-se massa per hidratar-se.<\/li>\n<li>Els jugadors\/es hauran d\u2019ajudar als entrenadors\/es a treure i recollir el material al comen\u00e7ar i finalitzar l\u2019entrenament.<\/li>\n<li>En el cas de marxar sols de l\u2019entrenament, hauran de portar una autoritzaci\u00f3 signada per la fam\u00edlia (pot ser per tota la temporada).<\/li>\n<li>En el cas que la fam\u00edlia no avisi i el jugador\/a no assisteixi a l\u2019entrenament, l\u2019entrenador\/a enviar\u00e0 un missatge via WhatsApp conforme no ha assistit a l\u2019entrenament.<\/li>\n<li>En cas de pluja, s\u2019entrenar\u00e0 al gimn\u00e0s.<\/li>\n<\/ul>\n<p><strong><u>Als partits<\/u><\/strong><\/p>\n<ul>\n<li>Si algun jugador\/a no pot assistir al partit s\u2019haur\u00e0 de notificar abans de la convocat\u00f2ria.<\/li>\n<li>L\u2019entrenador\/a far\u00e0 la convocat\u00f2ria despr\u00e9s de l\u2019\u00faltim dia d\u2019entrenament. En el cas que s\u2019hagi de descartar jugadors\/es, es far\u00e0 amb els seg\u00fcents criteris:<\/li>\n<li>Qui no hagi vingut a entrenar.<\/li>\n<li>Comportament inadequat (en el cas que sigui greu pot ser el primer motiu)<\/li>\n<li>Rotatiu, en el cas que tothom hagi entrenat i el comportament hagi estat correcte.<\/li>\n<li>Es quedar\u00e0 a l\u2019hora estipulada per l\u2019entrenador\/a a la convocat\u00f2ria per jugar<\/li>\n<li>S\u2019haur\u00e0 de portar la indument\u00e0ria de joc que consta de samarreta de joc, pantalons de joc i cal\u00e7at adequat.<\/li>\n<li>En el cas de coincid\u00e8ncia de colors de la indument\u00e0ria de joc, s\u2019haur\u00e0 de portar la segona samarreta per jugar el partit (partits de casa). L\u2019entrenador\/a ho informar\u00e0 a la convocat\u00f2ria.<\/li>\n<li>Abans, durant i despr\u00e9s del partit, s\u2019haur\u00e0 de ser respectu\u00f3s amb tots els membres de l\u2019equip contrari i de l\u2019estament arbitral. Est\u00e0 rotundament prohibit protestar al tutor de joc. Aix\u00f2 inclou pares, mares, familiars, amics, &#8230;<\/li>\n<li>Es recomanable portar una ampolla d\u2019aigua als partits.<\/li>\n<li>En cas de pluja, s\u2019ajornar\u00e0 el partit. L\u2019entrenador\/a, depenent de la intensitat i de la persist\u00e8ncia de la pluja , us avisar\u00e0 el m\u00e9s aviat possible de si s\u2019ha assistir o no al partit.<\/li>\n<li>En el cas de no assistir al partit sense motiu justificat i no avisar, es sancionar\u00e0 a aquell jugador\/a amb un altre partit de sanci\u00f3. S\u2019ha d\u2019entendre que pot ser que es deixi jugadors sense jugar al haver de fer convocat\u00f2ria, i si no et presentes al partit, perjudiques a altres persones que s\u00ed que hi poden anar.<\/li>\n<\/ul>\n<p><strong><u>Generals<\/u><\/strong><\/p>\n<ul>\n<li>Qualsevol conducta antiesportiva (insults, agressions, menyspreu, mofa &#8230;) ser\u00e0 susceptible de sanci\u00f3. En aquest cas l\u2019entrenador, juntament amb la coordinaci\u00f3 esportiva, estudiaran el cas i aplicaran una sanci\u00f3 acord amb els actes realitzats.<\/li>\n<li>Les fam\u00edlies hauran d\u2019estar al corrent de les quotes. En el cas que no s\u2019estigui al corrent de les quotes i no hi hagi una comunicaci\u00f3 amb la nostra entitat per la forma de pagament de les quotes pendents, no es deixar\u00e0 entrenar ni jugar al jugador\/a en q\u00fcesti\u00f3.<\/li>\n<li>L\u2019equipaci\u00f3 de joc no entra dins de les quotes mensuals i anir\u00e0 a c\u00e0rrec de les fam\u00edlies.<\/li>\n<li>La utilitzaci\u00f3 del WhatsApp ser\u00e0 de car\u00e0cter informatiu i mai ser\u00e0 per realitzar queixes, discussions, insults, &#8230; L\u2019organitzaci\u00f3 t\u00e9 la potestat d\u2019expulsar a qualsevol membre que no compleixi aquesta norma.<\/li>\n<li>En el cas de qualsevol queixa, disconformitat o suggeriment us podeu adre\u00e7ar a l\u2019entrenador\/a en cas de ser un tema esportiu intern de l\u2019equip, o al mail associaciospot@gmail.com en cas d\u2019un tema general.<\/li>\n<\/ul>\n","protected":false},"excerpt":{"rendered":"<p>Les extraescolars esportives de l\u2019AFA (Associaci\u00f3 de Fam\u00edlies d\u2019Alumnes) son activitats esportives que s\u2019organitzen per a l\u2019alumnat fora de l\u2019horari lectiu.<br \/>\nL\u2019objectiu principal de les extraescolars esportives de l\u2019AFA \u00e9s fomentar l\u2019activitat f\u00edsica i la vida saludable entre els alumnes, aix\u00ed com proporcionar un espai d\u2019aprenentatge&hellip;  <a href=\"https:\/\/agora.xtec.cat\/iesgoya\/lafa\/comissions-afa\/extraescolars-esportives-curs-2024-2025\/\" title=\"Read Extraescolars esportives curs 2025-2026\">Llegeix m\u00e9s\u00bb<\/a><\/p>\n","protected":false},"author":98,"featured_media":0,"parent":5790,"menu_order":6,"comment_status":"closed","ping_status":"closed","template":"page-templates\/side-menu.php","meta":{"_bbp_topic_count":0,"_bbp_reply_count":0,"_bbp_total_topic_count":0,"_bbp_total_reply_count":0,"_bbp_voice_count":0,"_bbp_anonymous_reply_count":0,"_bbp_topic_count_hidden":0,"_bbp_reply_count_hidden":0,"_bbp_forum_subforum_count":0,"footnotes":""},"class_list":["post-6937","page","type-page","status-publish","hentry"],"post_mailing_queue_ids":[],"_links":{"self":[{"href":"https:\/\/agora.xtec.cat\/iesgoya\/wp-json\/wp\/v2\/pages\/6937","targetHints":{"allow":["GET"]}}],"collection":[{"href":"https:\/\/agora.xtec.cat\/iesgoya\/wp-json\/wp\/v2\/pages"}],"about":[{"href":"https:\/\/agora.xtec.cat\/iesgoya\/wp-json\/wp\/v2\/types\/page"}],"author":[{"embeddable":true,"href":"https:\/\/agora.xtec.cat\/iesgoya\/wp-json\/wp\/v2\/users\/98"}],"replies":[{"embeddable":true,"href":"https:\/\/agora.xtec.cat\/iesgoya\/wp-json\/wp\/v2\/comments?post=6937"}],"version-history":[{"count":6,"href":"https:\/\/agora.xtec.cat\/iesgoya\/wp-json\/wp\/v2\/pages\/6937\/revisions"}],"predecessor-version":[{"id":7772,"href":"https:\/\/agora.xtec.cat\/iesgoya\/wp-json\/wp\/v2\/pages\/6937\/revisions\/7772"}],"up":[{"embeddable":true,"href":"https:\/\/agora.xtec.cat\/iesgoya\/wp-json\/wp\/v2\/pages\/5790"}],"wp:attachment":[{"href":"https:\/\/agora.xtec.cat\/iesgoya\/wp-json\/wp\/v2\/media?parent=6937"}],"curies":[{"name":"wp","href":"https:\/\/api.w.org\/{rel}","templated":true}]}}