{"id":690,"date":"2018-01-12T11:28:58","date_gmt":"2018-01-12T10:28:58","guid":{"rendered":"http:\/\/agora.xtec.cat\/iesgoya\/?page_id=690"},"modified":"2023-02-06T17:03:19","modified_gmt":"2023-02-06T16:03:19","slug":"orientacio-educativa","status":"publish","type":"page","link":"https:\/\/agora.xtec.cat\/iesgoya\/projecte-educatiu\/orientacio-educativa\/","title":{"rendered":"Orientaci\u00f3 educativa"},"content":{"rendered":"<h2><strong>I DESPR\u00c9S DE L\u2019ESO, QU\u00c8?<\/strong><\/h2>\n<p>Una vegada heu acabat l\u2019ESO heu de decidir qu\u00e8 fareu.<\/p>\n<p>Els pares poden ajudar informant-se de totes les opcions que tenim, escoltant el fill-filla en les seves prefer\u00e8ncies i il\u00b7lusions,\u00a0 donant suport i intentant ser realistes entre les expectatives i la realitat de cada alumne\/a.<\/p>\n<p>Els millors estudis s\u00f3n els que ens capaciten per all\u00f2 que volem i podem fer, tenint en compte que les persones tenim temps i moments diferents i que el proc\u00e9s maduratiu no \u00e9s igual per a tots.<\/p>\n<p>Si contrastant amb la gent que ens coneix b\u00e9, dubtem entre diversos estudis, haur\u00edem de triar els que ens obrin m\u00e9s possibilitats futures.<\/p>\n<p><a href=\"https:\/\/agora.xtec.cat\/iesgoya\/wp-content\/uploads\/usu1752\/2023\/02\/Sistema-Educatiu-2023.pdf\"><img loading=\"lazy\" decoding=\"async\" class=\"alignnone wp-image-1139 size-medium\" src=\"https:\/\/agora.xtec.cat\/iesgoya\/wp-content\/uploads\/usu1752\/2018\/01\/despresESO-300x219.png\" alt=\"\" width=\"300\" height=\"219\" srcset=\"https:\/\/agora.xtec.cat\/iesgoya\/wp-content\/uploads\/usu1752\/2018\/01\/despresESO-300x219.png 300w, https:\/\/agora.xtec.cat\/iesgoya\/wp-content\/uploads\/usu1752\/2018\/01\/despresESO.png 382w\" sizes=\"auto, (max-width: 300px) 100vw, 300px\" \/><\/a><\/p>\n<h4>Opcions a l&#8217;acabar l&#8217;ESO<\/h4>\n<ul>\n<li><a href=\"http:\/\/queestudiar.gencat.cat\/ca\/estudis\/batxillerat\/\">Batxillerat<\/a> El batxillerat dura dos cursos. Actualment n&#8217;hi ha tres: arts (via d&#8217;arts pl\u00e0stiques, imatge i disseny i via d&#8217;arts esc\u00e8niques, m\u00fasica i dansa), humanitats i ci\u00e8ncies socials, i ci\u00e8ncies i tecnologia. MODALITATS:\n<ul>\n<li>Arts: s\u2019adre\u00e7a a persones interessades en els fen\u00f2mens art\u00edstics, caracteritzats per la sensibilitat, l\u2019expressi\u00f3 i la creativitat; relacionats amb l\u2019entorn del m\u00f3n audiovisual, les arts gr\u00e0fiques, el disseny, el patronatge, els mitjans de comunicaci\u00f3, la publicitat, les arts esc\u00e8niques, la producci\u00f3 i gesti\u00f3 d\u2019empreses del sector cultural o l\u2019animaci\u00f3 cultural i social.<\/li>\n<li>Ci\u00e8ncies i tecnologia: s\u2019adre\u00e7a a alumnes interessats per les ci\u00e8ncies experimentals, les matem\u00e0tiques, els estudis relacionats amb continguts cientificosanitaris i el m\u00f3n dels processos tecnol\u00f2gics i dels materials, instruments, aparells i m\u00e0quines que s\u2019utilitzen en la producci\u00f3 de b\u00e9ns i serveis.<\/li>\n<li>Humanitats i ci\u00e8ncies socials: s\u2019adre\u00e7a a alumnes amb inquietuds relacionades amb els estudis ling\u00fc\u00edstics i literaris, la filosofia, les manifestacions culturals, les ci\u00e8ncies socials, jur\u00eddiques, pol\u00edtiques i econ\u00f2miques, la gesti\u00f3 i administraci\u00f3 p\u00fablica, la comunicaci\u00f3, les relacions p\u00fabliques, la publicitat, el turisme i altres serveis d\u2019oci.<\/li>\n<\/ul>\n<\/li>\n<li><a href=\"http:\/\/queestudiar.gencat.cat\/ca\/estudis\/eas\/\">Ensenyaments art\u00edstics<\/a> Art dram\u00e0tic, arts pl\u00e0stiques, disseny, dansa o m\u00fasica.<\/li>\n<li><a href=\"http:\/\/queestudiar.gencat.cat\/ca\/estudis\/esportius\/\">Ensenyaments d&#8217;esports <\/a> T\u00e8cnic o t\u00e8cnic superior especialitzat en atletisme, busseig esportiu, esports de combat, esports d&#8217;hivern, futbol i futbol sala, esports de muntanya i escalada, basquetbol, espeleologia, esports eq\u00fcestres, esports de vela, handbol i salvament i socorrisme.<\/li>\n<li><a href=\"http:\/\/fp.gencat.cat\/cat_prof\/AppJava\/views\/index.xhtml?set-locale=ca_ES\">Formar-te per treballar<\/a> Els cicles formatius inclouen formaci\u00f3 te\u00f2rica i pr\u00e0ctica. Si vols fer un cicle formatiu hi ha la possibilitat de cercar informaci\u00f3 a moltes p\u00e0gines web.<\/li>\n<\/ul>\n<p><a href=\"https:\/\/agora.xtec.cat\/iesgoya\/wp-content\/uploads\/usu1752\/2021\/03\/llistat-cicles-arts-esport-i-graus-univ.xlsx\">Aqu\u00ed<\/a> trobareu un full de c\u00e0lcul amb tots els cicles, ensenyaments art\u00edstics, d&#8217;esports i graus universitaris.<\/p>\n<p>La formaci\u00f3 professional capacita per a l&#8217;exercici qualificat de diverses professions i proporciona la formaci\u00f3 necess\u00e0ria per adquirir la compet\u00e8ncia professional i el coneixement propis de cada sector.<\/p>\n<p>S&#8217;organitza en cicles formatius de\u00a0<strong>grau mitj\u00e0<\/strong>\u00a0i de\u00a0<strong>grau superior<\/strong>.<\/p>\n<p><a href=\"http:\/\/edubcn.cat\/ca\/alumnat_i_familia\/etapes_educatives_i_ensenyaments\/ensenyaments_de_formacio_professional\/les_families_professionals_a_barcelona\">Aqu\u00ed <\/a>trobareu en pdf tots els cicles de grau mitj\u00e0 i superior de les diferents fam\u00edlies formatives que es poden fer a Barcelona ciutat, amb la duraci\u00f3, mat\u00e8ries que s\u2019estudien i les sortides professionals a les que dona acc\u00e9s:<\/p>\n<ul>\n<li><a href=\"http:\/\/ensenyament.gencat.cat\/ca\/arees-actuacio\/empreses-fpdual\/\">Formaci\u00f3 Professional dual<\/a> Compatibilitzar la formaci\u00f3 als centres educatius amb la formaci\u00f3 en entorns laborals reals, mitjan\u00e7ant un contracte o una beca.<\/li>\n<li><a href=\"http:\/\/jovecat.gencat.cat\/ca\/temes\/treball\/\">Incorporar-te al m\u00f3n laboral<\/a><\/li>\n<\/ul>\n<p><a href=\"http:\/\/jovecat.gencat.cat\/ca\/temes\/educacio_i_formacio\/que_pots_fer_quan_acabis_l_eso\/\">\u00a0P\u00e0gina de la Generalitat<\/a> que dona informaci\u00f3 als joves sobre totes les sortides una vegada acabin l\u2019ESO<\/p>\n<h4>Qu\u00e8 pots fer si no has aprovat l&#8217;ESO?<\/h4>\n<p><a href=\"http:\/\/jovecat.gencat.cat\/ca\/detalls\/Article\/Si-no-has-aprovat-lESO\">http:\/\/jovecat.gencat.cat\/ca\/detalls\/Article\/Si-no-has-aprovat-lESO<\/a><\/p>\n<p>Pensar que\u00a0qui no aprova l&#8217;ESO t\u00e9 poques sortides professionals \u00e9s una equivocaci\u00f3. Si tens m\u00e9s de 16 anys i no has aprovat l&#8217;ESO per\u00f2 tens ganes de continuar aprenent coses, pots preparar-te per a superar unes proves que et permetran accedir als cicles formatius o als ensenyaments art\u00edstics i d&#8217;esports. Tamb\u00e9 pots acollir-te a un programa de formaci\u00f3 i inserci\u00f3 (PFI), entrar en una casa o taller d&#8217;oficis o fer un curs de formaci\u00f3 ocupacional.<\/p>\n<ul>\n<li><a href=\"http:\/\/ensenyament.gencat.cat\/ca\/serveis-tramits\/proves\/\">Proves per accedir als cicles formatius, ensenyaments art\u00edstics i d&#8217;esports<\/a> <a href=\"http:\/\/ensenyament.gencat.cat\/ca\/serveis-tramits\/proves\/\">\u00a0<\/a><\/li>\n<li><a href=\"http:\/\/queestudiar.gencat.cat\/ca\/estudis\/pfi\/\">Programes de formaci\u00f3 i inserci\u00f3 (PFI)<\/a> <a href=\"http:\/\/queestudiar.gencat.cat\/ca\/estudis\/pfi\/\">\u00a0<\/a><\/li>\n<li><a href=\"http:\/\/jovecat.gencat.cat\/ca\/temes\/educacio_i_formacio\/formacio_ocupacional\/\">Formaci\u00f3 ocupacional<\/a><\/li>\n<li><a href=\"http:\/\/queestudiar.gencat.cat\/ca\/\">Qu\u00e8 puc estudiar? del Departament d&#8217;Ensenyament<\/a> <a href=\"http:\/\/queestudiar.gencat.cat\/ca\/\">\u00a0<\/a><\/li>\n<\/ul>\n<h4>Si et sents perdut i no saps qu\u00e8 fer&#8230;<\/h4>\n<p>Si vols saber quin ventall de possibilitats tens a l&#8217;abast per a orientar el teu futur professional despr\u00e9s de l&#8217;ESO, et conv\u00e9 investigar, contrastar opinions, informacions, opcions&#8230; T&#8217;oferim uns quants recursos per a orientar-te a l&#8217;hora de triar un cam\u00ed.<\/p>\n<ul>\n<li><a href=\"http:\/\/jovecat.gencat.cat\/ca\/detalls\/Article\/No-saps-quin-cami-triar\">No saps quin cam\u00ed triar?<\/a> <a href=\"http:\/\/jovecat.gencat.cat\/ca\/detalls\/Article\/No-saps-quin-cami-triar\">\u00a0<\/a><\/li>\n<\/ul>\n<h4>Altres enlla\u00e7os interessants:<\/h4>\n<ul>\n<li><a href=\"http:\/\/www.educaweb.cat\/continguts\/educatius\/seguir-estudiant\/fer-despres-eso\/\">P\u00e0gina d\u2019educaweb<\/a>\u00a0Aqu\u00ed es poden trobar molts recursos i informacions sobre tot tipus de cursos<\/li>\n<li><a href=\"http:\/\/punt7.org\/el-punt7\/\">Punt 7<\/a> \u00e9s un servei gratu\u00eft creat per oferir informaci\u00f3 i recursos.<\/li>\n<\/ul>\n<table>\n<tbody>\n<tr>\n<td width=\"259\">Informen sobre:<\/p>\n<p>&#8211;\u00a0\u00a0\u00a0\u00a0\u00a0\u00a0 Treball<\/p>\n<p>&#8211;\u00a0\u00a0\u00a0\u00a0\u00a0\u00a0 Formaci\u00f3 acad\u00e8mica<\/p>\n<p>&#8211;\u00a0\u00a0\u00a0\u00a0\u00a0\u00a0 Associacionisme i participaci\u00f3<\/p>\n<p>&#8211;\u00a0\u00a0\u00a0\u00a0\u00a0\u00a0 Habitatge<\/p>\n<p>&#8211;\u00a0\u00a0\u00a0\u00a0\u00a0\u00a0 Salut<\/p>\n<p>&#8211;\u00a0\u00a0\u00a0\u00a0\u00a0\u00a0 Mobilitat europea<\/p>\n<p>&#8211;\u00a0\u00a0\u00a0\u00a0\u00a0\u00a0 Oci i cultura<\/p>\n<p>&#8211;\u00a0\u00a0\u00a0\u00a0\u00a0\u00a0 Cursos i tallers<\/p>\n<p>&#8211;\u00a0\u00a0\u00a0\u00a0\u00a0\u00a0 Turisme<\/p>\n<p>&#8211;\u00a0\u00a0\u00a0\u00a0\u00a0\u00a0 Interseccionalitat<\/p>\n<p>&#8211;\u00a0\u00a0\u00a0\u00a0\u00a0\u00a0 Nouvingudes<\/td>\n<td width=\"298\">\u00a0\u00a0\u00a0\u00a0\u00a0\u00a0\u00a0\u00a0\u00a0\u00a0\u00a0 Ofereixen:<\/p>\n<p>&#8211;\u00a0\u00a0 Acc\u00e9s gratu\u00eft a internet<\/p>\n<p>&#8211;\u00a0\u00a0 Consulta on-line<\/p>\n<p>&#8211;\u00a0\u00a0 Consulta per tel\u00e8fon<\/p>\n<p>&#8211;\u00a0\u00a0 Consulta personalitzada<\/p>\n<p>&#8211;\u00a0\u00a0 Tauler d\u2019anuncis<\/p>\n<p>&#8211;\u00a0\u00a0 Xerrades, exposicions i altres activitats<\/p>\n<p>&#8211;\u00a0\u00a0 Assessoria laboral (dijous de 17 a 20h)<\/p>\n<p>&#8211;\u00a0\u00a0 Assessoria de mobilitat internacional (dilluns de 17 a 20h)<\/p>\n<p>&#8211;\u00a0\u00a0 Expedici\u00f3 de carnets de mobilitat juvenil: Carnet d\u2019alberguista, ISIC i ITIC<\/p>\n<p>&nbsp;<\/td>\n<\/tr>\n<\/tbody>\n<\/table>\n<p><strong>PUNT 7 &#8211; PIJ HORTA &#8211; GUINARD\u00d3<\/strong><\/p>\n<p>C\/ Horta, 71\u00a0\u00a0\u00a0\u00a0\u00a0\u00a0\u00a0 Barcelona 08032<\/p>\n<p>Dm i dc de 10 a 14, de dll a dj de 17 a 21 i dv de 17 a 20<\/p>\n<p>punt7@punt7.org<\/p>\n<p>934 20 25 95<\/p>\n<ul>\n<li>A la p\u00e0gina de <a href=\"http:\/\/w28.bcn.cat\/___ch___\/_pit\/_app.php?gAppId=pit&amp;gInterfaceLanguage=ct&amp;gEnvironment=singleWeb\">Barcelona Activa<\/a> teniu un test d\u2019interessos professionals:<\/li>\n<li>Sistema educatiu a Catalunya: p\u00e0gina <a href=\"http:\/\/queestudiar.gencat.cat\/ca\/orientacio\/joves\/informo-ensenyaments\/explora_mapa_destudis\/\">gencat <\/a>i p\u00e0gina <a href=\"http:\/\/www.educaweb.cat\/continguts\/educatius\/sistema-educatiu\/\">educaweb<\/a><\/li>\n<li><a href=\"https:\/\/treball.barcelonactiva.cat\/porta22\/cat\/sectors\/sectors.do\">Porta 22<\/a>: Per con\u00e8ixer els sectors professionals que estan generant m\u00e9s oportunitats de feina:\n<ul>\n<li><a href=\"https:\/\/treball.barcelonactiva.cat\/porta22\/cat\/sector\/pagina7825\/agricultura-i-pesca.do\">Agricultura i pesca<\/a><\/li>\n<li><a href=\"https:\/\/treball.barcelonactiva.cat\/porta22\/cat\/sector\/pagina7828\/automocio.do\">Automoci\u00f3<\/a><\/li>\n<li><a href=\"https:\/\/treball.barcelonactiva.cat\/porta22\/cat\/sector\/pagina4128\/banca-i-finances.do\">Banca i finances<\/a><\/li>\n<li><a href=\"https:\/\/treball.barcelonactiva.cat\/porta22\/cat\/sector\/pagina4136\/benestar-i-imatge-personal.do\">Benestar i imatge personal<\/a><\/li>\n<li><a href=\"https:\/\/treball.barcelonactiva.cat\/porta22\/cat\/sector\/pagina4130\/biotecnologia-i-biomedicina.do\">Biotecnologia i biomedicina<\/a><\/li>\n<li><a href=\"https:\/\/treball.barcelonactiva.cat\/porta22\/cat\/sector\/pagina4131\/comerc.do\">Comer\u00e7<\/a><\/li>\n<li><a href=\"https:\/\/treball.barcelonactiva.cat\/porta22\/cat\/sector\/pagina4132\/comunicacio.do\">Comunicaci\u00f3<\/a><\/li>\n<li><a href=\"https:\/\/treball.barcelonactiva.cat\/porta22\/cat\/sector\/pagina4133\/construccio.do\">Construcci\u00f3<\/a><\/li>\n<li><a href=\"https:\/\/treball.barcelonactiva.cat\/porta22\/cat\/sector\/pagina4134\/cultura.do\">Cultura<\/a><\/li>\n<li><a href=\"https:\/\/treball.barcelonactiva.cat\/porta22\/cat\/sector\/pagina7831\/educacio.do\">Educaci\u00f3<\/a><\/li>\n<li><a href=\"https:\/\/treball.barcelonactiva.cat\/porta22\/cat\/sector\/pagina4135\/energia-i-aigua.do\">Energia i aigua<\/a><\/li>\n<li><a href=\"https:\/\/treball.barcelonactiva.cat\/porta22\/cat\/sector\/pagina4126\/industria-aeroespacial.do\">Ind\u00fastria aeroespacial<\/a><\/li>\n<li><a href=\"https:\/\/treball.barcelonactiva.cat\/porta22\/cat\/sector\/pagina4127\/industria-agroalimentaria.do\">Ind\u00fastria agroaliment\u00e0ria<\/a><\/li>\n<li><a href=\"https:\/\/treball.barcelonactiva.cat\/porta22\/cat\/sector\/pagina4138\/industria-metallomecanica.do\">Ind\u00fastria metal\u00b7lomec\u00e0nica<\/a><\/li>\n<li><a href=\"https:\/\/treball.barcelonactiva.cat\/porta22\/cat\/sector\/pagina4140\/industria-quimica.do\">Ind\u00fastria qu\u00edmica<\/a><\/li>\n<li><a href=\"https:\/\/treball.barcelonactiva.cat\/porta22\/cat\/sector\/pagina4143\/industria-textil.do\">Ind\u00fastria t\u00e8xtil<\/a><\/li>\n<li><a href=\"https:\/\/treball.barcelonactiva.cat\/porta22\/cat\/sector\/pagina4137\/logistica.do\">Log\u00edstica<\/a><\/li>\n<li><a href=\"https:\/\/treball.barcelonactiva.cat\/porta22\/cat\/sector\/pagina4139\/medi-ambient.do\">Medi ambient<\/a><\/li>\n<li><a href=\"https:\/\/treball.barcelonactiva.cat\/porta22\/cat\/sector\/pagina4129\/salut.do\">Salut<\/a><\/li>\n<li><a href=\"https:\/\/treball.barcelonactiva.cat\/porta22\/cat\/sector\/pagina4141\/serveis-a-les-empreses.do\">Serveis a les empreses<\/a><\/li>\n<li><a href=\"https:\/\/treball.barcelonactiva.cat\/porta22\/cat\/sector\/pagina4142\/serveis-socials.do\">Serveis socials<\/a><\/li>\n<li><a href=\"https:\/\/treball.barcelonactiva.cat\/porta22\/cat\/sector\/pagina22948\/smart-cities.do\">Smart Cities<\/a><\/li>\n<li><a href=\"https:\/\/treball.barcelonactiva.cat\/porta22\/cat\/sector\/pagina4144\/telecomunicacions-i-tic.do\">Telecomunicacions i TIC<\/a><\/li>\n<li><a href=\"https:\/\/treball.barcelonactiva.cat\/porta22\/cat\/sector\/pagina7834\/transport.do\">Transport<\/a><\/li>\n<li><a href=\"https:\/\/treball.barcelonactiva.cat\/porta22\/cat\/sector\/pagina4145\/turisme-i-hostaleria.do\">Turisme i hostaleria<\/a><\/li>\n<\/ul>\n<\/li>\n<li>Aqu\u00ed trobareu un <a href=\"https:\/\/treball.barcelonactiva.cat\/porta22\/images\/cat\/Barcelona_Treball_Ocupacions_Global_2015_CAT_tcm9-40539.pdf\">document <\/a>interessant elaborat el 2015 per Barcelona Activa sobre les ocupacions m\u00e9s demandades al Mercat de Treball:<\/li>\n<\/ul>\n<p>&nbsp;<\/p>\n","protected":false},"excerpt":{"rendered":"<p>I DESPR\u00c9S DE L\u2019ESO, QU\u00c8?<br \/>\nUna vegada heu acabat l\u2019ESO heu de decidir qu\u00e8 fareu.<br \/>\nEls pares poden ajudar informant-se de totes les opcions que tenim, escoltant el fill-filla en les seves prefer\u00e8ncies i il\u00b7lusions,\u00a0 donant suport i intentant ser realistes entre les expectatives i la realitat&hellip;  <a href=\"https:\/\/agora.xtec.cat\/iesgoya\/projecte-educatiu\/orientacio-educativa\/\" title=\"Read Orientaci\u00f3 educativa\">Llegeix m\u00e9s\u00bb<\/a><\/p>\n","protected":false},"author":3,"featured_media":0,"parent":57,"menu_order":0,"comment_status":"closed","ping_status":"closed","template":"page-templates\/side-menu.php","meta":{"_bbp_topic_count":0,"_bbp_reply_count":0,"_bbp_total_topic_count":0,"_bbp_total_reply_count":0,"_bbp_voice_count":0,"_bbp_anonymous_reply_count":0,"_bbp_topic_count_hidden":0,"_bbp_reply_count_hidden":0,"_bbp_forum_subforum_count":0,"footnotes":""},"class_list":["post-690","page","type-page","status-publish","hentry"],"post_mailing_queue_ids":[],"_links":{"self":[{"href":"https:\/\/agora.xtec.cat\/iesgoya\/wp-json\/wp\/v2\/pages\/690","targetHints":{"allow":["GET"]}}],"collection":[{"href":"https:\/\/agora.xtec.cat\/iesgoya\/wp-json\/wp\/v2\/pages"}],"about":[{"href":"https:\/\/agora.xtec.cat\/iesgoya\/wp-json\/wp\/v2\/types\/page"}],"author":[{"embeddable":true,"href":"https:\/\/agora.xtec.cat\/iesgoya\/wp-json\/wp\/v2\/users\/3"}],"replies":[{"embeddable":true,"href":"https:\/\/agora.xtec.cat\/iesgoya\/wp-json\/wp\/v2\/comments?post=690"}],"version-history":[{"count":4,"href":"https:\/\/agora.xtec.cat\/iesgoya\/wp-json\/wp\/v2\/pages\/690\/revisions"}],"predecessor-version":[{"id":5625,"href":"https:\/\/agora.xtec.cat\/iesgoya\/wp-json\/wp\/v2\/pages\/690\/revisions\/5625"}],"up":[{"embeddable":true,"href":"https:\/\/agora.xtec.cat\/iesgoya\/wp-json\/wp\/v2\/pages\/57"}],"wp:attachment":[{"href":"https:\/\/agora.xtec.cat\/iesgoya\/wp-json\/wp\/v2\/media?parent=690"}],"curies":[{"name":"wp","href":"https:\/\/api.w.org\/{rel}","templated":true}]}}