{"id":688,"date":"2018-01-12T11:28:24","date_gmt":"2018-01-12T10:28:24","guid":{"rendered":"http:\/\/agora.xtec.cat\/iesgoya\/?page_id=688"},"modified":"2022-09-16T13:57:58","modified_gmt":"2022-09-16T11:57:58","slug":"pau-2","status":"publish","type":"page","link":"https:\/\/agora.xtec.cat\/iesgoya\/projecte-educatiu\/pau-2\/","title":{"rendered":"PAU"},"content":{"rendered":"<p style=\"font-weight: 400;\"><strong><u>Proves d&#8217;acc\u00e9s a la Universitat<\/u><\/strong><\/p>\n<p style=\"font-weight: 400;\">A les sessions de tutoria, tractarem de tot all\u00f2 que necessiteu per l&#8217;acc\u00e9s a la Universitat.<\/p>\n<p style=\"font-weight: 400;\">Tamb\u00e9 podeu consultar la informaci\u00f3 actualitzada a les seg\u00fcents adreces electr\u00f2niques:<\/p>\n<p style=\"font-weight: 400;\"><a href=\"https:\/\/universitats.gencat.cat\/ca\/proves-acces-PAU-PAP\/\" data-saferedirecturl=\"https:\/\/www.google.com\/url?q=https:\/\/universitats.gencat.cat\/ca\/proves-acces-PAU-PAP\/&amp;source=gmail&amp;ust=1663405000926000&amp;usg=AOvVaw2SmVQHHsn0vVH8gyKT1AC3\">https:\/\/universitats.gencat.cat\/ca\/proves-acces-PAU-PAP\/<\/a><\/p>\n<p style=\"font-weight: 400;\"><a href=\"https:\/\/accesuniversitat.gencat.cat\/accesuniversitat\/login\" data-saferedirecturl=\"https:\/\/www.google.com\/url?q=https:\/\/accesuniversitat.gencat.cat\/accesuniversitat\/login&amp;source=gmail&amp;ust=1663405000926000&amp;usg=AOvVaw1J9BR-UbOS92lEn0MYMXO9\">https:\/\/accesuniversitat.gencat.cat\/accesuniversitat\/login<\/a><\/p>\n<p style=\"font-weight: 400;\">Als seg\u00fcents fitxers trobareu dades que cal tenir en compte per a la preinscripci\u00f3 i la matr\u00edcula. Cal, per\u00f2, comprovar a les adreces anteriors si hi ha cap informaci\u00f3 m\u00e9s actualitzada.<\/p>\n<p style=\"font-weight: 400;\"><a href=\"https:\/\/agora.xtec.cat\/iesgoya\/wp-content\/uploads\/usu1752\/2022\/09\/PAU-Prematricula-Guia-2022.pdf\">Prematr\u00edcula Guia 2022<\/a><\/p>\n<p style=\"font-weight: 400;\"><a href=\"https:\/\/agora.xtec.cat\/iesgoya\/wp-content\/uploads\/usu1752\/2022\/09\/PAU-Acces-i-admissio-a-la-universitat-2022.pdf\">Acc\u00e9s i admissi\u00f3 a la universitat 2022<\/a><\/p>\n<p style=\"font-weight: 400;\"><a href=\"https:\/\/agora.xtec.cat\/iesgoya\/wp-content\/uploads\/usu1752\/2022\/09\/PAU-Estadistiques-2021.pdf\">Estad\u00edstiques 2021<\/a><\/p>\n<p style=\"font-weight: 400;\"><a href=\"https:\/\/agora.xtec.cat\/iesgoya\/wp-content\/uploads\/usu1752\/2022\/09\/PAU-Matricula-2022.pdf\">Matr\u00edcula 2022<\/a><\/p>\n<p style=\"font-weight: 400;\"><a href=\"https:\/\/agora.xtec.cat\/iesgoya\/wp-content\/uploads\/usu1752\/2022\/09\/Notestalljuny2022.pdf\">Notes de tall juny 2022<\/a><\/p>\n<p style=\"font-weight: 400;\"><a href=\"https:\/\/agora.xtec.cat\/iesgoya\/wp-content\/uploads\/usu1752\/2022\/09\/PAU-Ponderacions-2023.pdf\">Ponderacions 2023<\/a><\/p>\n","protected":false},"excerpt":{"rendered":"<p>Proves d&#8217;acc\u00e9s a la Universitat<br \/>\nA les sessions de tutoria, tractarem de tot all\u00f2 que necessiteu per l&#8217;acc\u00e9s a la Universitat.<br \/>\nTamb\u00e9 podeu consultar la informaci\u00f3 actualitzada a les seg\u00fcents adreces electr\u00f2niques:<br \/>\n<a href=\"https:\/\/universitats.gencat.cat\/ca\/proves-acces-PAU-PAP\/\" data-saferedirecturl=\"https:\/\/www.google.com\/url?q=https:\/\/universitats.gencat.cat\/ca\/proves-acces-PAU-PAP\/&amp;source=gmail&amp;ust=1663405000926000&amp;usg=AOvVaw2SmVQHHsn0vVH8gyKT1AC3\">https:\/\/universitats.gencat.cat\/ca\/proves-acces-PAU-PAP\/<\/a><br \/>\n<a href=\"https:\/\/accesuniversitat.gencat.cat\/accesuniversitat\/login\" data-saferedirecturl=\"https:\/\/www.google.com\/url?q=https:\/\/accesuniversitat.gencat.cat\/accesuniversitat\/login&amp;source=gmail&amp;ust=1663405000926000&amp;usg=AOvVaw1J9BR-UbOS92lEn0MYMXO9\">https:\/\/accesuniversitat.gencat.cat\/accesuniversitat\/login<\/a><br \/>\nAls seg\u00fcents fitxers trobareu dades que cal tenir en compte per a&hellip;  <a href=\"https:\/\/agora.xtec.cat\/iesgoya\/projecte-educatiu\/pau-2\/\" title=\"Read PAU\">Llegeix m\u00e9s\u00bb<\/a><\/p>\n","protected":false},"author":3,"featured_media":0,"parent":57,"menu_order":0,"comment_status":"closed","ping_status":"closed","template":"page-templates\/side-menu.php","meta":{"_bbp_topic_count":0,"_bbp_reply_count":0,"_bbp_total_topic_count":0,"_bbp_total_reply_count":0,"_bbp_voice_count":0,"_bbp_anonymous_reply_count":0,"_bbp_topic_count_hidden":0,"_bbp_reply_count_hidden":0,"_bbp_forum_subforum_count":0,"footnotes":""},"class_list":["post-688","page","type-page","status-publish","hentry"],"post_mailing_queue_ids":[],"_links":{"self":[{"href":"https:\/\/agora.xtec.cat\/iesgoya\/wp-json\/wp\/v2\/pages\/688","targetHints":{"allow":["GET"]}}],"collection":[{"href":"https:\/\/agora.xtec.cat\/iesgoya\/wp-json\/wp\/v2\/pages"}],"about":[{"href":"https:\/\/agora.xtec.cat\/iesgoya\/wp-json\/wp\/v2\/types\/page"}],"author":[{"embeddable":true,"href":"https:\/\/agora.xtec.cat\/iesgoya\/wp-json\/wp\/v2\/users\/3"}],"replies":[{"embeddable":true,"href":"https:\/\/agora.xtec.cat\/iesgoya\/wp-json\/wp\/v2\/comments?post=688"}],"version-history":[{"count":4,"href":"https:\/\/agora.xtec.cat\/iesgoya\/wp-json\/wp\/v2\/pages\/688\/revisions"}],"predecessor-version":[{"id":5224,"href":"https:\/\/agora.xtec.cat\/iesgoya\/wp-json\/wp\/v2\/pages\/688\/revisions\/5224"}],"up":[{"embeddable":true,"href":"https:\/\/agora.xtec.cat\/iesgoya\/wp-json\/wp\/v2\/pages\/57"}],"wp:attachment":[{"href":"https:\/\/agora.xtec.cat\/iesgoya\/wp-json\/wp\/v2\/media?parent=688"}],"curies":[{"name":"wp","href":"https:\/\/api.w.org\/{rel}","templated":true}]}}