{"id":684,"date":"2018-01-12T11:27:20","date_gmt":"2018-01-12T10:27:20","guid":{"rendered":"http:\/\/agora.xtec.cat\/iesgoya\/?page_id=684"},"modified":"2023-09-29T09:03:27","modified_gmt":"2023-09-29T07:03:27","slug":"tutoria-orientadora-2","status":"publish","type":"page","link":"https:\/\/agora.xtec.cat\/iesgoya\/projecte-educatiu\/tutoria-orientadora-2\/","title":{"rendered":"Les tutories: orientadora i de grup"},"content":{"rendered":"<h4><span style=\"text-decoration: underline;\"><strong>REUNIONS de TUTORIES ORIENTADORES<\/strong><\/span><\/h4>\n<p>Cada tutor\/a orientador\/a t\u00e9\u00a0<strong>una hora setmanal<\/strong>\u00a0per atendre fam\u00edlies i alumnat.<\/p>\n<p>Si voleu una entrevista presencial, per tel\u00e8fon o videotrucada, contacteu amb el tutor\/a del vostre\/a fill\/a i podreu concertar la trobada.<\/p>\n<p>De la mateixa manera, el vostre\/a fill\/a es pot adre\u00e7ar al seu tutor\/a orientador\/a per a qualsevol dubte, comentari o tema que li vulgui plantejar.<\/p>\n<p>El tutor\/a orientador\/a \u00e9s una figura fonamental de l\u2019estructura de l\u2019institut i un element b\u00e0sic\u00a0per al desenvolupament integral de l\u2019alumne i la relaci\u00f3 amb les fam\u00edlies. Atesa la\u00a0import\u00e0ncia de la tutoria orientadora, tot el professorat del centre hi participa.<\/p>\n<p>El seu paper es concreta en:<\/p>\n<ul>\n<li>Tenir cura de la relaci\u00f3 amb les fam\u00edlies dels seus turorands: entrevistes,\u00a0informacions&#8230;<\/li>\n<li>Assessorar a l\u2019alumnat i a les seves fam\u00edlies, si s\u2019escau, en la presa d\u2019algunes decisions: tria de mat\u00e8ries optatives, orientaci\u00f3 escolar,\u00a0orientaci\u00f3 professional (4t d\u2019ESO i 2n Batxillerat)<\/li>\n<li>Dur a terme l\u2019acompanyament personal: problemes personals, de\u00a0relaci\u00f3, amb el grup classe, amb companys i companyes, amb el\u00a0professorat&#8230;<\/li>\n<li>Supervisar els aprenentatges: actituds, treballs acad\u00e8mics, avaluacions,\u00a0notes&#8230;<\/li>\n<\/ul>\n<p><a href=\"http:\/\/agora.xtec.cat\/iesgoya\/projecte-educatiu\/tutoria-orientadora-2\/tutoria-orientadora-llegeix-mes\/\">Llegeix m\u00e9s<\/a><\/p>\n<h1>Tutoria de grup<\/h1>\n<p>At\u00e8s que la major de part de les tasques individualitzades les realitza el tutor orientador, el tutor\/a de grup t\u00e9 com a funci\u00f3 principal l\u2019atenci\u00f3 i la coordinaci\u00f3 del grup-classe. \u00c9s nomenat per la direcci\u00f3 i, per al desenvolupament de la seva tasca, t\u00e9 assignades dues hores en el seu horari, una de lectiva, amb el grup-classe, i una altra de complement\u00e0ria.<\/p>\n<p>Si vols saber les seves funcions tal i com apareixen a les NOFC clica\u00a0<a href=\"http:\/\/agora.xtec.cat\/iesgoya\/wp-content\/uploads\/usu1752\/2018\/01\/Tutoria.-Funcions.pdf\">aqu\u00ed<\/a><\/p>\n","protected":false},"excerpt":{"rendered":"<p>REUNIONS de TUTORIES ORIENTADORES<br \/>\nCada tutor\/a orientador\/a t\u00e9\u00a0una hora setmanal\u00a0per atendre fam\u00edlies i alumnat.<br \/>\nSi voleu una entrevista presencial, per tel\u00e8fon o videotrucada, contacteu amb el tutor\/a del vostre\/a fill\/a i podreu concertar la trobada.<br \/>\nDe la mateixa manera, el vostre\/a fill\/a es pot adre\u00e7ar al seu tutor\/a&hellip;  <a href=\"https:\/\/agora.xtec.cat\/iesgoya\/projecte-educatiu\/tutoria-orientadora-2\/\" title=\"Read Les tutories: orientadora i de grup\">Llegeix m\u00e9s\u00bb<\/a><\/p>\n","protected":false},"author":3,"featured_media":0,"parent":57,"menu_order":0,"comment_status":"closed","ping_status":"closed","template":"page-templates\/side-menu.php","meta":{"_bbp_topic_count":0,"_bbp_reply_count":0,"_bbp_total_topic_count":0,"_bbp_total_reply_count":0,"_bbp_voice_count":0,"_bbp_anonymous_reply_count":0,"_bbp_topic_count_hidden":0,"_bbp_reply_count_hidden":0,"_bbp_forum_subforum_count":0,"footnotes":""},"class_list":["post-684","page","type-page","status-publish","hentry"],"post_mailing_queue_ids":[],"_links":{"self":[{"href":"https:\/\/agora.xtec.cat\/iesgoya\/wp-json\/wp\/v2\/pages\/684","targetHints":{"allow":["GET"]}}],"collection":[{"href":"https:\/\/agora.xtec.cat\/iesgoya\/wp-json\/wp\/v2\/pages"}],"about":[{"href":"https:\/\/agora.xtec.cat\/iesgoya\/wp-json\/wp\/v2\/types\/page"}],"author":[{"embeddable":true,"href":"https:\/\/agora.xtec.cat\/iesgoya\/wp-json\/wp\/v2\/users\/3"}],"replies":[{"embeddable":true,"href":"https:\/\/agora.xtec.cat\/iesgoya\/wp-json\/wp\/v2\/comments?post=684"}],"version-history":[{"count":6,"href":"https:\/\/agora.xtec.cat\/iesgoya\/wp-json\/wp\/v2\/pages\/684\/revisions"}],"predecessor-version":[{"id":6420,"href":"https:\/\/agora.xtec.cat\/iesgoya\/wp-json\/wp\/v2\/pages\/684\/revisions\/6420"}],"up":[{"embeddable":true,"href":"https:\/\/agora.xtec.cat\/iesgoya\/wp-json\/wp\/v2\/pages\/57"}],"wp:attachment":[{"href":"https:\/\/agora.xtec.cat\/iesgoya\/wp-json\/wp\/v2\/media?parent=684"}],"curies":[{"name":"wp","href":"https:\/\/api.w.org\/{rel}","templated":true}]}}